{"id":97,"date":"2021-02-11T11:17:21","date_gmt":"2021-02-11T09:17:21","guid":{"rendered":"http:\/\/www.asemakustannus.com\/kauppa\/?page_id=97"},"modified":"2021-03-23T16:54:58","modified_gmt":"2021-03-23T14:54:58","slug":"toimitusehdot","status":"publish","type":"page","link":"https:\/\/www.asemakustannus.com\/kauppa\/toimitusehdot\/","title":{"rendered":"Toimitusehdot"},"content":{"rendered":"\n<p>Maksetut tilaukset toimitetaan 7 p\u00e4iv\u00e4n kuluessa. Toimitusmuoto on kirje tai paketti. Toimituskulut lis\u00e4t\u00e4\u00e4n hintaan ostovaiheessa. Muista valita postitusalue, jos tilaat ulkomaille.<br><br>Orders will be shipped within 7 days. Delivery fee is added to the price automatically by choosing the country of delivery.<\/p>\n\n\n\n<p>HUOM! Jos haluat tilata kirjan Euroopan ulkopuolelle, ota yhteytt\u00e4\u00a0<a rel=\"noreferrer noopener\" href=\"mailto:info@asemakustannus.com\" target=\"_blank\">info@asemakustannus.com<\/a>. <br>NOTE! If you wish a delivery outside Europe, please contact\u00a0<a rel=\"noreferrer noopener\" href=\"mailto:info@asemakustannus.com\" target=\"_blank\">info@asemakustannus.com<\/a>.<\/p>\n","protected":false},"excerpt":{"rendered":"<p>Maksetut tilaukset toimitetaan 7 p\u00e4iv\u00e4n kuluessa. Toimitusmuoto on kirje tai paketti. Toimituskulut lis\u00e4t\u00e4\u00e4n hintaan ostovaiheessa. Muista valita postitusalue, jos tilaat ulkomaille. Orders will be shipped within 7 days. Delivery fee is added to the price automatically by choosing the country of delivery. HUOM! Jos haluat tilata kirjan Euroopan ulkopuolelle, ota yhteytt\u00e4\u00a0info@asemakustannus.com. NOTE! If you wish [&hellip;]<\/p>\n","protected":false},"author":1,"featured_media":0,"parent":0,"menu_order":1,"comment_status":"closed","ping_status":"closed","template":"","meta":{"footnotes":""},"class_list":["post-97","page","type-page","status-publish","hentry"],"yoast_head":"<!-- This site is optimized with the Yoast SEO plugin v27.3 - https:\/\/yoast.com\/product\/yoast-seo-wordpress\/ -->\n<title>Toimitusehdot Asema Kustannus<\/title>\n<meta name=\"description\" content=\"Asema Kustannus on vuonna 2000 perustettu uuden sarjakuvan pienkustantamo, jota py\u00f6ritt\u00e4v\u00e4t Mika Lietz\u00e9n ja Ville Ranta. Kirjakauppa www.asemakustannus.com\" \/>\n<meta name=\"robots\" content=\"index, follow, max-snippet:-1, max-image-preview:large, max-video-preview:-1\" \/>\n<link rel=\"canonical\" href=\"https:\/\/www.asemakustannus.com\/kauppa\/toimitusehdot\/\" \/>\n<meta property=\"og:locale\" content=\"fi_FI\" \/>\n<meta property=\"og:type\" content=\"article\" \/>\n<meta property=\"og:title\" content=\"Toimitusehdot Asema Kustannus\" \/>\n<meta property=\"og:description\" content=\"Asema Kustannus on vuonna 2000 perustettu uuden sarjakuvan pienkustantamo, jota py\u00f6ritt\u00e4v\u00e4t Mika Lietz\u00e9n ja Ville Ranta. Kirjakauppa www.asemakustannus.com\" \/>\n<meta property=\"og:url\" content=\"https:\/\/www.asemakustannus.com\/kauppa\/toimitusehdot\/\" \/>\n<meta property=\"og:site_name\" content=\"Asema Kustannus\" \/>\n<meta property=\"article:publisher\" content=\"https:\/\/www.facebook.com\/asemakustannus\" \/>\n<meta property=\"article:modified_time\" content=\"2021-03-23T14:54:58+00:00\" \/>\n<meta name=\"twitter:card\" content=\"summary_large_image\" \/>\n<meta name=\"twitter:site\" content=\"@asemakustannus\" \/>\n<script type=\"application\/ld+json\" class=\"yoast-schema-graph\">{\"@context\":\"https:\\\/\\\/schema.org\",\"@graph\":[{\"@type\":\"WebPage\",\"@id\":\"https:\\\/\\\/www.asemakustannus.com\\\/kauppa\\\/toimitusehdot\\\/\",\"url\":\"https:\\\/\\\/www.asemakustannus.com\\\/kauppa\\\/toimitusehdot\\\/\",\"name\":\"Toimitusehdot Asema Kustannus\",\"isPartOf\":{\"@id\":\"https:\\\/\\\/www.asemakustannus.com\\\/kauppa\\\/#website\"},\"datePublished\":\"2021-02-11T09:17:21+00:00\",\"dateModified\":\"2021-03-23T14:54:58+00:00\",\"description\":\"Asema Kustannus on vuonna 2000 perustettu uuden sarjakuvan pienkustantamo, jota py\u00f6ritt\u00e4v\u00e4t Mika Lietz\u00e9n ja Ville Ranta. Kirjakauppa www.asemakustannus.com\",\"breadcrumb\":{\"@id\":\"https:\\\/\\\/www.asemakustannus.com\\\/kauppa\\\/toimitusehdot\\\/#breadcrumb\"},\"inLanguage\":\"fi\",\"potentialAction\":[{\"@type\":\"ReadAction\",\"target\":[\"https:\\\/\\\/www.asemakustannus.com\\\/kauppa\\\/toimitusehdot\\\/\"]}]},{\"@type\":\"BreadcrumbList\",\"@id\":\"https:\\\/\\\/www.asemakustannus.com\\\/kauppa\\\/toimitusehdot\\\/#breadcrumb\",\"itemListElement\":[{\"@type\":\"ListItem\",\"position\":1,\"name\":\"Home\",\"item\":\"https:\\\/\\\/www.asemakustannus.com\\\/kauppa\\\/\"},{\"@type\":\"ListItem\",\"position\":2,\"name\":\"Toimitusehdot\"}]},{\"@type\":\"WebSite\",\"@id\":\"https:\\\/\\\/www.asemakustannus.com\\\/kauppa\\\/#website\",\"url\":\"https:\\\/\\\/www.asemakustannus.com\\\/kauppa\\\/\",\"name\":\"Asema Kustannus\",\"description\":\"Sarjakuvakauppa\",\"publisher\":{\"@id\":\"https:\\\/\\\/www.asemakustannus.com\\\/kauppa\\\/#organization\"},\"potentialAction\":[{\"@type\":\"SearchAction\",\"target\":{\"@type\":\"EntryPoint\",\"urlTemplate\":\"https:\\\/\\\/www.asemakustannus.com\\\/kauppa\\\/?s={search_term_string}\"},\"query-input\":{\"@type\":\"PropertyValueSpecification\",\"valueRequired\":true,\"valueName\":\"search_term_string\"}}],\"inLanguage\":\"fi\"},{\"@type\":\"Organization\",\"@id\":\"https:\\\/\\\/www.asemakustannus.com\\\/kauppa\\\/#organization\",\"name\":\"Asema Kustannus\",\"url\":\"https:\\\/\\\/www.asemakustannus.com\\\/kauppa\\\/\",\"logo\":{\"@type\":\"ImageObject\",\"inLanguage\":\"fi\",\"@id\":\"https:\\\/\\\/www.asemakustannus.com\\\/kauppa\\\/#\\\/schema\\\/logo\\\/image\\\/\",\"url\":\"https:\\\/\\\/www.asemakustannus.com\\\/kauppa\\\/wp-content\\\/uploads\\\/2021\\\/09\\\/181007768_141578281313342_8780310787852686686_n-1.jpeg\",\"contentUrl\":\"https:\\\/\\\/www.asemakustannus.com\\\/kauppa\\\/wp-content\\\/uploads\\\/2021\\\/09\\\/181007768_141578281313342_8780310787852686686_n-1.jpeg\",\"width\":300,\"height\":333,\"caption\":\"Asema Kustannus\"},\"image\":{\"@id\":\"https:\\\/\\\/www.asemakustannus.com\\\/kauppa\\\/#\\\/schema\\\/logo\\\/image\\\/\"},\"sameAs\":[\"https:\\\/\\\/www.facebook.com\\\/asemakustannus\",\"https:\\\/\\\/x.com\\\/asemakustannus\",\"https:\\\/\\\/www.instagram.com\\\/asemakustannus\\\/\"]}]}<\/script>\n<!-- \/ Yoast SEO plugin. -->","yoast_head_json":{"title":"Toimitusehdot Asema Kustannus","description":"Asema Kustannus on vuonna 2000 perustettu uuden sarjakuvan pienkustantamo, jota py\u00f6ritt\u00e4v\u00e4t Mika Lietz\u00e9n ja Ville Ranta. Kirjakauppa www.asemakustannus.com","robots":{"index":"index","follow":"follow","max-snippet":"max-snippet:-1","max-image-preview":"max-image-preview:large","max-video-preview":"max-video-preview:-1"},"canonical":"https:\/\/www.asemakustannus.com\/kauppa\/toimitusehdot\/","og_locale":"fi_FI","og_type":"article","og_title":"Toimitusehdot Asema Kustannus","og_description":"Asema Kustannus on vuonna 2000 perustettu uuden sarjakuvan pienkustantamo, jota py\u00f6ritt\u00e4v\u00e4t Mika Lietz\u00e9n ja Ville Ranta. Kirjakauppa www.asemakustannus.com","og_url":"https:\/\/www.asemakustannus.com\/kauppa\/toimitusehdot\/","og_site_name":"Asema Kustannus","article_publisher":"https:\/\/www.facebook.com\/asemakustannus","article_modified_time":"2021-03-23T14:54:58+00:00","twitter_card":"summary_large_image","twitter_site":"@asemakustannus","schema":{"@context":"https:\/\/schema.org","@graph":[{"@type":"WebPage","@id":"https:\/\/www.asemakustannus.com\/kauppa\/toimitusehdot\/","url":"https:\/\/www.asemakustannus.com\/kauppa\/toimitusehdot\/","name":"Toimitusehdot Asema Kustannus","isPartOf":{"@id":"https:\/\/www.asemakustannus.com\/kauppa\/#website"},"datePublished":"2021-02-11T09:17:21+00:00","dateModified":"2021-03-23T14:54:58+00:00","description":"Asema Kustannus on vuonna 2000 perustettu uuden sarjakuvan pienkustantamo, jota py\u00f6ritt\u00e4v\u00e4t Mika Lietz\u00e9n ja Ville Ranta. Kirjakauppa www.asemakustannus.com","breadcrumb":{"@id":"https:\/\/www.asemakustannus.com\/kauppa\/toimitusehdot\/#breadcrumb"},"inLanguage":"fi","potentialAction":[{"@type":"ReadAction","target":["https:\/\/www.asemakustannus.com\/kauppa\/toimitusehdot\/"]}]},{"@type":"BreadcrumbList","@id":"https:\/\/www.asemakustannus.com\/kauppa\/toimitusehdot\/#breadcrumb","itemListElement":[{"@type":"ListItem","position":1,"name":"Home","item":"https:\/\/www.asemakustannus.com\/kauppa\/"},{"@type":"ListItem","position":2,"name":"Toimitusehdot"}]},{"@type":"WebSite","@id":"https:\/\/www.asemakustannus.com\/kauppa\/#website","url":"https:\/\/www.asemakustannus.com\/kauppa\/","name":"Asema Kustannus","description":"Sarjakuvakauppa","publisher":{"@id":"https:\/\/www.asemakustannus.com\/kauppa\/#organization"},"potentialAction":[{"@type":"SearchAction","target":{"@type":"EntryPoint","urlTemplate":"https:\/\/www.asemakustannus.com\/kauppa\/?s={search_term_string}"},"query-input":{"@type":"PropertyValueSpecification","valueRequired":true,"valueName":"search_term_string"}}],"inLanguage":"fi"},{"@type":"Organization","@id":"https:\/\/www.asemakustannus.com\/kauppa\/#organization","name":"Asema Kustannus","url":"https:\/\/www.asemakustannus.com\/kauppa\/","logo":{"@type":"ImageObject","inLanguage":"fi","@id":"https:\/\/www.asemakustannus.com\/kauppa\/#\/schema\/logo\/image\/","url":"https:\/\/www.asemakustannus.com\/kauppa\/wp-content\/uploads\/2021\/09\/181007768_141578281313342_8780310787852686686_n-1.jpeg","contentUrl":"https:\/\/www.asemakustannus.com\/kauppa\/wp-content\/uploads\/2021\/09\/181007768_141578281313342_8780310787852686686_n-1.jpeg","width":300,"height":333,"caption":"Asema Kustannus"},"image":{"@id":"https:\/\/www.asemakustannus.com\/kauppa\/#\/schema\/logo\/image\/"},"sameAs":["https:\/\/www.facebook.com\/asemakustannus","https:\/\/x.com\/asemakustannus","https:\/\/www.instagram.com\/asemakustannus\/"]}]}},"jetpack_sharing_enabled":true,"_links":{"self":[{"href":"https:\/\/www.asemakustannus.com\/kauppa\/wp-json\/wp\/v2\/pages\/97","targetHints":{"allow":["GET"]}}],"collection":[{"href":"https:\/\/www.asemakustannus.com\/kauppa\/wp-json\/wp\/v2\/pages"}],"about":[{"href":"https:\/\/www.asemakustannus.com\/kauppa\/wp-json\/wp\/v2\/types\/page"}],"author":[{"embeddable":true,"href":"https:\/\/www.asemakustannus.com\/kauppa\/wp-json\/wp\/v2\/users\/1"}],"replies":[{"embeddable":true,"href":"https:\/\/www.asemakustannus.com\/kauppa\/wp-json\/wp\/v2\/comments?post=97"}],"version-history":[{"count":4,"href":"https:\/\/www.asemakustannus.com\/kauppa\/wp-json\/wp\/v2\/pages\/97\/revisions"}],"predecessor-version":[{"id":486,"href":"https:\/\/www.asemakustannus.com\/kauppa\/wp-json\/wp\/v2\/pages\/97\/revisions\/486"}],"wp:attachment":[{"href":"https:\/\/www.asemakustannus.com\/kauppa\/wp-json\/wp\/v2\/media?parent=97"}],"curies":[{"name":"wp","href":"https:\/\/api.w.org\/{rel}","templated":true}]}}