{"id":139,"date":"2021-03-22T09:53:01","date_gmt":"2021-03-22T07:53:01","guid":{"rendered":"https:\/\/www.asemakustannus.com\/kauppa\/?post_type=product&#038;p=139"},"modified":"2021-07-13T10:18:52","modified_gmt":"2021-07-13T07:18:52","slug":"laikku-01","status":"publish","type":"product","link":"https:\/\/www.asemakustannus.com\/kauppa\/tuote\/laikku-01\/","title":{"rendered":"Laikku 01"},"content":{"rendered":"<p>68 sivua | mustavalkoinen | pehme\u00e4kantinen<\/p>\n<p>Asema 2001<\/p>\n<p>ISBN 951-98800-0-3<\/p>\n<p>Tekij\u00e4t:<strong> Gianluca Constantini, Terhi Ekebom, Jyrki Heikkinen, Tuula Tuisku Honkanen, Anna af H\u00e4llstr\u00f6m, Henna-Leena Kallio, Jan Konsin, Mari Leinonen, Mika Lietzen, Scott Mills, Reima M\u00e4kinen, Kati N\u00e4rhi, Pekka Ollikainen, Ville Ranta, Nicolas Robel, Johanna Rojola, Kari Sihvonen, Vilja Takalo<\/strong><\/p>\n<p>Toimitus:<strong> Mika Lietz\u00e9n<\/strong><\/p>\n<p>Asema Kustannuksen ensimm\u00e4inen albumi, Mika Lietz\u00e9nin kokoama Laikku 01 -antologia, ilmestyi syyskuussa 2001 ja antoi saman tien kehykset sille, millaista sarjakuvaa Asema aikoi julkaista, ja ketk\u00e4 nuoret suomalaiset sarjakuvantekij\u00e4t tulisivat kasvamaan Aseman julkaisemina seuraavat vuodet ja vuosikymmenet. Antologia on riemastuttava katsaus siihen, mihin nyky\u00e4\u00e4n jo paljon julkaisseet tekij\u00e4t pystyiv\u00e4t uransa alussa.<\/p>\n<p><strong>English subtitles!<\/strong><\/p>\n<p>&#8221;Yhdest\u00e4k\u00e4\u00e4n Laikun sarjasta ei tule tunnetta, ett\u00e4 se olisi mukana pelk\u00e4st\u00e4 s\u00e4\u00e4list\u00e4 tai tilan t\u00e4ytt\u00e4misen tarpeesta.\u201d -Jonathan Mander, Sarjainfo, 2001<\/p>\n","protected":false},"excerpt":{"rendered":"<p>68 sivua | mustavalkoinen | pehme\u00e4kantinen Asema 2001 ISBN 951-98800-0-3 Tekij\u00e4t: Gianluca Constantini, Terhi Ekebom, Jyrki Heikkinen, Tuula Tuisku Honkanen, Anna af H\u00e4llstr\u00f6m, Henna-Leena Kallio, Jan Konsin, Mari Leinonen, Mika Lietzen, Scott Mills, Reima M\u00e4kinen, Kati N\u00e4rhi, Pekka Ollikainen, Ville Ranta, Nicolas Robel, Johanna Rojola, Kari Sihvonen, Vilja Takalo Toimitus: Mika Lietz\u00e9n Asema Kustannuksen ensimm\u00e4inen [&hellip;]<\/p>\n","protected":false},"featured_media":140,"template":"","meta":[],"product_brand":[],"product_cat":[42,38],"product_tag":[],"class_list":{"0":"post-139","1":"product","2":"type-product","3":"status-publish","4":"has-post-thumbnail","6":"product_cat-antologiat","7":"product_cat-kirjat","8":"product_shipping_class-kirje","10":"first","11":"outofstock","12":"shipping-taxable","13":"purchasable","14":"product-type-simple"},"yoast_head":"<!-- This site is optimized with the Yoast SEO plugin v27.3 - https:\/\/yoast.com\/product\/yoast-seo-wordpress\/ -->\n<title>Laikku 01 - Asema Kustannus<\/title>\n<meta name=\"robots\" content=\"index, follow, max-snippet:-1, max-image-preview:large, max-video-preview:-1\" \/>\n<link rel=\"canonical\" href=\"https:\/\/www.asemakustannus.com\/kauppa\/tuote\/laikku-01\/\" \/>\n<meta property=\"og:locale\" content=\"fi_FI\" \/>\n<meta property=\"og:type\" content=\"article\" \/>\n<meta property=\"og:title\" content=\"Laikku 01 - Asema Kustannus\" \/>\n<meta property=\"og:description\" content=\"68 sivua | mustavalkoinen | pehme\u00e4kantinen Asema 2001 ISBN 951-98800-0-3 Tekij\u00e4t: Gianluca Constantini, Terhi Ekebom, Jyrki Heikkinen, Tuula Tuisku Honkanen, Anna af H\u00e4llstr\u00f6m, Henna-Leena Kallio, Jan Konsin, Mari Leinonen, Mika Lietzen, Scott Mills, Reima M\u00e4kinen, Kati N\u00e4rhi, Pekka Ollikainen, Ville Ranta, Nicolas Robel, Johanna Rojola, Kari Sihvonen, Vilja Takalo Toimitus: Mika Lietz\u00e9n Asema Kustannuksen ensimm\u00e4inen [&hellip;]\" \/>\n<meta property=\"og:url\" content=\"https:\/\/www.asemakustannus.com\/kauppa\/tuote\/laikku-01\/\" \/>\n<meta property=\"og:site_name\" content=\"Asema Kustannus\" \/>\n<meta property=\"article:publisher\" content=\"https:\/\/www.facebook.com\/asemakustannus\" \/>\n<meta property=\"article:modified_time\" content=\"2021-07-13T07:18:52+00:00\" \/>\n<meta property=\"og:image\" content=\"https:\/\/www.asemakustannus.com\/kauppa\/wp-content\/uploads\/2021\/03\/LAIKKU_01-ISO.jpg\" \/>\n\t<meta property=\"og:image:width\" content=\"450\" \/>\n\t<meta property=\"og:image:height\" content=\"642\" \/>\n\t<meta property=\"og:image:type\" content=\"image\/jpeg\" \/>\n<meta name=\"twitter:card\" content=\"summary_large_image\" \/>\n<meta name=\"twitter:site\" content=\"@asemakustannus\" \/>\n<meta name=\"twitter:label1\" content=\"Arvioitu lukuaika\" \/>\n\t<meta name=\"twitter:data1\" content=\"1 minuutti\" \/>\n<script type=\"application\/ld+json\" class=\"yoast-schema-graph\">{\"@context\":\"https:\\\/\\\/schema.org\",\"@graph\":[{\"@type\":\"WebPage\",\"@id\":\"https:\\\/\\\/www.asemakustannus.com\\\/kauppa\\\/tuote\\\/laikku-01\\\/\",\"url\":\"https:\\\/\\\/www.asemakustannus.com\\\/kauppa\\\/tuote\\\/laikku-01\\\/\",\"name\":\"Laikku 01 - Asema Kustannus\",\"isPartOf\":{\"@id\":\"https:\\\/\\\/www.asemakustannus.com\\\/kauppa\\\/#website\"},\"primaryImageOfPage\":{\"@id\":\"https:\\\/\\\/www.asemakustannus.com\\\/kauppa\\\/tuote\\\/laikku-01\\\/#primaryimage\"},\"image\":{\"@id\":\"https:\\\/\\\/www.asemakustannus.com\\\/kauppa\\\/tuote\\\/laikku-01\\\/#primaryimage\"},\"thumbnailUrl\":\"https:\\\/\\\/i0.wp.com\\\/www.asemakustannus.com\\\/kauppa\\\/wp-content\\\/uploads\\\/2021\\\/03\\\/LAIKKU_01-ISO.jpg?fit=450%2C642&ssl=1\",\"datePublished\":\"2021-03-22T07:53:01+00:00\",\"dateModified\":\"2021-07-13T07:18:52+00:00\",\"breadcrumb\":{\"@id\":\"https:\\\/\\\/www.asemakustannus.com\\\/kauppa\\\/tuote\\\/laikku-01\\\/#breadcrumb\"},\"inLanguage\":\"fi\",\"potentialAction\":[{\"@type\":\"ReadAction\",\"target\":[\"https:\\\/\\\/www.asemakustannus.com\\\/kauppa\\\/tuote\\\/laikku-01\\\/\"]}]},{\"@type\":\"ImageObject\",\"inLanguage\":\"fi\",\"@id\":\"https:\\\/\\\/www.asemakustannus.com\\\/kauppa\\\/tuote\\\/laikku-01\\\/#primaryimage\",\"url\":\"https:\\\/\\\/i0.wp.com\\\/www.asemakustannus.com\\\/kauppa\\\/wp-content\\\/uploads\\\/2021\\\/03\\\/LAIKKU_01-ISO.jpg?fit=450%2C642&ssl=1\",\"contentUrl\":\"https:\\\/\\\/i0.wp.com\\\/www.asemakustannus.com\\\/kauppa\\\/wp-content\\\/uploads\\\/2021\\\/03\\\/LAIKKU_01-ISO.jpg?fit=450%2C642&ssl=1\",\"width\":450,\"height\":642},{\"@type\":\"BreadcrumbList\",\"@id\":\"https:\\\/\\\/www.asemakustannus.com\\\/kauppa\\\/tuote\\\/laikku-01\\\/#breadcrumb\",\"itemListElement\":[{\"@type\":\"ListItem\",\"position\":1,\"name\":\"Home\",\"item\":\"https:\\\/\\\/www.asemakustannus.com\\\/kauppa\\\/\"},{\"@type\":\"ListItem\",\"position\":2,\"name\":\"Kauppa\",\"item\":\"https:\\\/\\\/www.asemakustannus.com\\\/kauppa\\\/kauppa\\\/\"},{\"@type\":\"ListItem\",\"position\":3,\"name\":\"Laikku 01\"}]},{\"@type\":\"WebSite\",\"@id\":\"https:\\\/\\\/www.asemakustannus.com\\\/kauppa\\\/#website\",\"url\":\"https:\\\/\\\/www.asemakustannus.com\\\/kauppa\\\/\",\"name\":\"Asema Kustannus\",\"description\":\"Sarjakuvakauppa\",\"publisher\":{\"@id\":\"https:\\\/\\\/www.asemakustannus.com\\\/kauppa\\\/#organization\"},\"potentialAction\":[{\"@type\":\"SearchAction\",\"target\":{\"@type\":\"EntryPoint\",\"urlTemplate\":\"https:\\\/\\\/www.asemakustannus.com\\\/kauppa\\\/?s={search_term_string}\"},\"query-input\":{\"@type\":\"PropertyValueSpecification\",\"valueRequired\":true,\"valueName\":\"search_term_string\"}}],\"inLanguage\":\"fi\"},{\"@type\":\"Organization\",\"@id\":\"https:\\\/\\\/www.asemakustannus.com\\\/kauppa\\\/#organization\",\"name\":\"Asema Kustannus\",\"url\":\"https:\\\/\\\/www.asemakustannus.com\\\/kauppa\\\/\",\"logo\":{\"@type\":\"ImageObject\",\"inLanguage\":\"fi\",\"@id\":\"https:\\\/\\\/www.asemakustannus.com\\\/kauppa\\\/#\\\/schema\\\/logo\\\/image\\\/\",\"url\":\"https:\\\/\\\/www.asemakustannus.com\\\/kauppa\\\/wp-content\\\/uploads\\\/2021\\\/09\\\/181007768_141578281313342_8780310787852686686_n-1.jpeg\",\"contentUrl\":\"https:\\\/\\\/www.asemakustannus.com\\\/kauppa\\\/wp-content\\\/uploads\\\/2021\\\/09\\\/181007768_141578281313342_8780310787852686686_n-1.jpeg\",\"width\":300,\"height\":333,\"caption\":\"Asema Kustannus\"},\"image\":{\"@id\":\"https:\\\/\\\/www.asemakustannus.com\\\/kauppa\\\/#\\\/schema\\\/logo\\\/image\\\/\"},\"sameAs\":[\"https:\\\/\\\/www.facebook.com\\\/asemakustannus\",\"https:\\\/\\\/x.com\\\/asemakustannus\",\"https:\\\/\\\/www.instagram.com\\\/asemakustannus\\\/\"]}]}<\/script>\n<!-- \/ Yoast SEO plugin. -->","yoast_head_json":{"title":"Laikku 01 - Asema Kustannus","robots":{"index":"index","follow":"follow","max-snippet":"max-snippet:-1","max-image-preview":"max-image-preview:large","max-video-preview":"max-video-preview:-1"},"canonical":"https:\/\/www.asemakustannus.com\/kauppa\/tuote\/laikku-01\/","og_locale":"fi_FI","og_type":"article","og_title":"Laikku 01 - Asema Kustannus","og_description":"68 sivua | mustavalkoinen | pehme\u00e4kantinen Asema 2001 ISBN 951-98800-0-3 Tekij\u00e4t: Gianluca Constantini, Terhi Ekebom, Jyrki Heikkinen, Tuula Tuisku Honkanen, Anna af H\u00e4llstr\u00f6m, Henna-Leena Kallio, Jan Konsin, Mari Leinonen, Mika Lietzen, Scott Mills, Reima M\u00e4kinen, Kati N\u00e4rhi, Pekka Ollikainen, Ville Ranta, Nicolas Robel, Johanna Rojola, Kari Sihvonen, Vilja Takalo Toimitus: Mika Lietz\u00e9n Asema Kustannuksen ensimm\u00e4inen [&hellip;]","og_url":"https:\/\/www.asemakustannus.com\/kauppa\/tuote\/laikku-01\/","og_site_name":"Asema Kustannus","article_publisher":"https:\/\/www.facebook.com\/asemakustannus","article_modified_time":"2021-07-13T07:18:52+00:00","og_image":[{"width":450,"height":642,"url":"https:\/\/www.asemakustannus.com\/kauppa\/wp-content\/uploads\/2021\/03\/LAIKKU_01-ISO.jpg","type":"image\/jpeg"}],"twitter_card":"summary_large_image","twitter_site":"@asemakustannus","twitter_misc":{"Arvioitu lukuaika":"1 minuutti"},"schema":{"@context":"https:\/\/schema.org","@graph":[{"@type":"WebPage","@id":"https:\/\/www.asemakustannus.com\/kauppa\/tuote\/laikku-01\/","url":"https:\/\/www.asemakustannus.com\/kauppa\/tuote\/laikku-01\/","name":"Laikku 01 - Asema Kustannus","isPartOf":{"@id":"https:\/\/www.asemakustannus.com\/kauppa\/#website"},"primaryImageOfPage":{"@id":"https:\/\/www.asemakustannus.com\/kauppa\/tuote\/laikku-01\/#primaryimage"},"image":{"@id":"https:\/\/www.asemakustannus.com\/kauppa\/tuote\/laikku-01\/#primaryimage"},"thumbnailUrl":"https:\/\/i0.wp.com\/www.asemakustannus.com\/kauppa\/wp-content\/uploads\/2021\/03\/LAIKKU_01-ISO.jpg?fit=450%2C642&ssl=1","datePublished":"2021-03-22T07:53:01+00:00","dateModified":"2021-07-13T07:18:52+00:00","breadcrumb":{"@id":"https:\/\/www.asemakustannus.com\/kauppa\/tuote\/laikku-01\/#breadcrumb"},"inLanguage":"fi","potentialAction":[{"@type":"ReadAction","target":["https:\/\/www.asemakustannus.com\/kauppa\/tuote\/laikku-01\/"]}]},{"@type":"ImageObject","inLanguage":"fi","@id":"https:\/\/www.asemakustannus.com\/kauppa\/tuote\/laikku-01\/#primaryimage","url":"https:\/\/i0.wp.com\/www.asemakustannus.com\/kauppa\/wp-content\/uploads\/2021\/03\/LAIKKU_01-ISO.jpg?fit=450%2C642&ssl=1","contentUrl":"https:\/\/i0.wp.com\/www.asemakustannus.com\/kauppa\/wp-content\/uploads\/2021\/03\/LAIKKU_01-ISO.jpg?fit=450%2C642&ssl=1","width":450,"height":642},{"@type":"BreadcrumbList","@id":"https:\/\/www.asemakustannus.com\/kauppa\/tuote\/laikku-01\/#breadcrumb","itemListElement":[{"@type":"ListItem","position":1,"name":"Home","item":"https:\/\/www.asemakustannus.com\/kauppa\/"},{"@type":"ListItem","position":2,"name":"Kauppa","item":"https:\/\/www.asemakustannus.com\/kauppa\/kauppa\/"},{"@type":"ListItem","position":3,"name":"Laikku 01"}]},{"@type":"WebSite","@id":"https:\/\/www.asemakustannus.com\/kauppa\/#website","url":"https:\/\/www.asemakustannus.com\/kauppa\/","name":"Asema Kustannus","description":"Sarjakuvakauppa","publisher":{"@id":"https:\/\/www.asemakustannus.com\/kauppa\/#organization"},"potentialAction":[{"@type":"SearchAction","target":{"@type":"EntryPoint","urlTemplate":"https:\/\/www.asemakustannus.com\/kauppa\/?s={search_term_string}"},"query-input":{"@type":"PropertyValueSpecification","valueRequired":true,"valueName":"search_term_string"}}],"inLanguage":"fi"},{"@type":"Organization","@id":"https:\/\/www.asemakustannus.com\/kauppa\/#organization","name":"Asema Kustannus","url":"https:\/\/www.asemakustannus.com\/kauppa\/","logo":{"@type":"ImageObject","inLanguage":"fi","@id":"https:\/\/www.asemakustannus.com\/kauppa\/#\/schema\/logo\/image\/","url":"https:\/\/www.asemakustannus.com\/kauppa\/wp-content\/uploads\/2021\/09\/181007768_141578281313342_8780310787852686686_n-1.jpeg","contentUrl":"https:\/\/www.asemakustannus.com\/kauppa\/wp-content\/uploads\/2021\/09\/181007768_141578281313342_8780310787852686686_n-1.jpeg","width":300,"height":333,"caption":"Asema Kustannus"},"image":{"@id":"https:\/\/www.asemakustannus.com\/kauppa\/#\/schema\/logo\/image\/"},"sameAs":["https:\/\/www.facebook.com\/asemakustannus","https:\/\/x.com\/asemakustannus","https:\/\/www.instagram.com\/asemakustannus\/"]}]}},"jetpack_sharing_enabled":true,"_links":{"self":[{"href":"https:\/\/www.asemakustannus.com\/kauppa\/wp-json\/wp\/v2\/product\/139","targetHints":{"allow":["GET"]}}],"collection":[{"href":"https:\/\/www.asemakustannus.com\/kauppa\/wp-json\/wp\/v2\/product"}],"about":[{"href":"https:\/\/www.asemakustannus.com\/kauppa\/wp-json\/wp\/v2\/types\/product"}],"wp:featuredmedia":[{"embeddable":true,"href":"https:\/\/www.asemakustannus.com\/kauppa\/wp-json\/wp\/v2\/media\/140"}],"wp:attachment":[{"href":"https:\/\/www.asemakustannus.com\/kauppa\/wp-json\/wp\/v2\/media?parent=139"}],"wp:term":[{"taxonomy":"product_brand","embeddable":true,"href":"https:\/\/www.asemakustannus.com\/kauppa\/wp-json\/wp\/v2\/product_brand?post=139"},{"taxonomy":"product_cat","embeddable":true,"href":"https:\/\/www.asemakustannus.com\/kauppa\/wp-json\/wp\/v2\/product_cat?post=139"},{"taxonomy":"product_tag","embeddable":true,"href":"https:\/\/www.asemakustannus.com\/kauppa\/wp-json\/wp\/v2\/product_tag?post=139"}],"curies":[{"name":"wp","href":"https:\/\/api.w.org\/{rel}","templated":true}]}}