{"id":239,"date":"2021-03-22T10:27:52","date_gmt":"2021-03-22T08:27:52","guid":{"rendered":"https:\/\/www.asemakustannus.com\/kauppa\/?post_type=product&#038;p=239"},"modified":"2021-03-22T10:30:38","modified_gmt":"2021-03-22T08:30:38","slug":"mina-lewis-trondheim","status":"publish","type":"product","link":"https:\/\/www.asemakustannus.com\/kauppa\/tuote\/mina-lewis-trondheim\/","title":{"rendered":"Lewis Trondheim: Min\u00e4 Lewis Trondheim"},"content":{"rendered":"<p>160 sivua | mustavalkoinen | pehme\u00e4kantinen<\/p>\n<p>ISBN 952-99407-0-X<\/p>\n<p>Suomentanut Kirsi Kinnunen<\/p>\n<p>Ranskalaisen mestarin laaja omael\u00e4m\u00e4kerrallinen klassikkoteos tunkeutuu syv\u00e4lle tekij\u00e4ns\u00e4 mielenmaisemaan, huumoria ja itseironiaa s\u00e4\u00e4stelem\u00e4tt\u00e4.\u00a0<strong>Lewis Trondheim<\/strong>\u00a0(s. 1964), Jussi J\u00e4niksen ihmeellisten seikkailujen sek\u00e4 lukuisien muiden sarjakuvien luoja, on yksi uuden aallon ranskalaisen sarjakuvan suurimmista nimist\u00e4.<\/p>\n<p>&#8221;Mutta itseens\u00e4 keskittyminen on itsek\u00e4st\u00e4. Niin&#8230; onhan niit\u00e4 mahdollisuuksia&#8230; Minulla on lukijoita; voisin ujuttaa albumeihini viestej\u00e4 aiheesta&#8230; \u00f6\u00f6h&#8230; rauha ja rakkaus&#8230; varoittaisin heit\u00e4 kaikkialla vaanivista paskap\u00e4ist\u00e4&#8230;&#8221;<\/p>\n","protected":false},"excerpt":{"rendered":"<p>160 sivua | mustavalkoinen | pehme\u00e4kantinen ISBN 952-99407-0-X Suomentanut Kirsi Kinnunen Ranskalaisen mestarin laaja omael\u00e4m\u00e4kerrallinen klassikkoteos tunkeutuu syv\u00e4lle tekij\u00e4ns\u00e4 mielenmaisemaan, huumoria ja itseironiaa s\u00e4\u00e4stelem\u00e4tt\u00e4.\u00a0Lewis Trondheim\u00a0(s. 1964), Jussi J\u00e4niksen ihmeellisten seikkailujen sek\u00e4 lukuisien muiden sarjakuvien luoja, on yksi uuden aallon ranskalaisen sarjakuvan suurimmista nimist\u00e4. &#8221;Mutta itseens\u00e4 keskittyminen on itsek\u00e4st\u00e4. Niin&#8230; onhan niit\u00e4 mahdollisuuksia&#8230; Minulla on lukijoita; [&hellip;]<\/p>\n","protected":false},"featured_media":236,"template":"","meta":[],"product_brand":[],"product_cat":[38],"product_tag":[],"class_list":{"0":"post-239","1":"product","2":"type-product","3":"status-publish","4":"has-post-thumbnail","6":"product_cat-kirjat","7":"product_shipping_class-xxspaketti","9":"first","10":"instock","11":"shipping-taxable","12":"purchasable","13":"product-type-simple"},"yoast_head":"<!-- This site is optimized with the Yoast SEO plugin v27.3 - https:\/\/yoast.com\/product\/yoast-seo-wordpress\/ -->\n<title>Lewis Trondheim: Min\u00e4 Lewis Trondheim - Asema Kustannus<\/title>\n<meta name=\"robots\" content=\"index, follow, max-snippet:-1, max-image-preview:large, max-video-preview:-1\" \/>\n<link rel=\"canonical\" href=\"https:\/\/www.asemakustannus.com\/kauppa\/tuote\/mina-lewis-trondheim\/\" \/>\n<meta property=\"og:locale\" content=\"fi_FI\" \/>\n<meta property=\"og:type\" content=\"article\" \/>\n<meta property=\"og:title\" content=\"Lewis Trondheim: Min\u00e4 Lewis Trondheim - Asema Kustannus\" \/>\n<meta property=\"og:description\" content=\"160 sivua | mustavalkoinen | pehme\u00e4kantinen ISBN 952-99407-0-X Suomentanut Kirsi Kinnunen Ranskalaisen mestarin laaja omael\u00e4m\u00e4kerrallinen klassikkoteos tunkeutuu syv\u00e4lle tekij\u00e4ns\u00e4 mielenmaisemaan, huumoria ja itseironiaa s\u00e4\u00e4stelem\u00e4tt\u00e4.\u00a0Lewis Trondheim\u00a0(s. 1964), Jussi J\u00e4niksen ihmeellisten seikkailujen sek\u00e4 lukuisien muiden sarjakuvien luoja, on yksi uuden aallon ranskalaisen sarjakuvan suurimmista nimist\u00e4. &#8221;Mutta itseens\u00e4 keskittyminen on itsek\u00e4st\u00e4. Niin&#8230; onhan niit\u00e4 mahdollisuuksia&#8230; Minulla on lukijoita; [&hellip;]\" \/>\n<meta property=\"og:url\" content=\"https:\/\/www.asemakustannus.com\/kauppa\/tuote\/mina-lewis-trondheim\/\" \/>\n<meta property=\"og:site_name\" content=\"Asema Kustannus\" \/>\n<meta property=\"article:publisher\" content=\"https:\/\/www.facebook.com\/asemakustannus\" \/>\n<meta property=\"article:modified_time\" content=\"2021-03-22T08:30:38+00:00\" \/>\n<meta property=\"og:image\" content=\"https:\/\/www.asemakustannus.com\/kauppa\/wp-content\/uploads\/2021\/03\/MINA_LEWIS-TRONDHEIM-ISO.jpg\" \/>\n\t<meta property=\"og:image:width\" content=\"450\" \/>\n\t<meta property=\"og:image:height\" content=\"630\" \/>\n\t<meta property=\"og:image:type\" content=\"image\/jpeg\" \/>\n<meta name=\"twitter:card\" content=\"summary_large_image\" \/>\n<meta name=\"twitter:site\" content=\"@asemakustannus\" \/>\n<script type=\"application\/ld+json\" class=\"yoast-schema-graph\">{\"@context\":\"https:\\\/\\\/schema.org\",\"@graph\":[{\"@type\":\"WebPage\",\"@id\":\"https:\\\/\\\/www.asemakustannus.com\\\/kauppa\\\/tuote\\\/mina-lewis-trondheim\\\/\",\"url\":\"https:\\\/\\\/www.asemakustannus.com\\\/kauppa\\\/tuote\\\/mina-lewis-trondheim\\\/\",\"name\":\"Lewis Trondheim: Min\u00e4 Lewis Trondheim - Asema Kustannus\",\"isPartOf\":{\"@id\":\"https:\\\/\\\/www.asemakustannus.com\\\/kauppa\\\/#website\"},\"primaryImageOfPage\":{\"@id\":\"https:\\\/\\\/www.asemakustannus.com\\\/kauppa\\\/tuote\\\/mina-lewis-trondheim\\\/#primaryimage\"},\"image\":{\"@id\":\"https:\\\/\\\/www.asemakustannus.com\\\/kauppa\\\/tuote\\\/mina-lewis-trondheim\\\/#primaryimage\"},\"thumbnailUrl\":\"https:\\\/\\\/i0.wp.com\\\/www.asemakustannus.com\\\/kauppa\\\/wp-content\\\/uploads\\\/2021\\\/03\\\/MINA_LEWIS-TRONDHEIM-ISO.jpg?fit=450%2C630&ssl=1\",\"datePublished\":\"2021-03-22T08:27:52+00:00\",\"dateModified\":\"2021-03-22T08:30:38+00:00\",\"breadcrumb\":{\"@id\":\"https:\\\/\\\/www.asemakustannus.com\\\/kauppa\\\/tuote\\\/mina-lewis-trondheim\\\/#breadcrumb\"},\"inLanguage\":\"fi\",\"potentialAction\":[{\"@type\":\"ReadAction\",\"target\":[\"https:\\\/\\\/www.asemakustannus.com\\\/kauppa\\\/tuote\\\/mina-lewis-trondheim\\\/\"]}]},{\"@type\":\"ImageObject\",\"inLanguage\":\"fi\",\"@id\":\"https:\\\/\\\/www.asemakustannus.com\\\/kauppa\\\/tuote\\\/mina-lewis-trondheim\\\/#primaryimage\",\"url\":\"https:\\\/\\\/i0.wp.com\\\/www.asemakustannus.com\\\/kauppa\\\/wp-content\\\/uploads\\\/2021\\\/03\\\/MINA_LEWIS-TRONDHEIM-ISO.jpg?fit=450%2C630&ssl=1\",\"contentUrl\":\"https:\\\/\\\/i0.wp.com\\\/www.asemakustannus.com\\\/kauppa\\\/wp-content\\\/uploads\\\/2021\\\/03\\\/MINA_LEWIS-TRONDHEIM-ISO.jpg?fit=450%2C630&ssl=1\",\"width\":450,\"height\":630},{\"@type\":\"BreadcrumbList\",\"@id\":\"https:\\\/\\\/www.asemakustannus.com\\\/kauppa\\\/tuote\\\/mina-lewis-trondheim\\\/#breadcrumb\",\"itemListElement\":[{\"@type\":\"ListItem\",\"position\":1,\"name\":\"Home\",\"item\":\"https:\\\/\\\/www.asemakustannus.com\\\/kauppa\\\/\"},{\"@type\":\"ListItem\",\"position\":2,\"name\":\"Kauppa\",\"item\":\"https:\\\/\\\/www.asemakustannus.com\\\/kauppa\\\/kauppa\\\/\"},{\"@type\":\"ListItem\",\"position\":3,\"name\":\"Lewis Trondheim: Min\u00e4 Lewis Trondheim\"}]},{\"@type\":\"WebSite\",\"@id\":\"https:\\\/\\\/www.asemakustannus.com\\\/kauppa\\\/#website\",\"url\":\"https:\\\/\\\/www.asemakustannus.com\\\/kauppa\\\/\",\"name\":\"Asema Kustannus\",\"description\":\"Sarjakuvakauppa\",\"publisher\":{\"@id\":\"https:\\\/\\\/www.asemakustannus.com\\\/kauppa\\\/#organization\"},\"potentialAction\":[{\"@type\":\"SearchAction\",\"target\":{\"@type\":\"EntryPoint\",\"urlTemplate\":\"https:\\\/\\\/www.asemakustannus.com\\\/kauppa\\\/?s={search_term_string}\"},\"query-input\":{\"@type\":\"PropertyValueSpecification\",\"valueRequired\":true,\"valueName\":\"search_term_string\"}}],\"inLanguage\":\"fi\"},{\"@type\":\"Organization\",\"@id\":\"https:\\\/\\\/www.asemakustannus.com\\\/kauppa\\\/#organization\",\"name\":\"Asema Kustannus\",\"url\":\"https:\\\/\\\/www.asemakustannus.com\\\/kauppa\\\/\",\"logo\":{\"@type\":\"ImageObject\",\"inLanguage\":\"fi\",\"@id\":\"https:\\\/\\\/www.asemakustannus.com\\\/kauppa\\\/#\\\/schema\\\/logo\\\/image\\\/\",\"url\":\"https:\\\/\\\/www.asemakustannus.com\\\/kauppa\\\/wp-content\\\/uploads\\\/2021\\\/09\\\/181007768_141578281313342_8780310787852686686_n-1.jpeg\",\"contentUrl\":\"https:\\\/\\\/www.asemakustannus.com\\\/kauppa\\\/wp-content\\\/uploads\\\/2021\\\/09\\\/181007768_141578281313342_8780310787852686686_n-1.jpeg\",\"width\":300,\"height\":333,\"caption\":\"Asema Kustannus\"},\"image\":{\"@id\":\"https:\\\/\\\/www.asemakustannus.com\\\/kauppa\\\/#\\\/schema\\\/logo\\\/image\\\/\"},\"sameAs\":[\"https:\\\/\\\/www.facebook.com\\\/asemakustannus\",\"https:\\\/\\\/x.com\\\/asemakustannus\",\"https:\\\/\\\/www.instagram.com\\\/asemakustannus\\\/\"]}]}<\/script>\n<!-- \/ Yoast SEO plugin. -->","yoast_head_json":{"title":"Lewis Trondheim: Min\u00e4 Lewis Trondheim - Asema Kustannus","robots":{"index":"index","follow":"follow","max-snippet":"max-snippet:-1","max-image-preview":"max-image-preview:large","max-video-preview":"max-video-preview:-1"},"canonical":"https:\/\/www.asemakustannus.com\/kauppa\/tuote\/mina-lewis-trondheim\/","og_locale":"fi_FI","og_type":"article","og_title":"Lewis Trondheim: Min\u00e4 Lewis Trondheim - Asema Kustannus","og_description":"160 sivua | mustavalkoinen | pehme\u00e4kantinen ISBN 952-99407-0-X Suomentanut Kirsi Kinnunen Ranskalaisen mestarin laaja omael\u00e4m\u00e4kerrallinen klassikkoteos tunkeutuu syv\u00e4lle tekij\u00e4ns\u00e4 mielenmaisemaan, huumoria ja itseironiaa s\u00e4\u00e4stelem\u00e4tt\u00e4.\u00a0Lewis Trondheim\u00a0(s. 1964), Jussi J\u00e4niksen ihmeellisten seikkailujen sek\u00e4 lukuisien muiden sarjakuvien luoja, on yksi uuden aallon ranskalaisen sarjakuvan suurimmista nimist\u00e4. &#8221;Mutta itseens\u00e4 keskittyminen on itsek\u00e4st\u00e4. Niin&#8230; onhan niit\u00e4 mahdollisuuksia&#8230; Minulla on lukijoita; [&hellip;]","og_url":"https:\/\/www.asemakustannus.com\/kauppa\/tuote\/mina-lewis-trondheim\/","og_site_name":"Asema Kustannus","article_publisher":"https:\/\/www.facebook.com\/asemakustannus","article_modified_time":"2021-03-22T08:30:38+00:00","og_image":[{"width":450,"height":630,"url":"https:\/\/www.asemakustannus.com\/kauppa\/wp-content\/uploads\/2021\/03\/MINA_LEWIS-TRONDHEIM-ISO.jpg","type":"image\/jpeg"}],"twitter_card":"summary_large_image","twitter_site":"@asemakustannus","schema":{"@context":"https:\/\/schema.org","@graph":[{"@type":"WebPage","@id":"https:\/\/www.asemakustannus.com\/kauppa\/tuote\/mina-lewis-trondheim\/","url":"https:\/\/www.asemakustannus.com\/kauppa\/tuote\/mina-lewis-trondheim\/","name":"Lewis Trondheim: Min\u00e4 Lewis Trondheim - Asema Kustannus","isPartOf":{"@id":"https:\/\/www.asemakustannus.com\/kauppa\/#website"},"primaryImageOfPage":{"@id":"https:\/\/www.asemakustannus.com\/kauppa\/tuote\/mina-lewis-trondheim\/#primaryimage"},"image":{"@id":"https:\/\/www.asemakustannus.com\/kauppa\/tuote\/mina-lewis-trondheim\/#primaryimage"},"thumbnailUrl":"https:\/\/i0.wp.com\/www.asemakustannus.com\/kauppa\/wp-content\/uploads\/2021\/03\/MINA_LEWIS-TRONDHEIM-ISO.jpg?fit=450%2C630&ssl=1","datePublished":"2021-03-22T08:27:52+00:00","dateModified":"2021-03-22T08:30:38+00:00","breadcrumb":{"@id":"https:\/\/www.asemakustannus.com\/kauppa\/tuote\/mina-lewis-trondheim\/#breadcrumb"},"inLanguage":"fi","potentialAction":[{"@type":"ReadAction","target":["https:\/\/www.asemakustannus.com\/kauppa\/tuote\/mina-lewis-trondheim\/"]}]},{"@type":"ImageObject","inLanguage":"fi","@id":"https:\/\/www.asemakustannus.com\/kauppa\/tuote\/mina-lewis-trondheim\/#primaryimage","url":"https:\/\/i0.wp.com\/www.asemakustannus.com\/kauppa\/wp-content\/uploads\/2021\/03\/MINA_LEWIS-TRONDHEIM-ISO.jpg?fit=450%2C630&ssl=1","contentUrl":"https:\/\/i0.wp.com\/www.asemakustannus.com\/kauppa\/wp-content\/uploads\/2021\/03\/MINA_LEWIS-TRONDHEIM-ISO.jpg?fit=450%2C630&ssl=1","width":450,"height":630},{"@type":"BreadcrumbList","@id":"https:\/\/www.asemakustannus.com\/kauppa\/tuote\/mina-lewis-trondheim\/#breadcrumb","itemListElement":[{"@type":"ListItem","position":1,"name":"Home","item":"https:\/\/www.asemakustannus.com\/kauppa\/"},{"@type":"ListItem","position":2,"name":"Kauppa","item":"https:\/\/www.asemakustannus.com\/kauppa\/kauppa\/"},{"@type":"ListItem","position":3,"name":"Lewis Trondheim: Min\u00e4 Lewis Trondheim"}]},{"@type":"WebSite","@id":"https:\/\/www.asemakustannus.com\/kauppa\/#website","url":"https:\/\/www.asemakustannus.com\/kauppa\/","name":"Asema Kustannus","description":"Sarjakuvakauppa","publisher":{"@id":"https:\/\/www.asemakustannus.com\/kauppa\/#organization"},"potentialAction":[{"@type":"SearchAction","target":{"@type":"EntryPoint","urlTemplate":"https:\/\/www.asemakustannus.com\/kauppa\/?s={search_term_string}"},"query-input":{"@type":"PropertyValueSpecification","valueRequired":true,"valueName":"search_term_string"}}],"inLanguage":"fi"},{"@type":"Organization","@id":"https:\/\/www.asemakustannus.com\/kauppa\/#organization","name":"Asema Kustannus","url":"https:\/\/www.asemakustannus.com\/kauppa\/","logo":{"@type":"ImageObject","inLanguage":"fi","@id":"https:\/\/www.asemakustannus.com\/kauppa\/#\/schema\/logo\/image\/","url":"https:\/\/www.asemakustannus.com\/kauppa\/wp-content\/uploads\/2021\/09\/181007768_141578281313342_8780310787852686686_n-1.jpeg","contentUrl":"https:\/\/www.asemakustannus.com\/kauppa\/wp-content\/uploads\/2021\/09\/181007768_141578281313342_8780310787852686686_n-1.jpeg","width":300,"height":333,"caption":"Asema Kustannus"},"image":{"@id":"https:\/\/www.asemakustannus.com\/kauppa\/#\/schema\/logo\/image\/"},"sameAs":["https:\/\/www.facebook.com\/asemakustannus","https:\/\/x.com\/asemakustannus","https:\/\/www.instagram.com\/asemakustannus\/"]}]}},"jetpack_sharing_enabled":true,"_links":{"self":[{"href":"https:\/\/www.asemakustannus.com\/kauppa\/wp-json\/wp\/v2\/product\/239","targetHints":{"allow":["GET"]}}],"collection":[{"href":"https:\/\/www.asemakustannus.com\/kauppa\/wp-json\/wp\/v2\/product"}],"about":[{"href":"https:\/\/www.asemakustannus.com\/kauppa\/wp-json\/wp\/v2\/types\/product"}],"wp:featuredmedia":[{"embeddable":true,"href":"https:\/\/www.asemakustannus.com\/kauppa\/wp-json\/wp\/v2\/media\/236"}],"wp:attachment":[{"href":"https:\/\/www.asemakustannus.com\/kauppa\/wp-json\/wp\/v2\/media?parent=239"}],"wp:term":[{"taxonomy":"product_brand","embeddable":true,"href":"https:\/\/www.asemakustannus.com\/kauppa\/wp-json\/wp\/v2\/product_brand?post=239"},{"taxonomy":"product_cat","embeddable":true,"href":"https:\/\/www.asemakustannus.com\/kauppa\/wp-json\/wp\/v2\/product_cat?post=239"},{"taxonomy":"product_tag","embeddable":true,"href":"https:\/\/www.asemakustannus.com\/kauppa\/wp-json\/wp\/v2\/product_tag?post=239"}],"curies":[{"name":"wp","href":"https:\/\/api.w.org\/{rel}","templated":true}]}}