{"id":240,"date":"2021-03-22T10:34:44","date_gmt":"2021-03-22T08:34:44","guid":{"rendered":"https:\/\/www.asemakustannus.com\/kauppa\/?post_type=product&#038;p=240"},"modified":"2021-06-22T09:17:51","modified_gmt":"2021-06-22T06:17:51","slug":"laikku-04","status":"publish","type":"product","link":"https:\/\/www.asemakustannus.com\/kauppa\/tuote\/laikku-04\/","title":{"rendered":"Laikku 04: Lapsuus vaikea, keski-ik\u00e4 mahdoton"},"content":{"rendered":"<p>K\u00e4sikirjoittanut Pauli Kallio<\/p>\n<p>Toimitus: Mika Lietz\u00e9n ja Ville Ranta<\/p>\n<p>136 sivua | mustavalkoinen | pehme\u00e4kantinen<\/p>\n<p>ISBN 978-952-9887-79-8<\/p>\n<p>Asema, 2004 (1. painos). Suuri Kurpitsa, 2012 (2. painos)<\/p>\n<p>Alunperin Aseman vuonna 2004 julkaisema kirja on yksi k\u00e4sikirjoittaja <strong>Pauli Kallion<\/strong> (s. 1960) painavimmista teoksista. Ensimm\u00e4inen painos kului loppuun parissa vuodessa ja vuonna 2012 oli toisen aika. Kymmenen piirt\u00e4j\u00e4n joukkoon valikoitui kirjoittajan tuttujen ty\u00f6kumppanien lis\u00e4ksi yll\u00e4tt\u00e4vi\u00e4kin taiteilijoita. <strong>Joel Melasniemi,\u00a0Tuisku Honkanen,\u00a0Jyrki Heikkinen<\/strong>\u00a0ja\u00a0<strong>Mikko V\u00e4yrynen<\/strong>\u00a0kuvittavat p\u00e4\u00e4henkil\u00f6n lapsuuden sattumuksia. Keski-i\u00e4n kolauksien tulkkeina toimivat\u00a0<strong>Terhi Ekebom,\u00a0Christer Nuutinen,\u00a0Kati Kov\u00e1cs\u00a0<\/strong>sek\u00e4\u00a0<strong>Villet Pirinen<\/strong>\u00a0ja\u00a0<strong>Ranta<\/strong>.\u00a0<strong>Mika Lietz\u00e9n<\/strong>\u00a0piirsi j\u00e4lkisanat.<\/p>\n","protected":false},"excerpt":{"rendered":"<p>K\u00e4sikirjoittanut Pauli Kallio Toimitus: Mika Lietz\u00e9n ja Ville Ranta 136 sivua | mustavalkoinen | pehme\u00e4kantinen ISBN 978-952-9887-79-8 Asema, 2004 (1. painos). Suuri Kurpitsa, 2012 (2. painos) Alunperin Aseman vuonna 2004 julkaisema kirja on yksi k\u00e4sikirjoittaja Pauli Kallion (s. 1960) painavimmista teoksista. Ensimm\u00e4inen painos kului loppuun parissa vuodessa ja vuonna 2012 oli toisen aika. Kymmenen piirt\u00e4j\u00e4n [&hellip;]<\/p>\n","protected":false},"featured_media":233,"template":"","meta":[],"product_brand":[],"product_cat":[42,38],"product_tag":[],"class_list":{"0":"post-240","1":"product","2":"type-product","3":"status-publish","4":"has-post-thumbnail","6":"product_cat-antologiat","7":"product_cat-kirjat","8":"product_shipping_class-xxspaketti","10":"first","11":"outofstock","12":"shipping-taxable","13":"purchasable","14":"product-type-simple"},"yoast_head":"<!-- This site is optimized with the Yoast SEO plugin v27.3 - https:\/\/yoast.com\/product\/yoast-seo-wordpress\/ -->\n<title>Laikku 04: Lapsuus vaikea, keski-ik\u00e4 mahdoton - Asema Kustannus<\/title>\n<meta name=\"robots\" content=\"index, follow, max-snippet:-1, max-image-preview:large, max-video-preview:-1\" \/>\n<link rel=\"canonical\" href=\"https:\/\/www.asemakustannus.com\/kauppa\/tuote\/laikku-04\/\" \/>\n<meta property=\"og:locale\" content=\"fi_FI\" \/>\n<meta property=\"og:type\" content=\"article\" \/>\n<meta property=\"og:title\" content=\"Laikku 04: Lapsuus vaikea, keski-ik\u00e4 mahdoton - Asema Kustannus\" \/>\n<meta property=\"og:description\" content=\"K\u00e4sikirjoittanut Pauli Kallio Toimitus: Mika Lietz\u00e9n ja Ville Ranta 136 sivua | mustavalkoinen | pehme\u00e4kantinen ISBN 978-952-9887-79-8 Asema, 2004 (1. painos). Suuri Kurpitsa, 2012 (2. painos) Alunperin Aseman vuonna 2004 julkaisema kirja on yksi k\u00e4sikirjoittaja Pauli Kallion (s. 1960) painavimmista teoksista. Ensimm\u00e4inen painos kului loppuun parissa vuodessa ja vuonna 2012 oli toisen aika. Kymmenen piirt\u00e4j\u00e4n [&hellip;]\" \/>\n<meta property=\"og:url\" content=\"https:\/\/www.asemakustannus.com\/kauppa\/tuote\/laikku-04\/\" \/>\n<meta property=\"og:site_name\" content=\"Asema Kustannus\" \/>\n<meta property=\"article:publisher\" content=\"https:\/\/www.facebook.com\/asemakustannus\" \/>\n<meta property=\"article:modified_time\" content=\"2021-06-22T06:17:51+00:00\" \/>\n<meta property=\"og:image\" content=\"https:\/\/www.asemakustannus.com\/kauppa\/wp-content\/uploads\/2021\/03\/LAPSUUS_VAIKEA-ISO.jpg\" \/>\n\t<meta property=\"og:image:width\" content=\"450\" \/>\n\t<meta property=\"og:image:height\" content=\"649\" \/>\n\t<meta property=\"og:image:type\" content=\"image\/jpeg\" \/>\n<meta name=\"twitter:card\" content=\"summary_large_image\" \/>\n<meta name=\"twitter:site\" content=\"@asemakustannus\" \/>\n<meta name=\"twitter:label1\" content=\"Arvioitu lukuaika\" \/>\n\t<meta name=\"twitter:data1\" content=\"1 minuutti\" \/>\n<script type=\"application\/ld+json\" class=\"yoast-schema-graph\">{\"@context\":\"https:\\\/\\\/schema.org\",\"@graph\":[{\"@type\":\"WebPage\",\"@id\":\"https:\\\/\\\/www.asemakustannus.com\\\/kauppa\\\/tuote\\\/laikku-04\\\/\",\"url\":\"https:\\\/\\\/www.asemakustannus.com\\\/kauppa\\\/tuote\\\/laikku-04\\\/\",\"name\":\"Laikku 04: Lapsuus vaikea, keski-ik\u00e4 mahdoton - Asema Kustannus\",\"isPartOf\":{\"@id\":\"https:\\\/\\\/www.asemakustannus.com\\\/kauppa\\\/#website\"},\"primaryImageOfPage\":{\"@id\":\"https:\\\/\\\/www.asemakustannus.com\\\/kauppa\\\/tuote\\\/laikku-04\\\/#primaryimage\"},\"image\":{\"@id\":\"https:\\\/\\\/www.asemakustannus.com\\\/kauppa\\\/tuote\\\/laikku-04\\\/#primaryimage\"},\"thumbnailUrl\":\"https:\\\/\\\/i0.wp.com\\\/www.asemakustannus.com\\\/kauppa\\\/wp-content\\\/uploads\\\/2021\\\/03\\\/LAPSUUS_VAIKEA-ISO.jpg?fit=450%2C649&ssl=1\",\"datePublished\":\"2021-03-22T08:34:44+00:00\",\"dateModified\":\"2021-06-22T06:17:51+00:00\",\"breadcrumb\":{\"@id\":\"https:\\\/\\\/www.asemakustannus.com\\\/kauppa\\\/tuote\\\/laikku-04\\\/#breadcrumb\"},\"inLanguage\":\"fi\",\"potentialAction\":[{\"@type\":\"ReadAction\",\"target\":[\"https:\\\/\\\/www.asemakustannus.com\\\/kauppa\\\/tuote\\\/laikku-04\\\/\"]}]},{\"@type\":\"ImageObject\",\"inLanguage\":\"fi\",\"@id\":\"https:\\\/\\\/www.asemakustannus.com\\\/kauppa\\\/tuote\\\/laikku-04\\\/#primaryimage\",\"url\":\"https:\\\/\\\/i0.wp.com\\\/www.asemakustannus.com\\\/kauppa\\\/wp-content\\\/uploads\\\/2021\\\/03\\\/LAPSUUS_VAIKEA-ISO.jpg?fit=450%2C649&ssl=1\",\"contentUrl\":\"https:\\\/\\\/i0.wp.com\\\/www.asemakustannus.com\\\/kauppa\\\/wp-content\\\/uploads\\\/2021\\\/03\\\/LAPSUUS_VAIKEA-ISO.jpg?fit=450%2C649&ssl=1\",\"width\":450,\"height\":649},{\"@type\":\"BreadcrumbList\",\"@id\":\"https:\\\/\\\/www.asemakustannus.com\\\/kauppa\\\/tuote\\\/laikku-04\\\/#breadcrumb\",\"itemListElement\":[{\"@type\":\"ListItem\",\"position\":1,\"name\":\"Home\",\"item\":\"https:\\\/\\\/www.asemakustannus.com\\\/kauppa\\\/\"},{\"@type\":\"ListItem\",\"position\":2,\"name\":\"Kauppa\",\"item\":\"https:\\\/\\\/www.asemakustannus.com\\\/kauppa\\\/kauppa\\\/\"},{\"@type\":\"ListItem\",\"position\":3,\"name\":\"Laikku 04: Lapsuus vaikea, keski-ik\u00e4 mahdoton\"}]},{\"@type\":\"WebSite\",\"@id\":\"https:\\\/\\\/www.asemakustannus.com\\\/kauppa\\\/#website\",\"url\":\"https:\\\/\\\/www.asemakustannus.com\\\/kauppa\\\/\",\"name\":\"Asema Kustannus\",\"description\":\"Sarjakuvakauppa\",\"publisher\":{\"@id\":\"https:\\\/\\\/www.asemakustannus.com\\\/kauppa\\\/#organization\"},\"potentialAction\":[{\"@type\":\"SearchAction\",\"target\":{\"@type\":\"EntryPoint\",\"urlTemplate\":\"https:\\\/\\\/www.asemakustannus.com\\\/kauppa\\\/?s={search_term_string}\"},\"query-input\":{\"@type\":\"PropertyValueSpecification\",\"valueRequired\":true,\"valueName\":\"search_term_string\"}}],\"inLanguage\":\"fi\"},{\"@type\":\"Organization\",\"@id\":\"https:\\\/\\\/www.asemakustannus.com\\\/kauppa\\\/#organization\",\"name\":\"Asema Kustannus\",\"url\":\"https:\\\/\\\/www.asemakustannus.com\\\/kauppa\\\/\",\"logo\":{\"@type\":\"ImageObject\",\"inLanguage\":\"fi\",\"@id\":\"https:\\\/\\\/www.asemakustannus.com\\\/kauppa\\\/#\\\/schema\\\/logo\\\/image\\\/\",\"url\":\"https:\\\/\\\/www.asemakustannus.com\\\/kauppa\\\/wp-content\\\/uploads\\\/2021\\\/09\\\/181007768_141578281313342_8780310787852686686_n-1.jpeg\",\"contentUrl\":\"https:\\\/\\\/www.asemakustannus.com\\\/kauppa\\\/wp-content\\\/uploads\\\/2021\\\/09\\\/181007768_141578281313342_8780310787852686686_n-1.jpeg\",\"width\":300,\"height\":333,\"caption\":\"Asema Kustannus\"},\"image\":{\"@id\":\"https:\\\/\\\/www.asemakustannus.com\\\/kauppa\\\/#\\\/schema\\\/logo\\\/image\\\/\"},\"sameAs\":[\"https:\\\/\\\/www.facebook.com\\\/asemakustannus\",\"https:\\\/\\\/x.com\\\/asemakustannus\",\"https:\\\/\\\/www.instagram.com\\\/asemakustannus\\\/\"]}]}<\/script>\n<!-- \/ Yoast SEO plugin. -->","yoast_head_json":{"title":"Laikku 04: Lapsuus vaikea, keski-ik\u00e4 mahdoton - Asema Kustannus","robots":{"index":"index","follow":"follow","max-snippet":"max-snippet:-1","max-image-preview":"max-image-preview:large","max-video-preview":"max-video-preview:-1"},"canonical":"https:\/\/www.asemakustannus.com\/kauppa\/tuote\/laikku-04\/","og_locale":"fi_FI","og_type":"article","og_title":"Laikku 04: Lapsuus vaikea, keski-ik\u00e4 mahdoton - Asema Kustannus","og_description":"K\u00e4sikirjoittanut Pauli Kallio Toimitus: Mika Lietz\u00e9n ja Ville Ranta 136 sivua | mustavalkoinen | pehme\u00e4kantinen ISBN 978-952-9887-79-8 Asema, 2004 (1. painos). Suuri Kurpitsa, 2012 (2. painos) Alunperin Aseman vuonna 2004 julkaisema kirja on yksi k\u00e4sikirjoittaja Pauli Kallion (s. 1960) painavimmista teoksista. Ensimm\u00e4inen painos kului loppuun parissa vuodessa ja vuonna 2012 oli toisen aika. Kymmenen piirt\u00e4j\u00e4n [&hellip;]","og_url":"https:\/\/www.asemakustannus.com\/kauppa\/tuote\/laikku-04\/","og_site_name":"Asema Kustannus","article_publisher":"https:\/\/www.facebook.com\/asemakustannus","article_modified_time":"2021-06-22T06:17:51+00:00","og_image":[{"width":450,"height":649,"url":"https:\/\/www.asemakustannus.com\/kauppa\/wp-content\/uploads\/2021\/03\/LAPSUUS_VAIKEA-ISO.jpg","type":"image\/jpeg"}],"twitter_card":"summary_large_image","twitter_site":"@asemakustannus","twitter_misc":{"Arvioitu lukuaika":"1 minuutti"},"schema":{"@context":"https:\/\/schema.org","@graph":[{"@type":"WebPage","@id":"https:\/\/www.asemakustannus.com\/kauppa\/tuote\/laikku-04\/","url":"https:\/\/www.asemakustannus.com\/kauppa\/tuote\/laikku-04\/","name":"Laikku 04: Lapsuus vaikea, keski-ik\u00e4 mahdoton - Asema Kustannus","isPartOf":{"@id":"https:\/\/www.asemakustannus.com\/kauppa\/#website"},"primaryImageOfPage":{"@id":"https:\/\/www.asemakustannus.com\/kauppa\/tuote\/laikku-04\/#primaryimage"},"image":{"@id":"https:\/\/www.asemakustannus.com\/kauppa\/tuote\/laikku-04\/#primaryimage"},"thumbnailUrl":"https:\/\/i0.wp.com\/www.asemakustannus.com\/kauppa\/wp-content\/uploads\/2021\/03\/LAPSUUS_VAIKEA-ISO.jpg?fit=450%2C649&ssl=1","datePublished":"2021-03-22T08:34:44+00:00","dateModified":"2021-06-22T06:17:51+00:00","breadcrumb":{"@id":"https:\/\/www.asemakustannus.com\/kauppa\/tuote\/laikku-04\/#breadcrumb"},"inLanguage":"fi","potentialAction":[{"@type":"ReadAction","target":["https:\/\/www.asemakustannus.com\/kauppa\/tuote\/laikku-04\/"]}]},{"@type":"ImageObject","inLanguage":"fi","@id":"https:\/\/www.asemakustannus.com\/kauppa\/tuote\/laikku-04\/#primaryimage","url":"https:\/\/i0.wp.com\/www.asemakustannus.com\/kauppa\/wp-content\/uploads\/2021\/03\/LAPSUUS_VAIKEA-ISO.jpg?fit=450%2C649&ssl=1","contentUrl":"https:\/\/i0.wp.com\/www.asemakustannus.com\/kauppa\/wp-content\/uploads\/2021\/03\/LAPSUUS_VAIKEA-ISO.jpg?fit=450%2C649&ssl=1","width":450,"height":649},{"@type":"BreadcrumbList","@id":"https:\/\/www.asemakustannus.com\/kauppa\/tuote\/laikku-04\/#breadcrumb","itemListElement":[{"@type":"ListItem","position":1,"name":"Home","item":"https:\/\/www.asemakustannus.com\/kauppa\/"},{"@type":"ListItem","position":2,"name":"Kauppa","item":"https:\/\/www.asemakustannus.com\/kauppa\/kauppa\/"},{"@type":"ListItem","position":3,"name":"Laikku 04: Lapsuus vaikea, keski-ik\u00e4 mahdoton"}]},{"@type":"WebSite","@id":"https:\/\/www.asemakustannus.com\/kauppa\/#website","url":"https:\/\/www.asemakustannus.com\/kauppa\/","name":"Asema Kustannus","description":"Sarjakuvakauppa","publisher":{"@id":"https:\/\/www.asemakustannus.com\/kauppa\/#organization"},"potentialAction":[{"@type":"SearchAction","target":{"@type":"EntryPoint","urlTemplate":"https:\/\/www.asemakustannus.com\/kauppa\/?s={search_term_string}"},"query-input":{"@type":"PropertyValueSpecification","valueRequired":true,"valueName":"search_term_string"}}],"inLanguage":"fi"},{"@type":"Organization","@id":"https:\/\/www.asemakustannus.com\/kauppa\/#organization","name":"Asema Kustannus","url":"https:\/\/www.asemakustannus.com\/kauppa\/","logo":{"@type":"ImageObject","inLanguage":"fi","@id":"https:\/\/www.asemakustannus.com\/kauppa\/#\/schema\/logo\/image\/","url":"https:\/\/www.asemakustannus.com\/kauppa\/wp-content\/uploads\/2021\/09\/181007768_141578281313342_8780310787852686686_n-1.jpeg","contentUrl":"https:\/\/www.asemakustannus.com\/kauppa\/wp-content\/uploads\/2021\/09\/181007768_141578281313342_8780310787852686686_n-1.jpeg","width":300,"height":333,"caption":"Asema Kustannus"},"image":{"@id":"https:\/\/www.asemakustannus.com\/kauppa\/#\/schema\/logo\/image\/"},"sameAs":["https:\/\/www.facebook.com\/asemakustannus","https:\/\/x.com\/asemakustannus","https:\/\/www.instagram.com\/asemakustannus\/"]}]}},"jetpack_sharing_enabled":true,"_links":{"self":[{"href":"https:\/\/www.asemakustannus.com\/kauppa\/wp-json\/wp\/v2\/product\/240","targetHints":{"allow":["GET"]}}],"collection":[{"href":"https:\/\/www.asemakustannus.com\/kauppa\/wp-json\/wp\/v2\/product"}],"about":[{"href":"https:\/\/www.asemakustannus.com\/kauppa\/wp-json\/wp\/v2\/types\/product"}],"wp:featuredmedia":[{"embeddable":true,"href":"https:\/\/www.asemakustannus.com\/kauppa\/wp-json\/wp\/v2\/media\/233"}],"wp:attachment":[{"href":"https:\/\/www.asemakustannus.com\/kauppa\/wp-json\/wp\/v2\/media?parent=240"}],"wp:term":[{"taxonomy":"product_brand","embeddable":true,"href":"https:\/\/www.asemakustannus.com\/kauppa\/wp-json\/wp\/v2\/product_brand?post=240"},{"taxonomy":"product_cat","embeddable":true,"href":"https:\/\/www.asemakustannus.com\/kauppa\/wp-json\/wp\/v2\/product_cat?post=240"},{"taxonomy":"product_tag","embeddable":true,"href":"https:\/\/www.asemakustannus.com\/kauppa\/wp-json\/wp\/v2\/product_tag?post=240"}],"curies":[{"name":"wp","href":"https:\/\/api.w.org\/{rel}","templated":true}]}}