{"id":242,"date":"2021-03-22T10:42:41","date_gmt":"2021-03-22T08:42:41","guid":{"rendered":"https:\/\/www.asemakustannus.com\/kauppa\/?post_type=product&#038;p=242"},"modified":"2021-09-10T14:49:24","modified_gmt":"2021-09-10T11:49:24","slug":"isi-on-vahan-vasynyt","status":"publish","type":"product","link":"https:\/\/www.asemakustannus.com\/kauppa\/tuote\/isi-on-vahan-vasynyt\/","title":{"rendered":"Ville Ranta: Isi on v\u00e4h\u00e4n v\u00e4synyt"},"content":{"rendered":"<p>156 sivua | mustavalkoinen | pehme\u00e4kantinen<\/p>\n<p>ISBN 978-952-99923-2-4<\/p>\n<p>Asema 2005<\/p>\n<p>Ville Rannan syv\u00e4n henkil\u00f6kohtainen p\u00e4iv\u00e4kirjaromaani on kotimaisen omael\u00e4m\u00e4kerrallisen sarjakuvan klassikko. Isi on v\u00e4h\u00e4n v\u00e4synyt kuvaa perhe-el\u00e4m\u00e4n vaikeita alkuaikoja, synkki\u00e4 ajatuksia ja lapsen sairautta. Rannan humoristinen ja irtonainen ote asettaa kuitenkin asiat yll\u00e4tt\u00e4viin mittasuhteisiin.<\/p>\n<p><strong>Ville Ranta<\/strong> (s. 1978) on oululainen sarjakuvataiteilija ja pilapiirt\u00e4j\u00e4, jolta on ilmestynyt useita albumeita ja sarjakuvaromaaneja. Ranta on palkittu Puup\u00e4\u00e4-hatulla, Suomi-palkinnolla ja Ranskan kunnialegioonan ritarimerkill\u00e4. H\u00e4nen teoksensa <em>Kajaani<\/em> oli ehdolla vuoden 2010 parhaaksi albumiksi Angoul\u00eamen sarjakuvafestivaalin kilpailusarjassa Ranskassa, ja vuonna 2013 ilmestynyt <em>Kyll\u00e4 eik\u00e4 ei<\/em> voitti Sarjakuva-Finlandian.<\/p>\n","protected":false},"excerpt":{"rendered":"<p>156 sivua | mustavalkoinen | pehme\u00e4kantinen ISBN 978-952-99923-2-4 Asema 2005 Ville Rannan syv\u00e4n henkil\u00f6kohtainen p\u00e4iv\u00e4kirjaromaani on kotimaisen omael\u00e4m\u00e4kerrallisen sarjakuvan klassikko. Isi on v\u00e4h\u00e4n v\u00e4synyt kuvaa perhe-el\u00e4m\u00e4n vaikeita alkuaikoja, synkki\u00e4 ajatuksia ja lapsen sairautta. Rannan humoristinen ja irtonainen ote asettaa kuitenkin asiat yll\u00e4tt\u00e4viin mittasuhteisiin. Ville Ranta (s. 1978) on oululainen sarjakuvataiteilija ja pilapiirt\u00e4j\u00e4, jolta on ilmestynyt [&hellip;]<\/p>\n","protected":false},"featured_media":217,"template":"","meta":[],"product_brand":[],"product_cat":[38],"product_tag":[51],"class_list":{"0":"post-242","1":"product","2":"type-product","3":"status-publish","4":"has-post-thumbnail","6":"product_cat-kirjat","7":"product_tag-ville-ranta","8":"product_shipping_class-xxspaketti","10":"first","11":"outofstock","12":"shipping-taxable","13":"purchasable","14":"product-type-simple"},"yoast_head":"<!-- This site is optimized with the Yoast SEO plugin v27.3 - https:\/\/yoast.com\/product\/yoast-seo-wordpress\/ -->\n<title>Ville Ranta: Isi on v\u00e4h\u00e4n v\u00e4synyt - Asema Kustannus<\/title>\n<meta name=\"robots\" content=\"index, follow, max-snippet:-1, max-image-preview:large, max-video-preview:-1\" \/>\n<link rel=\"canonical\" href=\"https:\/\/www.asemakustannus.com\/kauppa\/tuote\/isi-on-vahan-vasynyt\/\" \/>\n<meta property=\"og:locale\" content=\"fi_FI\" \/>\n<meta property=\"og:type\" content=\"article\" \/>\n<meta property=\"og:title\" content=\"Ville Ranta: Isi on v\u00e4h\u00e4n v\u00e4synyt - Asema Kustannus\" \/>\n<meta property=\"og:description\" content=\"156 sivua | mustavalkoinen | pehme\u00e4kantinen ISBN 978-952-99923-2-4 Asema 2005 Ville Rannan syv\u00e4n henkil\u00f6kohtainen p\u00e4iv\u00e4kirjaromaani on kotimaisen omael\u00e4m\u00e4kerrallisen sarjakuvan klassikko. Isi on v\u00e4h\u00e4n v\u00e4synyt kuvaa perhe-el\u00e4m\u00e4n vaikeita alkuaikoja, synkki\u00e4 ajatuksia ja lapsen sairautta. Rannan humoristinen ja irtonainen ote asettaa kuitenkin asiat yll\u00e4tt\u00e4viin mittasuhteisiin. Ville Ranta (s. 1978) on oululainen sarjakuvataiteilija ja pilapiirt\u00e4j\u00e4, jolta on ilmestynyt [&hellip;]\" \/>\n<meta property=\"og:url\" content=\"https:\/\/www.asemakustannus.com\/kauppa\/tuote\/isi-on-vahan-vasynyt\/\" \/>\n<meta property=\"og:site_name\" content=\"Asema Kustannus\" \/>\n<meta property=\"article:publisher\" content=\"https:\/\/www.facebook.com\/asemakustannus\" \/>\n<meta property=\"article:modified_time\" content=\"2021-09-10T11:49:24+00:00\" \/>\n<meta property=\"og:image\" content=\"https:\/\/www.asemakustannus.com\/kauppa\/wp-content\/uploads\/2021\/03\/ISI-ISO.jpg\" \/>\n\t<meta property=\"og:image:width\" content=\"450\" \/>\n\t<meta property=\"og:image:height\" content=\"450\" \/>\n\t<meta property=\"og:image:type\" content=\"image\/jpeg\" \/>\n<meta name=\"twitter:card\" content=\"summary_large_image\" \/>\n<meta name=\"twitter:site\" content=\"@asemakustannus\" \/>\n<meta name=\"twitter:label1\" content=\"Arvioitu lukuaika\" \/>\n\t<meta name=\"twitter:data1\" content=\"1 minuutti\" \/>\n<script type=\"application\/ld+json\" class=\"yoast-schema-graph\">{\"@context\":\"https:\\\/\\\/schema.org\",\"@graph\":[{\"@type\":\"WebPage\",\"@id\":\"https:\\\/\\\/www.asemakustannus.com\\\/kauppa\\\/tuote\\\/isi-on-vahan-vasynyt\\\/\",\"url\":\"https:\\\/\\\/www.asemakustannus.com\\\/kauppa\\\/tuote\\\/isi-on-vahan-vasynyt\\\/\",\"name\":\"Ville Ranta: Isi on v\u00e4h\u00e4n v\u00e4synyt - Asema Kustannus\",\"isPartOf\":{\"@id\":\"https:\\\/\\\/www.asemakustannus.com\\\/kauppa\\\/#website\"},\"primaryImageOfPage\":{\"@id\":\"https:\\\/\\\/www.asemakustannus.com\\\/kauppa\\\/tuote\\\/isi-on-vahan-vasynyt\\\/#primaryimage\"},\"image\":{\"@id\":\"https:\\\/\\\/www.asemakustannus.com\\\/kauppa\\\/tuote\\\/isi-on-vahan-vasynyt\\\/#primaryimage\"},\"thumbnailUrl\":\"https:\\\/\\\/i0.wp.com\\\/www.asemakustannus.com\\\/kauppa\\\/wp-content\\\/uploads\\\/2021\\\/03\\\/ISI-ISO.jpg?fit=450%2C450&ssl=1\",\"datePublished\":\"2021-03-22T08:42:41+00:00\",\"dateModified\":\"2021-09-10T11:49:24+00:00\",\"breadcrumb\":{\"@id\":\"https:\\\/\\\/www.asemakustannus.com\\\/kauppa\\\/tuote\\\/isi-on-vahan-vasynyt\\\/#breadcrumb\"},\"inLanguage\":\"fi\",\"potentialAction\":[{\"@type\":\"ReadAction\",\"target\":[\"https:\\\/\\\/www.asemakustannus.com\\\/kauppa\\\/tuote\\\/isi-on-vahan-vasynyt\\\/\"]}]},{\"@type\":\"ImageObject\",\"inLanguage\":\"fi\",\"@id\":\"https:\\\/\\\/www.asemakustannus.com\\\/kauppa\\\/tuote\\\/isi-on-vahan-vasynyt\\\/#primaryimage\",\"url\":\"https:\\\/\\\/i0.wp.com\\\/www.asemakustannus.com\\\/kauppa\\\/wp-content\\\/uploads\\\/2021\\\/03\\\/ISI-ISO.jpg?fit=450%2C450&ssl=1\",\"contentUrl\":\"https:\\\/\\\/i0.wp.com\\\/www.asemakustannus.com\\\/kauppa\\\/wp-content\\\/uploads\\\/2021\\\/03\\\/ISI-ISO.jpg?fit=450%2C450&ssl=1\",\"width\":450,\"height\":450},{\"@type\":\"BreadcrumbList\",\"@id\":\"https:\\\/\\\/www.asemakustannus.com\\\/kauppa\\\/tuote\\\/isi-on-vahan-vasynyt\\\/#breadcrumb\",\"itemListElement\":[{\"@type\":\"ListItem\",\"position\":1,\"name\":\"Home\",\"item\":\"https:\\\/\\\/www.asemakustannus.com\\\/kauppa\\\/\"},{\"@type\":\"ListItem\",\"position\":2,\"name\":\"Kauppa\",\"item\":\"https:\\\/\\\/www.asemakustannus.com\\\/kauppa\\\/kauppa\\\/\"},{\"@type\":\"ListItem\",\"position\":3,\"name\":\"Ville Ranta: Isi on v\u00e4h\u00e4n v\u00e4synyt\"}]},{\"@type\":\"WebSite\",\"@id\":\"https:\\\/\\\/www.asemakustannus.com\\\/kauppa\\\/#website\",\"url\":\"https:\\\/\\\/www.asemakustannus.com\\\/kauppa\\\/\",\"name\":\"Asema Kustannus\",\"description\":\"Sarjakuvakauppa\",\"publisher\":{\"@id\":\"https:\\\/\\\/www.asemakustannus.com\\\/kauppa\\\/#organization\"},\"potentialAction\":[{\"@type\":\"SearchAction\",\"target\":{\"@type\":\"EntryPoint\",\"urlTemplate\":\"https:\\\/\\\/www.asemakustannus.com\\\/kauppa\\\/?s={search_term_string}\"},\"query-input\":{\"@type\":\"PropertyValueSpecification\",\"valueRequired\":true,\"valueName\":\"search_term_string\"}}],\"inLanguage\":\"fi\"},{\"@type\":\"Organization\",\"@id\":\"https:\\\/\\\/www.asemakustannus.com\\\/kauppa\\\/#organization\",\"name\":\"Asema Kustannus\",\"url\":\"https:\\\/\\\/www.asemakustannus.com\\\/kauppa\\\/\",\"logo\":{\"@type\":\"ImageObject\",\"inLanguage\":\"fi\",\"@id\":\"https:\\\/\\\/www.asemakustannus.com\\\/kauppa\\\/#\\\/schema\\\/logo\\\/image\\\/\",\"url\":\"https:\\\/\\\/www.asemakustannus.com\\\/kauppa\\\/wp-content\\\/uploads\\\/2021\\\/09\\\/181007768_141578281313342_8780310787852686686_n-1.jpeg\",\"contentUrl\":\"https:\\\/\\\/www.asemakustannus.com\\\/kauppa\\\/wp-content\\\/uploads\\\/2021\\\/09\\\/181007768_141578281313342_8780310787852686686_n-1.jpeg\",\"width\":300,\"height\":333,\"caption\":\"Asema Kustannus\"},\"image\":{\"@id\":\"https:\\\/\\\/www.asemakustannus.com\\\/kauppa\\\/#\\\/schema\\\/logo\\\/image\\\/\"},\"sameAs\":[\"https:\\\/\\\/www.facebook.com\\\/asemakustannus\",\"https:\\\/\\\/x.com\\\/asemakustannus\",\"https:\\\/\\\/www.instagram.com\\\/asemakustannus\\\/\"]}]}<\/script>\n<!-- \/ Yoast SEO plugin. -->","yoast_head_json":{"title":"Ville Ranta: Isi on v\u00e4h\u00e4n v\u00e4synyt - Asema Kustannus","robots":{"index":"index","follow":"follow","max-snippet":"max-snippet:-1","max-image-preview":"max-image-preview:large","max-video-preview":"max-video-preview:-1"},"canonical":"https:\/\/www.asemakustannus.com\/kauppa\/tuote\/isi-on-vahan-vasynyt\/","og_locale":"fi_FI","og_type":"article","og_title":"Ville Ranta: Isi on v\u00e4h\u00e4n v\u00e4synyt - Asema Kustannus","og_description":"156 sivua | mustavalkoinen | pehme\u00e4kantinen ISBN 978-952-99923-2-4 Asema 2005 Ville Rannan syv\u00e4n henkil\u00f6kohtainen p\u00e4iv\u00e4kirjaromaani on kotimaisen omael\u00e4m\u00e4kerrallisen sarjakuvan klassikko. Isi on v\u00e4h\u00e4n v\u00e4synyt kuvaa perhe-el\u00e4m\u00e4n vaikeita alkuaikoja, synkki\u00e4 ajatuksia ja lapsen sairautta. Rannan humoristinen ja irtonainen ote asettaa kuitenkin asiat yll\u00e4tt\u00e4viin mittasuhteisiin. Ville Ranta (s. 1978) on oululainen sarjakuvataiteilija ja pilapiirt\u00e4j\u00e4, jolta on ilmestynyt [&hellip;]","og_url":"https:\/\/www.asemakustannus.com\/kauppa\/tuote\/isi-on-vahan-vasynyt\/","og_site_name":"Asema Kustannus","article_publisher":"https:\/\/www.facebook.com\/asemakustannus","article_modified_time":"2021-09-10T11:49:24+00:00","og_image":[{"width":450,"height":450,"url":"https:\/\/www.asemakustannus.com\/kauppa\/wp-content\/uploads\/2021\/03\/ISI-ISO.jpg","type":"image\/jpeg"}],"twitter_card":"summary_large_image","twitter_site":"@asemakustannus","twitter_misc":{"Arvioitu lukuaika":"1 minuutti"},"schema":{"@context":"https:\/\/schema.org","@graph":[{"@type":"WebPage","@id":"https:\/\/www.asemakustannus.com\/kauppa\/tuote\/isi-on-vahan-vasynyt\/","url":"https:\/\/www.asemakustannus.com\/kauppa\/tuote\/isi-on-vahan-vasynyt\/","name":"Ville Ranta: Isi on v\u00e4h\u00e4n v\u00e4synyt - Asema Kustannus","isPartOf":{"@id":"https:\/\/www.asemakustannus.com\/kauppa\/#website"},"primaryImageOfPage":{"@id":"https:\/\/www.asemakustannus.com\/kauppa\/tuote\/isi-on-vahan-vasynyt\/#primaryimage"},"image":{"@id":"https:\/\/www.asemakustannus.com\/kauppa\/tuote\/isi-on-vahan-vasynyt\/#primaryimage"},"thumbnailUrl":"https:\/\/i0.wp.com\/www.asemakustannus.com\/kauppa\/wp-content\/uploads\/2021\/03\/ISI-ISO.jpg?fit=450%2C450&ssl=1","datePublished":"2021-03-22T08:42:41+00:00","dateModified":"2021-09-10T11:49:24+00:00","breadcrumb":{"@id":"https:\/\/www.asemakustannus.com\/kauppa\/tuote\/isi-on-vahan-vasynyt\/#breadcrumb"},"inLanguage":"fi","potentialAction":[{"@type":"ReadAction","target":["https:\/\/www.asemakustannus.com\/kauppa\/tuote\/isi-on-vahan-vasynyt\/"]}]},{"@type":"ImageObject","inLanguage":"fi","@id":"https:\/\/www.asemakustannus.com\/kauppa\/tuote\/isi-on-vahan-vasynyt\/#primaryimage","url":"https:\/\/i0.wp.com\/www.asemakustannus.com\/kauppa\/wp-content\/uploads\/2021\/03\/ISI-ISO.jpg?fit=450%2C450&ssl=1","contentUrl":"https:\/\/i0.wp.com\/www.asemakustannus.com\/kauppa\/wp-content\/uploads\/2021\/03\/ISI-ISO.jpg?fit=450%2C450&ssl=1","width":450,"height":450},{"@type":"BreadcrumbList","@id":"https:\/\/www.asemakustannus.com\/kauppa\/tuote\/isi-on-vahan-vasynyt\/#breadcrumb","itemListElement":[{"@type":"ListItem","position":1,"name":"Home","item":"https:\/\/www.asemakustannus.com\/kauppa\/"},{"@type":"ListItem","position":2,"name":"Kauppa","item":"https:\/\/www.asemakustannus.com\/kauppa\/kauppa\/"},{"@type":"ListItem","position":3,"name":"Ville Ranta: Isi on v\u00e4h\u00e4n v\u00e4synyt"}]},{"@type":"WebSite","@id":"https:\/\/www.asemakustannus.com\/kauppa\/#website","url":"https:\/\/www.asemakustannus.com\/kauppa\/","name":"Asema Kustannus","description":"Sarjakuvakauppa","publisher":{"@id":"https:\/\/www.asemakustannus.com\/kauppa\/#organization"},"potentialAction":[{"@type":"SearchAction","target":{"@type":"EntryPoint","urlTemplate":"https:\/\/www.asemakustannus.com\/kauppa\/?s={search_term_string}"},"query-input":{"@type":"PropertyValueSpecification","valueRequired":true,"valueName":"search_term_string"}}],"inLanguage":"fi"},{"@type":"Organization","@id":"https:\/\/www.asemakustannus.com\/kauppa\/#organization","name":"Asema Kustannus","url":"https:\/\/www.asemakustannus.com\/kauppa\/","logo":{"@type":"ImageObject","inLanguage":"fi","@id":"https:\/\/www.asemakustannus.com\/kauppa\/#\/schema\/logo\/image\/","url":"https:\/\/www.asemakustannus.com\/kauppa\/wp-content\/uploads\/2021\/09\/181007768_141578281313342_8780310787852686686_n-1.jpeg","contentUrl":"https:\/\/www.asemakustannus.com\/kauppa\/wp-content\/uploads\/2021\/09\/181007768_141578281313342_8780310787852686686_n-1.jpeg","width":300,"height":333,"caption":"Asema Kustannus"},"image":{"@id":"https:\/\/www.asemakustannus.com\/kauppa\/#\/schema\/logo\/image\/"},"sameAs":["https:\/\/www.facebook.com\/asemakustannus","https:\/\/x.com\/asemakustannus","https:\/\/www.instagram.com\/asemakustannus\/"]}]}},"jetpack_sharing_enabled":true,"_links":{"self":[{"href":"https:\/\/www.asemakustannus.com\/kauppa\/wp-json\/wp\/v2\/product\/242","targetHints":{"allow":["GET"]}}],"collection":[{"href":"https:\/\/www.asemakustannus.com\/kauppa\/wp-json\/wp\/v2\/product"}],"about":[{"href":"https:\/\/www.asemakustannus.com\/kauppa\/wp-json\/wp\/v2\/types\/product"}],"wp:featuredmedia":[{"embeddable":true,"href":"https:\/\/www.asemakustannus.com\/kauppa\/wp-json\/wp\/v2\/media\/217"}],"wp:attachment":[{"href":"https:\/\/www.asemakustannus.com\/kauppa\/wp-json\/wp\/v2\/media?parent=242"}],"wp:term":[{"taxonomy":"product_brand","embeddable":true,"href":"https:\/\/www.asemakustannus.com\/kauppa\/wp-json\/wp\/v2\/product_brand?post=242"},{"taxonomy":"product_cat","embeddable":true,"href":"https:\/\/www.asemakustannus.com\/kauppa\/wp-json\/wp\/v2\/product_cat?post=242"},{"taxonomy":"product_tag","embeddable":true,"href":"https:\/\/www.asemakustannus.com\/kauppa\/wp-json\/wp\/v2\/product_tag?post=242"}],"curies":[{"name":"wp","href":"https:\/\/api.w.org\/{rel}","templated":true}]}}