{"id":263,"date":"2021-03-22T13:06:10","date_gmt":"2021-03-22T11:06:10","guid":{"rendered":"https:\/\/www.asemakustannus.com\/kauppa\/?post_type=product&#038;p=263"},"modified":"2021-03-22T13:08:55","modified_gmt":"2021-03-22T11:08:55","slug":"laikku-06-aleksis-kiven-paiva","status":"publish","type":"product","link":"https:\/\/www.asemakustannus.com\/kauppa\/tuote\/laikku-06-aleksis-kiven-paiva\/","title":{"rendered":"Laikku 06: Aleksis Kiven p\u00e4iv\u00e4"},"content":{"rendered":"<p>Tekij\u00e4t:<strong> Pentti Otsamo, Marko Turunen, Ville Ranta, Kaisa Leka, Mika Lietz\u00e9n, Jyrki Heikkinen, Ina Kallis, Kati Rapia, Vilja Takalo ja Hannu Esko<\/strong><\/p>\n<p>Toimitus:<strong> Mika Lietz\u00e9n ja Ville Ranta<\/strong><\/p>\n<p>164 sivua | pehme\u00e4kantinen<\/p>\n<p>ISBN 952-99407-7-7<\/p>\n<p>Asema 2006<\/p>\n<p>Pyysimme 10 maamme eturivin sarjakuvataiteilijaa tekem\u00e4\u00e4n kertomuksen samasta p\u00e4iv\u00e4st\u00e4, eri puolilta Suomea.\u00a0<em>Aleksis Kiven p\u00e4iv\u00e4<\/em>\u00a0on kokoelma kertomuksia, jotka sijoittuvat Suomalaisen kirjallisuuden p\u00e4iv\u00e4\u00e4n 10.10.2005. Kanadassa ja Ranskassa julkaistu Pentti Otsamo kuvaa p\u00e4iv\u00e4\u00e4 Maaningalla, Suomen lis\u00e4ksi Ranskassa tunnettu Ville Ranta kertoo tarinan kotikaupungistaan Oulusta, runoilija ja sarjakuvataiteilija Jyrki Heikkinen kuvaa Kuopiota, palkittu Mika Lietz\u00e9n Turkua ja niin edelleen, jokainen oman kotikaupunkinsa n\u00e4k\u00f6kulmasta. Kotimainen sarjakuva etsii uusia uomia, t\u00e4ss\u00e4 kirjassa niit\u00e4 on monta.<\/p>\n","protected":false},"excerpt":{"rendered":"<p>Tekij\u00e4t: Pentti Otsamo, Marko Turunen, Ville Ranta, Kaisa Leka, Mika Lietz\u00e9n, Jyrki Heikkinen, Ina Kallis, Kati Rapia, Vilja Takalo ja Hannu Esko Toimitus: Mika Lietz\u00e9n ja Ville Ranta 164 sivua | pehme\u00e4kantinen ISBN 952-99407-7-7 Asema 2006 Pyysimme 10 maamme eturivin sarjakuvataiteilijaa tekem\u00e4\u00e4n kertomuksen samasta p\u00e4iv\u00e4st\u00e4, eri puolilta Suomea.\u00a0Aleksis Kiven p\u00e4iv\u00e4\u00a0on kokoelma kertomuksia, jotka sijoittuvat Suomalaisen [&hellip;]<\/p>\n","protected":false},"featured_media":264,"template":"","meta":[],"product_brand":[],"product_cat":[42,38],"product_tag":[],"class_list":{"0":"post-263","1":"product","2":"type-product","3":"status-publish","4":"has-post-thumbnail","6":"product_cat-antologiat","7":"product_cat-kirjat","8":"product_shipping_class-xxspaketti","10":"first","11":"instock","12":"shipping-taxable","13":"purchasable","14":"product-type-simple"},"yoast_head":"<!-- This site is optimized with the Yoast SEO plugin v27.3 - https:\/\/yoast.com\/product\/yoast-seo-wordpress\/ -->\n<title>Laikku 06: Aleksis Kiven p\u00e4iv\u00e4 - Asema Kustannus<\/title>\n<meta name=\"robots\" content=\"index, follow, max-snippet:-1, max-image-preview:large, max-video-preview:-1\" \/>\n<link rel=\"canonical\" href=\"https:\/\/www.asemakustannus.com\/kauppa\/tuote\/laikku-06-aleksis-kiven-paiva\/\" \/>\n<meta property=\"og:locale\" content=\"fi_FI\" \/>\n<meta property=\"og:type\" content=\"article\" \/>\n<meta property=\"og:title\" content=\"Laikku 06: Aleksis Kiven p\u00e4iv\u00e4 - Asema Kustannus\" \/>\n<meta property=\"og:description\" content=\"Tekij\u00e4t: Pentti Otsamo, Marko Turunen, Ville Ranta, Kaisa Leka, Mika Lietz\u00e9n, Jyrki Heikkinen, Ina Kallis, Kati Rapia, Vilja Takalo ja Hannu Esko Toimitus: Mika Lietz\u00e9n ja Ville Ranta 164 sivua | pehme\u00e4kantinen ISBN 952-99407-7-7 Asema 2006 Pyysimme 10 maamme eturivin sarjakuvataiteilijaa tekem\u00e4\u00e4n kertomuksen samasta p\u00e4iv\u00e4st\u00e4, eri puolilta Suomea.\u00a0Aleksis Kiven p\u00e4iv\u00e4\u00a0on kokoelma kertomuksia, jotka sijoittuvat Suomalaisen [&hellip;]\" \/>\n<meta property=\"og:url\" content=\"https:\/\/www.asemakustannus.com\/kauppa\/tuote\/laikku-06-aleksis-kiven-paiva\/\" \/>\n<meta property=\"og:site_name\" content=\"Asema Kustannus\" \/>\n<meta property=\"article:publisher\" content=\"https:\/\/www.facebook.com\/asemakustannus\" \/>\n<meta property=\"article:modified_time\" content=\"2021-03-22T11:08:55+00:00\" \/>\n<meta property=\"og:image\" content=\"https:\/\/www.asemakustannus.com\/kauppa\/wp-content\/uploads\/2021\/03\/ALEKSIS-ISO-1.jpg\" \/>\n\t<meta property=\"og:image:width\" content=\"400\" \/>\n\t<meta property=\"og:image:height\" content=\"568\" \/>\n\t<meta property=\"og:image:type\" content=\"image\/jpeg\" \/>\n<meta name=\"twitter:card\" content=\"summary_large_image\" \/>\n<meta name=\"twitter:site\" content=\"@asemakustannus\" \/>\n<meta name=\"twitter:label1\" content=\"Arvioitu lukuaika\" \/>\n\t<meta name=\"twitter:data1\" content=\"1 minuutti\" \/>\n<script type=\"application\/ld+json\" class=\"yoast-schema-graph\">{\"@context\":\"https:\\\/\\\/schema.org\",\"@graph\":[{\"@type\":\"WebPage\",\"@id\":\"https:\\\/\\\/www.asemakustannus.com\\\/kauppa\\\/tuote\\\/laikku-06-aleksis-kiven-paiva\\\/\",\"url\":\"https:\\\/\\\/www.asemakustannus.com\\\/kauppa\\\/tuote\\\/laikku-06-aleksis-kiven-paiva\\\/\",\"name\":\"Laikku 06: Aleksis Kiven p\u00e4iv\u00e4 - Asema Kustannus\",\"isPartOf\":{\"@id\":\"https:\\\/\\\/www.asemakustannus.com\\\/kauppa\\\/#website\"},\"primaryImageOfPage\":{\"@id\":\"https:\\\/\\\/www.asemakustannus.com\\\/kauppa\\\/tuote\\\/laikku-06-aleksis-kiven-paiva\\\/#primaryimage\"},\"image\":{\"@id\":\"https:\\\/\\\/www.asemakustannus.com\\\/kauppa\\\/tuote\\\/laikku-06-aleksis-kiven-paiva\\\/#primaryimage\"},\"thumbnailUrl\":\"https:\\\/\\\/i0.wp.com\\\/www.asemakustannus.com\\\/kauppa\\\/wp-content\\\/uploads\\\/2021\\\/03\\\/ALEKSIS-ISO-1.jpg?fit=400%2C568&ssl=1\",\"datePublished\":\"2021-03-22T11:06:10+00:00\",\"dateModified\":\"2021-03-22T11:08:55+00:00\",\"breadcrumb\":{\"@id\":\"https:\\\/\\\/www.asemakustannus.com\\\/kauppa\\\/tuote\\\/laikku-06-aleksis-kiven-paiva\\\/#breadcrumb\"},\"inLanguage\":\"fi\",\"potentialAction\":[{\"@type\":\"ReadAction\",\"target\":[\"https:\\\/\\\/www.asemakustannus.com\\\/kauppa\\\/tuote\\\/laikku-06-aleksis-kiven-paiva\\\/\"]}]},{\"@type\":\"ImageObject\",\"inLanguage\":\"fi\",\"@id\":\"https:\\\/\\\/www.asemakustannus.com\\\/kauppa\\\/tuote\\\/laikku-06-aleksis-kiven-paiva\\\/#primaryimage\",\"url\":\"https:\\\/\\\/i0.wp.com\\\/www.asemakustannus.com\\\/kauppa\\\/wp-content\\\/uploads\\\/2021\\\/03\\\/ALEKSIS-ISO-1.jpg?fit=400%2C568&ssl=1\",\"contentUrl\":\"https:\\\/\\\/i0.wp.com\\\/www.asemakustannus.com\\\/kauppa\\\/wp-content\\\/uploads\\\/2021\\\/03\\\/ALEKSIS-ISO-1.jpg?fit=400%2C568&ssl=1\",\"width\":400,\"height\":568},{\"@type\":\"BreadcrumbList\",\"@id\":\"https:\\\/\\\/www.asemakustannus.com\\\/kauppa\\\/tuote\\\/laikku-06-aleksis-kiven-paiva\\\/#breadcrumb\",\"itemListElement\":[{\"@type\":\"ListItem\",\"position\":1,\"name\":\"Home\",\"item\":\"https:\\\/\\\/www.asemakustannus.com\\\/kauppa\\\/\"},{\"@type\":\"ListItem\",\"position\":2,\"name\":\"Kauppa\",\"item\":\"https:\\\/\\\/www.asemakustannus.com\\\/kauppa\\\/kauppa\\\/\"},{\"@type\":\"ListItem\",\"position\":3,\"name\":\"Laikku 06: Aleksis Kiven p\u00e4iv\u00e4\"}]},{\"@type\":\"WebSite\",\"@id\":\"https:\\\/\\\/www.asemakustannus.com\\\/kauppa\\\/#website\",\"url\":\"https:\\\/\\\/www.asemakustannus.com\\\/kauppa\\\/\",\"name\":\"Asema Kustannus\",\"description\":\"Sarjakuvakauppa\",\"publisher\":{\"@id\":\"https:\\\/\\\/www.asemakustannus.com\\\/kauppa\\\/#organization\"},\"potentialAction\":[{\"@type\":\"SearchAction\",\"target\":{\"@type\":\"EntryPoint\",\"urlTemplate\":\"https:\\\/\\\/www.asemakustannus.com\\\/kauppa\\\/?s={search_term_string}\"},\"query-input\":{\"@type\":\"PropertyValueSpecification\",\"valueRequired\":true,\"valueName\":\"search_term_string\"}}],\"inLanguage\":\"fi\"},{\"@type\":\"Organization\",\"@id\":\"https:\\\/\\\/www.asemakustannus.com\\\/kauppa\\\/#organization\",\"name\":\"Asema Kustannus\",\"url\":\"https:\\\/\\\/www.asemakustannus.com\\\/kauppa\\\/\",\"logo\":{\"@type\":\"ImageObject\",\"inLanguage\":\"fi\",\"@id\":\"https:\\\/\\\/www.asemakustannus.com\\\/kauppa\\\/#\\\/schema\\\/logo\\\/image\\\/\",\"url\":\"https:\\\/\\\/www.asemakustannus.com\\\/kauppa\\\/wp-content\\\/uploads\\\/2021\\\/09\\\/181007768_141578281313342_8780310787852686686_n-1.jpeg\",\"contentUrl\":\"https:\\\/\\\/www.asemakustannus.com\\\/kauppa\\\/wp-content\\\/uploads\\\/2021\\\/09\\\/181007768_141578281313342_8780310787852686686_n-1.jpeg\",\"width\":300,\"height\":333,\"caption\":\"Asema Kustannus\"},\"image\":{\"@id\":\"https:\\\/\\\/www.asemakustannus.com\\\/kauppa\\\/#\\\/schema\\\/logo\\\/image\\\/\"},\"sameAs\":[\"https:\\\/\\\/www.facebook.com\\\/asemakustannus\",\"https:\\\/\\\/x.com\\\/asemakustannus\",\"https:\\\/\\\/www.instagram.com\\\/asemakustannus\\\/\"]}]}<\/script>\n<!-- \/ Yoast SEO plugin. -->","yoast_head_json":{"title":"Laikku 06: Aleksis Kiven p\u00e4iv\u00e4 - Asema Kustannus","robots":{"index":"index","follow":"follow","max-snippet":"max-snippet:-1","max-image-preview":"max-image-preview:large","max-video-preview":"max-video-preview:-1"},"canonical":"https:\/\/www.asemakustannus.com\/kauppa\/tuote\/laikku-06-aleksis-kiven-paiva\/","og_locale":"fi_FI","og_type":"article","og_title":"Laikku 06: Aleksis Kiven p\u00e4iv\u00e4 - Asema Kustannus","og_description":"Tekij\u00e4t: Pentti Otsamo, Marko Turunen, Ville Ranta, Kaisa Leka, Mika Lietz\u00e9n, Jyrki Heikkinen, Ina Kallis, Kati Rapia, Vilja Takalo ja Hannu Esko Toimitus: Mika Lietz\u00e9n ja Ville Ranta 164 sivua | pehme\u00e4kantinen ISBN 952-99407-7-7 Asema 2006 Pyysimme 10 maamme eturivin sarjakuvataiteilijaa tekem\u00e4\u00e4n kertomuksen samasta p\u00e4iv\u00e4st\u00e4, eri puolilta Suomea.\u00a0Aleksis Kiven p\u00e4iv\u00e4\u00a0on kokoelma kertomuksia, jotka sijoittuvat Suomalaisen [&hellip;]","og_url":"https:\/\/www.asemakustannus.com\/kauppa\/tuote\/laikku-06-aleksis-kiven-paiva\/","og_site_name":"Asema Kustannus","article_publisher":"https:\/\/www.facebook.com\/asemakustannus","article_modified_time":"2021-03-22T11:08:55+00:00","og_image":[{"width":400,"height":568,"url":"https:\/\/www.asemakustannus.com\/kauppa\/wp-content\/uploads\/2021\/03\/ALEKSIS-ISO-1.jpg","type":"image\/jpeg"}],"twitter_card":"summary_large_image","twitter_site":"@asemakustannus","twitter_misc":{"Arvioitu lukuaika":"1 minuutti"},"schema":{"@context":"https:\/\/schema.org","@graph":[{"@type":"WebPage","@id":"https:\/\/www.asemakustannus.com\/kauppa\/tuote\/laikku-06-aleksis-kiven-paiva\/","url":"https:\/\/www.asemakustannus.com\/kauppa\/tuote\/laikku-06-aleksis-kiven-paiva\/","name":"Laikku 06: Aleksis Kiven p\u00e4iv\u00e4 - Asema Kustannus","isPartOf":{"@id":"https:\/\/www.asemakustannus.com\/kauppa\/#website"},"primaryImageOfPage":{"@id":"https:\/\/www.asemakustannus.com\/kauppa\/tuote\/laikku-06-aleksis-kiven-paiva\/#primaryimage"},"image":{"@id":"https:\/\/www.asemakustannus.com\/kauppa\/tuote\/laikku-06-aleksis-kiven-paiva\/#primaryimage"},"thumbnailUrl":"https:\/\/i0.wp.com\/www.asemakustannus.com\/kauppa\/wp-content\/uploads\/2021\/03\/ALEKSIS-ISO-1.jpg?fit=400%2C568&ssl=1","datePublished":"2021-03-22T11:06:10+00:00","dateModified":"2021-03-22T11:08:55+00:00","breadcrumb":{"@id":"https:\/\/www.asemakustannus.com\/kauppa\/tuote\/laikku-06-aleksis-kiven-paiva\/#breadcrumb"},"inLanguage":"fi","potentialAction":[{"@type":"ReadAction","target":["https:\/\/www.asemakustannus.com\/kauppa\/tuote\/laikku-06-aleksis-kiven-paiva\/"]}]},{"@type":"ImageObject","inLanguage":"fi","@id":"https:\/\/www.asemakustannus.com\/kauppa\/tuote\/laikku-06-aleksis-kiven-paiva\/#primaryimage","url":"https:\/\/i0.wp.com\/www.asemakustannus.com\/kauppa\/wp-content\/uploads\/2021\/03\/ALEKSIS-ISO-1.jpg?fit=400%2C568&ssl=1","contentUrl":"https:\/\/i0.wp.com\/www.asemakustannus.com\/kauppa\/wp-content\/uploads\/2021\/03\/ALEKSIS-ISO-1.jpg?fit=400%2C568&ssl=1","width":400,"height":568},{"@type":"BreadcrumbList","@id":"https:\/\/www.asemakustannus.com\/kauppa\/tuote\/laikku-06-aleksis-kiven-paiva\/#breadcrumb","itemListElement":[{"@type":"ListItem","position":1,"name":"Home","item":"https:\/\/www.asemakustannus.com\/kauppa\/"},{"@type":"ListItem","position":2,"name":"Kauppa","item":"https:\/\/www.asemakustannus.com\/kauppa\/kauppa\/"},{"@type":"ListItem","position":3,"name":"Laikku 06: Aleksis Kiven p\u00e4iv\u00e4"}]},{"@type":"WebSite","@id":"https:\/\/www.asemakustannus.com\/kauppa\/#website","url":"https:\/\/www.asemakustannus.com\/kauppa\/","name":"Asema Kustannus","description":"Sarjakuvakauppa","publisher":{"@id":"https:\/\/www.asemakustannus.com\/kauppa\/#organization"},"potentialAction":[{"@type":"SearchAction","target":{"@type":"EntryPoint","urlTemplate":"https:\/\/www.asemakustannus.com\/kauppa\/?s={search_term_string}"},"query-input":{"@type":"PropertyValueSpecification","valueRequired":true,"valueName":"search_term_string"}}],"inLanguage":"fi"},{"@type":"Organization","@id":"https:\/\/www.asemakustannus.com\/kauppa\/#organization","name":"Asema Kustannus","url":"https:\/\/www.asemakustannus.com\/kauppa\/","logo":{"@type":"ImageObject","inLanguage":"fi","@id":"https:\/\/www.asemakustannus.com\/kauppa\/#\/schema\/logo\/image\/","url":"https:\/\/www.asemakustannus.com\/kauppa\/wp-content\/uploads\/2021\/09\/181007768_141578281313342_8780310787852686686_n-1.jpeg","contentUrl":"https:\/\/www.asemakustannus.com\/kauppa\/wp-content\/uploads\/2021\/09\/181007768_141578281313342_8780310787852686686_n-1.jpeg","width":300,"height":333,"caption":"Asema Kustannus"},"image":{"@id":"https:\/\/www.asemakustannus.com\/kauppa\/#\/schema\/logo\/image\/"},"sameAs":["https:\/\/www.facebook.com\/asemakustannus","https:\/\/x.com\/asemakustannus","https:\/\/www.instagram.com\/asemakustannus\/"]}]}},"jetpack_sharing_enabled":true,"_links":{"self":[{"href":"https:\/\/www.asemakustannus.com\/kauppa\/wp-json\/wp\/v2\/product\/263","targetHints":{"allow":["GET"]}}],"collection":[{"href":"https:\/\/www.asemakustannus.com\/kauppa\/wp-json\/wp\/v2\/product"}],"about":[{"href":"https:\/\/www.asemakustannus.com\/kauppa\/wp-json\/wp\/v2\/types\/product"}],"wp:featuredmedia":[{"embeddable":true,"href":"https:\/\/www.asemakustannus.com\/kauppa\/wp-json\/wp\/v2\/media\/264"}],"wp:attachment":[{"href":"https:\/\/www.asemakustannus.com\/kauppa\/wp-json\/wp\/v2\/media?parent=263"}],"wp:term":[{"taxonomy":"product_brand","embeddable":true,"href":"https:\/\/www.asemakustannus.com\/kauppa\/wp-json\/wp\/v2\/product_brand?post=263"},{"taxonomy":"product_cat","embeddable":true,"href":"https:\/\/www.asemakustannus.com\/kauppa\/wp-json\/wp\/v2\/product_cat?post=263"},{"taxonomy":"product_tag","embeddable":true,"href":"https:\/\/www.asemakustannus.com\/kauppa\/wp-json\/wp\/v2\/product_tag?post=263"}],"curies":[{"name":"wp","href":"https:\/\/api.w.org\/{rel}","templated":true}]}}