{"id":287,"date":"2021-03-22T13:18:17","date_gmt":"2021-03-22T11:18:17","guid":{"rendered":"https:\/\/www.asemakustannus.com\/kauppa\/?post_type=product&#038;p=287"},"modified":"2021-09-10T14:49:09","modified_gmt":"2021-09-10T11:49:09","slug":"mika-lietzen-elegia","status":"publish","type":"product","link":"https:\/\/www.asemakustannus.com\/kauppa\/tuote\/mika-lietzen-elegia\/","title":{"rendered":"Mika Lietz\u00e9n: Elegia"},"content":{"rendered":"<p>136 sivua | mustavalkoinen | kovakantinen<\/p>\n<p>ISBN 978-952-99923-5-5<\/p>\n<p>Asema 2008<\/p>\n<p>Includes English translation.<\/p>\n<p>Pohjoismainen y\u00f6t\u00f6n kes\u00e4y\u00f6 on kulissina <strong>Mika Lietz\u00e9nin<\/strong> (s. 1974) uudessa teoksessa, jossa uni ja todellisuus sekoittuvat vahvaksi, el\u00e4m\u00e4nmittaiseksi pienoisdraamaksi. Ainutlaatuinen, sarjakuvamuodossa toteutettu n\u00e4ytelm\u00e4k\u00e4sikirjoitus luo uutta paitsi sarjakuvan my\u00f6s teatterin saralla; v\u00e4h\u00e4eleinen visuaalinen kuvaus her\u00e4tt\u00e4\u00e4 n\u00e4ytelm\u00e4n henkil\u00f6t henkiin, antaa heille kasvot, ilmeet ja eleet tavalla, joka perinteisist\u00e4 n\u00e4ytelm\u00e4k\u00e4sikirjoituksista puuttuu. Kielelt\u00e4\u00e4n rikas ja ideoiltaan suuri n\u00e4ytelm\u00e4 on kotonaan niin luettuna kuin n\u00e4ytt\u00e4m\u00f6ll\u00e4 esitettyn\u00e4. Sis\u00e4lt\u00e4\u00e4 n\u00e4ytelm\u00e4k\u00e4sikirjoituksen my\u00f6s tekstimuodossa, sek\u00e4 englanninkielisen k\u00e4\u00e4nn\u00f6ksen.<\/p>\n<p>Elegia jatkaa Lietz\u00e9nin kriitikoiden ylist\u00e4mien, omintakeisten ja rohkean kokeellisten sarjakuvateosten sarjaa, joka alkoi vuonna 2007 teoksella Tarinoita l\u00e4nnest\u00e4.<\/p>\n","protected":false},"excerpt":{"rendered":"<p>136 sivua | mustavalkoinen | kovakantinen ISBN 978-952-99923-5-5 Asema 2008 Includes English translation. Pohjoismainen y\u00f6t\u00f6n kes\u00e4y\u00f6 on kulissina Mika Lietz\u00e9nin (s. 1974) uudessa teoksessa, jossa uni ja todellisuus sekoittuvat vahvaksi, el\u00e4m\u00e4nmittaiseksi pienoisdraamaksi. Ainutlaatuinen, sarjakuvamuodossa toteutettu n\u00e4ytelm\u00e4k\u00e4sikirjoitus luo uutta paitsi sarjakuvan my\u00f6s teatterin saralla; v\u00e4h\u00e4eleinen visuaalinen kuvaus her\u00e4tt\u00e4\u00e4 n\u00e4ytelm\u00e4n henkil\u00f6t henkiin, antaa heille kasvot, ilmeet ja [&hellip;]<\/p>\n","protected":false},"featured_media":190,"template":"","meta":[],"product_brand":[],"product_cat":[38],"product_tag":[48],"class_list":{"0":"post-287","1":"product","2":"type-product","3":"status-publish","4":"has-post-thumbnail","6":"product_cat-kirjat","7":"product_tag-mika-lietzen","8":"product_shipping_class-xxspaketti","10":"first","11":"instock","12":"shipping-taxable","13":"purchasable","14":"product-type-simple"},"yoast_head":"<!-- This site is optimized with the Yoast SEO plugin v27.3 - https:\/\/yoast.com\/product\/yoast-seo-wordpress\/ -->\n<title>Mika Lietz\u00e9n: Elegia - Asema Kustannus<\/title>\n<meta name=\"robots\" content=\"index, follow, max-snippet:-1, max-image-preview:large, max-video-preview:-1\" \/>\n<link rel=\"canonical\" href=\"https:\/\/www.asemakustannus.com\/kauppa\/tuote\/mika-lietzen-elegia\/\" \/>\n<meta property=\"og:locale\" content=\"fi_FI\" \/>\n<meta property=\"og:type\" content=\"article\" \/>\n<meta property=\"og:title\" content=\"Mika Lietz\u00e9n: Elegia - Asema Kustannus\" \/>\n<meta property=\"og:description\" content=\"136 sivua | mustavalkoinen | kovakantinen ISBN 978-952-99923-5-5 Asema 2008 Includes English translation. Pohjoismainen y\u00f6t\u00f6n kes\u00e4y\u00f6 on kulissina Mika Lietz\u00e9nin (s. 1974) uudessa teoksessa, jossa uni ja todellisuus sekoittuvat vahvaksi, el\u00e4m\u00e4nmittaiseksi pienoisdraamaksi. Ainutlaatuinen, sarjakuvamuodossa toteutettu n\u00e4ytelm\u00e4k\u00e4sikirjoitus luo uutta paitsi sarjakuvan my\u00f6s teatterin saralla; v\u00e4h\u00e4eleinen visuaalinen kuvaus her\u00e4tt\u00e4\u00e4 n\u00e4ytelm\u00e4n henkil\u00f6t henkiin, antaa heille kasvot, ilmeet ja [&hellip;]\" \/>\n<meta property=\"og:url\" content=\"https:\/\/www.asemakustannus.com\/kauppa\/tuote\/mika-lietzen-elegia\/\" \/>\n<meta property=\"og:site_name\" content=\"Asema Kustannus\" \/>\n<meta property=\"article:publisher\" content=\"https:\/\/www.facebook.com\/asemakustannus\" \/>\n<meta property=\"article:modified_time\" content=\"2021-09-10T11:49:09+00:00\" \/>\n<meta property=\"og:image\" content=\"https:\/\/www.asemakustannus.com\/kauppa\/wp-content\/uploads\/2021\/03\/ELEGIA-ISO.jpg\" \/>\n\t<meta property=\"og:image:width\" content=\"450\" \/>\n\t<meta property=\"og:image:height\" content=\"649\" \/>\n\t<meta property=\"og:image:type\" content=\"image\/jpeg\" \/>\n<meta name=\"twitter:card\" content=\"summary_large_image\" \/>\n<meta name=\"twitter:site\" content=\"@asemakustannus\" \/>\n<meta name=\"twitter:label1\" content=\"Arvioitu lukuaika\" \/>\n\t<meta name=\"twitter:data1\" content=\"1 minuutti\" \/>\n<script type=\"application\/ld+json\" class=\"yoast-schema-graph\">{\"@context\":\"https:\\\/\\\/schema.org\",\"@graph\":[{\"@type\":\"WebPage\",\"@id\":\"https:\\\/\\\/www.asemakustannus.com\\\/kauppa\\\/tuote\\\/mika-lietzen-elegia\\\/\",\"url\":\"https:\\\/\\\/www.asemakustannus.com\\\/kauppa\\\/tuote\\\/mika-lietzen-elegia\\\/\",\"name\":\"Mika Lietz\u00e9n: Elegia - Asema Kustannus\",\"isPartOf\":{\"@id\":\"https:\\\/\\\/www.asemakustannus.com\\\/kauppa\\\/#website\"},\"primaryImageOfPage\":{\"@id\":\"https:\\\/\\\/www.asemakustannus.com\\\/kauppa\\\/tuote\\\/mika-lietzen-elegia\\\/#primaryimage\"},\"image\":{\"@id\":\"https:\\\/\\\/www.asemakustannus.com\\\/kauppa\\\/tuote\\\/mika-lietzen-elegia\\\/#primaryimage\"},\"thumbnailUrl\":\"https:\\\/\\\/i0.wp.com\\\/www.asemakustannus.com\\\/kauppa\\\/wp-content\\\/uploads\\\/2021\\\/03\\\/ELEGIA-ISO.jpg?fit=450%2C649&ssl=1\",\"datePublished\":\"2021-03-22T11:18:17+00:00\",\"dateModified\":\"2021-09-10T11:49:09+00:00\",\"breadcrumb\":{\"@id\":\"https:\\\/\\\/www.asemakustannus.com\\\/kauppa\\\/tuote\\\/mika-lietzen-elegia\\\/#breadcrumb\"},\"inLanguage\":\"fi\",\"potentialAction\":[{\"@type\":\"ReadAction\",\"target\":[\"https:\\\/\\\/www.asemakustannus.com\\\/kauppa\\\/tuote\\\/mika-lietzen-elegia\\\/\"]}]},{\"@type\":\"ImageObject\",\"inLanguage\":\"fi\",\"@id\":\"https:\\\/\\\/www.asemakustannus.com\\\/kauppa\\\/tuote\\\/mika-lietzen-elegia\\\/#primaryimage\",\"url\":\"https:\\\/\\\/i0.wp.com\\\/www.asemakustannus.com\\\/kauppa\\\/wp-content\\\/uploads\\\/2021\\\/03\\\/ELEGIA-ISO.jpg?fit=450%2C649&ssl=1\",\"contentUrl\":\"https:\\\/\\\/i0.wp.com\\\/www.asemakustannus.com\\\/kauppa\\\/wp-content\\\/uploads\\\/2021\\\/03\\\/ELEGIA-ISO.jpg?fit=450%2C649&ssl=1\",\"width\":450,\"height\":649},{\"@type\":\"BreadcrumbList\",\"@id\":\"https:\\\/\\\/www.asemakustannus.com\\\/kauppa\\\/tuote\\\/mika-lietzen-elegia\\\/#breadcrumb\",\"itemListElement\":[{\"@type\":\"ListItem\",\"position\":1,\"name\":\"Home\",\"item\":\"https:\\\/\\\/www.asemakustannus.com\\\/kauppa\\\/\"},{\"@type\":\"ListItem\",\"position\":2,\"name\":\"Kauppa\",\"item\":\"https:\\\/\\\/www.asemakustannus.com\\\/kauppa\\\/kauppa\\\/\"},{\"@type\":\"ListItem\",\"position\":3,\"name\":\"Mika Lietz\u00e9n: Elegia\"}]},{\"@type\":\"WebSite\",\"@id\":\"https:\\\/\\\/www.asemakustannus.com\\\/kauppa\\\/#website\",\"url\":\"https:\\\/\\\/www.asemakustannus.com\\\/kauppa\\\/\",\"name\":\"Asema Kustannus\",\"description\":\"Sarjakuvakauppa\",\"publisher\":{\"@id\":\"https:\\\/\\\/www.asemakustannus.com\\\/kauppa\\\/#organization\"},\"potentialAction\":[{\"@type\":\"SearchAction\",\"target\":{\"@type\":\"EntryPoint\",\"urlTemplate\":\"https:\\\/\\\/www.asemakustannus.com\\\/kauppa\\\/?s={search_term_string}\"},\"query-input\":{\"@type\":\"PropertyValueSpecification\",\"valueRequired\":true,\"valueName\":\"search_term_string\"}}],\"inLanguage\":\"fi\"},{\"@type\":\"Organization\",\"@id\":\"https:\\\/\\\/www.asemakustannus.com\\\/kauppa\\\/#organization\",\"name\":\"Asema Kustannus\",\"url\":\"https:\\\/\\\/www.asemakustannus.com\\\/kauppa\\\/\",\"logo\":{\"@type\":\"ImageObject\",\"inLanguage\":\"fi\",\"@id\":\"https:\\\/\\\/www.asemakustannus.com\\\/kauppa\\\/#\\\/schema\\\/logo\\\/image\\\/\",\"url\":\"https:\\\/\\\/www.asemakustannus.com\\\/kauppa\\\/wp-content\\\/uploads\\\/2021\\\/09\\\/181007768_141578281313342_8780310787852686686_n-1.jpeg\",\"contentUrl\":\"https:\\\/\\\/www.asemakustannus.com\\\/kauppa\\\/wp-content\\\/uploads\\\/2021\\\/09\\\/181007768_141578281313342_8780310787852686686_n-1.jpeg\",\"width\":300,\"height\":333,\"caption\":\"Asema Kustannus\"},\"image\":{\"@id\":\"https:\\\/\\\/www.asemakustannus.com\\\/kauppa\\\/#\\\/schema\\\/logo\\\/image\\\/\"},\"sameAs\":[\"https:\\\/\\\/www.facebook.com\\\/asemakustannus\",\"https:\\\/\\\/x.com\\\/asemakustannus\",\"https:\\\/\\\/www.instagram.com\\\/asemakustannus\\\/\"]}]}<\/script>\n<!-- \/ Yoast SEO plugin. -->","yoast_head_json":{"title":"Mika Lietz\u00e9n: Elegia - Asema Kustannus","robots":{"index":"index","follow":"follow","max-snippet":"max-snippet:-1","max-image-preview":"max-image-preview:large","max-video-preview":"max-video-preview:-1"},"canonical":"https:\/\/www.asemakustannus.com\/kauppa\/tuote\/mika-lietzen-elegia\/","og_locale":"fi_FI","og_type":"article","og_title":"Mika Lietz\u00e9n: Elegia - Asema Kustannus","og_description":"136 sivua | mustavalkoinen | kovakantinen ISBN 978-952-99923-5-5 Asema 2008 Includes English translation. Pohjoismainen y\u00f6t\u00f6n kes\u00e4y\u00f6 on kulissina Mika Lietz\u00e9nin (s. 1974) uudessa teoksessa, jossa uni ja todellisuus sekoittuvat vahvaksi, el\u00e4m\u00e4nmittaiseksi pienoisdraamaksi. Ainutlaatuinen, sarjakuvamuodossa toteutettu n\u00e4ytelm\u00e4k\u00e4sikirjoitus luo uutta paitsi sarjakuvan my\u00f6s teatterin saralla; v\u00e4h\u00e4eleinen visuaalinen kuvaus her\u00e4tt\u00e4\u00e4 n\u00e4ytelm\u00e4n henkil\u00f6t henkiin, antaa heille kasvot, ilmeet ja [&hellip;]","og_url":"https:\/\/www.asemakustannus.com\/kauppa\/tuote\/mika-lietzen-elegia\/","og_site_name":"Asema Kustannus","article_publisher":"https:\/\/www.facebook.com\/asemakustannus","article_modified_time":"2021-09-10T11:49:09+00:00","og_image":[{"width":450,"height":649,"url":"https:\/\/www.asemakustannus.com\/kauppa\/wp-content\/uploads\/2021\/03\/ELEGIA-ISO.jpg","type":"image\/jpeg"}],"twitter_card":"summary_large_image","twitter_site":"@asemakustannus","twitter_misc":{"Arvioitu lukuaika":"1 minuutti"},"schema":{"@context":"https:\/\/schema.org","@graph":[{"@type":"WebPage","@id":"https:\/\/www.asemakustannus.com\/kauppa\/tuote\/mika-lietzen-elegia\/","url":"https:\/\/www.asemakustannus.com\/kauppa\/tuote\/mika-lietzen-elegia\/","name":"Mika Lietz\u00e9n: Elegia - Asema Kustannus","isPartOf":{"@id":"https:\/\/www.asemakustannus.com\/kauppa\/#website"},"primaryImageOfPage":{"@id":"https:\/\/www.asemakustannus.com\/kauppa\/tuote\/mika-lietzen-elegia\/#primaryimage"},"image":{"@id":"https:\/\/www.asemakustannus.com\/kauppa\/tuote\/mika-lietzen-elegia\/#primaryimage"},"thumbnailUrl":"https:\/\/i0.wp.com\/www.asemakustannus.com\/kauppa\/wp-content\/uploads\/2021\/03\/ELEGIA-ISO.jpg?fit=450%2C649&ssl=1","datePublished":"2021-03-22T11:18:17+00:00","dateModified":"2021-09-10T11:49:09+00:00","breadcrumb":{"@id":"https:\/\/www.asemakustannus.com\/kauppa\/tuote\/mika-lietzen-elegia\/#breadcrumb"},"inLanguage":"fi","potentialAction":[{"@type":"ReadAction","target":["https:\/\/www.asemakustannus.com\/kauppa\/tuote\/mika-lietzen-elegia\/"]}]},{"@type":"ImageObject","inLanguage":"fi","@id":"https:\/\/www.asemakustannus.com\/kauppa\/tuote\/mika-lietzen-elegia\/#primaryimage","url":"https:\/\/i0.wp.com\/www.asemakustannus.com\/kauppa\/wp-content\/uploads\/2021\/03\/ELEGIA-ISO.jpg?fit=450%2C649&ssl=1","contentUrl":"https:\/\/i0.wp.com\/www.asemakustannus.com\/kauppa\/wp-content\/uploads\/2021\/03\/ELEGIA-ISO.jpg?fit=450%2C649&ssl=1","width":450,"height":649},{"@type":"BreadcrumbList","@id":"https:\/\/www.asemakustannus.com\/kauppa\/tuote\/mika-lietzen-elegia\/#breadcrumb","itemListElement":[{"@type":"ListItem","position":1,"name":"Home","item":"https:\/\/www.asemakustannus.com\/kauppa\/"},{"@type":"ListItem","position":2,"name":"Kauppa","item":"https:\/\/www.asemakustannus.com\/kauppa\/kauppa\/"},{"@type":"ListItem","position":3,"name":"Mika Lietz\u00e9n: Elegia"}]},{"@type":"WebSite","@id":"https:\/\/www.asemakustannus.com\/kauppa\/#website","url":"https:\/\/www.asemakustannus.com\/kauppa\/","name":"Asema Kustannus","description":"Sarjakuvakauppa","publisher":{"@id":"https:\/\/www.asemakustannus.com\/kauppa\/#organization"},"potentialAction":[{"@type":"SearchAction","target":{"@type":"EntryPoint","urlTemplate":"https:\/\/www.asemakustannus.com\/kauppa\/?s={search_term_string}"},"query-input":{"@type":"PropertyValueSpecification","valueRequired":true,"valueName":"search_term_string"}}],"inLanguage":"fi"},{"@type":"Organization","@id":"https:\/\/www.asemakustannus.com\/kauppa\/#organization","name":"Asema Kustannus","url":"https:\/\/www.asemakustannus.com\/kauppa\/","logo":{"@type":"ImageObject","inLanguage":"fi","@id":"https:\/\/www.asemakustannus.com\/kauppa\/#\/schema\/logo\/image\/","url":"https:\/\/www.asemakustannus.com\/kauppa\/wp-content\/uploads\/2021\/09\/181007768_141578281313342_8780310787852686686_n-1.jpeg","contentUrl":"https:\/\/www.asemakustannus.com\/kauppa\/wp-content\/uploads\/2021\/09\/181007768_141578281313342_8780310787852686686_n-1.jpeg","width":300,"height":333,"caption":"Asema Kustannus"},"image":{"@id":"https:\/\/www.asemakustannus.com\/kauppa\/#\/schema\/logo\/image\/"},"sameAs":["https:\/\/www.facebook.com\/asemakustannus","https:\/\/x.com\/asemakustannus","https:\/\/www.instagram.com\/asemakustannus\/"]}]}},"jetpack_sharing_enabled":true,"_links":{"self":[{"href":"https:\/\/www.asemakustannus.com\/kauppa\/wp-json\/wp\/v2\/product\/287","targetHints":{"allow":["GET"]}}],"collection":[{"href":"https:\/\/www.asemakustannus.com\/kauppa\/wp-json\/wp\/v2\/product"}],"about":[{"href":"https:\/\/www.asemakustannus.com\/kauppa\/wp-json\/wp\/v2\/types\/product"}],"wp:featuredmedia":[{"embeddable":true,"href":"https:\/\/www.asemakustannus.com\/kauppa\/wp-json\/wp\/v2\/media\/190"}],"wp:attachment":[{"href":"https:\/\/www.asemakustannus.com\/kauppa\/wp-json\/wp\/v2\/media?parent=287"}],"wp:term":[{"taxonomy":"product_brand","embeddable":true,"href":"https:\/\/www.asemakustannus.com\/kauppa\/wp-json\/wp\/v2\/product_brand?post=287"},{"taxonomy":"product_cat","embeddable":true,"href":"https:\/\/www.asemakustannus.com\/kauppa\/wp-json\/wp\/v2\/product_cat?post=287"},{"taxonomy":"product_tag","embeddable":true,"href":"https:\/\/www.asemakustannus.com\/kauppa\/wp-json\/wp\/v2\/product_tag?post=287"}],"curies":[{"name":"wp","href":"https:\/\/api.w.org\/{rel}","templated":true}]}}