{"id":288,"date":"2021-03-22T13:25:03","date_gmt":"2021-03-22T11:25:03","guid":{"rendered":"https:\/\/www.asemakustannus.com\/kauppa\/?post_type=product&#038;p=288"},"modified":"2023-01-05T10:48:29","modified_gmt":"2023-01-05T08:48:29","slug":"kajaani","status":"publish","type":"product","link":"https:\/\/www.asemakustannus.com\/kauppa\/tuote\/kajaani\/","title":{"rendered":"Ville Ranta: Kajaani"},"content":{"rendered":"<p>288 sivua | mustavalkoinen | pehme\u00e4kantinen (2. painos)<\/p>\n<p>ISBN 978-952-5909-05-0<\/p>\n<p>Asema 2008 (kovakantinen painos), 2010 (pehme\u00e4kantinen painos)<\/p>\n<p>Suurmies on joutunut kohtalon leikkikaluksi. H\u00e4n on juuttunut Kajaaniin maalaisl\u00e4\u00e4k\u00e4riksi, k\u00f6yhien sukulaisten kiusaamaksi ja alkoholisoituneen paikallisen seurapiirin vangiksi. H\u00e4n on veloissa, stressaantunut ja ep\u00e4m\u00e4\u00e4r\u00e4isess\u00e4 suhteessa perheelliseen rouvaan. Kun suhde paljastuu, t\u00e4ydellinen vankila on valmis. Suurmies harkitsee pakoa Ven\u00e4j\u00e4lle.<\/p>\n<p>Ville Rannan sarjakuvaromaani sekoittaa\u00a0<strong>Elias L\u00f6nnrotin<\/strong>\u00a0(1802-1886) el\u00e4m\u00e4kertaa ja fiktiota tavalla, joka rusikoi kansallista legendaa ja n\u00e4ytt\u00e4\u00e4 ihmisen heikoimmat hetket. Ruuduton, raju piirrosj\u00e4lki murtaa sarjakuvan totuttuja muotoja, ja kuvaa syrj\u00e4ist\u00e4 pikkukaupunkia ja sankarinsa tempoilua harvinaisella ilmeikkyydell\u00e4 ja tunteen voimalla.<\/p>\n<p><strong>Ville Ranta<\/strong> (s. 1978) on oululainen sarjakuvataiteilija ja pilapiirt\u00e4j\u00e4, jolta on ilmestynyt useita albumeita ja sarjakuvaromaaneja. Ranta on palkittu Puup\u00e4\u00e4-hatulla, Suomi-palkinnolla ja Ranskan kunnialegioonan ritariarvolla. <em>Kajaanin <\/em>ranskannos oli ehdolla vuoden 2010 parhaaksi albumiksi Angoul\u00eamen sarjakuvafestivaalin kilpailusarjassa Ranskassa, vuonna 2013 ilmestynyt <em>Kyll\u00e4 eik\u00e4 ei<\/em> voitti Sarjakuva-Finlandian.<\/p>\n","protected":false},"excerpt":{"rendered":"<p>288 sivua | mustavalkoinen | pehme\u00e4kantinen (2. painos) ISBN 978-952-5909-05-0 Asema 2008 (kovakantinen painos), 2010 (pehme\u00e4kantinen painos) Suurmies on joutunut kohtalon leikkikaluksi. H\u00e4n on juuttunut Kajaaniin maalaisl\u00e4\u00e4k\u00e4riksi, k\u00f6yhien sukulaisten kiusaamaksi ja alkoholisoituneen paikallisen seurapiirin vangiksi. H\u00e4n on veloissa, stressaantunut ja ep\u00e4m\u00e4\u00e4r\u00e4isess\u00e4 suhteessa perheelliseen rouvaan. Kun suhde paljastuu, t\u00e4ydellinen vankila on valmis. Suurmies harkitsee pakoa Ven\u00e4j\u00e4lle. [&hellip;]<\/p>\n","protected":false},"featured_media":298,"template":"","meta":[],"product_brand":[],"product_cat":[38],"product_tag":[51],"class_list":{"0":"post-288","1":"product","2":"type-product","3":"status-publish","4":"has-post-thumbnail","6":"product_cat-kirjat","7":"product_tag-ville-ranta","8":"product_shipping_class-xxspaketti","10":"first","11":"outofstock","12":"shipping-taxable","13":"purchasable","14":"product-type-simple"},"yoast_head":"<!-- This site is optimized with the Yoast SEO plugin v27.3 - https:\/\/yoast.com\/product\/yoast-seo-wordpress\/ -->\n<title>Ville Ranta: Kajaani - Asema Kustannus<\/title>\n<meta name=\"robots\" content=\"index, follow, max-snippet:-1, max-image-preview:large, max-video-preview:-1\" \/>\n<link rel=\"canonical\" href=\"https:\/\/www.asemakustannus.com\/kauppa\/tuote\/kajaani\/\" \/>\n<meta property=\"og:locale\" content=\"fi_FI\" \/>\n<meta property=\"og:type\" content=\"article\" \/>\n<meta property=\"og:title\" content=\"Ville Ranta: Kajaani - Asema Kustannus\" \/>\n<meta property=\"og:description\" content=\"288 sivua | mustavalkoinen | pehme\u00e4kantinen (2. painos) ISBN 978-952-5909-05-0 Asema 2008 (kovakantinen painos), 2010 (pehme\u00e4kantinen painos) Suurmies on joutunut kohtalon leikkikaluksi. H\u00e4n on juuttunut Kajaaniin maalaisl\u00e4\u00e4k\u00e4riksi, k\u00f6yhien sukulaisten kiusaamaksi ja alkoholisoituneen paikallisen seurapiirin vangiksi. H\u00e4n on veloissa, stressaantunut ja ep\u00e4m\u00e4\u00e4r\u00e4isess\u00e4 suhteessa perheelliseen rouvaan. Kun suhde paljastuu, t\u00e4ydellinen vankila on valmis. Suurmies harkitsee pakoa Ven\u00e4j\u00e4lle. [&hellip;]\" \/>\n<meta property=\"og:url\" content=\"https:\/\/www.asemakustannus.com\/kauppa\/tuote\/kajaani\/\" \/>\n<meta property=\"og:site_name\" content=\"Asema Kustannus\" \/>\n<meta property=\"article:publisher\" content=\"https:\/\/www.facebook.com\/asemakustannus\" \/>\n<meta property=\"article:modified_time\" content=\"2023-01-05T08:48:29+00:00\" \/>\n<meta property=\"og:image\" content=\"https:\/\/www.asemakustannus.com\/kauppa\/wp-content\/uploads\/2021\/03\/KAJAANI-ISO.jpg\" \/>\n\t<meta property=\"og:image:width\" content=\"450\" \/>\n\t<meta property=\"og:image:height\" content=\"638\" \/>\n\t<meta property=\"og:image:type\" content=\"image\/jpeg\" \/>\n<meta name=\"twitter:card\" content=\"summary_large_image\" \/>\n<meta name=\"twitter:site\" content=\"@asemakustannus\" \/>\n<meta name=\"twitter:label1\" content=\"Arvioitu lukuaika\" \/>\n\t<meta name=\"twitter:data1\" content=\"1 minuutti\" \/>\n<script type=\"application\/ld+json\" class=\"yoast-schema-graph\">{\"@context\":\"https:\\\/\\\/schema.org\",\"@graph\":[{\"@type\":\"WebPage\",\"@id\":\"https:\\\/\\\/www.asemakustannus.com\\\/kauppa\\\/tuote\\\/kajaani\\\/\",\"url\":\"https:\\\/\\\/www.asemakustannus.com\\\/kauppa\\\/tuote\\\/kajaani\\\/\",\"name\":\"Ville Ranta: Kajaani - Asema Kustannus\",\"isPartOf\":{\"@id\":\"https:\\\/\\\/www.asemakustannus.com\\\/kauppa\\\/#website\"},\"primaryImageOfPage\":{\"@id\":\"https:\\\/\\\/www.asemakustannus.com\\\/kauppa\\\/tuote\\\/kajaani\\\/#primaryimage\"},\"image\":{\"@id\":\"https:\\\/\\\/www.asemakustannus.com\\\/kauppa\\\/tuote\\\/kajaani\\\/#primaryimage\"},\"thumbnailUrl\":\"https:\\\/\\\/i0.wp.com\\\/www.asemakustannus.com\\\/kauppa\\\/wp-content\\\/uploads\\\/2021\\\/03\\\/KAJAANI-ISO.jpg?fit=450%2C638&ssl=1\",\"datePublished\":\"2021-03-22T11:25:03+00:00\",\"dateModified\":\"2023-01-05T08:48:29+00:00\",\"breadcrumb\":{\"@id\":\"https:\\\/\\\/www.asemakustannus.com\\\/kauppa\\\/tuote\\\/kajaani\\\/#breadcrumb\"},\"inLanguage\":\"fi\",\"potentialAction\":[{\"@type\":\"ReadAction\",\"target\":[\"https:\\\/\\\/www.asemakustannus.com\\\/kauppa\\\/tuote\\\/kajaani\\\/\"]}]},{\"@type\":\"ImageObject\",\"inLanguage\":\"fi\",\"@id\":\"https:\\\/\\\/www.asemakustannus.com\\\/kauppa\\\/tuote\\\/kajaani\\\/#primaryimage\",\"url\":\"https:\\\/\\\/i0.wp.com\\\/www.asemakustannus.com\\\/kauppa\\\/wp-content\\\/uploads\\\/2021\\\/03\\\/KAJAANI-ISO.jpg?fit=450%2C638&ssl=1\",\"contentUrl\":\"https:\\\/\\\/i0.wp.com\\\/www.asemakustannus.com\\\/kauppa\\\/wp-content\\\/uploads\\\/2021\\\/03\\\/KAJAANI-ISO.jpg?fit=450%2C638&ssl=1\",\"width\":450,\"height\":638},{\"@type\":\"BreadcrumbList\",\"@id\":\"https:\\\/\\\/www.asemakustannus.com\\\/kauppa\\\/tuote\\\/kajaani\\\/#breadcrumb\",\"itemListElement\":[{\"@type\":\"ListItem\",\"position\":1,\"name\":\"Home\",\"item\":\"https:\\\/\\\/www.asemakustannus.com\\\/kauppa\\\/\"},{\"@type\":\"ListItem\",\"position\":2,\"name\":\"Kauppa\",\"item\":\"https:\\\/\\\/www.asemakustannus.com\\\/kauppa\\\/kauppa\\\/\"},{\"@type\":\"ListItem\",\"position\":3,\"name\":\"Ville Ranta: Kajaani\"}]},{\"@type\":\"WebSite\",\"@id\":\"https:\\\/\\\/www.asemakustannus.com\\\/kauppa\\\/#website\",\"url\":\"https:\\\/\\\/www.asemakustannus.com\\\/kauppa\\\/\",\"name\":\"Asema Kustannus\",\"description\":\"Sarjakuvakauppa\",\"publisher\":{\"@id\":\"https:\\\/\\\/www.asemakustannus.com\\\/kauppa\\\/#organization\"},\"potentialAction\":[{\"@type\":\"SearchAction\",\"target\":{\"@type\":\"EntryPoint\",\"urlTemplate\":\"https:\\\/\\\/www.asemakustannus.com\\\/kauppa\\\/?s={search_term_string}\"},\"query-input\":{\"@type\":\"PropertyValueSpecification\",\"valueRequired\":true,\"valueName\":\"search_term_string\"}}],\"inLanguage\":\"fi\"},{\"@type\":\"Organization\",\"@id\":\"https:\\\/\\\/www.asemakustannus.com\\\/kauppa\\\/#organization\",\"name\":\"Asema Kustannus\",\"url\":\"https:\\\/\\\/www.asemakustannus.com\\\/kauppa\\\/\",\"logo\":{\"@type\":\"ImageObject\",\"inLanguage\":\"fi\",\"@id\":\"https:\\\/\\\/www.asemakustannus.com\\\/kauppa\\\/#\\\/schema\\\/logo\\\/image\\\/\",\"url\":\"https:\\\/\\\/www.asemakustannus.com\\\/kauppa\\\/wp-content\\\/uploads\\\/2021\\\/09\\\/181007768_141578281313342_8780310787852686686_n-1.jpeg\",\"contentUrl\":\"https:\\\/\\\/www.asemakustannus.com\\\/kauppa\\\/wp-content\\\/uploads\\\/2021\\\/09\\\/181007768_141578281313342_8780310787852686686_n-1.jpeg\",\"width\":300,\"height\":333,\"caption\":\"Asema Kustannus\"},\"image\":{\"@id\":\"https:\\\/\\\/www.asemakustannus.com\\\/kauppa\\\/#\\\/schema\\\/logo\\\/image\\\/\"},\"sameAs\":[\"https:\\\/\\\/www.facebook.com\\\/asemakustannus\",\"https:\\\/\\\/x.com\\\/asemakustannus\",\"https:\\\/\\\/www.instagram.com\\\/asemakustannus\\\/\"]}]}<\/script>\n<!-- \/ Yoast SEO plugin. -->","yoast_head_json":{"title":"Ville Ranta: Kajaani - Asema Kustannus","robots":{"index":"index","follow":"follow","max-snippet":"max-snippet:-1","max-image-preview":"max-image-preview:large","max-video-preview":"max-video-preview:-1"},"canonical":"https:\/\/www.asemakustannus.com\/kauppa\/tuote\/kajaani\/","og_locale":"fi_FI","og_type":"article","og_title":"Ville Ranta: Kajaani - Asema Kustannus","og_description":"288 sivua | mustavalkoinen | pehme\u00e4kantinen (2. painos) ISBN 978-952-5909-05-0 Asema 2008 (kovakantinen painos), 2010 (pehme\u00e4kantinen painos) Suurmies on joutunut kohtalon leikkikaluksi. H\u00e4n on juuttunut Kajaaniin maalaisl\u00e4\u00e4k\u00e4riksi, k\u00f6yhien sukulaisten kiusaamaksi ja alkoholisoituneen paikallisen seurapiirin vangiksi. H\u00e4n on veloissa, stressaantunut ja ep\u00e4m\u00e4\u00e4r\u00e4isess\u00e4 suhteessa perheelliseen rouvaan. Kun suhde paljastuu, t\u00e4ydellinen vankila on valmis. Suurmies harkitsee pakoa Ven\u00e4j\u00e4lle. [&hellip;]","og_url":"https:\/\/www.asemakustannus.com\/kauppa\/tuote\/kajaani\/","og_site_name":"Asema Kustannus","article_publisher":"https:\/\/www.facebook.com\/asemakustannus","article_modified_time":"2023-01-05T08:48:29+00:00","og_image":[{"width":450,"height":638,"url":"https:\/\/www.asemakustannus.com\/kauppa\/wp-content\/uploads\/2021\/03\/KAJAANI-ISO.jpg","type":"image\/jpeg"}],"twitter_card":"summary_large_image","twitter_site":"@asemakustannus","twitter_misc":{"Arvioitu lukuaika":"1 minuutti"},"schema":{"@context":"https:\/\/schema.org","@graph":[{"@type":"WebPage","@id":"https:\/\/www.asemakustannus.com\/kauppa\/tuote\/kajaani\/","url":"https:\/\/www.asemakustannus.com\/kauppa\/tuote\/kajaani\/","name":"Ville Ranta: Kajaani - Asema Kustannus","isPartOf":{"@id":"https:\/\/www.asemakustannus.com\/kauppa\/#website"},"primaryImageOfPage":{"@id":"https:\/\/www.asemakustannus.com\/kauppa\/tuote\/kajaani\/#primaryimage"},"image":{"@id":"https:\/\/www.asemakustannus.com\/kauppa\/tuote\/kajaani\/#primaryimage"},"thumbnailUrl":"https:\/\/i0.wp.com\/www.asemakustannus.com\/kauppa\/wp-content\/uploads\/2021\/03\/KAJAANI-ISO.jpg?fit=450%2C638&ssl=1","datePublished":"2021-03-22T11:25:03+00:00","dateModified":"2023-01-05T08:48:29+00:00","breadcrumb":{"@id":"https:\/\/www.asemakustannus.com\/kauppa\/tuote\/kajaani\/#breadcrumb"},"inLanguage":"fi","potentialAction":[{"@type":"ReadAction","target":["https:\/\/www.asemakustannus.com\/kauppa\/tuote\/kajaani\/"]}]},{"@type":"ImageObject","inLanguage":"fi","@id":"https:\/\/www.asemakustannus.com\/kauppa\/tuote\/kajaani\/#primaryimage","url":"https:\/\/i0.wp.com\/www.asemakustannus.com\/kauppa\/wp-content\/uploads\/2021\/03\/KAJAANI-ISO.jpg?fit=450%2C638&ssl=1","contentUrl":"https:\/\/i0.wp.com\/www.asemakustannus.com\/kauppa\/wp-content\/uploads\/2021\/03\/KAJAANI-ISO.jpg?fit=450%2C638&ssl=1","width":450,"height":638},{"@type":"BreadcrumbList","@id":"https:\/\/www.asemakustannus.com\/kauppa\/tuote\/kajaani\/#breadcrumb","itemListElement":[{"@type":"ListItem","position":1,"name":"Home","item":"https:\/\/www.asemakustannus.com\/kauppa\/"},{"@type":"ListItem","position":2,"name":"Kauppa","item":"https:\/\/www.asemakustannus.com\/kauppa\/kauppa\/"},{"@type":"ListItem","position":3,"name":"Ville Ranta: Kajaani"}]},{"@type":"WebSite","@id":"https:\/\/www.asemakustannus.com\/kauppa\/#website","url":"https:\/\/www.asemakustannus.com\/kauppa\/","name":"Asema Kustannus","description":"Sarjakuvakauppa","publisher":{"@id":"https:\/\/www.asemakustannus.com\/kauppa\/#organization"},"potentialAction":[{"@type":"SearchAction","target":{"@type":"EntryPoint","urlTemplate":"https:\/\/www.asemakustannus.com\/kauppa\/?s={search_term_string}"},"query-input":{"@type":"PropertyValueSpecification","valueRequired":true,"valueName":"search_term_string"}}],"inLanguage":"fi"},{"@type":"Organization","@id":"https:\/\/www.asemakustannus.com\/kauppa\/#organization","name":"Asema Kustannus","url":"https:\/\/www.asemakustannus.com\/kauppa\/","logo":{"@type":"ImageObject","inLanguage":"fi","@id":"https:\/\/www.asemakustannus.com\/kauppa\/#\/schema\/logo\/image\/","url":"https:\/\/www.asemakustannus.com\/kauppa\/wp-content\/uploads\/2021\/09\/181007768_141578281313342_8780310787852686686_n-1.jpeg","contentUrl":"https:\/\/www.asemakustannus.com\/kauppa\/wp-content\/uploads\/2021\/09\/181007768_141578281313342_8780310787852686686_n-1.jpeg","width":300,"height":333,"caption":"Asema Kustannus"},"image":{"@id":"https:\/\/www.asemakustannus.com\/kauppa\/#\/schema\/logo\/image\/"},"sameAs":["https:\/\/www.facebook.com\/asemakustannus","https:\/\/x.com\/asemakustannus","https:\/\/www.instagram.com\/asemakustannus\/"]}]}},"jetpack_sharing_enabled":true,"_links":{"self":[{"href":"https:\/\/www.asemakustannus.com\/kauppa\/wp-json\/wp\/v2\/product\/288","targetHints":{"allow":["GET"]}}],"collection":[{"href":"https:\/\/www.asemakustannus.com\/kauppa\/wp-json\/wp\/v2\/product"}],"about":[{"href":"https:\/\/www.asemakustannus.com\/kauppa\/wp-json\/wp\/v2\/types\/product"}],"wp:featuredmedia":[{"embeddable":true,"href":"https:\/\/www.asemakustannus.com\/kauppa\/wp-json\/wp\/v2\/media\/298"}],"wp:attachment":[{"href":"https:\/\/www.asemakustannus.com\/kauppa\/wp-json\/wp\/v2\/media?parent=288"}],"wp:term":[{"taxonomy":"product_brand","embeddable":true,"href":"https:\/\/www.asemakustannus.com\/kauppa\/wp-json\/wp\/v2\/product_brand?post=288"},{"taxonomy":"product_cat","embeddable":true,"href":"https:\/\/www.asemakustannus.com\/kauppa\/wp-json\/wp\/v2\/product_cat?post=288"},{"taxonomy":"product_tag","embeddable":true,"href":"https:\/\/www.asemakustannus.com\/kauppa\/wp-json\/wp\/v2\/product_tag?post=288"}],"curies":[{"name":"wp","href":"https:\/\/api.w.org\/{rel}","templated":true}]}}