{"id":321,"date":"2021-03-22T13:44:56","date_gmt":"2021-03-22T11:44:56","guid":{"rendered":"https:\/\/www.asemakustannus.com\/kauppa\/?post_type=product&#038;p=321"},"modified":"2021-03-22T13:48:04","modified_gmt":"2021-03-22T11:48:04","slug":"kiitosvirret-ylistyslaulut","status":"publish","type":"product","link":"https:\/\/www.asemakustannus.com\/kauppa\/tuote\/kiitosvirret-ylistyslaulut\/","title":{"rendered":"Jyrki Heikkinen: Kiitosvirret + ylistyslaulut"},"content":{"rendered":"<p>152 sivua | A5 | kovakantinen<\/p>\n<p>ISBN 978-952-99923-4-8<\/p>\n<p>Asema 2008<\/p>\n<p>Kiitos ja ylistys, huuto ja meteli, lihapullat, kuolema ja ilon hetki. Arkip\u00e4iv\u00e4inen ja taivaallinen sekoittuvat ja luovat uutta runoilija-sarjakuvataiteilijan h\u00e4mm\u00e4stytt\u00e4viss\u00e4 kuvarunoissa. Suorastaan hervoton, r\u00f6nsyilev\u00e4 piirros ja teksti k\u00e4sittelev\u00e4t el\u00e4m\u00e4n suuria kysymyksi\u00e4 ja saattavat ne uuteen valoon.\u00a0Jyrki Heikkinen\u00a0on antanut meille ihmeellisen lahjan!<\/p>\n<p>Suomalaisen maalaissurrealismin edustajaksikin kutsuttu, Kuopiossa asuva\u00a0<strong>Jyrki Heikkinen<\/strong>\u00a0(s. 1958) tunnetaan paitsi tuotteliaana sarjakuvataiteilijana my\u00f6s runoilijana.\u00a0<em>Kiitosvirret + ylistyslaulut<\/em>\u00a0on Heikkisen kolmas pitk\u00e4 sarjakuvateos &#8211; tai viides runoteos.<\/p>\n<p>&#8221;L\u00e4ht\u00f6kohta l\u00f6ytyy arjen pienist\u00e4 ja suurista sattumuksista, jotka saattavat paisua myyttisiin tai kohtuuttomiin mittasuhteisiin. Kuva ja sana t\u00f6rm\u00e4\u00e4v\u00e4t toisiinsa, saavat vauhtia toisistaan ja assosioivat yll\u00e4tt\u00e4vill\u00e4 tavoilla. Mukaan on tullut yh\u00e4 enemm\u00e4n \u00e4\u00e4ni\u00e4 ja tunnelmia, joita olen perinteisiss\u00e4 runoissani ujostellut; pateettisia \u00e4l\u00e4hdyksi\u00e4, houreista korinaa, romantiikan kaipuuta ja silkkaa p\u00f6hk\u00f6ytt\u00e4.&#8221; \u2013 Jyrki Heikkinen<\/p>\n","protected":false},"excerpt":{"rendered":"<p>152 sivua | A5 | kovakantinen ISBN 978-952-99923-4-8 Asema 2008 Kiitos ja ylistys, huuto ja meteli, lihapullat, kuolema ja ilon hetki. Arkip\u00e4iv\u00e4inen ja taivaallinen sekoittuvat ja luovat uutta runoilija-sarjakuvataiteilijan h\u00e4mm\u00e4stytt\u00e4viss\u00e4 kuvarunoissa. Suorastaan hervoton, r\u00f6nsyilev\u00e4 piirros ja teksti k\u00e4sittelev\u00e4t el\u00e4m\u00e4n suuria kysymyksi\u00e4 ja saattavat ne uuteen valoon.\u00a0Jyrki Heikkinen\u00a0on antanut meille ihmeellisen lahjan! Suomalaisen maalaissurrealismin edustajaksikin kutsuttu, [&hellip;]<\/p>\n","protected":false},"featured_media":328,"template":"","meta":[],"product_brand":[],"product_cat":[38],"product_tag":[],"class_list":{"0":"post-321","1":"product","2":"type-product","3":"status-publish","4":"has-post-thumbnail","6":"product_cat-kirjat","7":"product_shipping_class-xxspaketti","9":"first","10":"instock","11":"shipping-taxable","12":"purchasable","13":"product-type-simple"},"yoast_head":"<!-- This site is optimized with the Yoast SEO plugin v27.3 - https:\/\/yoast.com\/product\/yoast-seo-wordpress\/ -->\n<title>Jyrki Heikkinen: Kiitosvirret + ylistyslaulut - Asema Kustannus<\/title>\n<meta name=\"robots\" content=\"index, follow, max-snippet:-1, max-image-preview:large, max-video-preview:-1\" \/>\n<link rel=\"canonical\" href=\"https:\/\/www.asemakustannus.com\/kauppa\/tuote\/kiitosvirret-ylistyslaulut\/\" \/>\n<meta property=\"og:locale\" content=\"fi_FI\" \/>\n<meta property=\"og:type\" content=\"article\" \/>\n<meta property=\"og:title\" content=\"Jyrki Heikkinen: Kiitosvirret + ylistyslaulut - Asema Kustannus\" \/>\n<meta property=\"og:description\" content=\"152 sivua | A5 | kovakantinen ISBN 978-952-99923-4-8 Asema 2008 Kiitos ja ylistys, huuto ja meteli, lihapullat, kuolema ja ilon hetki. Arkip\u00e4iv\u00e4inen ja taivaallinen sekoittuvat ja luovat uutta runoilija-sarjakuvataiteilijan h\u00e4mm\u00e4stytt\u00e4viss\u00e4 kuvarunoissa. Suorastaan hervoton, r\u00f6nsyilev\u00e4 piirros ja teksti k\u00e4sittelev\u00e4t el\u00e4m\u00e4n suuria kysymyksi\u00e4 ja saattavat ne uuteen valoon.\u00a0Jyrki Heikkinen\u00a0on antanut meille ihmeellisen lahjan! Suomalaisen maalaissurrealismin edustajaksikin kutsuttu, [&hellip;]\" \/>\n<meta property=\"og:url\" content=\"https:\/\/www.asemakustannus.com\/kauppa\/tuote\/kiitosvirret-ylistyslaulut\/\" \/>\n<meta property=\"og:site_name\" content=\"Asema Kustannus\" \/>\n<meta property=\"article:publisher\" content=\"https:\/\/www.facebook.com\/asemakustannus\" \/>\n<meta property=\"article:modified_time\" content=\"2021-03-22T11:48:04+00:00\" \/>\n<meta property=\"og:image\" content=\"https:\/\/www.asemakustannus.com\/kauppa\/wp-content\/uploads\/2021\/03\/KIITOSVIRRET-ISO.jpg\" \/>\n\t<meta property=\"og:image:width\" content=\"450\" \/>\n\t<meta property=\"og:image:height\" content=\"648\" \/>\n\t<meta property=\"og:image:type\" content=\"image\/jpeg\" \/>\n<meta name=\"twitter:card\" content=\"summary_large_image\" \/>\n<meta name=\"twitter:site\" content=\"@asemakustannus\" \/>\n<meta name=\"twitter:label1\" content=\"Arvioitu lukuaika\" \/>\n\t<meta name=\"twitter:data1\" content=\"1 minuutti\" \/>\n<script type=\"application\/ld+json\" class=\"yoast-schema-graph\">{\"@context\":\"https:\\\/\\\/schema.org\",\"@graph\":[{\"@type\":\"WebPage\",\"@id\":\"https:\\\/\\\/www.asemakustannus.com\\\/kauppa\\\/tuote\\\/kiitosvirret-ylistyslaulut\\\/\",\"url\":\"https:\\\/\\\/www.asemakustannus.com\\\/kauppa\\\/tuote\\\/kiitosvirret-ylistyslaulut\\\/\",\"name\":\"Jyrki Heikkinen: Kiitosvirret + ylistyslaulut - Asema Kustannus\",\"isPartOf\":{\"@id\":\"https:\\\/\\\/www.asemakustannus.com\\\/kauppa\\\/#website\"},\"primaryImageOfPage\":{\"@id\":\"https:\\\/\\\/www.asemakustannus.com\\\/kauppa\\\/tuote\\\/kiitosvirret-ylistyslaulut\\\/#primaryimage\"},\"image\":{\"@id\":\"https:\\\/\\\/www.asemakustannus.com\\\/kauppa\\\/tuote\\\/kiitosvirret-ylistyslaulut\\\/#primaryimage\"},\"thumbnailUrl\":\"https:\\\/\\\/i0.wp.com\\\/www.asemakustannus.com\\\/kauppa\\\/wp-content\\\/uploads\\\/2021\\\/03\\\/KIITOSVIRRET-ISO.jpg?fit=450%2C648&ssl=1\",\"datePublished\":\"2021-03-22T11:44:56+00:00\",\"dateModified\":\"2021-03-22T11:48:04+00:00\",\"breadcrumb\":{\"@id\":\"https:\\\/\\\/www.asemakustannus.com\\\/kauppa\\\/tuote\\\/kiitosvirret-ylistyslaulut\\\/#breadcrumb\"},\"inLanguage\":\"fi\",\"potentialAction\":[{\"@type\":\"ReadAction\",\"target\":[\"https:\\\/\\\/www.asemakustannus.com\\\/kauppa\\\/tuote\\\/kiitosvirret-ylistyslaulut\\\/\"]}]},{\"@type\":\"ImageObject\",\"inLanguage\":\"fi\",\"@id\":\"https:\\\/\\\/www.asemakustannus.com\\\/kauppa\\\/tuote\\\/kiitosvirret-ylistyslaulut\\\/#primaryimage\",\"url\":\"https:\\\/\\\/i0.wp.com\\\/www.asemakustannus.com\\\/kauppa\\\/wp-content\\\/uploads\\\/2021\\\/03\\\/KIITOSVIRRET-ISO.jpg?fit=450%2C648&ssl=1\",\"contentUrl\":\"https:\\\/\\\/i0.wp.com\\\/www.asemakustannus.com\\\/kauppa\\\/wp-content\\\/uploads\\\/2021\\\/03\\\/KIITOSVIRRET-ISO.jpg?fit=450%2C648&ssl=1\",\"width\":450,\"height\":648},{\"@type\":\"BreadcrumbList\",\"@id\":\"https:\\\/\\\/www.asemakustannus.com\\\/kauppa\\\/tuote\\\/kiitosvirret-ylistyslaulut\\\/#breadcrumb\",\"itemListElement\":[{\"@type\":\"ListItem\",\"position\":1,\"name\":\"Home\",\"item\":\"https:\\\/\\\/www.asemakustannus.com\\\/kauppa\\\/\"},{\"@type\":\"ListItem\",\"position\":2,\"name\":\"Kauppa\",\"item\":\"https:\\\/\\\/www.asemakustannus.com\\\/kauppa\\\/kauppa\\\/\"},{\"@type\":\"ListItem\",\"position\":3,\"name\":\"Jyrki Heikkinen: Kiitosvirret + ylistyslaulut\"}]},{\"@type\":\"WebSite\",\"@id\":\"https:\\\/\\\/www.asemakustannus.com\\\/kauppa\\\/#website\",\"url\":\"https:\\\/\\\/www.asemakustannus.com\\\/kauppa\\\/\",\"name\":\"Asema Kustannus\",\"description\":\"Sarjakuvakauppa\",\"publisher\":{\"@id\":\"https:\\\/\\\/www.asemakustannus.com\\\/kauppa\\\/#organization\"},\"potentialAction\":[{\"@type\":\"SearchAction\",\"target\":{\"@type\":\"EntryPoint\",\"urlTemplate\":\"https:\\\/\\\/www.asemakustannus.com\\\/kauppa\\\/?s={search_term_string}\"},\"query-input\":{\"@type\":\"PropertyValueSpecification\",\"valueRequired\":true,\"valueName\":\"search_term_string\"}}],\"inLanguage\":\"fi\"},{\"@type\":\"Organization\",\"@id\":\"https:\\\/\\\/www.asemakustannus.com\\\/kauppa\\\/#organization\",\"name\":\"Asema Kustannus\",\"url\":\"https:\\\/\\\/www.asemakustannus.com\\\/kauppa\\\/\",\"logo\":{\"@type\":\"ImageObject\",\"inLanguage\":\"fi\",\"@id\":\"https:\\\/\\\/www.asemakustannus.com\\\/kauppa\\\/#\\\/schema\\\/logo\\\/image\\\/\",\"url\":\"https:\\\/\\\/www.asemakustannus.com\\\/kauppa\\\/wp-content\\\/uploads\\\/2021\\\/09\\\/181007768_141578281313342_8780310787852686686_n-1.jpeg\",\"contentUrl\":\"https:\\\/\\\/www.asemakustannus.com\\\/kauppa\\\/wp-content\\\/uploads\\\/2021\\\/09\\\/181007768_141578281313342_8780310787852686686_n-1.jpeg\",\"width\":300,\"height\":333,\"caption\":\"Asema Kustannus\"},\"image\":{\"@id\":\"https:\\\/\\\/www.asemakustannus.com\\\/kauppa\\\/#\\\/schema\\\/logo\\\/image\\\/\"},\"sameAs\":[\"https:\\\/\\\/www.facebook.com\\\/asemakustannus\",\"https:\\\/\\\/x.com\\\/asemakustannus\",\"https:\\\/\\\/www.instagram.com\\\/asemakustannus\\\/\"]}]}<\/script>\n<!-- \/ Yoast SEO plugin. -->","yoast_head_json":{"title":"Jyrki Heikkinen: Kiitosvirret + ylistyslaulut - Asema Kustannus","robots":{"index":"index","follow":"follow","max-snippet":"max-snippet:-1","max-image-preview":"max-image-preview:large","max-video-preview":"max-video-preview:-1"},"canonical":"https:\/\/www.asemakustannus.com\/kauppa\/tuote\/kiitosvirret-ylistyslaulut\/","og_locale":"fi_FI","og_type":"article","og_title":"Jyrki Heikkinen: Kiitosvirret + ylistyslaulut - Asema Kustannus","og_description":"152 sivua | A5 | kovakantinen ISBN 978-952-99923-4-8 Asema 2008 Kiitos ja ylistys, huuto ja meteli, lihapullat, kuolema ja ilon hetki. Arkip\u00e4iv\u00e4inen ja taivaallinen sekoittuvat ja luovat uutta runoilija-sarjakuvataiteilijan h\u00e4mm\u00e4stytt\u00e4viss\u00e4 kuvarunoissa. Suorastaan hervoton, r\u00f6nsyilev\u00e4 piirros ja teksti k\u00e4sittelev\u00e4t el\u00e4m\u00e4n suuria kysymyksi\u00e4 ja saattavat ne uuteen valoon.\u00a0Jyrki Heikkinen\u00a0on antanut meille ihmeellisen lahjan! Suomalaisen maalaissurrealismin edustajaksikin kutsuttu, [&hellip;]","og_url":"https:\/\/www.asemakustannus.com\/kauppa\/tuote\/kiitosvirret-ylistyslaulut\/","og_site_name":"Asema Kustannus","article_publisher":"https:\/\/www.facebook.com\/asemakustannus","article_modified_time":"2021-03-22T11:48:04+00:00","og_image":[{"width":450,"height":648,"url":"https:\/\/www.asemakustannus.com\/kauppa\/wp-content\/uploads\/2021\/03\/KIITOSVIRRET-ISO.jpg","type":"image\/jpeg"}],"twitter_card":"summary_large_image","twitter_site":"@asemakustannus","twitter_misc":{"Arvioitu lukuaika":"1 minuutti"},"schema":{"@context":"https:\/\/schema.org","@graph":[{"@type":"WebPage","@id":"https:\/\/www.asemakustannus.com\/kauppa\/tuote\/kiitosvirret-ylistyslaulut\/","url":"https:\/\/www.asemakustannus.com\/kauppa\/tuote\/kiitosvirret-ylistyslaulut\/","name":"Jyrki Heikkinen: Kiitosvirret + ylistyslaulut - Asema Kustannus","isPartOf":{"@id":"https:\/\/www.asemakustannus.com\/kauppa\/#website"},"primaryImageOfPage":{"@id":"https:\/\/www.asemakustannus.com\/kauppa\/tuote\/kiitosvirret-ylistyslaulut\/#primaryimage"},"image":{"@id":"https:\/\/www.asemakustannus.com\/kauppa\/tuote\/kiitosvirret-ylistyslaulut\/#primaryimage"},"thumbnailUrl":"https:\/\/i0.wp.com\/www.asemakustannus.com\/kauppa\/wp-content\/uploads\/2021\/03\/KIITOSVIRRET-ISO.jpg?fit=450%2C648&ssl=1","datePublished":"2021-03-22T11:44:56+00:00","dateModified":"2021-03-22T11:48:04+00:00","breadcrumb":{"@id":"https:\/\/www.asemakustannus.com\/kauppa\/tuote\/kiitosvirret-ylistyslaulut\/#breadcrumb"},"inLanguage":"fi","potentialAction":[{"@type":"ReadAction","target":["https:\/\/www.asemakustannus.com\/kauppa\/tuote\/kiitosvirret-ylistyslaulut\/"]}]},{"@type":"ImageObject","inLanguage":"fi","@id":"https:\/\/www.asemakustannus.com\/kauppa\/tuote\/kiitosvirret-ylistyslaulut\/#primaryimage","url":"https:\/\/i0.wp.com\/www.asemakustannus.com\/kauppa\/wp-content\/uploads\/2021\/03\/KIITOSVIRRET-ISO.jpg?fit=450%2C648&ssl=1","contentUrl":"https:\/\/i0.wp.com\/www.asemakustannus.com\/kauppa\/wp-content\/uploads\/2021\/03\/KIITOSVIRRET-ISO.jpg?fit=450%2C648&ssl=1","width":450,"height":648},{"@type":"BreadcrumbList","@id":"https:\/\/www.asemakustannus.com\/kauppa\/tuote\/kiitosvirret-ylistyslaulut\/#breadcrumb","itemListElement":[{"@type":"ListItem","position":1,"name":"Home","item":"https:\/\/www.asemakustannus.com\/kauppa\/"},{"@type":"ListItem","position":2,"name":"Kauppa","item":"https:\/\/www.asemakustannus.com\/kauppa\/kauppa\/"},{"@type":"ListItem","position":3,"name":"Jyrki Heikkinen: Kiitosvirret + ylistyslaulut"}]},{"@type":"WebSite","@id":"https:\/\/www.asemakustannus.com\/kauppa\/#website","url":"https:\/\/www.asemakustannus.com\/kauppa\/","name":"Asema Kustannus","description":"Sarjakuvakauppa","publisher":{"@id":"https:\/\/www.asemakustannus.com\/kauppa\/#organization"},"potentialAction":[{"@type":"SearchAction","target":{"@type":"EntryPoint","urlTemplate":"https:\/\/www.asemakustannus.com\/kauppa\/?s={search_term_string}"},"query-input":{"@type":"PropertyValueSpecification","valueRequired":true,"valueName":"search_term_string"}}],"inLanguage":"fi"},{"@type":"Organization","@id":"https:\/\/www.asemakustannus.com\/kauppa\/#organization","name":"Asema Kustannus","url":"https:\/\/www.asemakustannus.com\/kauppa\/","logo":{"@type":"ImageObject","inLanguage":"fi","@id":"https:\/\/www.asemakustannus.com\/kauppa\/#\/schema\/logo\/image\/","url":"https:\/\/www.asemakustannus.com\/kauppa\/wp-content\/uploads\/2021\/09\/181007768_141578281313342_8780310787852686686_n-1.jpeg","contentUrl":"https:\/\/www.asemakustannus.com\/kauppa\/wp-content\/uploads\/2021\/09\/181007768_141578281313342_8780310787852686686_n-1.jpeg","width":300,"height":333,"caption":"Asema Kustannus"},"image":{"@id":"https:\/\/www.asemakustannus.com\/kauppa\/#\/schema\/logo\/image\/"},"sameAs":["https:\/\/www.facebook.com\/asemakustannus","https:\/\/x.com\/asemakustannus","https:\/\/www.instagram.com\/asemakustannus\/"]}]}},"jetpack_sharing_enabled":true,"_links":{"self":[{"href":"https:\/\/www.asemakustannus.com\/kauppa\/wp-json\/wp\/v2\/product\/321","targetHints":{"allow":["GET"]}}],"collection":[{"href":"https:\/\/www.asemakustannus.com\/kauppa\/wp-json\/wp\/v2\/product"}],"about":[{"href":"https:\/\/www.asemakustannus.com\/kauppa\/wp-json\/wp\/v2\/types\/product"}],"wp:featuredmedia":[{"embeddable":true,"href":"https:\/\/www.asemakustannus.com\/kauppa\/wp-json\/wp\/v2\/media\/328"}],"wp:attachment":[{"href":"https:\/\/www.asemakustannus.com\/kauppa\/wp-json\/wp\/v2\/media?parent=321"}],"wp:term":[{"taxonomy":"product_brand","embeddable":true,"href":"https:\/\/www.asemakustannus.com\/kauppa\/wp-json\/wp\/v2\/product_brand?post=321"},{"taxonomy":"product_cat","embeddable":true,"href":"https:\/\/www.asemakustannus.com\/kauppa\/wp-json\/wp\/v2\/product_cat?post=321"},{"taxonomy":"product_tag","embeddable":true,"href":"https:\/\/www.asemakustannus.com\/kauppa\/wp-json\/wp\/v2\/product_tag?post=321"}],"curies":[{"name":"wp","href":"https:\/\/api.w.org\/{rel}","templated":true}]}}