{"id":344,"date":"2021-03-22T13:57:58","date_gmt":"2021-03-22T11:57:58","guid":{"rendered":"https:\/\/www.asemakustannus.com\/kauppa\/?post_type=product&#038;p=344"},"modified":"2021-09-10T14:48:45","modified_gmt":"2021-09-10T11:48:45","slug":"ville-ranta-sankaritekoja","status":"publish","type":"product","link":"https:\/\/www.asemakustannus.com\/kauppa\/tuote\/ville-ranta-sankaritekoja\/","title":{"rendered":"Ville Ranta: Sankaritekoja"},"content":{"rendered":"<p>28 sivua | neliv\u00e4rinen | nidottu<\/p>\n<p>ISBN 951-0-32201-6<\/p>\n<p>Huuda Huuda, 2011<\/p>\n<p>Yksi\u00f6n ikkunasta n\u00e4kyy hiljainen parkkipaikka ja s\u00e4hk\u00f6valojen valaisema jalkak\u00e4yt\u00e4v\u00e4. Ritari pukee ylleen haarniskan ja kohottaa lippunsa. Sankaritekojen aikakausi ei ole viel\u00e4 kokonaan kadonnut. Ritari haluaa voittaa sodan, vaikka on jo h\u00e4vinnyt kaikki taistelut.<\/p>\n<p>Ville Rannan ensimm\u00e4iset, improvisoidut ritaritarinat, joissa tekij\u00e4n alterego on syd\u00e4nlippua kantava, sentimentaalinen ritariksi. Suru, pelko ja h\u00e4mmennys ovat keski\u00f6ss\u00e4 n\u00e4iss\u00e4 sankarillisissa lyh\u00e4reiss\u00e4. Sama hahmo seikkailee my\u00f6s lehdess\u00e4 nimelt\u00e4 <em>Suurenmoinen voitto<\/em> (2015) sek\u00e4 sarjakuvaromaanissa <em>Kuningas menett\u00e4\u00e4 p\u00e4\u00e4ns\u00e4<\/em> (2018). Ranta on tehnyt sarjan ritarikertomuksia my\u00f6s ranskalaiseen <em>Pandora<\/em>-antologiaan, mutta niit\u00e4 ei ole viel\u00e4 julkaistu suomeksi.<\/p>\n<p><strong>Ville Ranta<\/strong> (s. 1978) on Suomen eturivin sarjakuvataiteilijoita ja pilapiirt\u00e4ji\u00e4. H\u00e4n on julkaissut lukuisia albumeita, sarjakuvaromaaneja ja lyhyempi\u00e4 tarinoita. H\u00e4nen teoksiaan on k\u00e4\u00e4nnetty mm. ranskaksi, saksaksi ja ruotsiksi. H\u00e4nen viimeaikaisia teoksiaan ovat <em>\u00a0Kuningas menett\u00e4\u00e4 p\u00e4\u00e4ns\u00e4<\/em> (2018) ja omael\u00e4m\u00e4kerrallinen satiiri <em>Kuinka valloitin Ranskan<\/em> (2021). Rannan teos <em>Kyll\u00e4 eik\u00e4 ei<\/em> (2013) voitti Sarjakuva-Finlandian.<\/p>\n","protected":false},"excerpt":{"rendered":"<p>28 sivua | neliv\u00e4rinen | nidottu ISBN 951-0-32201-6 Huuda Huuda, 2011 Yksi\u00f6n ikkunasta n\u00e4kyy hiljainen parkkipaikka ja s\u00e4hk\u00f6valojen valaisema jalkak\u00e4yt\u00e4v\u00e4. Ritari pukee ylleen haarniskan ja kohottaa lippunsa. Sankaritekojen aikakausi ei ole viel\u00e4 kokonaan kadonnut. Ritari haluaa voittaa sodan, vaikka on jo h\u00e4vinnyt kaikki taistelut. Ville Rannan ensimm\u00e4iset, improvisoidut ritaritarinat, joissa tekij\u00e4n alterego on syd\u00e4nlippua kantava, [&hellip;]<\/p>\n","protected":false},"featured_media":345,"template":"","meta":[],"product_brand":[],"product_cat":[39],"product_tag":[51],"class_list":{"0":"post-344","1":"product","2":"type-product","3":"status-publish","4":"has-post-thumbnail","6":"product_cat-lehdet","7":"product_tag-ville-ranta","8":"product_shipping_class-kirje","10":"first","11":"instock","12":"shipping-taxable","13":"purchasable","14":"product-type-simple"},"yoast_head":"<!-- This site is optimized with the Yoast SEO plugin v27.3 - https:\/\/yoast.com\/product\/yoast-seo-wordpress\/ -->\n<title>Ville Ranta: Sankaritekoja - Asema Kustannus<\/title>\n<meta name=\"robots\" content=\"index, follow, max-snippet:-1, max-image-preview:large, max-video-preview:-1\" \/>\n<link rel=\"canonical\" href=\"https:\/\/www.asemakustannus.com\/kauppa\/tuote\/ville-ranta-sankaritekoja\/\" \/>\n<meta property=\"og:locale\" content=\"fi_FI\" \/>\n<meta property=\"og:type\" content=\"article\" \/>\n<meta property=\"og:title\" content=\"Ville Ranta: Sankaritekoja - Asema Kustannus\" \/>\n<meta property=\"og:description\" content=\"28 sivua | neliv\u00e4rinen | nidottu ISBN 951-0-32201-6 Huuda Huuda, 2011 Yksi\u00f6n ikkunasta n\u00e4kyy hiljainen parkkipaikka ja s\u00e4hk\u00f6valojen valaisema jalkak\u00e4yt\u00e4v\u00e4. Ritari pukee ylleen haarniskan ja kohottaa lippunsa. Sankaritekojen aikakausi ei ole viel\u00e4 kokonaan kadonnut. Ritari haluaa voittaa sodan, vaikka on jo h\u00e4vinnyt kaikki taistelut. Ville Rannan ensimm\u00e4iset, improvisoidut ritaritarinat, joissa tekij\u00e4n alterego on syd\u00e4nlippua kantava, [&hellip;]\" \/>\n<meta property=\"og:url\" content=\"https:\/\/www.asemakustannus.com\/kauppa\/tuote\/ville-ranta-sankaritekoja\/\" \/>\n<meta property=\"og:site_name\" content=\"Asema Kustannus\" \/>\n<meta property=\"article:publisher\" content=\"https:\/\/www.facebook.com\/asemakustannus\" \/>\n<meta property=\"article:modified_time\" content=\"2021-09-10T11:48:45+00:00\" \/>\n<meta property=\"og:image\" content=\"https:\/\/www.asemakustannus.com\/kauppa\/wp-content\/uploads\/2021\/03\/sankaritekoja-iso.jpg\" \/>\n\t<meta property=\"og:image:width\" content=\"450\" \/>\n\t<meta property=\"og:image:height\" content=\"674\" \/>\n\t<meta property=\"og:image:type\" content=\"image\/jpeg\" \/>\n<meta name=\"twitter:card\" content=\"summary_large_image\" \/>\n<meta name=\"twitter:site\" content=\"@asemakustannus\" \/>\n<meta name=\"twitter:label1\" content=\"Arvioitu lukuaika\" \/>\n\t<meta name=\"twitter:data1\" content=\"1 minuutti\" \/>\n<script type=\"application\/ld+json\" class=\"yoast-schema-graph\">{\"@context\":\"https:\\\/\\\/schema.org\",\"@graph\":[{\"@type\":\"WebPage\",\"@id\":\"https:\\\/\\\/www.asemakustannus.com\\\/kauppa\\\/tuote\\\/ville-ranta-sankaritekoja\\\/\",\"url\":\"https:\\\/\\\/www.asemakustannus.com\\\/kauppa\\\/tuote\\\/ville-ranta-sankaritekoja\\\/\",\"name\":\"Ville Ranta: Sankaritekoja - Asema Kustannus\",\"isPartOf\":{\"@id\":\"https:\\\/\\\/www.asemakustannus.com\\\/kauppa\\\/#website\"},\"primaryImageOfPage\":{\"@id\":\"https:\\\/\\\/www.asemakustannus.com\\\/kauppa\\\/tuote\\\/ville-ranta-sankaritekoja\\\/#primaryimage\"},\"image\":{\"@id\":\"https:\\\/\\\/www.asemakustannus.com\\\/kauppa\\\/tuote\\\/ville-ranta-sankaritekoja\\\/#primaryimage\"},\"thumbnailUrl\":\"https:\\\/\\\/i0.wp.com\\\/www.asemakustannus.com\\\/kauppa\\\/wp-content\\\/uploads\\\/2021\\\/03\\\/sankaritekoja-iso.jpg?fit=450%2C674&ssl=1\",\"datePublished\":\"2021-03-22T11:57:58+00:00\",\"dateModified\":\"2021-09-10T11:48:45+00:00\",\"breadcrumb\":{\"@id\":\"https:\\\/\\\/www.asemakustannus.com\\\/kauppa\\\/tuote\\\/ville-ranta-sankaritekoja\\\/#breadcrumb\"},\"inLanguage\":\"fi\",\"potentialAction\":[{\"@type\":\"ReadAction\",\"target\":[\"https:\\\/\\\/www.asemakustannus.com\\\/kauppa\\\/tuote\\\/ville-ranta-sankaritekoja\\\/\"]}]},{\"@type\":\"ImageObject\",\"inLanguage\":\"fi\",\"@id\":\"https:\\\/\\\/www.asemakustannus.com\\\/kauppa\\\/tuote\\\/ville-ranta-sankaritekoja\\\/#primaryimage\",\"url\":\"https:\\\/\\\/i0.wp.com\\\/www.asemakustannus.com\\\/kauppa\\\/wp-content\\\/uploads\\\/2021\\\/03\\\/sankaritekoja-iso.jpg?fit=450%2C674&ssl=1\",\"contentUrl\":\"https:\\\/\\\/i0.wp.com\\\/www.asemakustannus.com\\\/kauppa\\\/wp-content\\\/uploads\\\/2021\\\/03\\\/sankaritekoja-iso.jpg?fit=450%2C674&ssl=1\",\"width\":450,\"height\":674},{\"@type\":\"BreadcrumbList\",\"@id\":\"https:\\\/\\\/www.asemakustannus.com\\\/kauppa\\\/tuote\\\/ville-ranta-sankaritekoja\\\/#breadcrumb\",\"itemListElement\":[{\"@type\":\"ListItem\",\"position\":1,\"name\":\"Home\",\"item\":\"https:\\\/\\\/www.asemakustannus.com\\\/kauppa\\\/\"},{\"@type\":\"ListItem\",\"position\":2,\"name\":\"Kauppa\",\"item\":\"https:\\\/\\\/www.asemakustannus.com\\\/kauppa\\\/kauppa\\\/\"},{\"@type\":\"ListItem\",\"position\":3,\"name\":\"Ville Ranta: Sankaritekoja\"}]},{\"@type\":\"WebSite\",\"@id\":\"https:\\\/\\\/www.asemakustannus.com\\\/kauppa\\\/#website\",\"url\":\"https:\\\/\\\/www.asemakustannus.com\\\/kauppa\\\/\",\"name\":\"Asema Kustannus\",\"description\":\"Sarjakuvakauppa\",\"publisher\":{\"@id\":\"https:\\\/\\\/www.asemakustannus.com\\\/kauppa\\\/#organization\"},\"potentialAction\":[{\"@type\":\"SearchAction\",\"target\":{\"@type\":\"EntryPoint\",\"urlTemplate\":\"https:\\\/\\\/www.asemakustannus.com\\\/kauppa\\\/?s={search_term_string}\"},\"query-input\":{\"@type\":\"PropertyValueSpecification\",\"valueRequired\":true,\"valueName\":\"search_term_string\"}}],\"inLanguage\":\"fi\"},{\"@type\":\"Organization\",\"@id\":\"https:\\\/\\\/www.asemakustannus.com\\\/kauppa\\\/#organization\",\"name\":\"Asema Kustannus\",\"url\":\"https:\\\/\\\/www.asemakustannus.com\\\/kauppa\\\/\",\"logo\":{\"@type\":\"ImageObject\",\"inLanguage\":\"fi\",\"@id\":\"https:\\\/\\\/www.asemakustannus.com\\\/kauppa\\\/#\\\/schema\\\/logo\\\/image\\\/\",\"url\":\"https:\\\/\\\/www.asemakustannus.com\\\/kauppa\\\/wp-content\\\/uploads\\\/2021\\\/09\\\/181007768_141578281313342_8780310787852686686_n-1.jpeg\",\"contentUrl\":\"https:\\\/\\\/www.asemakustannus.com\\\/kauppa\\\/wp-content\\\/uploads\\\/2021\\\/09\\\/181007768_141578281313342_8780310787852686686_n-1.jpeg\",\"width\":300,\"height\":333,\"caption\":\"Asema Kustannus\"},\"image\":{\"@id\":\"https:\\\/\\\/www.asemakustannus.com\\\/kauppa\\\/#\\\/schema\\\/logo\\\/image\\\/\"},\"sameAs\":[\"https:\\\/\\\/www.facebook.com\\\/asemakustannus\",\"https:\\\/\\\/x.com\\\/asemakustannus\",\"https:\\\/\\\/www.instagram.com\\\/asemakustannus\\\/\"]}]}<\/script>\n<!-- \/ Yoast SEO plugin. -->","yoast_head_json":{"title":"Ville Ranta: Sankaritekoja - Asema Kustannus","robots":{"index":"index","follow":"follow","max-snippet":"max-snippet:-1","max-image-preview":"max-image-preview:large","max-video-preview":"max-video-preview:-1"},"canonical":"https:\/\/www.asemakustannus.com\/kauppa\/tuote\/ville-ranta-sankaritekoja\/","og_locale":"fi_FI","og_type":"article","og_title":"Ville Ranta: Sankaritekoja - Asema Kustannus","og_description":"28 sivua | neliv\u00e4rinen | nidottu ISBN 951-0-32201-6 Huuda Huuda, 2011 Yksi\u00f6n ikkunasta n\u00e4kyy hiljainen parkkipaikka ja s\u00e4hk\u00f6valojen valaisema jalkak\u00e4yt\u00e4v\u00e4. Ritari pukee ylleen haarniskan ja kohottaa lippunsa. Sankaritekojen aikakausi ei ole viel\u00e4 kokonaan kadonnut. Ritari haluaa voittaa sodan, vaikka on jo h\u00e4vinnyt kaikki taistelut. Ville Rannan ensimm\u00e4iset, improvisoidut ritaritarinat, joissa tekij\u00e4n alterego on syd\u00e4nlippua kantava, [&hellip;]","og_url":"https:\/\/www.asemakustannus.com\/kauppa\/tuote\/ville-ranta-sankaritekoja\/","og_site_name":"Asema Kustannus","article_publisher":"https:\/\/www.facebook.com\/asemakustannus","article_modified_time":"2021-09-10T11:48:45+00:00","og_image":[{"width":450,"height":674,"url":"https:\/\/www.asemakustannus.com\/kauppa\/wp-content\/uploads\/2021\/03\/sankaritekoja-iso.jpg","type":"image\/jpeg"}],"twitter_card":"summary_large_image","twitter_site":"@asemakustannus","twitter_misc":{"Arvioitu lukuaika":"1 minuutti"},"schema":{"@context":"https:\/\/schema.org","@graph":[{"@type":"WebPage","@id":"https:\/\/www.asemakustannus.com\/kauppa\/tuote\/ville-ranta-sankaritekoja\/","url":"https:\/\/www.asemakustannus.com\/kauppa\/tuote\/ville-ranta-sankaritekoja\/","name":"Ville Ranta: Sankaritekoja - Asema Kustannus","isPartOf":{"@id":"https:\/\/www.asemakustannus.com\/kauppa\/#website"},"primaryImageOfPage":{"@id":"https:\/\/www.asemakustannus.com\/kauppa\/tuote\/ville-ranta-sankaritekoja\/#primaryimage"},"image":{"@id":"https:\/\/www.asemakustannus.com\/kauppa\/tuote\/ville-ranta-sankaritekoja\/#primaryimage"},"thumbnailUrl":"https:\/\/i0.wp.com\/www.asemakustannus.com\/kauppa\/wp-content\/uploads\/2021\/03\/sankaritekoja-iso.jpg?fit=450%2C674&ssl=1","datePublished":"2021-03-22T11:57:58+00:00","dateModified":"2021-09-10T11:48:45+00:00","breadcrumb":{"@id":"https:\/\/www.asemakustannus.com\/kauppa\/tuote\/ville-ranta-sankaritekoja\/#breadcrumb"},"inLanguage":"fi","potentialAction":[{"@type":"ReadAction","target":["https:\/\/www.asemakustannus.com\/kauppa\/tuote\/ville-ranta-sankaritekoja\/"]}]},{"@type":"ImageObject","inLanguage":"fi","@id":"https:\/\/www.asemakustannus.com\/kauppa\/tuote\/ville-ranta-sankaritekoja\/#primaryimage","url":"https:\/\/i0.wp.com\/www.asemakustannus.com\/kauppa\/wp-content\/uploads\/2021\/03\/sankaritekoja-iso.jpg?fit=450%2C674&ssl=1","contentUrl":"https:\/\/i0.wp.com\/www.asemakustannus.com\/kauppa\/wp-content\/uploads\/2021\/03\/sankaritekoja-iso.jpg?fit=450%2C674&ssl=1","width":450,"height":674},{"@type":"BreadcrumbList","@id":"https:\/\/www.asemakustannus.com\/kauppa\/tuote\/ville-ranta-sankaritekoja\/#breadcrumb","itemListElement":[{"@type":"ListItem","position":1,"name":"Home","item":"https:\/\/www.asemakustannus.com\/kauppa\/"},{"@type":"ListItem","position":2,"name":"Kauppa","item":"https:\/\/www.asemakustannus.com\/kauppa\/kauppa\/"},{"@type":"ListItem","position":3,"name":"Ville Ranta: Sankaritekoja"}]},{"@type":"WebSite","@id":"https:\/\/www.asemakustannus.com\/kauppa\/#website","url":"https:\/\/www.asemakustannus.com\/kauppa\/","name":"Asema Kustannus","description":"Sarjakuvakauppa","publisher":{"@id":"https:\/\/www.asemakustannus.com\/kauppa\/#organization"},"potentialAction":[{"@type":"SearchAction","target":{"@type":"EntryPoint","urlTemplate":"https:\/\/www.asemakustannus.com\/kauppa\/?s={search_term_string}"},"query-input":{"@type":"PropertyValueSpecification","valueRequired":true,"valueName":"search_term_string"}}],"inLanguage":"fi"},{"@type":"Organization","@id":"https:\/\/www.asemakustannus.com\/kauppa\/#organization","name":"Asema Kustannus","url":"https:\/\/www.asemakustannus.com\/kauppa\/","logo":{"@type":"ImageObject","inLanguage":"fi","@id":"https:\/\/www.asemakustannus.com\/kauppa\/#\/schema\/logo\/image\/","url":"https:\/\/www.asemakustannus.com\/kauppa\/wp-content\/uploads\/2021\/09\/181007768_141578281313342_8780310787852686686_n-1.jpeg","contentUrl":"https:\/\/www.asemakustannus.com\/kauppa\/wp-content\/uploads\/2021\/09\/181007768_141578281313342_8780310787852686686_n-1.jpeg","width":300,"height":333,"caption":"Asema Kustannus"},"image":{"@id":"https:\/\/www.asemakustannus.com\/kauppa\/#\/schema\/logo\/image\/"},"sameAs":["https:\/\/www.facebook.com\/asemakustannus","https:\/\/x.com\/asemakustannus","https:\/\/www.instagram.com\/asemakustannus\/"]}]}},"jetpack_sharing_enabled":true,"_links":{"self":[{"href":"https:\/\/www.asemakustannus.com\/kauppa\/wp-json\/wp\/v2\/product\/344","targetHints":{"allow":["GET"]}}],"collection":[{"href":"https:\/\/www.asemakustannus.com\/kauppa\/wp-json\/wp\/v2\/product"}],"about":[{"href":"https:\/\/www.asemakustannus.com\/kauppa\/wp-json\/wp\/v2\/types\/product"}],"wp:featuredmedia":[{"embeddable":true,"href":"https:\/\/www.asemakustannus.com\/kauppa\/wp-json\/wp\/v2\/media\/345"}],"wp:attachment":[{"href":"https:\/\/www.asemakustannus.com\/kauppa\/wp-json\/wp\/v2\/media?parent=344"}],"wp:term":[{"taxonomy":"product_brand","embeddable":true,"href":"https:\/\/www.asemakustannus.com\/kauppa\/wp-json\/wp\/v2\/product_brand?post=344"},{"taxonomy":"product_cat","embeddable":true,"href":"https:\/\/www.asemakustannus.com\/kauppa\/wp-json\/wp\/v2\/product_cat?post=344"},{"taxonomy":"product_tag","embeddable":true,"href":"https:\/\/www.asemakustannus.com\/kauppa\/wp-json\/wp\/v2\/product_tag?post=344"}],"curies":[{"name":"wp","href":"https:\/\/api.w.org\/{rel}","templated":true}]}}