{"id":346,"date":"2021-03-22T14:03:58","date_gmt":"2021-03-22T12:03:58","guid":{"rendered":"https:\/\/www.asemakustannus.com\/kauppa\/?post_type=product&#038;p=346"},"modified":"2021-03-22T14:06:30","modified_gmt":"2021-03-22T12:06:30","slug":"jyrki-heikkinen-apua-on-tulossa","status":"publish","type":"product","link":"https:\/\/www.asemakustannus.com\/kauppa\/tuote\/jyrki-heikkinen-apua-on-tulossa\/","title":{"rendered":"Jyrki Heikkinen: Apua on tulossa!"},"content":{"rendered":"<p><strong>Kuvarunoja<\/strong><\/p>\n<p>84 sivua | 20,5 x 20,5 cm | neliv\u00e4ri<\/p>\n<p>ISBN 978-952-99923-9-3<\/p>\n<p>Asema 2010<\/p>\n<p>Tarvitsetko k\u00e4yt\u00e4nn\u00f6n ohjausta el\u00e4m\u00e4\u00e4n? T\u00e4m\u00e4 kirja on sinulle. Sano \u00e4\u00e4neen: &#8221;Apua on tulossa.&#8221;\u00a0<em>Apua on tulossa!<\/em>\u00a0<strong>Jyrki Heikkisen<\/strong>\u00a0kuvarunoja julkaistaan nyt ihanissa v\u00e4reiss\u00e4. N\u00e4m\u00e4 sarjakuvat ovat t\u00e4ynn\u00e4 viisautta, tyhmyytt\u00e4, el\u00e4m\u00e4\u00e4 ja p\u00f6ljyytt\u00e4. Edellisess\u00e4 kokoelmassa\u00a0<em>Kiitosvirret + ylistyslaulut<\/em>\u00a0(2008) alkanut matka arjen ihmeeseen ja el\u00e4m\u00e4n riehaan jatkuu nyt ja kovaa.<\/p>\n<p>Kuopiossa asuva\u00a0<strong>Jyrki Heikkinen<\/strong>\u00a0(s. 1958) tunnetaan paitsi tuotteliaana sarjakuvataiteilijana my\u00f6s runoilijana.\u00a0<em>Apua on tulossa!<\/em>\u00a0on Heikkisen nelj\u00e4s pitk\u00e4 sarjakuvateos.<\/p>\n","protected":false},"excerpt":{"rendered":"<p>Kuvarunoja 84 sivua | 20,5 x 20,5 cm | neliv\u00e4ri ISBN 978-952-99923-9-3 Asema 2010 Tarvitsetko k\u00e4yt\u00e4nn\u00f6n ohjausta el\u00e4m\u00e4\u00e4n? T\u00e4m\u00e4 kirja on sinulle. Sano \u00e4\u00e4neen: &#8221;Apua on tulossa.&#8221;\u00a0Apua on tulossa!\u00a0Jyrki Heikkisen\u00a0kuvarunoja julkaistaan nyt ihanissa v\u00e4reiss\u00e4. N\u00e4m\u00e4 sarjakuvat ovat t\u00e4ynn\u00e4 viisautta, tyhmyytt\u00e4, el\u00e4m\u00e4\u00e4 ja p\u00f6ljyytt\u00e4. Edellisess\u00e4 kokoelmassa\u00a0Kiitosvirret + ylistyslaulut\u00a0(2008) alkanut matka arjen ihmeeseen ja el\u00e4m\u00e4n riehaan jatkuu [&hellip;]<\/p>\n","protected":false},"featured_media":183,"template":"","meta":[],"product_brand":[],"product_cat":[38],"product_tag":[],"class_list":{"0":"post-346","1":"product","2":"type-product","3":"status-publish","4":"has-post-thumbnail","6":"product_cat-kirjat","7":"product_shipping_class-xxspaketti","9":"first","10":"instock","11":"shipping-taxable","12":"purchasable","13":"product-type-simple"},"yoast_head":"<!-- This site is optimized with the Yoast SEO plugin v27.3 - https:\/\/yoast.com\/product\/yoast-seo-wordpress\/ -->\n<title>Jyrki Heikkinen: Apua on tulossa! - Asema Kustannus<\/title>\n<meta name=\"robots\" content=\"index, follow, max-snippet:-1, max-image-preview:large, max-video-preview:-1\" \/>\n<link rel=\"canonical\" href=\"https:\/\/www.asemakustannus.com\/kauppa\/tuote\/jyrki-heikkinen-apua-on-tulossa\/\" \/>\n<meta property=\"og:locale\" content=\"fi_FI\" \/>\n<meta property=\"og:type\" content=\"article\" \/>\n<meta property=\"og:title\" content=\"Jyrki Heikkinen: Apua on tulossa! - Asema Kustannus\" \/>\n<meta property=\"og:description\" content=\"Kuvarunoja 84 sivua | 20,5 x 20,5 cm | neliv\u00e4ri ISBN 978-952-99923-9-3 Asema 2010 Tarvitsetko k\u00e4yt\u00e4nn\u00f6n ohjausta el\u00e4m\u00e4\u00e4n? T\u00e4m\u00e4 kirja on sinulle. Sano \u00e4\u00e4neen: &#8221;Apua on tulossa.&#8221;\u00a0Apua on tulossa!\u00a0Jyrki Heikkisen\u00a0kuvarunoja julkaistaan nyt ihanissa v\u00e4reiss\u00e4. N\u00e4m\u00e4 sarjakuvat ovat t\u00e4ynn\u00e4 viisautta, tyhmyytt\u00e4, el\u00e4m\u00e4\u00e4 ja p\u00f6ljyytt\u00e4. Edellisess\u00e4 kokoelmassa\u00a0Kiitosvirret + ylistyslaulut\u00a0(2008) alkanut matka arjen ihmeeseen ja el\u00e4m\u00e4n riehaan jatkuu [&hellip;]\" \/>\n<meta property=\"og:url\" content=\"https:\/\/www.asemakustannus.com\/kauppa\/tuote\/jyrki-heikkinen-apua-on-tulossa\/\" \/>\n<meta property=\"og:site_name\" content=\"Asema Kustannus\" \/>\n<meta property=\"article:publisher\" content=\"https:\/\/www.facebook.com\/asemakustannus\" \/>\n<meta property=\"article:modified_time\" content=\"2021-03-22T12:06:30+00:00\" \/>\n<meta property=\"og:image\" content=\"https:\/\/www.asemakustannus.com\/kauppa\/wp-content\/uploads\/2021\/03\/APUA_ON_TULOSSA-iso.jpg\" \/>\n\t<meta property=\"og:image:width\" content=\"450\" \/>\n\t<meta property=\"og:image:height\" content=\"450\" \/>\n\t<meta property=\"og:image:type\" content=\"image\/jpeg\" \/>\n<meta name=\"twitter:card\" content=\"summary_large_image\" \/>\n<meta name=\"twitter:site\" content=\"@asemakustannus\" \/>\n<script type=\"application\/ld+json\" class=\"yoast-schema-graph\">{\"@context\":\"https:\\\/\\\/schema.org\",\"@graph\":[{\"@type\":\"WebPage\",\"@id\":\"https:\\\/\\\/www.asemakustannus.com\\\/kauppa\\\/tuote\\\/jyrki-heikkinen-apua-on-tulossa\\\/\",\"url\":\"https:\\\/\\\/www.asemakustannus.com\\\/kauppa\\\/tuote\\\/jyrki-heikkinen-apua-on-tulossa\\\/\",\"name\":\"Jyrki Heikkinen: Apua on tulossa! - Asema Kustannus\",\"isPartOf\":{\"@id\":\"https:\\\/\\\/www.asemakustannus.com\\\/kauppa\\\/#website\"},\"primaryImageOfPage\":{\"@id\":\"https:\\\/\\\/www.asemakustannus.com\\\/kauppa\\\/tuote\\\/jyrki-heikkinen-apua-on-tulossa\\\/#primaryimage\"},\"image\":{\"@id\":\"https:\\\/\\\/www.asemakustannus.com\\\/kauppa\\\/tuote\\\/jyrki-heikkinen-apua-on-tulossa\\\/#primaryimage\"},\"thumbnailUrl\":\"https:\\\/\\\/i0.wp.com\\\/www.asemakustannus.com\\\/kauppa\\\/wp-content\\\/uploads\\\/2021\\\/03\\\/APUA_ON_TULOSSA-iso.jpg?fit=450%2C450&ssl=1\",\"datePublished\":\"2021-03-22T12:03:58+00:00\",\"dateModified\":\"2021-03-22T12:06:30+00:00\",\"breadcrumb\":{\"@id\":\"https:\\\/\\\/www.asemakustannus.com\\\/kauppa\\\/tuote\\\/jyrki-heikkinen-apua-on-tulossa\\\/#breadcrumb\"},\"inLanguage\":\"fi\",\"potentialAction\":[{\"@type\":\"ReadAction\",\"target\":[\"https:\\\/\\\/www.asemakustannus.com\\\/kauppa\\\/tuote\\\/jyrki-heikkinen-apua-on-tulossa\\\/\"]}]},{\"@type\":\"ImageObject\",\"inLanguage\":\"fi\",\"@id\":\"https:\\\/\\\/www.asemakustannus.com\\\/kauppa\\\/tuote\\\/jyrki-heikkinen-apua-on-tulossa\\\/#primaryimage\",\"url\":\"https:\\\/\\\/i0.wp.com\\\/www.asemakustannus.com\\\/kauppa\\\/wp-content\\\/uploads\\\/2021\\\/03\\\/APUA_ON_TULOSSA-iso.jpg?fit=450%2C450&ssl=1\",\"contentUrl\":\"https:\\\/\\\/i0.wp.com\\\/www.asemakustannus.com\\\/kauppa\\\/wp-content\\\/uploads\\\/2021\\\/03\\\/APUA_ON_TULOSSA-iso.jpg?fit=450%2C450&ssl=1\",\"width\":450,\"height\":450},{\"@type\":\"BreadcrumbList\",\"@id\":\"https:\\\/\\\/www.asemakustannus.com\\\/kauppa\\\/tuote\\\/jyrki-heikkinen-apua-on-tulossa\\\/#breadcrumb\",\"itemListElement\":[{\"@type\":\"ListItem\",\"position\":1,\"name\":\"Home\",\"item\":\"https:\\\/\\\/www.asemakustannus.com\\\/kauppa\\\/\"},{\"@type\":\"ListItem\",\"position\":2,\"name\":\"Kauppa\",\"item\":\"https:\\\/\\\/www.asemakustannus.com\\\/kauppa\\\/kauppa\\\/\"},{\"@type\":\"ListItem\",\"position\":3,\"name\":\"Jyrki Heikkinen: Apua on tulossa!\"}]},{\"@type\":\"WebSite\",\"@id\":\"https:\\\/\\\/www.asemakustannus.com\\\/kauppa\\\/#website\",\"url\":\"https:\\\/\\\/www.asemakustannus.com\\\/kauppa\\\/\",\"name\":\"Asema Kustannus\",\"description\":\"Sarjakuvakauppa\",\"publisher\":{\"@id\":\"https:\\\/\\\/www.asemakustannus.com\\\/kauppa\\\/#organization\"},\"potentialAction\":[{\"@type\":\"SearchAction\",\"target\":{\"@type\":\"EntryPoint\",\"urlTemplate\":\"https:\\\/\\\/www.asemakustannus.com\\\/kauppa\\\/?s={search_term_string}\"},\"query-input\":{\"@type\":\"PropertyValueSpecification\",\"valueRequired\":true,\"valueName\":\"search_term_string\"}}],\"inLanguage\":\"fi\"},{\"@type\":\"Organization\",\"@id\":\"https:\\\/\\\/www.asemakustannus.com\\\/kauppa\\\/#organization\",\"name\":\"Asema Kustannus\",\"url\":\"https:\\\/\\\/www.asemakustannus.com\\\/kauppa\\\/\",\"logo\":{\"@type\":\"ImageObject\",\"inLanguage\":\"fi\",\"@id\":\"https:\\\/\\\/www.asemakustannus.com\\\/kauppa\\\/#\\\/schema\\\/logo\\\/image\\\/\",\"url\":\"https:\\\/\\\/www.asemakustannus.com\\\/kauppa\\\/wp-content\\\/uploads\\\/2021\\\/09\\\/181007768_141578281313342_8780310787852686686_n-1.jpeg\",\"contentUrl\":\"https:\\\/\\\/www.asemakustannus.com\\\/kauppa\\\/wp-content\\\/uploads\\\/2021\\\/09\\\/181007768_141578281313342_8780310787852686686_n-1.jpeg\",\"width\":300,\"height\":333,\"caption\":\"Asema Kustannus\"},\"image\":{\"@id\":\"https:\\\/\\\/www.asemakustannus.com\\\/kauppa\\\/#\\\/schema\\\/logo\\\/image\\\/\"},\"sameAs\":[\"https:\\\/\\\/www.facebook.com\\\/asemakustannus\",\"https:\\\/\\\/x.com\\\/asemakustannus\",\"https:\\\/\\\/www.instagram.com\\\/asemakustannus\\\/\"]}]}<\/script>\n<!-- \/ Yoast SEO plugin. -->","yoast_head_json":{"title":"Jyrki Heikkinen: Apua on tulossa! - Asema Kustannus","robots":{"index":"index","follow":"follow","max-snippet":"max-snippet:-1","max-image-preview":"max-image-preview:large","max-video-preview":"max-video-preview:-1"},"canonical":"https:\/\/www.asemakustannus.com\/kauppa\/tuote\/jyrki-heikkinen-apua-on-tulossa\/","og_locale":"fi_FI","og_type":"article","og_title":"Jyrki Heikkinen: Apua on tulossa! - Asema Kustannus","og_description":"Kuvarunoja 84 sivua | 20,5 x 20,5 cm | neliv\u00e4ri ISBN 978-952-99923-9-3 Asema 2010 Tarvitsetko k\u00e4yt\u00e4nn\u00f6n ohjausta el\u00e4m\u00e4\u00e4n? T\u00e4m\u00e4 kirja on sinulle. Sano \u00e4\u00e4neen: &#8221;Apua on tulossa.&#8221;\u00a0Apua on tulossa!\u00a0Jyrki Heikkisen\u00a0kuvarunoja julkaistaan nyt ihanissa v\u00e4reiss\u00e4. N\u00e4m\u00e4 sarjakuvat ovat t\u00e4ynn\u00e4 viisautta, tyhmyytt\u00e4, el\u00e4m\u00e4\u00e4 ja p\u00f6ljyytt\u00e4. Edellisess\u00e4 kokoelmassa\u00a0Kiitosvirret + ylistyslaulut\u00a0(2008) alkanut matka arjen ihmeeseen ja el\u00e4m\u00e4n riehaan jatkuu [&hellip;]","og_url":"https:\/\/www.asemakustannus.com\/kauppa\/tuote\/jyrki-heikkinen-apua-on-tulossa\/","og_site_name":"Asema Kustannus","article_publisher":"https:\/\/www.facebook.com\/asemakustannus","article_modified_time":"2021-03-22T12:06:30+00:00","og_image":[{"width":450,"height":450,"url":"https:\/\/www.asemakustannus.com\/kauppa\/wp-content\/uploads\/2021\/03\/APUA_ON_TULOSSA-iso.jpg","type":"image\/jpeg"}],"twitter_card":"summary_large_image","twitter_site":"@asemakustannus","schema":{"@context":"https:\/\/schema.org","@graph":[{"@type":"WebPage","@id":"https:\/\/www.asemakustannus.com\/kauppa\/tuote\/jyrki-heikkinen-apua-on-tulossa\/","url":"https:\/\/www.asemakustannus.com\/kauppa\/tuote\/jyrki-heikkinen-apua-on-tulossa\/","name":"Jyrki Heikkinen: Apua on tulossa! - Asema Kustannus","isPartOf":{"@id":"https:\/\/www.asemakustannus.com\/kauppa\/#website"},"primaryImageOfPage":{"@id":"https:\/\/www.asemakustannus.com\/kauppa\/tuote\/jyrki-heikkinen-apua-on-tulossa\/#primaryimage"},"image":{"@id":"https:\/\/www.asemakustannus.com\/kauppa\/tuote\/jyrki-heikkinen-apua-on-tulossa\/#primaryimage"},"thumbnailUrl":"https:\/\/i0.wp.com\/www.asemakustannus.com\/kauppa\/wp-content\/uploads\/2021\/03\/APUA_ON_TULOSSA-iso.jpg?fit=450%2C450&ssl=1","datePublished":"2021-03-22T12:03:58+00:00","dateModified":"2021-03-22T12:06:30+00:00","breadcrumb":{"@id":"https:\/\/www.asemakustannus.com\/kauppa\/tuote\/jyrki-heikkinen-apua-on-tulossa\/#breadcrumb"},"inLanguage":"fi","potentialAction":[{"@type":"ReadAction","target":["https:\/\/www.asemakustannus.com\/kauppa\/tuote\/jyrki-heikkinen-apua-on-tulossa\/"]}]},{"@type":"ImageObject","inLanguage":"fi","@id":"https:\/\/www.asemakustannus.com\/kauppa\/tuote\/jyrki-heikkinen-apua-on-tulossa\/#primaryimage","url":"https:\/\/i0.wp.com\/www.asemakustannus.com\/kauppa\/wp-content\/uploads\/2021\/03\/APUA_ON_TULOSSA-iso.jpg?fit=450%2C450&ssl=1","contentUrl":"https:\/\/i0.wp.com\/www.asemakustannus.com\/kauppa\/wp-content\/uploads\/2021\/03\/APUA_ON_TULOSSA-iso.jpg?fit=450%2C450&ssl=1","width":450,"height":450},{"@type":"BreadcrumbList","@id":"https:\/\/www.asemakustannus.com\/kauppa\/tuote\/jyrki-heikkinen-apua-on-tulossa\/#breadcrumb","itemListElement":[{"@type":"ListItem","position":1,"name":"Home","item":"https:\/\/www.asemakustannus.com\/kauppa\/"},{"@type":"ListItem","position":2,"name":"Kauppa","item":"https:\/\/www.asemakustannus.com\/kauppa\/kauppa\/"},{"@type":"ListItem","position":3,"name":"Jyrki Heikkinen: Apua on tulossa!"}]},{"@type":"WebSite","@id":"https:\/\/www.asemakustannus.com\/kauppa\/#website","url":"https:\/\/www.asemakustannus.com\/kauppa\/","name":"Asema Kustannus","description":"Sarjakuvakauppa","publisher":{"@id":"https:\/\/www.asemakustannus.com\/kauppa\/#organization"},"potentialAction":[{"@type":"SearchAction","target":{"@type":"EntryPoint","urlTemplate":"https:\/\/www.asemakustannus.com\/kauppa\/?s={search_term_string}"},"query-input":{"@type":"PropertyValueSpecification","valueRequired":true,"valueName":"search_term_string"}}],"inLanguage":"fi"},{"@type":"Organization","@id":"https:\/\/www.asemakustannus.com\/kauppa\/#organization","name":"Asema Kustannus","url":"https:\/\/www.asemakustannus.com\/kauppa\/","logo":{"@type":"ImageObject","inLanguage":"fi","@id":"https:\/\/www.asemakustannus.com\/kauppa\/#\/schema\/logo\/image\/","url":"https:\/\/www.asemakustannus.com\/kauppa\/wp-content\/uploads\/2021\/09\/181007768_141578281313342_8780310787852686686_n-1.jpeg","contentUrl":"https:\/\/www.asemakustannus.com\/kauppa\/wp-content\/uploads\/2021\/09\/181007768_141578281313342_8780310787852686686_n-1.jpeg","width":300,"height":333,"caption":"Asema Kustannus"},"image":{"@id":"https:\/\/www.asemakustannus.com\/kauppa\/#\/schema\/logo\/image\/"},"sameAs":["https:\/\/www.facebook.com\/asemakustannus","https:\/\/x.com\/asemakustannus","https:\/\/www.instagram.com\/asemakustannus\/"]}]}},"jetpack_sharing_enabled":true,"_links":{"self":[{"href":"https:\/\/www.asemakustannus.com\/kauppa\/wp-json\/wp\/v2\/product\/346","targetHints":{"allow":["GET"]}}],"collection":[{"href":"https:\/\/www.asemakustannus.com\/kauppa\/wp-json\/wp\/v2\/product"}],"about":[{"href":"https:\/\/www.asemakustannus.com\/kauppa\/wp-json\/wp\/v2\/types\/product"}],"wp:featuredmedia":[{"embeddable":true,"href":"https:\/\/www.asemakustannus.com\/kauppa\/wp-json\/wp\/v2\/media\/183"}],"wp:attachment":[{"href":"https:\/\/www.asemakustannus.com\/kauppa\/wp-json\/wp\/v2\/media?parent=346"}],"wp:term":[{"taxonomy":"product_brand","embeddable":true,"href":"https:\/\/www.asemakustannus.com\/kauppa\/wp-json\/wp\/v2\/product_brand?post=346"},{"taxonomy":"product_cat","embeddable":true,"href":"https:\/\/www.asemakustannus.com\/kauppa\/wp-json\/wp\/v2\/product_cat?post=346"},{"taxonomy":"product_tag","embeddable":true,"href":"https:\/\/www.asemakustannus.com\/kauppa\/wp-json\/wp\/v2\/product_tag?post=346"}],"curies":[{"name":"wp","href":"https:\/\/api.w.org\/{rel}","templated":true}]}}