{"id":355,"date":"2021-03-22T14:12:09","date_gmt":"2021-03-22T12:12:09","guid":{"rendered":"https:\/\/www.asemakustannus.com\/kauppa\/?post_type=product&#038;p=355"},"modified":"2021-09-10T14:48:34","modified_gmt":"2021-09-10T11:48:34","slug":"ville-ranta-scener-fran-paradiset","status":"publish","type":"product","link":"https:\/\/www.asemakustannus.com\/kauppa\/tuote\/ville-ranta-scener-fran-paradiset\/","title":{"rendered":"Ville Ranta: Scener fr\u00e5n Paradiset"},"content":{"rendered":"<p>Ruotsinkielinen | P\u00e5 svenska<\/p>\n<p>72 sidor | B5 h\u00e5rda p\u00e4rmar<\/p>\n<p>ISBN 9789185951338<\/p>\n<p>Optimal 2011<\/p>\n<p>\u2013 Besv\u00e4rligt att inte veta n\u00e4r man ska t\u00e4nka sj\u00e4lv och n\u00e4r man inte ska t\u00e4nka alls. \u2013 ADAM, man<\/p>\n<p>\u2013 Ja du Adam. Du kanske inbillade dig att k\u00e4rlek kan vara enbart k\u00e4rlek! \u2013 KERUB, p\u00e5 Guds avl\u00f6ningslista<\/p>\n<p>\u2013 Jag f\u00e5r i forts\u00e4ttningen f\u00f6rs\u00f6ka komma ih\u00e5g att h\u00e5lla en viss YRKESM\u00c4SSIG DISTANS i det h\u00e4r sociala arbetet. \u2013 D\u00d6DEN, kundservice<\/p>\n<p>Serieskaparen\u00a0<strong>Ville Ranta<\/strong>\u00a0(f\u00f6dd 1978) \u00e4r bosatt i Ule\u00e5borg i norra Finland. Han har givit ut ett flertal serieb\u00f6cker i hemlandet som \u00f6versatts till bland annat svenska, franska och polska. P\u00e5 svenska har tidigare utgivits serieromanen <em>Kajana<\/em>, vars franska utg\u00e5va nominerades till b\u00e4sta album vid Europas st\u00f6rsta seriefestival i Angoul\u00eame.\u00a0<em>Scener fr\u00e5n Paradiset<\/em>\u00a0\u00e4r Rantas andra seriealbum p\u00e5 svenska.<\/p>\n","protected":false},"excerpt":{"rendered":"<p>Ruotsinkielinen | P\u00e5 svenska 72 sidor | B5 h\u00e5rda p\u00e4rmar ISBN 9789185951338 Optimal 2011 \u2013 Besv\u00e4rligt att inte veta n\u00e4r man ska t\u00e4nka sj\u00e4lv och n\u00e4r man inte ska t\u00e4nka alls. \u2013 ADAM, man \u2013 Ja du Adam. Du kanske inbillade dig att k\u00e4rlek kan vara enbart k\u00e4rlek! \u2013 KERUB, p\u00e5 Guds avl\u00f6ningslista \u2013 Jag [&hellip;]<\/p>\n","protected":false},"featured_media":356,"template":"","meta":[],"product_brand":[],"product_cat":[38],"product_tag":[51],"class_list":{"0":"post-355","1":"product","2":"type-product","3":"status-publish","4":"has-post-thumbnail","6":"product_cat-kirjat","7":"product_tag-ville-ranta","8":"product_shipping_class-xxspaketti","10":"first","11":"instock","12":"shipping-taxable","13":"purchasable","14":"product-type-simple"},"yoast_head":"<!-- This site is optimized with the Yoast SEO plugin v27.3 - https:\/\/yoast.com\/product\/yoast-seo-wordpress\/ -->\n<title>Ville Ranta: Scener fr\u00e5n Paradiset - Asema Kustannus<\/title>\n<meta name=\"robots\" content=\"index, follow, max-snippet:-1, max-image-preview:large, max-video-preview:-1\" \/>\n<link rel=\"canonical\" href=\"https:\/\/www.asemakustannus.com\/kauppa\/tuote\/ville-ranta-scener-fran-paradiset\/\" \/>\n<meta property=\"og:locale\" content=\"fi_FI\" \/>\n<meta property=\"og:type\" content=\"article\" \/>\n<meta property=\"og:title\" content=\"Ville Ranta: Scener fr\u00e5n Paradiset - Asema Kustannus\" \/>\n<meta property=\"og:description\" content=\"Ruotsinkielinen | P\u00e5 svenska 72 sidor | B5 h\u00e5rda p\u00e4rmar ISBN 9789185951338 Optimal 2011 \u2013 Besv\u00e4rligt att inte veta n\u00e4r man ska t\u00e4nka sj\u00e4lv och n\u00e4r man inte ska t\u00e4nka alls. \u2013 ADAM, man \u2013 Ja du Adam. Du kanske inbillade dig att k\u00e4rlek kan vara enbart k\u00e4rlek! \u2013 KERUB, p\u00e5 Guds avl\u00f6ningslista \u2013 Jag [&hellip;]\" \/>\n<meta property=\"og:url\" content=\"https:\/\/www.asemakustannus.com\/kauppa\/tuote\/ville-ranta-scener-fran-paradiset\/\" \/>\n<meta property=\"og:site_name\" content=\"Asema Kustannus\" \/>\n<meta property=\"article:publisher\" content=\"https:\/\/www.facebook.com\/asemakustannus\" \/>\n<meta property=\"article:modified_time\" content=\"2021-09-10T11:48:34+00:00\" \/>\n<meta property=\"og:image\" content=\"https:\/\/www.asemakustannus.com\/kauppa\/wp-content\/uploads\/2021\/03\/PARADISET-ISO.jpg\" \/>\n\t<meta property=\"og:image:width\" content=\"450\" \/>\n\t<meta property=\"og:image:height\" content=\"654\" \/>\n\t<meta property=\"og:image:type\" content=\"image\/jpeg\" \/>\n<meta name=\"twitter:card\" content=\"summary_large_image\" \/>\n<meta name=\"twitter:site\" content=\"@asemakustannus\" \/>\n<meta name=\"twitter:label1\" content=\"Arvioitu lukuaika\" \/>\n\t<meta name=\"twitter:data1\" content=\"1 minuutti\" \/>\n<script type=\"application\/ld+json\" class=\"yoast-schema-graph\">{\"@context\":\"https:\\\/\\\/schema.org\",\"@graph\":[{\"@type\":\"WebPage\",\"@id\":\"https:\\\/\\\/www.asemakustannus.com\\\/kauppa\\\/tuote\\\/ville-ranta-scener-fran-paradiset\\\/\",\"url\":\"https:\\\/\\\/www.asemakustannus.com\\\/kauppa\\\/tuote\\\/ville-ranta-scener-fran-paradiset\\\/\",\"name\":\"Ville Ranta: Scener fr\u00e5n Paradiset - Asema Kustannus\",\"isPartOf\":{\"@id\":\"https:\\\/\\\/www.asemakustannus.com\\\/kauppa\\\/#website\"},\"primaryImageOfPage\":{\"@id\":\"https:\\\/\\\/www.asemakustannus.com\\\/kauppa\\\/tuote\\\/ville-ranta-scener-fran-paradiset\\\/#primaryimage\"},\"image\":{\"@id\":\"https:\\\/\\\/www.asemakustannus.com\\\/kauppa\\\/tuote\\\/ville-ranta-scener-fran-paradiset\\\/#primaryimage\"},\"thumbnailUrl\":\"https:\\\/\\\/i0.wp.com\\\/www.asemakustannus.com\\\/kauppa\\\/wp-content\\\/uploads\\\/2021\\\/03\\\/PARADISET-ISO.jpg?fit=450%2C654&ssl=1\",\"datePublished\":\"2021-03-22T12:12:09+00:00\",\"dateModified\":\"2021-09-10T11:48:34+00:00\",\"breadcrumb\":{\"@id\":\"https:\\\/\\\/www.asemakustannus.com\\\/kauppa\\\/tuote\\\/ville-ranta-scener-fran-paradiset\\\/#breadcrumb\"},\"inLanguage\":\"fi\",\"potentialAction\":[{\"@type\":\"ReadAction\",\"target\":[\"https:\\\/\\\/www.asemakustannus.com\\\/kauppa\\\/tuote\\\/ville-ranta-scener-fran-paradiset\\\/\"]}]},{\"@type\":\"ImageObject\",\"inLanguage\":\"fi\",\"@id\":\"https:\\\/\\\/www.asemakustannus.com\\\/kauppa\\\/tuote\\\/ville-ranta-scener-fran-paradiset\\\/#primaryimage\",\"url\":\"https:\\\/\\\/i0.wp.com\\\/www.asemakustannus.com\\\/kauppa\\\/wp-content\\\/uploads\\\/2021\\\/03\\\/PARADISET-ISO.jpg?fit=450%2C654&ssl=1\",\"contentUrl\":\"https:\\\/\\\/i0.wp.com\\\/www.asemakustannus.com\\\/kauppa\\\/wp-content\\\/uploads\\\/2021\\\/03\\\/PARADISET-ISO.jpg?fit=450%2C654&ssl=1\",\"width\":450,\"height\":654},{\"@type\":\"BreadcrumbList\",\"@id\":\"https:\\\/\\\/www.asemakustannus.com\\\/kauppa\\\/tuote\\\/ville-ranta-scener-fran-paradiset\\\/#breadcrumb\",\"itemListElement\":[{\"@type\":\"ListItem\",\"position\":1,\"name\":\"Home\",\"item\":\"https:\\\/\\\/www.asemakustannus.com\\\/kauppa\\\/\"},{\"@type\":\"ListItem\",\"position\":2,\"name\":\"Kauppa\",\"item\":\"https:\\\/\\\/www.asemakustannus.com\\\/kauppa\\\/kauppa\\\/\"},{\"@type\":\"ListItem\",\"position\":3,\"name\":\"Ville Ranta: Scener fr\u00e5n Paradiset\"}]},{\"@type\":\"WebSite\",\"@id\":\"https:\\\/\\\/www.asemakustannus.com\\\/kauppa\\\/#website\",\"url\":\"https:\\\/\\\/www.asemakustannus.com\\\/kauppa\\\/\",\"name\":\"Asema Kustannus\",\"description\":\"Sarjakuvakauppa\",\"publisher\":{\"@id\":\"https:\\\/\\\/www.asemakustannus.com\\\/kauppa\\\/#organization\"},\"potentialAction\":[{\"@type\":\"SearchAction\",\"target\":{\"@type\":\"EntryPoint\",\"urlTemplate\":\"https:\\\/\\\/www.asemakustannus.com\\\/kauppa\\\/?s={search_term_string}\"},\"query-input\":{\"@type\":\"PropertyValueSpecification\",\"valueRequired\":true,\"valueName\":\"search_term_string\"}}],\"inLanguage\":\"fi\"},{\"@type\":\"Organization\",\"@id\":\"https:\\\/\\\/www.asemakustannus.com\\\/kauppa\\\/#organization\",\"name\":\"Asema Kustannus\",\"url\":\"https:\\\/\\\/www.asemakustannus.com\\\/kauppa\\\/\",\"logo\":{\"@type\":\"ImageObject\",\"inLanguage\":\"fi\",\"@id\":\"https:\\\/\\\/www.asemakustannus.com\\\/kauppa\\\/#\\\/schema\\\/logo\\\/image\\\/\",\"url\":\"https:\\\/\\\/www.asemakustannus.com\\\/kauppa\\\/wp-content\\\/uploads\\\/2021\\\/09\\\/181007768_141578281313342_8780310787852686686_n-1.jpeg\",\"contentUrl\":\"https:\\\/\\\/www.asemakustannus.com\\\/kauppa\\\/wp-content\\\/uploads\\\/2021\\\/09\\\/181007768_141578281313342_8780310787852686686_n-1.jpeg\",\"width\":300,\"height\":333,\"caption\":\"Asema Kustannus\"},\"image\":{\"@id\":\"https:\\\/\\\/www.asemakustannus.com\\\/kauppa\\\/#\\\/schema\\\/logo\\\/image\\\/\"},\"sameAs\":[\"https:\\\/\\\/www.facebook.com\\\/asemakustannus\",\"https:\\\/\\\/x.com\\\/asemakustannus\",\"https:\\\/\\\/www.instagram.com\\\/asemakustannus\\\/\"]}]}<\/script>\n<!-- \/ Yoast SEO plugin. -->","yoast_head_json":{"title":"Ville Ranta: Scener fr\u00e5n Paradiset - Asema Kustannus","robots":{"index":"index","follow":"follow","max-snippet":"max-snippet:-1","max-image-preview":"max-image-preview:large","max-video-preview":"max-video-preview:-1"},"canonical":"https:\/\/www.asemakustannus.com\/kauppa\/tuote\/ville-ranta-scener-fran-paradiset\/","og_locale":"fi_FI","og_type":"article","og_title":"Ville Ranta: Scener fr\u00e5n Paradiset - Asema Kustannus","og_description":"Ruotsinkielinen | P\u00e5 svenska 72 sidor | B5 h\u00e5rda p\u00e4rmar ISBN 9789185951338 Optimal 2011 \u2013 Besv\u00e4rligt att inte veta n\u00e4r man ska t\u00e4nka sj\u00e4lv och n\u00e4r man inte ska t\u00e4nka alls. \u2013 ADAM, man \u2013 Ja du Adam. Du kanske inbillade dig att k\u00e4rlek kan vara enbart k\u00e4rlek! \u2013 KERUB, p\u00e5 Guds avl\u00f6ningslista \u2013 Jag [&hellip;]","og_url":"https:\/\/www.asemakustannus.com\/kauppa\/tuote\/ville-ranta-scener-fran-paradiset\/","og_site_name":"Asema Kustannus","article_publisher":"https:\/\/www.facebook.com\/asemakustannus","article_modified_time":"2021-09-10T11:48:34+00:00","og_image":[{"width":450,"height":654,"url":"https:\/\/www.asemakustannus.com\/kauppa\/wp-content\/uploads\/2021\/03\/PARADISET-ISO.jpg","type":"image\/jpeg"}],"twitter_card":"summary_large_image","twitter_site":"@asemakustannus","twitter_misc":{"Arvioitu lukuaika":"1 minuutti"},"schema":{"@context":"https:\/\/schema.org","@graph":[{"@type":"WebPage","@id":"https:\/\/www.asemakustannus.com\/kauppa\/tuote\/ville-ranta-scener-fran-paradiset\/","url":"https:\/\/www.asemakustannus.com\/kauppa\/tuote\/ville-ranta-scener-fran-paradiset\/","name":"Ville Ranta: Scener fr\u00e5n Paradiset - Asema Kustannus","isPartOf":{"@id":"https:\/\/www.asemakustannus.com\/kauppa\/#website"},"primaryImageOfPage":{"@id":"https:\/\/www.asemakustannus.com\/kauppa\/tuote\/ville-ranta-scener-fran-paradiset\/#primaryimage"},"image":{"@id":"https:\/\/www.asemakustannus.com\/kauppa\/tuote\/ville-ranta-scener-fran-paradiset\/#primaryimage"},"thumbnailUrl":"https:\/\/i0.wp.com\/www.asemakustannus.com\/kauppa\/wp-content\/uploads\/2021\/03\/PARADISET-ISO.jpg?fit=450%2C654&ssl=1","datePublished":"2021-03-22T12:12:09+00:00","dateModified":"2021-09-10T11:48:34+00:00","breadcrumb":{"@id":"https:\/\/www.asemakustannus.com\/kauppa\/tuote\/ville-ranta-scener-fran-paradiset\/#breadcrumb"},"inLanguage":"fi","potentialAction":[{"@type":"ReadAction","target":["https:\/\/www.asemakustannus.com\/kauppa\/tuote\/ville-ranta-scener-fran-paradiset\/"]}]},{"@type":"ImageObject","inLanguage":"fi","@id":"https:\/\/www.asemakustannus.com\/kauppa\/tuote\/ville-ranta-scener-fran-paradiset\/#primaryimage","url":"https:\/\/i0.wp.com\/www.asemakustannus.com\/kauppa\/wp-content\/uploads\/2021\/03\/PARADISET-ISO.jpg?fit=450%2C654&ssl=1","contentUrl":"https:\/\/i0.wp.com\/www.asemakustannus.com\/kauppa\/wp-content\/uploads\/2021\/03\/PARADISET-ISO.jpg?fit=450%2C654&ssl=1","width":450,"height":654},{"@type":"BreadcrumbList","@id":"https:\/\/www.asemakustannus.com\/kauppa\/tuote\/ville-ranta-scener-fran-paradiset\/#breadcrumb","itemListElement":[{"@type":"ListItem","position":1,"name":"Home","item":"https:\/\/www.asemakustannus.com\/kauppa\/"},{"@type":"ListItem","position":2,"name":"Kauppa","item":"https:\/\/www.asemakustannus.com\/kauppa\/kauppa\/"},{"@type":"ListItem","position":3,"name":"Ville Ranta: Scener fr\u00e5n Paradiset"}]},{"@type":"WebSite","@id":"https:\/\/www.asemakustannus.com\/kauppa\/#website","url":"https:\/\/www.asemakustannus.com\/kauppa\/","name":"Asema Kustannus","description":"Sarjakuvakauppa","publisher":{"@id":"https:\/\/www.asemakustannus.com\/kauppa\/#organization"},"potentialAction":[{"@type":"SearchAction","target":{"@type":"EntryPoint","urlTemplate":"https:\/\/www.asemakustannus.com\/kauppa\/?s={search_term_string}"},"query-input":{"@type":"PropertyValueSpecification","valueRequired":true,"valueName":"search_term_string"}}],"inLanguage":"fi"},{"@type":"Organization","@id":"https:\/\/www.asemakustannus.com\/kauppa\/#organization","name":"Asema Kustannus","url":"https:\/\/www.asemakustannus.com\/kauppa\/","logo":{"@type":"ImageObject","inLanguage":"fi","@id":"https:\/\/www.asemakustannus.com\/kauppa\/#\/schema\/logo\/image\/","url":"https:\/\/www.asemakustannus.com\/kauppa\/wp-content\/uploads\/2021\/09\/181007768_141578281313342_8780310787852686686_n-1.jpeg","contentUrl":"https:\/\/www.asemakustannus.com\/kauppa\/wp-content\/uploads\/2021\/09\/181007768_141578281313342_8780310787852686686_n-1.jpeg","width":300,"height":333,"caption":"Asema Kustannus"},"image":{"@id":"https:\/\/www.asemakustannus.com\/kauppa\/#\/schema\/logo\/image\/"},"sameAs":["https:\/\/www.facebook.com\/asemakustannus","https:\/\/x.com\/asemakustannus","https:\/\/www.instagram.com\/asemakustannus\/"]}]}},"jetpack_sharing_enabled":true,"_links":{"self":[{"href":"https:\/\/www.asemakustannus.com\/kauppa\/wp-json\/wp\/v2\/product\/355","targetHints":{"allow":["GET"]}}],"collection":[{"href":"https:\/\/www.asemakustannus.com\/kauppa\/wp-json\/wp\/v2\/product"}],"about":[{"href":"https:\/\/www.asemakustannus.com\/kauppa\/wp-json\/wp\/v2\/types\/product"}],"wp:featuredmedia":[{"embeddable":true,"href":"https:\/\/www.asemakustannus.com\/kauppa\/wp-json\/wp\/v2\/media\/356"}],"wp:attachment":[{"href":"https:\/\/www.asemakustannus.com\/kauppa\/wp-json\/wp\/v2\/media?parent=355"}],"wp:term":[{"taxonomy":"product_brand","embeddable":true,"href":"https:\/\/www.asemakustannus.com\/kauppa\/wp-json\/wp\/v2\/product_brand?post=355"},{"taxonomy":"product_cat","embeddable":true,"href":"https:\/\/www.asemakustannus.com\/kauppa\/wp-json\/wp\/v2\/product_cat?post=355"},{"taxonomy":"product_tag","embeddable":true,"href":"https:\/\/www.asemakustannus.com\/kauppa\/wp-json\/wp\/v2\/product_tag?post=355"}],"curies":[{"name":"wp","href":"https:\/\/api.w.org\/{rel}","templated":true}]}}