{"id":357,"date":"2021-03-22T14:15:10","date_gmt":"2021-03-22T12:15:10","guid":{"rendered":"https:\/\/www.asemakustannus.com\/kauppa\/?post_type=product&#038;p=357"},"modified":"2021-03-22T14:16:54","modified_gmt":"2021-03-22T12:16:54","slug":"enimmakseen-hyva-nakyvyys","status":"publish","type":"product","link":"https:\/\/www.asemakustannus.com\/kauppa\/tuote\/enimmakseen-hyva-nakyvyys\/","title":{"rendered":"Hannele Richert: Enimm\u00e4kseen hyv\u00e4 n\u00e4kyvyys"},"content":{"rendered":"<p>124 sivua | mustavalkoinen | pehme\u00e4kantinen<\/p>\n<p>ISBN 978-952-5909-06-7<\/p>\n<p>Asema 2011<\/p>\n<p>Includes English subtitles.<\/p>\n<p>Aikuisuus on edess\u00e4, mutta Marja vain haluaa astronautiksi. Kun todellisuus n\u00e4ytt\u00e4\u00e4 arkiset, latteat ja kaavamaiset kasvonsa, Marja haraa vastaan. J\u00e4rkivalintojen, juhlimisen ja vakavan seurustelun sijaan h\u00e4n haluaa killua yksin avaruudessa. Tyytym\u00e4tt\u00f6myydest\u00e4 tulee el\u00e4m\u00e4\u00e4 yll\u00e4pit\u00e4v\u00e4 voima.\u00a0<em>Enimm\u00e4kseen hyv\u00e4 n\u00e4kyvyys<\/em>\u00a0on kova mutta l\u00e4mmin kuvaus nuoruuden vaihtumisesta aikuisuudeksi.<\/p>\n<p><strong>Hannele Richert<\/strong>\u00a0(s. 1979) on kotoisin Keravalta ja asuu Helsingiss\u00e4.\u00a0<em>Enimm\u00e4kseen hyv\u00e4 n\u00e4kyvyys<\/em>\u00a0on h\u00e4nen ensimm\u00e4inen pitk\u00e4 sarjakuvateoksensa.<\/p>\n","protected":false},"excerpt":{"rendered":"<p>124 sivua | mustavalkoinen | pehme\u00e4kantinen ISBN 978-952-5909-06-7 Asema 2011 Includes English subtitles. Aikuisuus on edess\u00e4, mutta Marja vain haluaa astronautiksi. Kun todellisuus n\u00e4ytt\u00e4\u00e4 arkiset, latteat ja kaavamaiset kasvonsa, Marja haraa vastaan. J\u00e4rkivalintojen, juhlimisen ja vakavan seurustelun sijaan h\u00e4n haluaa killua yksin avaruudessa. Tyytym\u00e4tt\u00f6myydest\u00e4 tulee el\u00e4m\u00e4\u00e4 yll\u00e4pit\u00e4v\u00e4 voima.\u00a0Enimm\u00e4kseen hyv\u00e4 n\u00e4kyvyys\u00a0on kova mutta l\u00e4mmin kuvaus nuoruuden [&hellip;]<\/p>\n","protected":false},"featured_media":198,"template":"","meta":[],"product_brand":[],"product_cat":[38],"product_tag":[],"class_list":{"0":"post-357","1":"product","2":"type-product","3":"status-publish","4":"has-post-thumbnail","6":"product_cat-kirjat","7":"product_shipping_class-xxspaketti","9":"first","10":"outofstock","11":"shipping-taxable","12":"purchasable","13":"product-type-simple"},"yoast_head":"<!-- This site is optimized with the Yoast SEO plugin v27.3 - https:\/\/yoast.com\/product\/yoast-seo-wordpress\/ -->\n<title>Hannele Richert: Enimm\u00e4kseen hyv\u00e4 n\u00e4kyvyys - Asema Kustannus<\/title>\n<meta name=\"robots\" content=\"index, follow, max-snippet:-1, max-image-preview:large, max-video-preview:-1\" \/>\n<link rel=\"canonical\" href=\"https:\/\/www.asemakustannus.com\/kauppa\/tuote\/enimmakseen-hyva-nakyvyys\/\" \/>\n<meta property=\"og:locale\" content=\"fi_FI\" \/>\n<meta property=\"og:type\" content=\"article\" \/>\n<meta property=\"og:title\" content=\"Hannele Richert: Enimm\u00e4kseen hyv\u00e4 n\u00e4kyvyys - Asema Kustannus\" \/>\n<meta property=\"og:description\" content=\"124 sivua | mustavalkoinen | pehme\u00e4kantinen ISBN 978-952-5909-06-7 Asema 2011 Includes English subtitles. Aikuisuus on edess\u00e4, mutta Marja vain haluaa astronautiksi. Kun todellisuus n\u00e4ytt\u00e4\u00e4 arkiset, latteat ja kaavamaiset kasvonsa, Marja haraa vastaan. J\u00e4rkivalintojen, juhlimisen ja vakavan seurustelun sijaan h\u00e4n haluaa killua yksin avaruudessa. Tyytym\u00e4tt\u00f6myydest\u00e4 tulee el\u00e4m\u00e4\u00e4 yll\u00e4pit\u00e4v\u00e4 voima.\u00a0Enimm\u00e4kseen hyv\u00e4 n\u00e4kyvyys\u00a0on kova mutta l\u00e4mmin kuvaus nuoruuden [&hellip;]\" \/>\n<meta property=\"og:url\" content=\"https:\/\/www.asemakustannus.com\/kauppa\/tuote\/enimmakseen-hyva-nakyvyys\/\" \/>\n<meta property=\"og:site_name\" content=\"Asema Kustannus\" \/>\n<meta property=\"article:publisher\" content=\"https:\/\/www.facebook.com\/asemakustannus\" \/>\n<meta property=\"article:modified_time\" content=\"2021-03-22T12:16:54+00:00\" \/>\n<meta property=\"og:image\" content=\"https:\/\/www.asemakustannus.com\/kauppa\/wp-content\/uploads\/2021\/03\/ENIMMAKSEEN-iso.jpg\" \/>\n\t<meta property=\"og:image:width\" content=\"450\" \/>\n\t<meta property=\"og:image:height\" content=\"647\" \/>\n\t<meta property=\"og:image:type\" content=\"image\/jpeg\" \/>\n<meta name=\"twitter:card\" content=\"summary_large_image\" \/>\n<meta name=\"twitter:site\" content=\"@asemakustannus\" \/>\n<script type=\"application\/ld+json\" class=\"yoast-schema-graph\">{\"@context\":\"https:\\\/\\\/schema.org\",\"@graph\":[{\"@type\":\"WebPage\",\"@id\":\"https:\\\/\\\/www.asemakustannus.com\\\/kauppa\\\/tuote\\\/enimmakseen-hyva-nakyvyys\\\/\",\"url\":\"https:\\\/\\\/www.asemakustannus.com\\\/kauppa\\\/tuote\\\/enimmakseen-hyva-nakyvyys\\\/\",\"name\":\"Hannele Richert: Enimm\u00e4kseen hyv\u00e4 n\u00e4kyvyys - Asema Kustannus\",\"isPartOf\":{\"@id\":\"https:\\\/\\\/www.asemakustannus.com\\\/kauppa\\\/#website\"},\"primaryImageOfPage\":{\"@id\":\"https:\\\/\\\/www.asemakustannus.com\\\/kauppa\\\/tuote\\\/enimmakseen-hyva-nakyvyys\\\/#primaryimage\"},\"image\":{\"@id\":\"https:\\\/\\\/www.asemakustannus.com\\\/kauppa\\\/tuote\\\/enimmakseen-hyva-nakyvyys\\\/#primaryimage\"},\"thumbnailUrl\":\"https:\\\/\\\/i0.wp.com\\\/www.asemakustannus.com\\\/kauppa\\\/wp-content\\\/uploads\\\/2021\\\/03\\\/ENIMMAKSEEN-iso.jpg?fit=450%2C647&ssl=1\",\"datePublished\":\"2021-03-22T12:15:10+00:00\",\"dateModified\":\"2021-03-22T12:16:54+00:00\",\"breadcrumb\":{\"@id\":\"https:\\\/\\\/www.asemakustannus.com\\\/kauppa\\\/tuote\\\/enimmakseen-hyva-nakyvyys\\\/#breadcrumb\"},\"inLanguage\":\"fi\",\"potentialAction\":[{\"@type\":\"ReadAction\",\"target\":[\"https:\\\/\\\/www.asemakustannus.com\\\/kauppa\\\/tuote\\\/enimmakseen-hyva-nakyvyys\\\/\"]}]},{\"@type\":\"ImageObject\",\"inLanguage\":\"fi\",\"@id\":\"https:\\\/\\\/www.asemakustannus.com\\\/kauppa\\\/tuote\\\/enimmakseen-hyva-nakyvyys\\\/#primaryimage\",\"url\":\"https:\\\/\\\/i0.wp.com\\\/www.asemakustannus.com\\\/kauppa\\\/wp-content\\\/uploads\\\/2021\\\/03\\\/ENIMMAKSEEN-iso.jpg?fit=450%2C647&ssl=1\",\"contentUrl\":\"https:\\\/\\\/i0.wp.com\\\/www.asemakustannus.com\\\/kauppa\\\/wp-content\\\/uploads\\\/2021\\\/03\\\/ENIMMAKSEEN-iso.jpg?fit=450%2C647&ssl=1\",\"width\":450,\"height\":647},{\"@type\":\"BreadcrumbList\",\"@id\":\"https:\\\/\\\/www.asemakustannus.com\\\/kauppa\\\/tuote\\\/enimmakseen-hyva-nakyvyys\\\/#breadcrumb\",\"itemListElement\":[{\"@type\":\"ListItem\",\"position\":1,\"name\":\"Home\",\"item\":\"https:\\\/\\\/www.asemakustannus.com\\\/kauppa\\\/\"},{\"@type\":\"ListItem\",\"position\":2,\"name\":\"Kauppa\",\"item\":\"https:\\\/\\\/www.asemakustannus.com\\\/kauppa\\\/kauppa\\\/\"},{\"@type\":\"ListItem\",\"position\":3,\"name\":\"Hannele Richert: Enimm\u00e4kseen hyv\u00e4 n\u00e4kyvyys\"}]},{\"@type\":\"WebSite\",\"@id\":\"https:\\\/\\\/www.asemakustannus.com\\\/kauppa\\\/#website\",\"url\":\"https:\\\/\\\/www.asemakustannus.com\\\/kauppa\\\/\",\"name\":\"Asema Kustannus\",\"description\":\"Sarjakuvakauppa\",\"publisher\":{\"@id\":\"https:\\\/\\\/www.asemakustannus.com\\\/kauppa\\\/#organization\"},\"potentialAction\":[{\"@type\":\"SearchAction\",\"target\":{\"@type\":\"EntryPoint\",\"urlTemplate\":\"https:\\\/\\\/www.asemakustannus.com\\\/kauppa\\\/?s={search_term_string}\"},\"query-input\":{\"@type\":\"PropertyValueSpecification\",\"valueRequired\":true,\"valueName\":\"search_term_string\"}}],\"inLanguage\":\"fi\"},{\"@type\":\"Organization\",\"@id\":\"https:\\\/\\\/www.asemakustannus.com\\\/kauppa\\\/#organization\",\"name\":\"Asema Kustannus\",\"url\":\"https:\\\/\\\/www.asemakustannus.com\\\/kauppa\\\/\",\"logo\":{\"@type\":\"ImageObject\",\"inLanguage\":\"fi\",\"@id\":\"https:\\\/\\\/www.asemakustannus.com\\\/kauppa\\\/#\\\/schema\\\/logo\\\/image\\\/\",\"url\":\"https:\\\/\\\/www.asemakustannus.com\\\/kauppa\\\/wp-content\\\/uploads\\\/2021\\\/09\\\/181007768_141578281313342_8780310787852686686_n-1.jpeg\",\"contentUrl\":\"https:\\\/\\\/www.asemakustannus.com\\\/kauppa\\\/wp-content\\\/uploads\\\/2021\\\/09\\\/181007768_141578281313342_8780310787852686686_n-1.jpeg\",\"width\":300,\"height\":333,\"caption\":\"Asema Kustannus\"},\"image\":{\"@id\":\"https:\\\/\\\/www.asemakustannus.com\\\/kauppa\\\/#\\\/schema\\\/logo\\\/image\\\/\"},\"sameAs\":[\"https:\\\/\\\/www.facebook.com\\\/asemakustannus\",\"https:\\\/\\\/x.com\\\/asemakustannus\",\"https:\\\/\\\/www.instagram.com\\\/asemakustannus\\\/\"]}]}<\/script>\n<!-- \/ Yoast SEO plugin. -->","yoast_head_json":{"title":"Hannele Richert: Enimm\u00e4kseen hyv\u00e4 n\u00e4kyvyys - Asema Kustannus","robots":{"index":"index","follow":"follow","max-snippet":"max-snippet:-1","max-image-preview":"max-image-preview:large","max-video-preview":"max-video-preview:-1"},"canonical":"https:\/\/www.asemakustannus.com\/kauppa\/tuote\/enimmakseen-hyva-nakyvyys\/","og_locale":"fi_FI","og_type":"article","og_title":"Hannele Richert: Enimm\u00e4kseen hyv\u00e4 n\u00e4kyvyys - Asema Kustannus","og_description":"124 sivua | mustavalkoinen | pehme\u00e4kantinen ISBN 978-952-5909-06-7 Asema 2011 Includes English subtitles. Aikuisuus on edess\u00e4, mutta Marja vain haluaa astronautiksi. Kun todellisuus n\u00e4ytt\u00e4\u00e4 arkiset, latteat ja kaavamaiset kasvonsa, Marja haraa vastaan. J\u00e4rkivalintojen, juhlimisen ja vakavan seurustelun sijaan h\u00e4n haluaa killua yksin avaruudessa. Tyytym\u00e4tt\u00f6myydest\u00e4 tulee el\u00e4m\u00e4\u00e4 yll\u00e4pit\u00e4v\u00e4 voima.\u00a0Enimm\u00e4kseen hyv\u00e4 n\u00e4kyvyys\u00a0on kova mutta l\u00e4mmin kuvaus nuoruuden [&hellip;]","og_url":"https:\/\/www.asemakustannus.com\/kauppa\/tuote\/enimmakseen-hyva-nakyvyys\/","og_site_name":"Asema Kustannus","article_publisher":"https:\/\/www.facebook.com\/asemakustannus","article_modified_time":"2021-03-22T12:16:54+00:00","og_image":[{"width":450,"height":647,"url":"https:\/\/www.asemakustannus.com\/kauppa\/wp-content\/uploads\/2021\/03\/ENIMMAKSEEN-iso.jpg","type":"image\/jpeg"}],"twitter_card":"summary_large_image","twitter_site":"@asemakustannus","schema":{"@context":"https:\/\/schema.org","@graph":[{"@type":"WebPage","@id":"https:\/\/www.asemakustannus.com\/kauppa\/tuote\/enimmakseen-hyva-nakyvyys\/","url":"https:\/\/www.asemakustannus.com\/kauppa\/tuote\/enimmakseen-hyva-nakyvyys\/","name":"Hannele Richert: Enimm\u00e4kseen hyv\u00e4 n\u00e4kyvyys - Asema Kustannus","isPartOf":{"@id":"https:\/\/www.asemakustannus.com\/kauppa\/#website"},"primaryImageOfPage":{"@id":"https:\/\/www.asemakustannus.com\/kauppa\/tuote\/enimmakseen-hyva-nakyvyys\/#primaryimage"},"image":{"@id":"https:\/\/www.asemakustannus.com\/kauppa\/tuote\/enimmakseen-hyva-nakyvyys\/#primaryimage"},"thumbnailUrl":"https:\/\/i0.wp.com\/www.asemakustannus.com\/kauppa\/wp-content\/uploads\/2021\/03\/ENIMMAKSEEN-iso.jpg?fit=450%2C647&ssl=1","datePublished":"2021-03-22T12:15:10+00:00","dateModified":"2021-03-22T12:16:54+00:00","breadcrumb":{"@id":"https:\/\/www.asemakustannus.com\/kauppa\/tuote\/enimmakseen-hyva-nakyvyys\/#breadcrumb"},"inLanguage":"fi","potentialAction":[{"@type":"ReadAction","target":["https:\/\/www.asemakustannus.com\/kauppa\/tuote\/enimmakseen-hyva-nakyvyys\/"]}]},{"@type":"ImageObject","inLanguage":"fi","@id":"https:\/\/www.asemakustannus.com\/kauppa\/tuote\/enimmakseen-hyva-nakyvyys\/#primaryimage","url":"https:\/\/i0.wp.com\/www.asemakustannus.com\/kauppa\/wp-content\/uploads\/2021\/03\/ENIMMAKSEEN-iso.jpg?fit=450%2C647&ssl=1","contentUrl":"https:\/\/i0.wp.com\/www.asemakustannus.com\/kauppa\/wp-content\/uploads\/2021\/03\/ENIMMAKSEEN-iso.jpg?fit=450%2C647&ssl=1","width":450,"height":647},{"@type":"BreadcrumbList","@id":"https:\/\/www.asemakustannus.com\/kauppa\/tuote\/enimmakseen-hyva-nakyvyys\/#breadcrumb","itemListElement":[{"@type":"ListItem","position":1,"name":"Home","item":"https:\/\/www.asemakustannus.com\/kauppa\/"},{"@type":"ListItem","position":2,"name":"Kauppa","item":"https:\/\/www.asemakustannus.com\/kauppa\/kauppa\/"},{"@type":"ListItem","position":3,"name":"Hannele Richert: Enimm\u00e4kseen hyv\u00e4 n\u00e4kyvyys"}]},{"@type":"WebSite","@id":"https:\/\/www.asemakustannus.com\/kauppa\/#website","url":"https:\/\/www.asemakustannus.com\/kauppa\/","name":"Asema Kustannus","description":"Sarjakuvakauppa","publisher":{"@id":"https:\/\/www.asemakustannus.com\/kauppa\/#organization"},"potentialAction":[{"@type":"SearchAction","target":{"@type":"EntryPoint","urlTemplate":"https:\/\/www.asemakustannus.com\/kauppa\/?s={search_term_string}"},"query-input":{"@type":"PropertyValueSpecification","valueRequired":true,"valueName":"search_term_string"}}],"inLanguage":"fi"},{"@type":"Organization","@id":"https:\/\/www.asemakustannus.com\/kauppa\/#organization","name":"Asema Kustannus","url":"https:\/\/www.asemakustannus.com\/kauppa\/","logo":{"@type":"ImageObject","inLanguage":"fi","@id":"https:\/\/www.asemakustannus.com\/kauppa\/#\/schema\/logo\/image\/","url":"https:\/\/www.asemakustannus.com\/kauppa\/wp-content\/uploads\/2021\/09\/181007768_141578281313342_8780310787852686686_n-1.jpeg","contentUrl":"https:\/\/www.asemakustannus.com\/kauppa\/wp-content\/uploads\/2021\/09\/181007768_141578281313342_8780310787852686686_n-1.jpeg","width":300,"height":333,"caption":"Asema Kustannus"},"image":{"@id":"https:\/\/www.asemakustannus.com\/kauppa\/#\/schema\/logo\/image\/"},"sameAs":["https:\/\/www.facebook.com\/asemakustannus","https:\/\/x.com\/asemakustannus","https:\/\/www.instagram.com\/asemakustannus\/"]}]}},"jetpack_sharing_enabled":true,"_links":{"self":[{"href":"https:\/\/www.asemakustannus.com\/kauppa\/wp-json\/wp\/v2\/product\/357","targetHints":{"allow":["GET"]}}],"collection":[{"href":"https:\/\/www.asemakustannus.com\/kauppa\/wp-json\/wp\/v2\/product"}],"about":[{"href":"https:\/\/www.asemakustannus.com\/kauppa\/wp-json\/wp\/v2\/types\/product"}],"wp:featuredmedia":[{"embeddable":true,"href":"https:\/\/www.asemakustannus.com\/kauppa\/wp-json\/wp\/v2\/media\/198"}],"wp:attachment":[{"href":"https:\/\/www.asemakustannus.com\/kauppa\/wp-json\/wp\/v2\/media?parent=357"}],"wp:term":[{"taxonomy":"product_brand","embeddable":true,"href":"https:\/\/www.asemakustannus.com\/kauppa\/wp-json\/wp\/v2\/product_brand?post=357"},{"taxonomy":"product_cat","embeddable":true,"href":"https:\/\/www.asemakustannus.com\/kauppa\/wp-json\/wp\/v2\/product_cat?post=357"},{"taxonomy":"product_tag","embeddable":true,"href":"https:\/\/www.asemakustannus.com\/kauppa\/wp-json\/wp\/v2\/product_tag?post=357"}],"curies":[{"name":"wp","href":"https:\/\/api.w.org\/{rel}","templated":true}]}}