{"id":358,"date":"2021-03-22T14:17:51","date_gmt":"2021-03-22T12:17:51","guid":{"rendered":"https:\/\/www.asemakustannus.com\/kauppa\/?post_type=product&#038;p=358"},"modified":"2021-03-22T14:20:10","modified_gmt":"2021-03-22T12:20:10","slug":"syliinvaellus-intiaan","status":"publish","type":"product","link":"https:\/\/www.asemakustannus.com\/kauppa\/tuote\/syliinvaellus-intiaan\/","title":{"rendered":"Hanna Koljonen: Syliinvaellus Intiaan"},"content":{"rendered":"<p>76 sivua | neliv\u00e4rinen | pehme\u00e4kantinen<\/p>\n<p>ISBN 978-952-5909-08-1<\/p>\n<p>Asema 2011<\/p>\n<p>Includes English subtitles<\/p>\n<p>\u00c4iti Amman arvioidaan halanneen yli 31 miljoonaa ihmist\u00e4. Yksi heist\u00e4 on Hanna Koljonen. T\u00e4m\u00e4 on kertomus el\u00e4m\u00e4n tarkoituksen etsimisest\u00e4, matkasta Amman luokse maahan, miss\u00e4 kaikki voi olla toisin. Koljonen kuvaa itse\u00e4\u00e4n ja henkistymist\u00e4\u00e4n huikean huumorin ja itseironian l\u00e4pi, mutta on samalla t\u00e4ysin tosissaan ja sis\u00e4ll\u00e4 siin\u00e4, mit\u00e4 kokee.\u00a0<em>Syliinvaellus Intiaan<\/em>\u00a0on tosi, henkil\u00f6kohtainen ja kerrottu kirkkain v\u00e4rein, vapautuneesti ja taidolla.<\/p>\n<p><strong>Hanna Koljonen<\/strong>\u00a0(synt. 1980) on opiskellut sarjakuvaa Limingan taidekoulussa ja voittanut Kemin pohjoismaisen sarjakuvakilpailun.\u00a0<em>Syliinvaellus Intiaan<\/em>\u00a0on Koljosen ensimm\u00e4inen pitk\u00e4 sarjakuvateos.<\/p>\n","protected":false},"excerpt":{"rendered":"<p>76 sivua | neliv\u00e4rinen | pehme\u00e4kantinen ISBN 978-952-5909-08-1 Asema 2011 Includes English subtitles \u00c4iti Amman arvioidaan halanneen yli 31 miljoonaa ihmist\u00e4. Yksi heist\u00e4 on Hanna Koljonen. T\u00e4m\u00e4 on kertomus el\u00e4m\u00e4n tarkoituksen etsimisest\u00e4, matkasta Amman luokse maahan, miss\u00e4 kaikki voi olla toisin. Koljonen kuvaa itse\u00e4\u00e4n ja henkistymist\u00e4\u00e4n huikean huumorin ja itseironian l\u00e4pi, mutta on samalla t\u00e4ysin [&hellip;]<\/p>\n","protected":false},"featured_media":364,"template":"","meta":[],"product_brand":[],"product_cat":[38],"product_tag":[],"class_list":{"0":"post-358","1":"product","2":"type-product","3":"status-publish","4":"has-post-thumbnail","6":"product_cat-kirjat","7":"product_shipping_class-xxspaketti","9":"first","10":"instock","11":"shipping-taxable","12":"purchasable","13":"product-type-simple"},"yoast_head":"<!-- This site is optimized with the Yoast SEO plugin v27.3 - https:\/\/yoast.com\/product\/yoast-seo-wordpress\/ -->\n<title>Hanna Koljonen: Syliinvaellus Intiaan - Asema Kustannus<\/title>\n<meta name=\"robots\" content=\"index, follow, max-snippet:-1, max-image-preview:large, max-video-preview:-1\" \/>\n<link rel=\"canonical\" href=\"https:\/\/www.asemakustannus.com\/kauppa\/tuote\/syliinvaellus-intiaan\/\" \/>\n<meta property=\"og:locale\" content=\"fi_FI\" \/>\n<meta property=\"og:type\" content=\"article\" \/>\n<meta property=\"og:title\" content=\"Hanna Koljonen: Syliinvaellus Intiaan - Asema Kustannus\" \/>\n<meta property=\"og:description\" content=\"76 sivua | neliv\u00e4rinen | pehme\u00e4kantinen ISBN 978-952-5909-08-1 Asema 2011 Includes English subtitles \u00c4iti Amman arvioidaan halanneen yli 31 miljoonaa ihmist\u00e4. Yksi heist\u00e4 on Hanna Koljonen. T\u00e4m\u00e4 on kertomus el\u00e4m\u00e4n tarkoituksen etsimisest\u00e4, matkasta Amman luokse maahan, miss\u00e4 kaikki voi olla toisin. Koljonen kuvaa itse\u00e4\u00e4n ja henkistymist\u00e4\u00e4n huikean huumorin ja itseironian l\u00e4pi, mutta on samalla t\u00e4ysin [&hellip;]\" \/>\n<meta property=\"og:url\" content=\"https:\/\/www.asemakustannus.com\/kauppa\/tuote\/syliinvaellus-intiaan\/\" \/>\n<meta property=\"og:site_name\" content=\"Asema Kustannus\" \/>\n<meta property=\"article:publisher\" content=\"https:\/\/www.facebook.com\/asemakustannus\" \/>\n<meta property=\"article:modified_time\" content=\"2021-03-22T12:20:10+00:00\" \/>\n<meta property=\"og:image\" content=\"https:\/\/www.asemakustannus.com\/kauppa\/wp-content\/uploads\/2021\/03\/SYLIINVAELLUS-iso.jpg\" \/>\n\t<meta property=\"og:image:width\" content=\"450\" \/>\n\t<meta property=\"og:image:height\" content=\"635\" \/>\n\t<meta property=\"og:image:type\" content=\"image\/jpeg\" \/>\n<meta name=\"twitter:card\" content=\"summary_large_image\" \/>\n<meta name=\"twitter:site\" content=\"@asemakustannus\" \/>\n<meta name=\"twitter:label1\" content=\"Arvioitu lukuaika\" \/>\n\t<meta name=\"twitter:data1\" content=\"1 minuutti\" \/>\n<script type=\"application\/ld+json\" class=\"yoast-schema-graph\">{\"@context\":\"https:\\\/\\\/schema.org\",\"@graph\":[{\"@type\":\"WebPage\",\"@id\":\"https:\\\/\\\/www.asemakustannus.com\\\/kauppa\\\/tuote\\\/syliinvaellus-intiaan\\\/\",\"url\":\"https:\\\/\\\/www.asemakustannus.com\\\/kauppa\\\/tuote\\\/syliinvaellus-intiaan\\\/\",\"name\":\"Hanna Koljonen: Syliinvaellus Intiaan - Asema Kustannus\",\"isPartOf\":{\"@id\":\"https:\\\/\\\/www.asemakustannus.com\\\/kauppa\\\/#website\"},\"primaryImageOfPage\":{\"@id\":\"https:\\\/\\\/www.asemakustannus.com\\\/kauppa\\\/tuote\\\/syliinvaellus-intiaan\\\/#primaryimage\"},\"image\":{\"@id\":\"https:\\\/\\\/www.asemakustannus.com\\\/kauppa\\\/tuote\\\/syliinvaellus-intiaan\\\/#primaryimage\"},\"thumbnailUrl\":\"https:\\\/\\\/i0.wp.com\\\/www.asemakustannus.com\\\/kauppa\\\/wp-content\\\/uploads\\\/2021\\\/03\\\/SYLIINVAELLUS-iso.jpg?fit=450%2C635&ssl=1\",\"datePublished\":\"2021-03-22T12:17:51+00:00\",\"dateModified\":\"2021-03-22T12:20:10+00:00\",\"breadcrumb\":{\"@id\":\"https:\\\/\\\/www.asemakustannus.com\\\/kauppa\\\/tuote\\\/syliinvaellus-intiaan\\\/#breadcrumb\"},\"inLanguage\":\"fi\",\"potentialAction\":[{\"@type\":\"ReadAction\",\"target\":[\"https:\\\/\\\/www.asemakustannus.com\\\/kauppa\\\/tuote\\\/syliinvaellus-intiaan\\\/\"]}]},{\"@type\":\"ImageObject\",\"inLanguage\":\"fi\",\"@id\":\"https:\\\/\\\/www.asemakustannus.com\\\/kauppa\\\/tuote\\\/syliinvaellus-intiaan\\\/#primaryimage\",\"url\":\"https:\\\/\\\/i0.wp.com\\\/www.asemakustannus.com\\\/kauppa\\\/wp-content\\\/uploads\\\/2021\\\/03\\\/SYLIINVAELLUS-iso.jpg?fit=450%2C635&ssl=1\",\"contentUrl\":\"https:\\\/\\\/i0.wp.com\\\/www.asemakustannus.com\\\/kauppa\\\/wp-content\\\/uploads\\\/2021\\\/03\\\/SYLIINVAELLUS-iso.jpg?fit=450%2C635&ssl=1\",\"width\":450,\"height\":635},{\"@type\":\"BreadcrumbList\",\"@id\":\"https:\\\/\\\/www.asemakustannus.com\\\/kauppa\\\/tuote\\\/syliinvaellus-intiaan\\\/#breadcrumb\",\"itemListElement\":[{\"@type\":\"ListItem\",\"position\":1,\"name\":\"Home\",\"item\":\"https:\\\/\\\/www.asemakustannus.com\\\/kauppa\\\/\"},{\"@type\":\"ListItem\",\"position\":2,\"name\":\"Kauppa\",\"item\":\"https:\\\/\\\/www.asemakustannus.com\\\/kauppa\\\/kauppa\\\/\"},{\"@type\":\"ListItem\",\"position\":3,\"name\":\"Hanna Koljonen: Syliinvaellus Intiaan\"}]},{\"@type\":\"WebSite\",\"@id\":\"https:\\\/\\\/www.asemakustannus.com\\\/kauppa\\\/#website\",\"url\":\"https:\\\/\\\/www.asemakustannus.com\\\/kauppa\\\/\",\"name\":\"Asema Kustannus\",\"description\":\"Sarjakuvakauppa\",\"publisher\":{\"@id\":\"https:\\\/\\\/www.asemakustannus.com\\\/kauppa\\\/#organization\"},\"potentialAction\":[{\"@type\":\"SearchAction\",\"target\":{\"@type\":\"EntryPoint\",\"urlTemplate\":\"https:\\\/\\\/www.asemakustannus.com\\\/kauppa\\\/?s={search_term_string}\"},\"query-input\":{\"@type\":\"PropertyValueSpecification\",\"valueRequired\":true,\"valueName\":\"search_term_string\"}}],\"inLanguage\":\"fi\"},{\"@type\":\"Organization\",\"@id\":\"https:\\\/\\\/www.asemakustannus.com\\\/kauppa\\\/#organization\",\"name\":\"Asema Kustannus\",\"url\":\"https:\\\/\\\/www.asemakustannus.com\\\/kauppa\\\/\",\"logo\":{\"@type\":\"ImageObject\",\"inLanguage\":\"fi\",\"@id\":\"https:\\\/\\\/www.asemakustannus.com\\\/kauppa\\\/#\\\/schema\\\/logo\\\/image\\\/\",\"url\":\"https:\\\/\\\/www.asemakustannus.com\\\/kauppa\\\/wp-content\\\/uploads\\\/2021\\\/09\\\/181007768_141578281313342_8780310787852686686_n-1.jpeg\",\"contentUrl\":\"https:\\\/\\\/www.asemakustannus.com\\\/kauppa\\\/wp-content\\\/uploads\\\/2021\\\/09\\\/181007768_141578281313342_8780310787852686686_n-1.jpeg\",\"width\":300,\"height\":333,\"caption\":\"Asema Kustannus\"},\"image\":{\"@id\":\"https:\\\/\\\/www.asemakustannus.com\\\/kauppa\\\/#\\\/schema\\\/logo\\\/image\\\/\"},\"sameAs\":[\"https:\\\/\\\/www.facebook.com\\\/asemakustannus\",\"https:\\\/\\\/x.com\\\/asemakustannus\",\"https:\\\/\\\/www.instagram.com\\\/asemakustannus\\\/\"]}]}<\/script>\n<!-- \/ Yoast SEO plugin. -->","yoast_head_json":{"title":"Hanna Koljonen: Syliinvaellus Intiaan - Asema Kustannus","robots":{"index":"index","follow":"follow","max-snippet":"max-snippet:-1","max-image-preview":"max-image-preview:large","max-video-preview":"max-video-preview:-1"},"canonical":"https:\/\/www.asemakustannus.com\/kauppa\/tuote\/syliinvaellus-intiaan\/","og_locale":"fi_FI","og_type":"article","og_title":"Hanna Koljonen: Syliinvaellus Intiaan - Asema Kustannus","og_description":"76 sivua | neliv\u00e4rinen | pehme\u00e4kantinen ISBN 978-952-5909-08-1 Asema 2011 Includes English subtitles \u00c4iti Amman arvioidaan halanneen yli 31 miljoonaa ihmist\u00e4. Yksi heist\u00e4 on Hanna Koljonen. T\u00e4m\u00e4 on kertomus el\u00e4m\u00e4n tarkoituksen etsimisest\u00e4, matkasta Amman luokse maahan, miss\u00e4 kaikki voi olla toisin. Koljonen kuvaa itse\u00e4\u00e4n ja henkistymist\u00e4\u00e4n huikean huumorin ja itseironian l\u00e4pi, mutta on samalla t\u00e4ysin [&hellip;]","og_url":"https:\/\/www.asemakustannus.com\/kauppa\/tuote\/syliinvaellus-intiaan\/","og_site_name":"Asema Kustannus","article_publisher":"https:\/\/www.facebook.com\/asemakustannus","article_modified_time":"2021-03-22T12:20:10+00:00","og_image":[{"width":450,"height":635,"url":"https:\/\/www.asemakustannus.com\/kauppa\/wp-content\/uploads\/2021\/03\/SYLIINVAELLUS-iso.jpg","type":"image\/jpeg"}],"twitter_card":"summary_large_image","twitter_site":"@asemakustannus","twitter_misc":{"Arvioitu lukuaika":"1 minuutti"},"schema":{"@context":"https:\/\/schema.org","@graph":[{"@type":"WebPage","@id":"https:\/\/www.asemakustannus.com\/kauppa\/tuote\/syliinvaellus-intiaan\/","url":"https:\/\/www.asemakustannus.com\/kauppa\/tuote\/syliinvaellus-intiaan\/","name":"Hanna Koljonen: Syliinvaellus Intiaan - Asema Kustannus","isPartOf":{"@id":"https:\/\/www.asemakustannus.com\/kauppa\/#website"},"primaryImageOfPage":{"@id":"https:\/\/www.asemakustannus.com\/kauppa\/tuote\/syliinvaellus-intiaan\/#primaryimage"},"image":{"@id":"https:\/\/www.asemakustannus.com\/kauppa\/tuote\/syliinvaellus-intiaan\/#primaryimage"},"thumbnailUrl":"https:\/\/i0.wp.com\/www.asemakustannus.com\/kauppa\/wp-content\/uploads\/2021\/03\/SYLIINVAELLUS-iso.jpg?fit=450%2C635&ssl=1","datePublished":"2021-03-22T12:17:51+00:00","dateModified":"2021-03-22T12:20:10+00:00","breadcrumb":{"@id":"https:\/\/www.asemakustannus.com\/kauppa\/tuote\/syliinvaellus-intiaan\/#breadcrumb"},"inLanguage":"fi","potentialAction":[{"@type":"ReadAction","target":["https:\/\/www.asemakustannus.com\/kauppa\/tuote\/syliinvaellus-intiaan\/"]}]},{"@type":"ImageObject","inLanguage":"fi","@id":"https:\/\/www.asemakustannus.com\/kauppa\/tuote\/syliinvaellus-intiaan\/#primaryimage","url":"https:\/\/i0.wp.com\/www.asemakustannus.com\/kauppa\/wp-content\/uploads\/2021\/03\/SYLIINVAELLUS-iso.jpg?fit=450%2C635&ssl=1","contentUrl":"https:\/\/i0.wp.com\/www.asemakustannus.com\/kauppa\/wp-content\/uploads\/2021\/03\/SYLIINVAELLUS-iso.jpg?fit=450%2C635&ssl=1","width":450,"height":635},{"@type":"BreadcrumbList","@id":"https:\/\/www.asemakustannus.com\/kauppa\/tuote\/syliinvaellus-intiaan\/#breadcrumb","itemListElement":[{"@type":"ListItem","position":1,"name":"Home","item":"https:\/\/www.asemakustannus.com\/kauppa\/"},{"@type":"ListItem","position":2,"name":"Kauppa","item":"https:\/\/www.asemakustannus.com\/kauppa\/kauppa\/"},{"@type":"ListItem","position":3,"name":"Hanna Koljonen: Syliinvaellus Intiaan"}]},{"@type":"WebSite","@id":"https:\/\/www.asemakustannus.com\/kauppa\/#website","url":"https:\/\/www.asemakustannus.com\/kauppa\/","name":"Asema Kustannus","description":"Sarjakuvakauppa","publisher":{"@id":"https:\/\/www.asemakustannus.com\/kauppa\/#organization"},"potentialAction":[{"@type":"SearchAction","target":{"@type":"EntryPoint","urlTemplate":"https:\/\/www.asemakustannus.com\/kauppa\/?s={search_term_string}"},"query-input":{"@type":"PropertyValueSpecification","valueRequired":true,"valueName":"search_term_string"}}],"inLanguage":"fi"},{"@type":"Organization","@id":"https:\/\/www.asemakustannus.com\/kauppa\/#organization","name":"Asema Kustannus","url":"https:\/\/www.asemakustannus.com\/kauppa\/","logo":{"@type":"ImageObject","inLanguage":"fi","@id":"https:\/\/www.asemakustannus.com\/kauppa\/#\/schema\/logo\/image\/","url":"https:\/\/www.asemakustannus.com\/kauppa\/wp-content\/uploads\/2021\/09\/181007768_141578281313342_8780310787852686686_n-1.jpeg","contentUrl":"https:\/\/www.asemakustannus.com\/kauppa\/wp-content\/uploads\/2021\/09\/181007768_141578281313342_8780310787852686686_n-1.jpeg","width":300,"height":333,"caption":"Asema Kustannus"},"image":{"@id":"https:\/\/www.asemakustannus.com\/kauppa\/#\/schema\/logo\/image\/"},"sameAs":["https:\/\/www.facebook.com\/asemakustannus","https:\/\/x.com\/asemakustannus","https:\/\/www.instagram.com\/asemakustannus\/"]}]}},"jetpack_sharing_enabled":true,"_links":{"self":[{"href":"https:\/\/www.asemakustannus.com\/kauppa\/wp-json\/wp\/v2\/product\/358","targetHints":{"allow":["GET"]}}],"collection":[{"href":"https:\/\/www.asemakustannus.com\/kauppa\/wp-json\/wp\/v2\/product"}],"about":[{"href":"https:\/\/www.asemakustannus.com\/kauppa\/wp-json\/wp\/v2\/types\/product"}],"wp:featuredmedia":[{"embeddable":true,"href":"https:\/\/www.asemakustannus.com\/kauppa\/wp-json\/wp\/v2\/media\/364"}],"wp:attachment":[{"href":"https:\/\/www.asemakustannus.com\/kauppa\/wp-json\/wp\/v2\/media?parent=358"}],"wp:term":[{"taxonomy":"product_brand","embeddable":true,"href":"https:\/\/www.asemakustannus.com\/kauppa\/wp-json\/wp\/v2\/product_brand?post=358"},{"taxonomy":"product_cat","embeddable":true,"href":"https:\/\/www.asemakustannus.com\/kauppa\/wp-json\/wp\/v2\/product_cat?post=358"},{"taxonomy":"product_tag","embeddable":true,"href":"https:\/\/www.asemakustannus.com\/kauppa\/wp-json\/wp\/v2\/product_tag?post=358"}],"curies":[{"name":"wp","href":"https:\/\/api.w.org\/{rel}","templated":true}]}}