{"id":375,"date":"2021-03-22T14:29:30","date_gmt":"2021-03-22T12:29:30","guid":{"rendered":"https:\/\/www.asemakustannus.com\/kauppa\/?post_type=product&#038;p=375"},"modified":"2021-03-22T14:31:30","modified_gmt":"2021-03-22T12:31:30","slug":"kummituslapsi","status":"publish","type":"product","link":"https:\/\/www.asemakustannus.com\/kauppa\/tuote\/kummituslapsi\/","title":{"rendered":"Terhi Ekebom: Kummituslapsi"},"content":{"rendered":"<p>248 sivua | neliv\u00e4rinen | kovakantinen<\/p>\n<p>ISBN 978-952-5909-15-9<\/p>\n<p>English subtitles<\/p>\n<p>Nainen muuttaa syrj\u00e4iseen taloon mets\u00e4n reunalla. Mutta mets\u00e4 on rauhaton, t\u00e4ynn\u00e4 onnettomia, ulvovia henki\u00e4. Nainen kiinnitt\u00e4\u00e4 puiden runkoihin nauhoja, jotta henget l\u00f6yt\u00e4isiv\u00e4t ulos mets\u00e4st\u00e4, valoon. Mutta pieni kummituslapsi ei halua l\u00e4hte\u00e4. H\u00e4n on niin kovasti odottanut, ett\u00e4 p\u00e4\u00e4sisi kouluun.<\/p>\n<p>Terhi Ekebomin riipaiseva, sadunomainen sarjakuvaromaani on kertomus hylk\u00e4\u00e4misest\u00e4 ja l\u00f6yt\u00e4misest\u00e4. Ekebomin pys\u00e4ytt\u00e4v\u00e4n kaunis kuvakerronta on vailla vertaa ja usein my\u00f6s vailla sanoja.\u00a0<em>Kummituslapsi<\/em>\u00a0on Ekebomin viides sarjakuvateos. Edellinen Aseman julkaisema teos oli\u00a0<em>Uusissa maisemissa<\/em>\u00a0(2005).<\/p>\n<p><strong>Terhi Ekebom<\/strong>\u00a0(s. 1971) on helsinkil\u00e4inen graafikko, kuvittaja ja sarjakuvantekij\u00e4, joka on valmistunut sek\u00e4 Taideteollisesta korkeakoulusta ett\u00e4 Metropoliasta. H\u00e4nen t\u00f6iss\u00e4\u00e4n yhdistyv\u00e4t herkkyys ja rajuus, kauneus ja ep\u00e4toivo. Ekebomilta on julkaistu useita sarjakuvateoksia ja lyhyit\u00e4 kertomuksia sek\u00e4 suuri m\u00e4\u00e4r\u00e4 kuvituksia muun muassa kirjojen kansiin.<\/p>\n","protected":false},"excerpt":{"rendered":"<p>248 sivua | neliv\u00e4rinen | kovakantinen ISBN 978-952-5909-15-9 English subtitles Nainen muuttaa syrj\u00e4iseen taloon mets\u00e4n reunalla. Mutta mets\u00e4 on rauhaton, t\u00e4ynn\u00e4 onnettomia, ulvovia henki\u00e4. Nainen kiinnitt\u00e4\u00e4 puiden runkoihin nauhoja, jotta henget l\u00f6yt\u00e4isiv\u00e4t ulos mets\u00e4st\u00e4, valoon. Mutta pieni kummituslapsi ei halua l\u00e4hte\u00e4. H\u00e4n on niin kovasti odottanut, ett\u00e4 p\u00e4\u00e4sisi kouluun. Terhi Ekebomin riipaiseva, sadunomainen sarjakuvaromaani on [&hellip;]<\/p>\n","protected":false},"featured_media":335,"template":"","meta":[],"product_brand":[],"product_cat":[38],"product_tag":[],"class_list":{"0":"post-375","1":"product","2":"type-product","3":"status-publish","4":"has-post-thumbnail","6":"product_cat-kirjat","7":"product_shipping_class-xxspaketti","9":"first","10":"outofstock","11":"shipping-taxable","12":"purchasable","13":"product-type-simple"},"yoast_head":"<!-- This site is optimized with the Yoast SEO plugin v27.3 - https:\/\/yoast.com\/product\/yoast-seo-wordpress\/ -->\n<title>Terhi Ekebom: Kummituslapsi - Asema Kustannus<\/title>\n<meta name=\"robots\" content=\"index, follow, max-snippet:-1, max-image-preview:large, max-video-preview:-1\" \/>\n<link rel=\"canonical\" href=\"https:\/\/www.asemakustannus.com\/kauppa\/tuote\/kummituslapsi\/\" \/>\n<meta property=\"og:locale\" content=\"fi_FI\" \/>\n<meta property=\"og:type\" content=\"article\" \/>\n<meta property=\"og:title\" content=\"Terhi Ekebom: Kummituslapsi - Asema Kustannus\" \/>\n<meta property=\"og:description\" content=\"248 sivua | neliv\u00e4rinen | kovakantinen ISBN 978-952-5909-15-9 English subtitles Nainen muuttaa syrj\u00e4iseen taloon mets\u00e4n reunalla. Mutta mets\u00e4 on rauhaton, t\u00e4ynn\u00e4 onnettomia, ulvovia henki\u00e4. Nainen kiinnitt\u00e4\u00e4 puiden runkoihin nauhoja, jotta henget l\u00f6yt\u00e4isiv\u00e4t ulos mets\u00e4st\u00e4, valoon. Mutta pieni kummituslapsi ei halua l\u00e4hte\u00e4. H\u00e4n on niin kovasti odottanut, ett\u00e4 p\u00e4\u00e4sisi kouluun. Terhi Ekebomin riipaiseva, sadunomainen sarjakuvaromaani on [&hellip;]\" \/>\n<meta property=\"og:url\" content=\"https:\/\/www.asemakustannus.com\/kauppa\/tuote\/kummituslapsi\/\" \/>\n<meta property=\"og:site_name\" content=\"Asema Kustannus\" \/>\n<meta property=\"article:publisher\" content=\"https:\/\/www.facebook.com\/asemakustannus\" \/>\n<meta property=\"article:modified_time\" content=\"2021-03-22T12:31:30+00:00\" \/>\n<meta property=\"og:image\" content=\"https:\/\/www.asemakustannus.com\/kauppa\/wp-content\/uploads\/2021\/03\/Kummituslapsi-iso.jpg\" \/>\n\t<meta property=\"og:image:width\" content=\"450\" \/>\n\t<meta property=\"og:image:height\" content=\"635\" \/>\n\t<meta property=\"og:image:type\" content=\"image\/jpeg\" \/>\n<meta name=\"twitter:card\" content=\"summary_large_image\" \/>\n<meta name=\"twitter:site\" content=\"@asemakustannus\" \/>\n<meta name=\"twitter:label1\" content=\"Arvioitu lukuaika\" \/>\n\t<meta name=\"twitter:data1\" content=\"1 minuutti\" \/>\n<script type=\"application\/ld+json\" class=\"yoast-schema-graph\">{\"@context\":\"https:\\\/\\\/schema.org\",\"@graph\":[{\"@type\":\"WebPage\",\"@id\":\"https:\\\/\\\/www.asemakustannus.com\\\/kauppa\\\/tuote\\\/kummituslapsi\\\/\",\"url\":\"https:\\\/\\\/www.asemakustannus.com\\\/kauppa\\\/tuote\\\/kummituslapsi\\\/\",\"name\":\"Terhi Ekebom: Kummituslapsi - Asema Kustannus\",\"isPartOf\":{\"@id\":\"https:\\\/\\\/www.asemakustannus.com\\\/kauppa\\\/#website\"},\"primaryImageOfPage\":{\"@id\":\"https:\\\/\\\/www.asemakustannus.com\\\/kauppa\\\/tuote\\\/kummituslapsi\\\/#primaryimage\"},\"image\":{\"@id\":\"https:\\\/\\\/www.asemakustannus.com\\\/kauppa\\\/tuote\\\/kummituslapsi\\\/#primaryimage\"},\"thumbnailUrl\":\"https:\\\/\\\/i0.wp.com\\\/www.asemakustannus.com\\\/kauppa\\\/wp-content\\\/uploads\\\/2021\\\/03\\\/Kummituslapsi-iso.jpg?fit=450%2C635&ssl=1\",\"datePublished\":\"2021-03-22T12:29:30+00:00\",\"dateModified\":\"2021-03-22T12:31:30+00:00\",\"breadcrumb\":{\"@id\":\"https:\\\/\\\/www.asemakustannus.com\\\/kauppa\\\/tuote\\\/kummituslapsi\\\/#breadcrumb\"},\"inLanguage\":\"fi\",\"potentialAction\":[{\"@type\":\"ReadAction\",\"target\":[\"https:\\\/\\\/www.asemakustannus.com\\\/kauppa\\\/tuote\\\/kummituslapsi\\\/\"]}]},{\"@type\":\"ImageObject\",\"inLanguage\":\"fi\",\"@id\":\"https:\\\/\\\/www.asemakustannus.com\\\/kauppa\\\/tuote\\\/kummituslapsi\\\/#primaryimage\",\"url\":\"https:\\\/\\\/i0.wp.com\\\/www.asemakustannus.com\\\/kauppa\\\/wp-content\\\/uploads\\\/2021\\\/03\\\/Kummituslapsi-iso.jpg?fit=450%2C635&ssl=1\",\"contentUrl\":\"https:\\\/\\\/i0.wp.com\\\/www.asemakustannus.com\\\/kauppa\\\/wp-content\\\/uploads\\\/2021\\\/03\\\/Kummituslapsi-iso.jpg?fit=450%2C635&ssl=1\",\"width\":450,\"height\":635},{\"@type\":\"BreadcrumbList\",\"@id\":\"https:\\\/\\\/www.asemakustannus.com\\\/kauppa\\\/tuote\\\/kummituslapsi\\\/#breadcrumb\",\"itemListElement\":[{\"@type\":\"ListItem\",\"position\":1,\"name\":\"Home\",\"item\":\"https:\\\/\\\/www.asemakustannus.com\\\/kauppa\\\/\"},{\"@type\":\"ListItem\",\"position\":2,\"name\":\"Kauppa\",\"item\":\"https:\\\/\\\/www.asemakustannus.com\\\/kauppa\\\/kauppa\\\/\"},{\"@type\":\"ListItem\",\"position\":3,\"name\":\"Terhi Ekebom: Kummituslapsi\"}]},{\"@type\":\"WebSite\",\"@id\":\"https:\\\/\\\/www.asemakustannus.com\\\/kauppa\\\/#website\",\"url\":\"https:\\\/\\\/www.asemakustannus.com\\\/kauppa\\\/\",\"name\":\"Asema Kustannus\",\"description\":\"Sarjakuvakauppa\",\"publisher\":{\"@id\":\"https:\\\/\\\/www.asemakustannus.com\\\/kauppa\\\/#organization\"},\"potentialAction\":[{\"@type\":\"SearchAction\",\"target\":{\"@type\":\"EntryPoint\",\"urlTemplate\":\"https:\\\/\\\/www.asemakustannus.com\\\/kauppa\\\/?s={search_term_string}\"},\"query-input\":{\"@type\":\"PropertyValueSpecification\",\"valueRequired\":true,\"valueName\":\"search_term_string\"}}],\"inLanguage\":\"fi\"},{\"@type\":\"Organization\",\"@id\":\"https:\\\/\\\/www.asemakustannus.com\\\/kauppa\\\/#organization\",\"name\":\"Asema Kustannus\",\"url\":\"https:\\\/\\\/www.asemakustannus.com\\\/kauppa\\\/\",\"logo\":{\"@type\":\"ImageObject\",\"inLanguage\":\"fi\",\"@id\":\"https:\\\/\\\/www.asemakustannus.com\\\/kauppa\\\/#\\\/schema\\\/logo\\\/image\\\/\",\"url\":\"https:\\\/\\\/www.asemakustannus.com\\\/kauppa\\\/wp-content\\\/uploads\\\/2021\\\/09\\\/181007768_141578281313342_8780310787852686686_n-1.jpeg\",\"contentUrl\":\"https:\\\/\\\/www.asemakustannus.com\\\/kauppa\\\/wp-content\\\/uploads\\\/2021\\\/09\\\/181007768_141578281313342_8780310787852686686_n-1.jpeg\",\"width\":300,\"height\":333,\"caption\":\"Asema Kustannus\"},\"image\":{\"@id\":\"https:\\\/\\\/www.asemakustannus.com\\\/kauppa\\\/#\\\/schema\\\/logo\\\/image\\\/\"},\"sameAs\":[\"https:\\\/\\\/www.facebook.com\\\/asemakustannus\",\"https:\\\/\\\/x.com\\\/asemakustannus\",\"https:\\\/\\\/www.instagram.com\\\/asemakustannus\\\/\"]}]}<\/script>\n<!-- \/ Yoast SEO plugin. -->","yoast_head_json":{"title":"Terhi Ekebom: Kummituslapsi - Asema Kustannus","robots":{"index":"index","follow":"follow","max-snippet":"max-snippet:-1","max-image-preview":"max-image-preview:large","max-video-preview":"max-video-preview:-1"},"canonical":"https:\/\/www.asemakustannus.com\/kauppa\/tuote\/kummituslapsi\/","og_locale":"fi_FI","og_type":"article","og_title":"Terhi Ekebom: Kummituslapsi - Asema Kustannus","og_description":"248 sivua | neliv\u00e4rinen | kovakantinen ISBN 978-952-5909-15-9 English subtitles Nainen muuttaa syrj\u00e4iseen taloon mets\u00e4n reunalla. Mutta mets\u00e4 on rauhaton, t\u00e4ynn\u00e4 onnettomia, ulvovia henki\u00e4. Nainen kiinnitt\u00e4\u00e4 puiden runkoihin nauhoja, jotta henget l\u00f6yt\u00e4isiv\u00e4t ulos mets\u00e4st\u00e4, valoon. Mutta pieni kummituslapsi ei halua l\u00e4hte\u00e4. H\u00e4n on niin kovasti odottanut, ett\u00e4 p\u00e4\u00e4sisi kouluun. Terhi Ekebomin riipaiseva, sadunomainen sarjakuvaromaani on [&hellip;]","og_url":"https:\/\/www.asemakustannus.com\/kauppa\/tuote\/kummituslapsi\/","og_site_name":"Asema Kustannus","article_publisher":"https:\/\/www.facebook.com\/asemakustannus","article_modified_time":"2021-03-22T12:31:30+00:00","og_image":[{"width":450,"height":635,"url":"https:\/\/www.asemakustannus.com\/kauppa\/wp-content\/uploads\/2021\/03\/Kummituslapsi-iso.jpg","type":"image\/jpeg"}],"twitter_card":"summary_large_image","twitter_site":"@asemakustannus","twitter_misc":{"Arvioitu lukuaika":"1 minuutti"},"schema":{"@context":"https:\/\/schema.org","@graph":[{"@type":"WebPage","@id":"https:\/\/www.asemakustannus.com\/kauppa\/tuote\/kummituslapsi\/","url":"https:\/\/www.asemakustannus.com\/kauppa\/tuote\/kummituslapsi\/","name":"Terhi Ekebom: Kummituslapsi - Asema Kustannus","isPartOf":{"@id":"https:\/\/www.asemakustannus.com\/kauppa\/#website"},"primaryImageOfPage":{"@id":"https:\/\/www.asemakustannus.com\/kauppa\/tuote\/kummituslapsi\/#primaryimage"},"image":{"@id":"https:\/\/www.asemakustannus.com\/kauppa\/tuote\/kummituslapsi\/#primaryimage"},"thumbnailUrl":"https:\/\/i0.wp.com\/www.asemakustannus.com\/kauppa\/wp-content\/uploads\/2021\/03\/Kummituslapsi-iso.jpg?fit=450%2C635&ssl=1","datePublished":"2021-03-22T12:29:30+00:00","dateModified":"2021-03-22T12:31:30+00:00","breadcrumb":{"@id":"https:\/\/www.asemakustannus.com\/kauppa\/tuote\/kummituslapsi\/#breadcrumb"},"inLanguage":"fi","potentialAction":[{"@type":"ReadAction","target":["https:\/\/www.asemakustannus.com\/kauppa\/tuote\/kummituslapsi\/"]}]},{"@type":"ImageObject","inLanguage":"fi","@id":"https:\/\/www.asemakustannus.com\/kauppa\/tuote\/kummituslapsi\/#primaryimage","url":"https:\/\/i0.wp.com\/www.asemakustannus.com\/kauppa\/wp-content\/uploads\/2021\/03\/Kummituslapsi-iso.jpg?fit=450%2C635&ssl=1","contentUrl":"https:\/\/i0.wp.com\/www.asemakustannus.com\/kauppa\/wp-content\/uploads\/2021\/03\/Kummituslapsi-iso.jpg?fit=450%2C635&ssl=1","width":450,"height":635},{"@type":"BreadcrumbList","@id":"https:\/\/www.asemakustannus.com\/kauppa\/tuote\/kummituslapsi\/#breadcrumb","itemListElement":[{"@type":"ListItem","position":1,"name":"Home","item":"https:\/\/www.asemakustannus.com\/kauppa\/"},{"@type":"ListItem","position":2,"name":"Kauppa","item":"https:\/\/www.asemakustannus.com\/kauppa\/kauppa\/"},{"@type":"ListItem","position":3,"name":"Terhi Ekebom: Kummituslapsi"}]},{"@type":"WebSite","@id":"https:\/\/www.asemakustannus.com\/kauppa\/#website","url":"https:\/\/www.asemakustannus.com\/kauppa\/","name":"Asema Kustannus","description":"Sarjakuvakauppa","publisher":{"@id":"https:\/\/www.asemakustannus.com\/kauppa\/#organization"},"potentialAction":[{"@type":"SearchAction","target":{"@type":"EntryPoint","urlTemplate":"https:\/\/www.asemakustannus.com\/kauppa\/?s={search_term_string}"},"query-input":{"@type":"PropertyValueSpecification","valueRequired":true,"valueName":"search_term_string"}}],"inLanguage":"fi"},{"@type":"Organization","@id":"https:\/\/www.asemakustannus.com\/kauppa\/#organization","name":"Asema Kustannus","url":"https:\/\/www.asemakustannus.com\/kauppa\/","logo":{"@type":"ImageObject","inLanguage":"fi","@id":"https:\/\/www.asemakustannus.com\/kauppa\/#\/schema\/logo\/image\/","url":"https:\/\/www.asemakustannus.com\/kauppa\/wp-content\/uploads\/2021\/09\/181007768_141578281313342_8780310787852686686_n-1.jpeg","contentUrl":"https:\/\/www.asemakustannus.com\/kauppa\/wp-content\/uploads\/2021\/09\/181007768_141578281313342_8780310787852686686_n-1.jpeg","width":300,"height":333,"caption":"Asema Kustannus"},"image":{"@id":"https:\/\/www.asemakustannus.com\/kauppa\/#\/schema\/logo\/image\/"},"sameAs":["https:\/\/www.facebook.com\/asemakustannus","https:\/\/x.com\/asemakustannus","https:\/\/www.instagram.com\/asemakustannus\/"]}]}},"jetpack_sharing_enabled":true,"_links":{"self":[{"href":"https:\/\/www.asemakustannus.com\/kauppa\/wp-json\/wp\/v2\/product\/375","targetHints":{"allow":["GET"]}}],"collection":[{"href":"https:\/\/www.asemakustannus.com\/kauppa\/wp-json\/wp\/v2\/product"}],"about":[{"href":"https:\/\/www.asemakustannus.com\/kauppa\/wp-json\/wp\/v2\/types\/product"}],"wp:featuredmedia":[{"embeddable":true,"href":"https:\/\/www.asemakustannus.com\/kauppa\/wp-json\/wp\/v2\/media\/335"}],"wp:attachment":[{"href":"https:\/\/www.asemakustannus.com\/kauppa\/wp-json\/wp\/v2\/media?parent=375"}],"wp:term":[{"taxonomy":"product_brand","embeddable":true,"href":"https:\/\/www.asemakustannus.com\/kauppa\/wp-json\/wp\/v2\/product_brand?post=375"},{"taxonomy":"product_cat","embeddable":true,"href":"https:\/\/www.asemakustannus.com\/kauppa\/wp-json\/wp\/v2\/product_cat?post=375"},{"taxonomy":"product_tag","embeddable":true,"href":"https:\/\/www.asemakustannus.com\/kauppa\/wp-json\/wp\/v2\/product_tag?post=375"}],"curies":[{"name":"wp","href":"https:\/\/api.w.org\/{rel}","templated":true}]}}