{"id":376,"date":"2021-03-22T14:32:31","date_gmt":"2021-03-22T12:32:31","guid":{"rendered":"https:\/\/www.asemakustannus.com\/kauppa\/?post_type=product&#038;p=376"},"modified":"2021-03-22T14:45:27","modified_gmt":"2021-03-22T12:45:27","slug":"mari-ahokoivu-talviunta-1osa","status":"publish","type":"product","link":"https:\/\/www.asemakustannus.com\/kauppa\/tuote\/mari-ahokoivu-talviunta-1osa\/","title":{"rendered":"Mari Ahokoivu: Talviunta, 1. osa"},"content":{"rendered":"<p>32 sivua | B5 | nidottu<\/p>\n<p>ISBN 978-952-5909-11-1<\/p>\n<p>Asema 2013<\/p>\n<p>Includes English subtitles.<\/p>\n<p>Pieni karhupukuinen matkustaja metrossa. Kiirehtivien jalkojen ja lyhtypylv\u00e4iden mets\u00e4. Outo puhumaton lohduttaja ilmestyy paikalle ja tarjoaa hellyytt\u00e4. Mari Ahokoivun herk\u00e4t, arkisen mystiset tarinat ovat pieni\u00e4 graafisia helmi\u00e4, Tove Janssonin, japanilaisen animaation ja Suomi-designin sukulaisia.\u00a0<em>Talviunta<\/em>\u00a0aloittaa Ahokoivun pienten itsen\u00e4isten teosten sarjan.<\/p>\n<p>Small man in a bear suit travels on the metro. Rushing feet and a forest made of lamp posts. An odd, mute stranger appears and offers comfort. Mari Ahokoivu&#8217;s touching little stories are small pearls of wonder, relatives of Tove Jansson, Japanese anime and Finnish design.\u00a0<em>Winter Dreaming<\/em>\u00a0begins a series of small booklets by Ahokoivu.<\/p>\n<p><strong>Mari Ahokoivu<\/strong>\u00a0(s. 1984) on kotoisin Oulusta ja asuu K\u00f6\u00f6penhaminassa. Ahokoivun esikoisteos\u00a0<em>L\u00f6yd\u00e4 minut t\u00e4st\u00e4 kaupungista<\/em>\u00a0ilmestyi Asemalta vuonna 2009. H\u00e4nen tunnetuin teoksensa on Aseman vuonna 2018 julkaisema eeppinen sarjakuvaromaani\u00a0<em>Oksi.<\/em><\/p>\n","protected":false},"excerpt":{"rendered":"<p>32 sivua | B5 | nidottu ISBN 978-952-5909-11-1 Asema 2013 Includes English subtitles. Pieni karhupukuinen matkustaja metrossa. Kiirehtivien jalkojen ja lyhtypylv\u00e4iden mets\u00e4. Outo puhumaton lohduttaja ilmestyy paikalle ja tarjoaa hellyytt\u00e4. Mari Ahokoivun herk\u00e4t, arkisen mystiset tarinat ovat pieni\u00e4 graafisia helmi\u00e4, Tove Janssonin, japanilaisen animaation ja Suomi-designin sukulaisia.\u00a0Talviunta\u00a0aloittaa Ahokoivun pienten itsen\u00e4isten teosten sarjan. Small man in [&hellip;]<\/p>\n","protected":false},"featured_media":379,"template":"","meta":[],"product_brand":[],"product_cat":[39],"product_tag":[],"class_list":{"0":"post-376","1":"product","2":"type-product","3":"status-publish","4":"has-post-thumbnail","6":"product_cat-lehdet","7":"product_shipping_class-kirje","9":"first","10":"outofstock","11":"shipping-taxable","12":"purchasable","13":"product-type-simple"},"yoast_head":"<!-- This site is optimized with the Yoast SEO plugin v27.3 - https:\/\/yoast.com\/product\/yoast-seo-wordpress\/ -->\n<title>Mari Ahokoivu: Talviunta, 1. osa - Asema Kustannus<\/title>\n<meta name=\"robots\" content=\"index, follow, max-snippet:-1, max-image-preview:large, max-video-preview:-1\" \/>\n<link rel=\"canonical\" href=\"https:\/\/www.asemakustannus.com\/kauppa\/tuote\/mari-ahokoivu-talviunta-1osa\/\" \/>\n<meta property=\"og:locale\" content=\"fi_FI\" \/>\n<meta property=\"og:type\" content=\"article\" \/>\n<meta property=\"og:title\" content=\"Mari Ahokoivu: Talviunta, 1. osa - Asema Kustannus\" \/>\n<meta property=\"og:description\" content=\"32 sivua | B5 | nidottu ISBN 978-952-5909-11-1 Asema 2013 Includes English subtitles. Pieni karhupukuinen matkustaja metrossa. Kiirehtivien jalkojen ja lyhtypylv\u00e4iden mets\u00e4. Outo puhumaton lohduttaja ilmestyy paikalle ja tarjoaa hellyytt\u00e4. Mari Ahokoivun herk\u00e4t, arkisen mystiset tarinat ovat pieni\u00e4 graafisia helmi\u00e4, Tove Janssonin, japanilaisen animaation ja Suomi-designin sukulaisia.\u00a0Talviunta\u00a0aloittaa Ahokoivun pienten itsen\u00e4isten teosten sarjan. Small man in [&hellip;]\" \/>\n<meta property=\"og:url\" content=\"https:\/\/www.asemakustannus.com\/kauppa\/tuote\/mari-ahokoivu-talviunta-1osa\/\" \/>\n<meta property=\"og:site_name\" content=\"Asema Kustannus\" \/>\n<meta property=\"article:publisher\" content=\"https:\/\/www.facebook.com\/asemakustannus\" \/>\n<meta property=\"article:modified_time\" content=\"2021-03-22T12:45:27+00:00\" \/>\n<meta property=\"og:image\" content=\"https:\/\/www.asemakustannus.com\/kauppa\/wp-content\/uploads\/2021\/03\/TALVIUNTA_1-iso.jpg\" \/>\n\t<meta property=\"og:image:width\" content=\"450\" \/>\n\t<meta property=\"og:image:height\" content=\"641\" \/>\n\t<meta property=\"og:image:type\" content=\"image\/jpeg\" \/>\n<meta name=\"twitter:card\" content=\"summary_large_image\" \/>\n<meta name=\"twitter:site\" content=\"@asemakustannus\" \/>\n<meta name=\"twitter:label1\" content=\"Arvioitu lukuaika\" \/>\n\t<meta name=\"twitter:data1\" content=\"1 minuutti\" \/>\n<script type=\"application\/ld+json\" class=\"yoast-schema-graph\">{\"@context\":\"https:\\\/\\\/schema.org\",\"@graph\":[{\"@type\":\"WebPage\",\"@id\":\"https:\\\/\\\/www.asemakustannus.com\\\/kauppa\\\/tuote\\\/mari-ahokoivu-talviunta-1osa\\\/\",\"url\":\"https:\\\/\\\/www.asemakustannus.com\\\/kauppa\\\/tuote\\\/mari-ahokoivu-talviunta-1osa\\\/\",\"name\":\"Mari Ahokoivu: Talviunta, 1. osa - Asema Kustannus\",\"isPartOf\":{\"@id\":\"https:\\\/\\\/www.asemakustannus.com\\\/kauppa\\\/#website\"},\"primaryImageOfPage\":{\"@id\":\"https:\\\/\\\/www.asemakustannus.com\\\/kauppa\\\/tuote\\\/mari-ahokoivu-talviunta-1osa\\\/#primaryimage\"},\"image\":{\"@id\":\"https:\\\/\\\/www.asemakustannus.com\\\/kauppa\\\/tuote\\\/mari-ahokoivu-talviunta-1osa\\\/#primaryimage\"},\"thumbnailUrl\":\"https:\\\/\\\/i0.wp.com\\\/www.asemakustannus.com\\\/kauppa\\\/wp-content\\\/uploads\\\/2021\\\/03\\\/TALVIUNTA_1-iso.jpg?fit=450%2C641&ssl=1\",\"datePublished\":\"2021-03-22T12:32:31+00:00\",\"dateModified\":\"2021-03-22T12:45:27+00:00\",\"breadcrumb\":{\"@id\":\"https:\\\/\\\/www.asemakustannus.com\\\/kauppa\\\/tuote\\\/mari-ahokoivu-talviunta-1osa\\\/#breadcrumb\"},\"inLanguage\":\"fi\",\"potentialAction\":[{\"@type\":\"ReadAction\",\"target\":[\"https:\\\/\\\/www.asemakustannus.com\\\/kauppa\\\/tuote\\\/mari-ahokoivu-talviunta-1osa\\\/\"]}]},{\"@type\":\"ImageObject\",\"inLanguage\":\"fi\",\"@id\":\"https:\\\/\\\/www.asemakustannus.com\\\/kauppa\\\/tuote\\\/mari-ahokoivu-talviunta-1osa\\\/#primaryimage\",\"url\":\"https:\\\/\\\/i0.wp.com\\\/www.asemakustannus.com\\\/kauppa\\\/wp-content\\\/uploads\\\/2021\\\/03\\\/TALVIUNTA_1-iso.jpg?fit=450%2C641&ssl=1\",\"contentUrl\":\"https:\\\/\\\/i0.wp.com\\\/www.asemakustannus.com\\\/kauppa\\\/wp-content\\\/uploads\\\/2021\\\/03\\\/TALVIUNTA_1-iso.jpg?fit=450%2C641&ssl=1\",\"width\":450,\"height\":641},{\"@type\":\"BreadcrumbList\",\"@id\":\"https:\\\/\\\/www.asemakustannus.com\\\/kauppa\\\/tuote\\\/mari-ahokoivu-talviunta-1osa\\\/#breadcrumb\",\"itemListElement\":[{\"@type\":\"ListItem\",\"position\":1,\"name\":\"Home\",\"item\":\"https:\\\/\\\/www.asemakustannus.com\\\/kauppa\\\/\"},{\"@type\":\"ListItem\",\"position\":2,\"name\":\"Kauppa\",\"item\":\"https:\\\/\\\/www.asemakustannus.com\\\/kauppa\\\/kauppa\\\/\"},{\"@type\":\"ListItem\",\"position\":3,\"name\":\"Mari Ahokoivu: Talviunta, 1. osa\"}]},{\"@type\":\"WebSite\",\"@id\":\"https:\\\/\\\/www.asemakustannus.com\\\/kauppa\\\/#website\",\"url\":\"https:\\\/\\\/www.asemakustannus.com\\\/kauppa\\\/\",\"name\":\"Asema Kustannus\",\"description\":\"Sarjakuvakauppa\",\"publisher\":{\"@id\":\"https:\\\/\\\/www.asemakustannus.com\\\/kauppa\\\/#organization\"},\"potentialAction\":[{\"@type\":\"SearchAction\",\"target\":{\"@type\":\"EntryPoint\",\"urlTemplate\":\"https:\\\/\\\/www.asemakustannus.com\\\/kauppa\\\/?s={search_term_string}\"},\"query-input\":{\"@type\":\"PropertyValueSpecification\",\"valueRequired\":true,\"valueName\":\"search_term_string\"}}],\"inLanguage\":\"fi\"},{\"@type\":\"Organization\",\"@id\":\"https:\\\/\\\/www.asemakustannus.com\\\/kauppa\\\/#organization\",\"name\":\"Asema Kustannus\",\"url\":\"https:\\\/\\\/www.asemakustannus.com\\\/kauppa\\\/\",\"logo\":{\"@type\":\"ImageObject\",\"inLanguage\":\"fi\",\"@id\":\"https:\\\/\\\/www.asemakustannus.com\\\/kauppa\\\/#\\\/schema\\\/logo\\\/image\\\/\",\"url\":\"https:\\\/\\\/www.asemakustannus.com\\\/kauppa\\\/wp-content\\\/uploads\\\/2021\\\/09\\\/181007768_141578281313342_8780310787852686686_n-1.jpeg\",\"contentUrl\":\"https:\\\/\\\/www.asemakustannus.com\\\/kauppa\\\/wp-content\\\/uploads\\\/2021\\\/09\\\/181007768_141578281313342_8780310787852686686_n-1.jpeg\",\"width\":300,\"height\":333,\"caption\":\"Asema Kustannus\"},\"image\":{\"@id\":\"https:\\\/\\\/www.asemakustannus.com\\\/kauppa\\\/#\\\/schema\\\/logo\\\/image\\\/\"},\"sameAs\":[\"https:\\\/\\\/www.facebook.com\\\/asemakustannus\",\"https:\\\/\\\/x.com\\\/asemakustannus\",\"https:\\\/\\\/www.instagram.com\\\/asemakustannus\\\/\"]}]}<\/script>\n<!-- \/ Yoast SEO plugin. -->","yoast_head_json":{"title":"Mari Ahokoivu: Talviunta, 1. osa - Asema Kustannus","robots":{"index":"index","follow":"follow","max-snippet":"max-snippet:-1","max-image-preview":"max-image-preview:large","max-video-preview":"max-video-preview:-1"},"canonical":"https:\/\/www.asemakustannus.com\/kauppa\/tuote\/mari-ahokoivu-talviunta-1osa\/","og_locale":"fi_FI","og_type":"article","og_title":"Mari Ahokoivu: Talviunta, 1. osa - Asema Kustannus","og_description":"32 sivua | B5 | nidottu ISBN 978-952-5909-11-1 Asema 2013 Includes English subtitles. Pieni karhupukuinen matkustaja metrossa. Kiirehtivien jalkojen ja lyhtypylv\u00e4iden mets\u00e4. Outo puhumaton lohduttaja ilmestyy paikalle ja tarjoaa hellyytt\u00e4. Mari Ahokoivun herk\u00e4t, arkisen mystiset tarinat ovat pieni\u00e4 graafisia helmi\u00e4, Tove Janssonin, japanilaisen animaation ja Suomi-designin sukulaisia.\u00a0Talviunta\u00a0aloittaa Ahokoivun pienten itsen\u00e4isten teosten sarjan. Small man in [&hellip;]","og_url":"https:\/\/www.asemakustannus.com\/kauppa\/tuote\/mari-ahokoivu-talviunta-1osa\/","og_site_name":"Asema Kustannus","article_publisher":"https:\/\/www.facebook.com\/asemakustannus","article_modified_time":"2021-03-22T12:45:27+00:00","og_image":[{"width":450,"height":641,"url":"https:\/\/www.asemakustannus.com\/kauppa\/wp-content\/uploads\/2021\/03\/TALVIUNTA_1-iso.jpg","type":"image\/jpeg"}],"twitter_card":"summary_large_image","twitter_site":"@asemakustannus","twitter_misc":{"Arvioitu lukuaika":"1 minuutti"},"schema":{"@context":"https:\/\/schema.org","@graph":[{"@type":"WebPage","@id":"https:\/\/www.asemakustannus.com\/kauppa\/tuote\/mari-ahokoivu-talviunta-1osa\/","url":"https:\/\/www.asemakustannus.com\/kauppa\/tuote\/mari-ahokoivu-talviunta-1osa\/","name":"Mari Ahokoivu: Talviunta, 1. osa - Asema Kustannus","isPartOf":{"@id":"https:\/\/www.asemakustannus.com\/kauppa\/#website"},"primaryImageOfPage":{"@id":"https:\/\/www.asemakustannus.com\/kauppa\/tuote\/mari-ahokoivu-talviunta-1osa\/#primaryimage"},"image":{"@id":"https:\/\/www.asemakustannus.com\/kauppa\/tuote\/mari-ahokoivu-talviunta-1osa\/#primaryimage"},"thumbnailUrl":"https:\/\/i0.wp.com\/www.asemakustannus.com\/kauppa\/wp-content\/uploads\/2021\/03\/TALVIUNTA_1-iso.jpg?fit=450%2C641&ssl=1","datePublished":"2021-03-22T12:32:31+00:00","dateModified":"2021-03-22T12:45:27+00:00","breadcrumb":{"@id":"https:\/\/www.asemakustannus.com\/kauppa\/tuote\/mari-ahokoivu-talviunta-1osa\/#breadcrumb"},"inLanguage":"fi","potentialAction":[{"@type":"ReadAction","target":["https:\/\/www.asemakustannus.com\/kauppa\/tuote\/mari-ahokoivu-talviunta-1osa\/"]}]},{"@type":"ImageObject","inLanguage":"fi","@id":"https:\/\/www.asemakustannus.com\/kauppa\/tuote\/mari-ahokoivu-talviunta-1osa\/#primaryimage","url":"https:\/\/i0.wp.com\/www.asemakustannus.com\/kauppa\/wp-content\/uploads\/2021\/03\/TALVIUNTA_1-iso.jpg?fit=450%2C641&ssl=1","contentUrl":"https:\/\/i0.wp.com\/www.asemakustannus.com\/kauppa\/wp-content\/uploads\/2021\/03\/TALVIUNTA_1-iso.jpg?fit=450%2C641&ssl=1","width":450,"height":641},{"@type":"BreadcrumbList","@id":"https:\/\/www.asemakustannus.com\/kauppa\/tuote\/mari-ahokoivu-talviunta-1osa\/#breadcrumb","itemListElement":[{"@type":"ListItem","position":1,"name":"Home","item":"https:\/\/www.asemakustannus.com\/kauppa\/"},{"@type":"ListItem","position":2,"name":"Kauppa","item":"https:\/\/www.asemakustannus.com\/kauppa\/kauppa\/"},{"@type":"ListItem","position":3,"name":"Mari Ahokoivu: Talviunta, 1. osa"}]},{"@type":"WebSite","@id":"https:\/\/www.asemakustannus.com\/kauppa\/#website","url":"https:\/\/www.asemakustannus.com\/kauppa\/","name":"Asema Kustannus","description":"Sarjakuvakauppa","publisher":{"@id":"https:\/\/www.asemakustannus.com\/kauppa\/#organization"},"potentialAction":[{"@type":"SearchAction","target":{"@type":"EntryPoint","urlTemplate":"https:\/\/www.asemakustannus.com\/kauppa\/?s={search_term_string}"},"query-input":{"@type":"PropertyValueSpecification","valueRequired":true,"valueName":"search_term_string"}}],"inLanguage":"fi"},{"@type":"Organization","@id":"https:\/\/www.asemakustannus.com\/kauppa\/#organization","name":"Asema Kustannus","url":"https:\/\/www.asemakustannus.com\/kauppa\/","logo":{"@type":"ImageObject","inLanguage":"fi","@id":"https:\/\/www.asemakustannus.com\/kauppa\/#\/schema\/logo\/image\/","url":"https:\/\/www.asemakustannus.com\/kauppa\/wp-content\/uploads\/2021\/09\/181007768_141578281313342_8780310787852686686_n-1.jpeg","contentUrl":"https:\/\/www.asemakustannus.com\/kauppa\/wp-content\/uploads\/2021\/09\/181007768_141578281313342_8780310787852686686_n-1.jpeg","width":300,"height":333,"caption":"Asema Kustannus"},"image":{"@id":"https:\/\/www.asemakustannus.com\/kauppa\/#\/schema\/logo\/image\/"},"sameAs":["https:\/\/www.facebook.com\/asemakustannus","https:\/\/x.com\/asemakustannus","https:\/\/www.instagram.com\/asemakustannus\/"]}]}},"jetpack_sharing_enabled":true,"_links":{"self":[{"href":"https:\/\/www.asemakustannus.com\/kauppa\/wp-json\/wp\/v2\/product\/376","targetHints":{"allow":["GET"]}}],"collection":[{"href":"https:\/\/www.asemakustannus.com\/kauppa\/wp-json\/wp\/v2\/product"}],"about":[{"href":"https:\/\/www.asemakustannus.com\/kauppa\/wp-json\/wp\/v2\/types\/product"}],"wp:featuredmedia":[{"embeddable":true,"href":"https:\/\/www.asemakustannus.com\/kauppa\/wp-json\/wp\/v2\/media\/379"}],"wp:attachment":[{"href":"https:\/\/www.asemakustannus.com\/kauppa\/wp-json\/wp\/v2\/media?parent=376"}],"wp:term":[{"taxonomy":"product_brand","embeddable":true,"href":"https:\/\/www.asemakustannus.com\/kauppa\/wp-json\/wp\/v2\/product_brand?post=376"},{"taxonomy":"product_cat","embeddable":true,"href":"https:\/\/www.asemakustannus.com\/kauppa\/wp-json\/wp\/v2\/product_cat?post=376"},{"taxonomy":"product_tag","embeddable":true,"href":"https:\/\/www.asemakustannus.com\/kauppa\/wp-json\/wp\/v2\/product_tag?post=376"}],"curies":[{"name":"wp","href":"https:\/\/api.w.org\/{rel}","templated":true}]}}