{"id":392,"date":"2021-03-22T14:42:52","date_gmt":"2021-03-22T12:42:52","guid":{"rendered":"https:\/\/www.asemakustannus.com\/kauppa\/?post_type=product&#038;p=392"},"modified":"2021-03-22T14:44:54","modified_gmt":"2021-03-22T12:44:54","slug":"mari-ahokoivu-talviunta-3-osa","status":"publish","type":"product","link":"https:\/\/www.asemakustannus.com\/kauppa\/tuote\/mari-ahokoivu-talviunta-3-osa\/","title":{"rendered":"Mari Ahokoivu: Talviunta, 3. osa"},"content":{"rendered":"<p>32 sivua | B5 | nidottu<\/p>\n<p>ISBN 978-952-5909-17-3<\/p>\n<p>Asema 2014<\/p>\n<p>Includes English subtitles.<\/p>\n<p><strong><a href=\"https:\/\/www.youtube.com\/watch?v=DH6uQBRhyDw&amp;feature=youtu.be\">Katso videotraileri!<\/a><\/strong><\/p>\n<p>Heng\u00e4stytt\u00e4v\u00e4n kauniin kirjan kolme tarinaa \u2013\u00a0<em>Ursa Major, Kierto ja Ukkonen<\/em>\u00a0\u2013 kulkevat valtavia matkoja talviunesta her\u00e4nneen karhunpennun kysymyksist\u00e4 universumin laidoille ja luonnonvoimien ylivoiman kuvaukseen. Tove Janssonin ja japanilaisten animaatioiden jalanj\u00e4ljiss\u00e4 kulkevat voimakkaat kuvat ovat pieni\u00e4 ihmeit\u00e4. Mari Ahokoivu loistaa j\u00e4lleen mininovelleillaan.<\/p>\n<p><strong>Mari Ahokoivu<\/strong>\u00a0(s. 1984) on kotoisin Oulusta ja asuu K\u00f6\u00f6penhaminassa. Ahokoivun esikoisteos\u00a0<em>L\u00f6yd\u00e4 minut t\u00e4st\u00e4 kaupungista<\/em>\u00a0ilmestyi Asemalta vuonna 2009. H\u00e4nen tunnetuin teoksensa on Aseman vuonna 2018 julkaisema eeppinen sarjakuvaromaani\u00a0<em>Oksi.<\/em><\/p>\n","protected":false},"excerpt":{"rendered":"<p>32 sivua | B5 | nidottu ISBN 978-952-5909-17-3 Asema 2014 Includes English subtitles. Katso videotraileri! Heng\u00e4stytt\u00e4v\u00e4n kauniin kirjan kolme tarinaa \u2013\u00a0Ursa Major, Kierto ja Ukkonen\u00a0\u2013 kulkevat valtavia matkoja talviunesta her\u00e4nneen karhunpennun kysymyksist\u00e4 universumin laidoille ja luonnonvoimien ylivoiman kuvaukseen. Tove Janssonin ja japanilaisten animaatioiden jalanj\u00e4ljiss\u00e4 kulkevat voimakkaat kuvat ovat pieni\u00e4 ihmeit\u00e4. Mari Ahokoivu loistaa j\u00e4lleen mininovelleillaan. [&hellip;]<\/p>\n","protected":false},"featured_media":387,"template":"","meta":[],"product_brand":[],"product_cat":[39],"product_tag":[],"class_list":{"0":"post-392","1":"product","2":"type-product","3":"status-publish","4":"has-post-thumbnail","6":"product_cat-lehdet","7":"product_shipping_class-kirje","9":"first","10":"outofstock","11":"shipping-taxable","12":"purchasable","13":"product-type-simple"},"yoast_head":"<!-- This site is optimized with the Yoast SEO plugin v27.3 - https:\/\/yoast.com\/product\/yoast-seo-wordpress\/ -->\n<title>Mari Ahokoivu: Talviunta, 3. osa - Asema Kustannus<\/title>\n<meta name=\"robots\" content=\"index, follow, max-snippet:-1, max-image-preview:large, max-video-preview:-1\" \/>\n<link rel=\"canonical\" href=\"https:\/\/www.asemakustannus.com\/kauppa\/tuote\/mari-ahokoivu-talviunta-3-osa\/\" \/>\n<meta property=\"og:locale\" content=\"fi_FI\" \/>\n<meta property=\"og:type\" content=\"article\" \/>\n<meta property=\"og:title\" content=\"Mari Ahokoivu: Talviunta, 3. osa - Asema Kustannus\" \/>\n<meta property=\"og:description\" content=\"32 sivua | B5 | nidottu ISBN 978-952-5909-17-3 Asema 2014 Includes English subtitles. Katso videotraileri! Heng\u00e4stytt\u00e4v\u00e4n kauniin kirjan kolme tarinaa \u2013\u00a0Ursa Major, Kierto ja Ukkonen\u00a0\u2013 kulkevat valtavia matkoja talviunesta her\u00e4nneen karhunpennun kysymyksist\u00e4 universumin laidoille ja luonnonvoimien ylivoiman kuvaukseen. Tove Janssonin ja japanilaisten animaatioiden jalanj\u00e4ljiss\u00e4 kulkevat voimakkaat kuvat ovat pieni\u00e4 ihmeit\u00e4. Mari Ahokoivu loistaa j\u00e4lleen mininovelleillaan. [&hellip;]\" \/>\n<meta property=\"og:url\" content=\"https:\/\/www.asemakustannus.com\/kauppa\/tuote\/mari-ahokoivu-talviunta-3-osa\/\" \/>\n<meta property=\"og:site_name\" content=\"Asema Kustannus\" \/>\n<meta property=\"article:publisher\" content=\"https:\/\/www.facebook.com\/asemakustannus\" \/>\n<meta property=\"article:modified_time\" content=\"2021-03-22T12:44:54+00:00\" \/>\n<meta property=\"og:image\" content=\"https:\/\/www.asemakustannus.com\/kauppa\/wp-content\/uploads\/2021\/03\/TALVIUNTA_3-iso.jpg\" \/>\n\t<meta property=\"og:image:width\" content=\"450\" \/>\n\t<meta property=\"og:image:height\" content=\"635\" \/>\n\t<meta property=\"og:image:type\" content=\"image\/jpeg\" \/>\n<meta name=\"twitter:card\" content=\"summary_large_image\" \/>\n<meta name=\"twitter:site\" content=\"@asemakustannus\" \/>\n<script type=\"application\/ld+json\" class=\"yoast-schema-graph\">{\"@context\":\"https:\\\/\\\/schema.org\",\"@graph\":[{\"@type\":\"WebPage\",\"@id\":\"https:\\\/\\\/www.asemakustannus.com\\\/kauppa\\\/tuote\\\/mari-ahokoivu-talviunta-3-osa\\\/\",\"url\":\"https:\\\/\\\/www.asemakustannus.com\\\/kauppa\\\/tuote\\\/mari-ahokoivu-talviunta-3-osa\\\/\",\"name\":\"Mari Ahokoivu: Talviunta, 3. osa - Asema Kustannus\",\"isPartOf\":{\"@id\":\"https:\\\/\\\/www.asemakustannus.com\\\/kauppa\\\/#website\"},\"primaryImageOfPage\":{\"@id\":\"https:\\\/\\\/www.asemakustannus.com\\\/kauppa\\\/tuote\\\/mari-ahokoivu-talviunta-3-osa\\\/#primaryimage\"},\"image\":{\"@id\":\"https:\\\/\\\/www.asemakustannus.com\\\/kauppa\\\/tuote\\\/mari-ahokoivu-talviunta-3-osa\\\/#primaryimage\"},\"thumbnailUrl\":\"https:\\\/\\\/i0.wp.com\\\/www.asemakustannus.com\\\/kauppa\\\/wp-content\\\/uploads\\\/2021\\\/03\\\/TALVIUNTA_3-iso.jpg?fit=450%2C635&ssl=1\",\"datePublished\":\"2021-03-22T12:42:52+00:00\",\"dateModified\":\"2021-03-22T12:44:54+00:00\",\"breadcrumb\":{\"@id\":\"https:\\\/\\\/www.asemakustannus.com\\\/kauppa\\\/tuote\\\/mari-ahokoivu-talviunta-3-osa\\\/#breadcrumb\"},\"inLanguage\":\"fi\",\"potentialAction\":[{\"@type\":\"ReadAction\",\"target\":[\"https:\\\/\\\/www.asemakustannus.com\\\/kauppa\\\/tuote\\\/mari-ahokoivu-talviunta-3-osa\\\/\"]}]},{\"@type\":\"ImageObject\",\"inLanguage\":\"fi\",\"@id\":\"https:\\\/\\\/www.asemakustannus.com\\\/kauppa\\\/tuote\\\/mari-ahokoivu-talviunta-3-osa\\\/#primaryimage\",\"url\":\"https:\\\/\\\/i0.wp.com\\\/www.asemakustannus.com\\\/kauppa\\\/wp-content\\\/uploads\\\/2021\\\/03\\\/TALVIUNTA_3-iso.jpg?fit=450%2C635&ssl=1\",\"contentUrl\":\"https:\\\/\\\/i0.wp.com\\\/www.asemakustannus.com\\\/kauppa\\\/wp-content\\\/uploads\\\/2021\\\/03\\\/TALVIUNTA_3-iso.jpg?fit=450%2C635&ssl=1\",\"width\":450,\"height\":635},{\"@type\":\"BreadcrumbList\",\"@id\":\"https:\\\/\\\/www.asemakustannus.com\\\/kauppa\\\/tuote\\\/mari-ahokoivu-talviunta-3-osa\\\/#breadcrumb\",\"itemListElement\":[{\"@type\":\"ListItem\",\"position\":1,\"name\":\"Home\",\"item\":\"https:\\\/\\\/www.asemakustannus.com\\\/kauppa\\\/\"},{\"@type\":\"ListItem\",\"position\":2,\"name\":\"Kauppa\",\"item\":\"https:\\\/\\\/www.asemakustannus.com\\\/kauppa\\\/kauppa\\\/\"},{\"@type\":\"ListItem\",\"position\":3,\"name\":\"Mari Ahokoivu: Talviunta, 3. osa\"}]},{\"@type\":\"WebSite\",\"@id\":\"https:\\\/\\\/www.asemakustannus.com\\\/kauppa\\\/#website\",\"url\":\"https:\\\/\\\/www.asemakustannus.com\\\/kauppa\\\/\",\"name\":\"Asema Kustannus\",\"description\":\"Sarjakuvakauppa\",\"publisher\":{\"@id\":\"https:\\\/\\\/www.asemakustannus.com\\\/kauppa\\\/#organization\"},\"potentialAction\":[{\"@type\":\"SearchAction\",\"target\":{\"@type\":\"EntryPoint\",\"urlTemplate\":\"https:\\\/\\\/www.asemakustannus.com\\\/kauppa\\\/?s={search_term_string}\"},\"query-input\":{\"@type\":\"PropertyValueSpecification\",\"valueRequired\":true,\"valueName\":\"search_term_string\"}}],\"inLanguage\":\"fi\"},{\"@type\":\"Organization\",\"@id\":\"https:\\\/\\\/www.asemakustannus.com\\\/kauppa\\\/#organization\",\"name\":\"Asema Kustannus\",\"url\":\"https:\\\/\\\/www.asemakustannus.com\\\/kauppa\\\/\",\"logo\":{\"@type\":\"ImageObject\",\"inLanguage\":\"fi\",\"@id\":\"https:\\\/\\\/www.asemakustannus.com\\\/kauppa\\\/#\\\/schema\\\/logo\\\/image\\\/\",\"url\":\"https:\\\/\\\/www.asemakustannus.com\\\/kauppa\\\/wp-content\\\/uploads\\\/2021\\\/09\\\/181007768_141578281313342_8780310787852686686_n-1.jpeg\",\"contentUrl\":\"https:\\\/\\\/www.asemakustannus.com\\\/kauppa\\\/wp-content\\\/uploads\\\/2021\\\/09\\\/181007768_141578281313342_8780310787852686686_n-1.jpeg\",\"width\":300,\"height\":333,\"caption\":\"Asema Kustannus\"},\"image\":{\"@id\":\"https:\\\/\\\/www.asemakustannus.com\\\/kauppa\\\/#\\\/schema\\\/logo\\\/image\\\/\"},\"sameAs\":[\"https:\\\/\\\/www.facebook.com\\\/asemakustannus\",\"https:\\\/\\\/x.com\\\/asemakustannus\",\"https:\\\/\\\/www.instagram.com\\\/asemakustannus\\\/\"]}]}<\/script>\n<!-- \/ Yoast SEO plugin. -->","yoast_head_json":{"title":"Mari Ahokoivu: Talviunta, 3. osa - Asema Kustannus","robots":{"index":"index","follow":"follow","max-snippet":"max-snippet:-1","max-image-preview":"max-image-preview:large","max-video-preview":"max-video-preview:-1"},"canonical":"https:\/\/www.asemakustannus.com\/kauppa\/tuote\/mari-ahokoivu-talviunta-3-osa\/","og_locale":"fi_FI","og_type":"article","og_title":"Mari Ahokoivu: Talviunta, 3. osa - Asema Kustannus","og_description":"32 sivua | B5 | nidottu ISBN 978-952-5909-17-3 Asema 2014 Includes English subtitles. Katso videotraileri! Heng\u00e4stytt\u00e4v\u00e4n kauniin kirjan kolme tarinaa \u2013\u00a0Ursa Major, Kierto ja Ukkonen\u00a0\u2013 kulkevat valtavia matkoja talviunesta her\u00e4nneen karhunpennun kysymyksist\u00e4 universumin laidoille ja luonnonvoimien ylivoiman kuvaukseen. Tove Janssonin ja japanilaisten animaatioiden jalanj\u00e4ljiss\u00e4 kulkevat voimakkaat kuvat ovat pieni\u00e4 ihmeit\u00e4. Mari Ahokoivu loistaa j\u00e4lleen mininovelleillaan. [&hellip;]","og_url":"https:\/\/www.asemakustannus.com\/kauppa\/tuote\/mari-ahokoivu-talviunta-3-osa\/","og_site_name":"Asema Kustannus","article_publisher":"https:\/\/www.facebook.com\/asemakustannus","article_modified_time":"2021-03-22T12:44:54+00:00","og_image":[{"width":450,"height":635,"url":"https:\/\/www.asemakustannus.com\/kauppa\/wp-content\/uploads\/2021\/03\/TALVIUNTA_3-iso.jpg","type":"image\/jpeg"}],"twitter_card":"summary_large_image","twitter_site":"@asemakustannus","schema":{"@context":"https:\/\/schema.org","@graph":[{"@type":"WebPage","@id":"https:\/\/www.asemakustannus.com\/kauppa\/tuote\/mari-ahokoivu-talviunta-3-osa\/","url":"https:\/\/www.asemakustannus.com\/kauppa\/tuote\/mari-ahokoivu-talviunta-3-osa\/","name":"Mari Ahokoivu: Talviunta, 3. osa - Asema Kustannus","isPartOf":{"@id":"https:\/\/www.asemakustannus.com\/kauppa\/#website"},"primaryImageOfPage":{"@id":"https:\/\/www.asemakustannus.com\/kauppa\/tuote\/mari-ahokoivu-talviunta-3-osa\/#primaryimage"},"image":{"@id":"https:\/\/www.asemakustannus.com\/kauppa\/tuote\/mari-ahokoivu-talviunta-3-osa\/#primaryimage"},"thumbnailUrl":"https:\/\/i0.wp.com\/www.asemakustannus.com\/kauppa\/wp-content\/uploads\/2021\/03\/TALVIUNTA_3-iso.jpg?fit=450%2C635&ssl=1","datePublished":"2021-03-22T12:42:52+00:00","dateModified":"2021-03-22T12:44:54+00:00","breadcrumb":{"@id":"https:\/\/www.asemakustannus.com\/kauppa\/tuote\/mari-ahokoivu-talviunta-3-osa\/#breadcrumb"},"inLanguage":"fi","potentialAction":[{"@type":"ReadAction","target":["https:\/\/www.asemakustannus.com\/kauppa\/tuote\/mari-ahokoivu-talviunta-3-osa\/"]}]},{"@type":"ImageObject","inLanguage":"fi","@id":"https:\/\/www.asemakustannus.com\/kauppa\/tuote\/mari-ahokoivu-talviunta-3-osa\/#primaryimage","url":"https:\/\/i0.wp.com\/www.asemakustannus.com\/kauppa\/wp-content\/uploads\/2021\/03\/TALVIUNTA_3-iso.jpg?fit=450%2C635&ssl=1","contentUrl":"https:\/\/i0.wp.com\/www.asemakustannus.com\/kauppa\/wp-content\/uploads\/2021\/03\/TALVIUNTA_3-iso.jpg?fit=450%2C635&ssl=1","width":450,"height":635},{"@type":"BreadcrumbList","@id":"https:\/\/www.asemakustannus.com\/kauppa\/tuote\/mari-ahokoivu-talviunta-3-osa\/#breadcrumb","itemListElement":[{"@type":"ListItem","position":1,"name":"Home","item":"https:\/\/www.asemakustannus.com\/kauppa\/"},{"@type":"ListItem","position":2,"name":"Kauppa","item":"https:\/\/www.asemakustannus.com\/kauppa\/kauppa\/"},{"@type":"ListItem","position":3,"name":"Mari Ahokoivu: Talviunta, 3. osa"}]},{"@type":"WebSite","@id":"https:\/\/www.asemakustannus.com\/kauppa\/#website","url":"https:\/\/www.asemakustannus.com\/kauppa\/","name":"Asema Kustannus","description":"Sarjakuvakauppa","publisher":{"@id":"https:\/\/www.asemakustannus.com\/kauppa\/#organization"},"potentialAction":[{"@type":"SearchAction","target":{"@type":"EntryPoint","urlTemplate":"https:\/\/www.asemakustannus.com\/kauppa\/?s={search_term_string}"},"query-input":{"@type":"PropertyValueSpecification","valueRequired":true,"valueName":"search_term_string"}}],"inLanguage":"fi"},{"@type":"Organization","@id":"https:\/\/www.asemakustannus.com\/kauppa\/#organization","name":"Asema Kustannus","url":"https:\/\/www.asemakustannus.com\/kauppa\/","logo":{"@type":"ImageObject","inLanguage":"fi","@id":"https:\/\/www.asemakustannus.com\/kauppa\/#\/schema\/logo\/image\/","url":"https:\/\/www.asemakustannus.com\/kauppa\/wp-content\/uploads\/2021\/09\/181007768_141578281313342_8780310787852686686_n-1.jpeg","contentUrl":"https:\/\/www.asemakustannus.com\/kauppa\/wp-content\/uploads\/2021\/09\/181007768_141578281313342_8780310787852686686_n-1.jpeg","width":300,"height":333,"caption":"Asema Kustannus"},"image":{"@id":"https:\/\/www.asemakustannus.com\/kauppa\/#\/schema\/logo\/image\/"},"sameAs":["https:\/\/www.facebook.com\/asemakustannus","https:\/\/x.com\/asemakustannus","https:\/\/www.instagram.com\/asemakustannus\/"]}]}},"jetpack_sharing_enabled":true,"_links":{"self":[{"href":"https:\/\/www.asemakustannus.com\/kauppa\/wp-json\/wp\/v2\/product\/392","targetHints":{"allow":["GET"]}}],"collection":[{"href":"https:\/\/www.asemakustannus.com\/kauppa\/wp-json\/wp\/v2\/product"}],"about":[{"href":"https:\/\/www.asemakustannus.com\/kauppa\/wp-json\/wp\/v2\/types\/product"}],"wp:featuredmedia":[{"embeddable":true,"href":"https:\/\/www.asemakustannus.com\/kauppa\/wp-json\/wp\/v2\/media\/387"}],"wp:attachment":[{"href":"https:\/\/www.asemakustannus.com\/kauppa\/wp-json\/wp\/v2\/media?parent=392"}],"wp:term":[{"taxonomy":"product_brand","embeddable":true,"href":"https:\/\/www.asemakustannus.com\/kauppa\/wp-json\/wp\/v2\/product_brand?post=392"},{"taxonomy":"product_cat","embeddable":true,"href":"https:\/\/www.asemakustannus.com\/kauppa\/wp-json\/wp\/v2\/product_cat?post=392"},{"taxonomy":"product_tag","embeddable":true,"href":"https:\/\/www.asemakustannus.com\/kauppa\/wp-json\/wp\/v2\/product_tag?post=392"}],"curies":[{"name":"wp","href":"https:\/\/api.w.org\/{rel}","templated":true}]}}