{"id":393,"date":"2021-03-22T15:13:58","date_gmt":"2021-03-22T13:13:58","guid":{"rendered":"https:\/\/www.asemakustannus.com\/kauppa\/?post_type=product&#038;p=393"},"modified":"2021-03-22T15:16:38","modified_gmt":"2021-03-22T13:16:38","slug":"toni-karonen-harri-honkala-karim-ulkopuoliset","status":"publish","type":"product","link":"https:\/\/www.asemakustannus.com\/kauppa\/tuote\/toni-karonen-harri-honkala-karim-ulkopuoliset\/","title":{"rendered":"Toni Karonen &#038; Harri Honkala: Karim \u2013 Ulkopuoliset"},"content":{"rendered":"<div class=\"row\">\n<div class=\"col-sm-6 col-lg-5 col-lg-offset-1\">\n<div class=\"product\">\n<div class=\"row\">\n<div class=\"product-description col-xs-12\">\n<p>156 sivua | B5 | pehme\u00e4kantinen<\/p>\n<p>ISBN 978-952-5909-20-3<\/p>\n<p>Asema 2014<\/p>\n<p><em>Karim: Ulkopuoliset<\/em>\u00a0on realistisella otteella toteutettu kansainv\u00e4lisen tason toimintasarjakuva.<\/p>\n<p>Vaihtoehtoisessa historiassa 1990-luvun Turku on vajonnut l\u00e4hes anarkistiseen tilaan ja j\u00e4rjest\u00e4ytynyt rikollisuus rehottaa kaduilla. \u200b<\/p>\n<p>Karim Mabare, nuori maahanmuuttajataustainen poika yritt\u00e4\u00e4 l\u00f6yt\u00e4\u00e4 oman tiens\u00e4 t\u00e4m\u00e4n sekasorron keskell\u00e4. Kohdattuaan syrjint\u00e4\u00e4 ja v\u00e4kivaltaa koko lapsuutensa\u200b\u200b Karim on p\u00e4\u00e4tt\u00e4nyt liitty\u00e4 jengiin nimelt\u00e4 Ulkopuoliset. H\u00e4nelle selvi\u00e4\u00e4 kuitenkin nopeasti, ett\u00e4 t\u00e4m\u00e4 polku on t\u00e4ynn\u00e4 vaikeita valintoja ja tuskaa. Kuinka pitk\u00e4lle Karim on valmis menem\u00e4\u00e4n saadakseen haluamansa, ja onko h\u00e4n valmis kantamaan tekojensa seuraukset?<\/p>\n<p>Tervetuloa Turkuun. Toivottavasti selvi\u00e4t kokemuksesta hengiss\u00e4.\u200b\u200b<\/p>\n<p>Turkulainen k\u00e4sikirjoittaja\u00a0<strong>Toni Karonen<\/strong>\u00a0on uusi tekij\u00e4 alalla. Karonen on saanut innoituksensa mm. 90-luvun amerikkalaisista sarjakuvista. Piirt\u00e4j\u00e4\u00a0<strong>Harri Honkala<\/strong>\u00a0on kokenut espoolainen kuvittaja, joka on \u200bpiirrost\u00f6idens\u00e4 ohessa opiskellut esimerkiksi mainosalaa ja elokuvaa.\u00a0<em>Karim: Ulkopuoliset<\/em>\u00a0on tekij\u00f6idens\u00e4 ensimm\u00e4inen yhteinen \u200balbumi.<\/p>\n<p>Teos kokoaa itsen\u00e4iseksi kokonaisuudeksi aiemmin ilmestyneet pienkustannelehdet Karim 1-5, uudelleen toimitettuina, korjattuina ja suuremmassa sivukoossa.<\/p>\n<p>\u2013 Karim on etenkin juonellisesti hyvin omaper\u00e4inen, jopa poikkeuksellisen raikas ja kansainv\u00e4lisesti uskottava. \u2013 1001 kirjaa ja yksi pieni el\u00e4m\u00e4 (kirjablogi)<\/p>\n<p>\u2013 Tarina ja sarjan teksti ovat moitteetonta ty\u00f6t\u00e4 [&#8230;] huolellinen ja horjumaton oma tyyli s\u00e4ilyy joka kuvassa. \u2013 Kari T. Lepp\u00e4nen<\/p>\n<\/div>\n<\/div>\n<\/div>\n<\/div>\n<\/div>\n<div class=\"merchant-info-top-border\">\n<div class=\"row\">\n<div class=\"col-xs-12\"><\/div>\n<\/div>\n<\/div>\n","protected":false},"excerpt":{"rendered":"<p>156 sivua | B5 | pehme\u00e4kantinen ISBN 978-952-5909-20-3 Asema 2014 Karim: Ulkopuoliset\u00a0on realistisella otteella toteutettu kansainv\u00e4lisen tason toimintasarjakuva. Vaihtoehtoisessa historiassa 1990-luvun Turku on vajonnut l\u00e4hes anarkistiseen tilaan ja j\u00e4rjest\u00e4ytynyt rikollisuus rehottaa kaduilla. \u200b Karim Mabare, nuori maahanmuuttajataustainen poika yritt\u00e4\u00e4 l\u00f6yt\u00e4\u00e4 oman tiens\u00e4 t\u00e4m\u00e4n sekasorron keskell\u00e4. Kohdattuaan syrjint\u00e4\u00e4 ja v\u00e4kivaltaa koko lapsuutensa\u200b\u200b Karim on p\u00e4\u00e4tt\u00e4nyt liitty\u00e4 [&hellip;]<\/p>\n","protected":false},"featured_media":398,"template":"","meta":[],"product_brand":[],"product_cat":[38],"product_tag":[],"class_list":{"0":"post-393","1":"product","2":"type-product","3":"status-publish","4":"has-post-thumbnail","6":"product_cat-kirjat","7":"product_shipping_class-xxspaketti","9":"first","10":"outofstock","11":"shipping-taxable","12":"purchasable","13":"product-type-simple"},"yoast_head":"<!-- This site is optimized with the Yoast SEO plugin v27.3 - https:\/\/yoast.com\/product\/yoast-seo-wordpress\/ -->\n<title>Toni Karonen &amp; Harri Honkala: Karim \u2013 Ulkopuoliset - Asema Kustannus<\/title>\n<meta name=\"robots\" content=\"index, follow, max-snippet:-1, max-image-preview:large, max-video-preview:-1\" \/>\n<link rel=\"canonical\" href=\"https:\/\/www.asemakustannus.com\/kauppa\/tuote\/toni-karonen-harri-honkala-karim-ulkopuoliset\/\" \/>\n<meta property=\"og:locale\" content=\"fi_FI\" \/>\n<meta property=\"og:type\" content=\"article\" \/>\n<meta property=\"og:title\" content=\"Toni Karonen &amp; Harri Honkala: Karim \u2013 Ulkopuoliset - Asema Kustannus\" \/>\n<meta property=\"og:description\" content=\"156 sivua | B5 | pehme\u00e4kantinen ISBN 978-952-5909-20-3 Asema 2014 Karim: Ulkopuoliset\u00a0on realistisella otteella toteutettu kansainv\u00e4lisen tason toimintasarjakuva. Vaihtoehtoisessa historiassa 1990-luvun Turku on vajonnut l\u00e4hes anarkistiseen tilaan ja j\u00e4rjest\u00e4ytynyt rikollisuus rehottaa kaduilla. \u200b Karim Mabare, nuori maahanmuuttajataustainen poika yritt\u00e4\u00e4 l\u00f6yt\u00e4\u00e4 oman tiens\u00e4 t\u00e4m\u00e4n sekasorron keskell\u00e4. Kohdattuaan syrjint\u00e4\u00e4 ja v\u00e4kivaltaa koko lapsuutensa\u200b\u200b Karim on p\u00e4\u00e4tt\u00e4nyt liitty\u00e4 [&hellip;]\" \/>\n<meta property=\"og:url\" content=\"https:\/\/www.asemakustannus.com\/kauppa\/tuote\/toni-karonen-harri-honkala-karim-ulkopuoliset\/\" \/>\n<meta property=\"og:site_name\" content=\"Asema Kustannus\" \/>\n<meta property=\"article:publisher\" content=\"https:\/\/www.facebook.com\/asemakustannus\" \/>\n<meta property=\"article:modified_time\" content=\"2021-03-22T13:16:38+00:00\" \/>\n<meta property=\"og:image\" content=\"https:\/\/www.asemakustannus.com\/kauppa\/wp-content\/uploads\/2021\/03\/Karim-72-ISO.jpg\" \/>\n\t<meta property=\"og:image:width\" content=\"450\" \/>\n\t<meta property=\"og:image:height\" content=\"635\" \/>\n\t<meta property=\"og:image:type\" content=\"image\/jpeg\" \/>\n<meta name=\"twitter:card\" content=\"summary_large_image\" \/>\n<meta name=\"twitter:site\" content=\"@asemakustannus\" \/>\n<meta name=\"twitter:label1\" content=\"Arvioitu lukuaika\" \/>\n\t<meta name=\"twitter:data1\" content=\"1 minuutti\" \/>\n<script type=\"application\/ld+json\" class=\"yoast-schema-graph\">{\"@context\":\"https:\\\/\\\/schema.org\",\"@graph\":[{\"@type\":\"WebPage\",\"@id\":\"https:\\\/\\\/www.asemakustannus.com\\\/kauppa\\\/tuote\\\/toni-karonen-harri-honkala-karim-ulkopuoliset\\\/\",\"url\":\"https:\\\/\\\/www.asemakustannus.com\\\/kauppa\\\/tuote\\\/toni-karonen-harri-honkala-karim-ulkopuoliset\\\/\",\"name\":\"Toni Karonen & Harri Honkala: Karim \u2013 Ulkopuoliset - Asema Kustannus\",\"isPartOf\":{\"@id\":\"https:\\\/\\\/www.asemakustannus.com\\\/kauppa\\\/#website\"},\"primaryImageOfPage\":{\"@id\":\"https:\\\/\\\/www.asemakustannus.com\\\/kauppa\\\/tuote\\\/toni-karonen-harri-honkala-karim-ulkopuoliset\\\/#primaryimage\"},\"image\":{\"@id\":\"https:\\\/\\\/www.asemakustannus.com\\\/kauppa\\\/tuote\\\/toni-karonen-harri-honkala-karim-ulkopuoliset\\\/#primaryimage\"},\"thumbnailUrl\":\"https:\\\/\\\/i0.wp.com\\\/www.asemakustannus.com\\\/kauppa\\\/wp-content\\\/uploads\\\/2021\\\/03\\\/Karim-72-ISO.jpg?fit=450%2C635&ssl=1\",\"datePublished\":\"2021-03-22T13:13:58+00:00\",\"dateModified\":\"2021-03-22T13:16:38+00:00\",\"breadcrumb\":{\"@id\":\"https:\\\/\\\/www.asemakustannus.com\\\/kauppa\\\/tuote\\\/toni-karonen-harri-honkala-karim-ulkopuoliset\\\/#breadcrumb\"},\"inLanguage\":\"fi\",\"potentialAction\":[{\"@type\":\"ReadAction\",\"target\":[\"https:\\\/\\\/www.asemakustannus.com\\\/kauppa\\\/tuote\\\/toni-karonen-harri-honkala-karim-ulkopuoliset\\\/\"]}]},{\"@type\":\"ImageObject\",\"inLanguage\":\"fi\",\"@id\":\"https:\\\/\\\/www.asemakustannus.com\\\/kauppa\\\/tuote\\\/toni-karonen-harri-honkala-karim-ulkopuoliset\\\/#primaryimage\",\"url\":\"https:\\\/\\\/i0.wp.com\\\/www.asemakustannus.com\\\/kauppa\\\/wp-content\\\/uploads\\\/2021\\\/03\\\/Karim-72-ISO.jpg?fit=450%2C635&ssl=1\",\"contentUrl\":\"https:\\\/\\\/i0.wp.com\\\/www.asemakustannus.com\\\/kauppa\\\/wp-content\\\/uploads\\\/2021\\\/03\\\/Karim-72-ISO.jpg?fit=450%2C635&ssl=1\",\"width\":450,\"height\":635},{\"@type\":\"BreadcrumbList\",\"@id\":\"https:\\\/\\\/www.asemakustannus.com\\\/kauppa\\\/tuote\\\/toni-karonen-harri-honkala-karim-ulkopuoliset\\\/#breadcrumb\",\"itemListElement\":[{\"@type\":\"ListItem\",\"position\":1,\"name\":\"Home\",\"item\":\"https:\\\/\\\/www.asemakustannus.com\\\/kauppa\\\/\"},{\"@type\":\"ListItem\",\"position\":2,\"name\":\"Kauppa\",\"item\":\"https:\\\/\\\/www.asemakustannus.com\\\/kauppa\\\/kauppa\\\/\"},{\"@type\":\"ListItem\",\"position\":3,\"name\":\"Toni Karonen &#038; Harri Honkala: Karim \u2013 Ulkopuoliset\"}]},{\"@type\":\"WebSite\",\"@id\":\"https:\\\/\\\/www.asemakustannus.com\\\/kauppa\\\/#website\",\"url\":\"https:\\\/\\\/www.asemakustannus.com\\\/kauppa\\\/\",\"name\":\"Asema Kustannus\",\"description\":\"Sarjakuvakauppa\",\"publisher\":{\"@id\":\"https:\\\/\\\/www.asemakustannus.com\\\/kauppa\\\/#organization\"},\"potentialAction\":[{\"@type\":\"SearchAction\",\"target\":{\"@type\":\"EntryPoint\",\"urlTemplate\":\"https:\\\/\\\/www.asemakustannus.com\\\/kauppa\\\/?s={search_term_string}\"},\"query-input\":{\"@type\":\"PropertyValueSpecification\",\"valueRequired\":true,\"valueName\":\"search_term_string\"}}],\"inLanguage\":\"fi\"},{\"@type\":\"Organization\",\"@id\":\"https:\\\/\\\/www.asemakustannus.com\\\/kauppa\\\/#organization\",\"name\":\"Asema Kustannus\",\"url\":\"https:\\\/\\\/www.asemakustannus.com\\\/kauppa\\\/\",\"logo\":{\"@type\":\"ImageObject\",\"inLanguage\":\"fi\",\"@id\":\"https:\\\/\\\/www.asemakustannus.com\\\/kauppa\\\/#\\\/schema\\\/logo\\\/image\\\/\",\"url\":\"https:\\\/\\\/www.asemakustannus.com\\\/kauppa\\\/wp-content\\\/uploads\\\/2021\\\/09\\\/181007768_141578281313342_8780310787852686686_n-1.jpeg\",\"contentUrl\":\"https:\\\/\\\/www.asemakustannus.com\\\/kauppa\\\/wp-content\\\/uploads\\\/2021\\\/09\\\/181007768_141578281313342_8780310787852686686_n-1.jpeg\",\"width\":300,\"height\":333,\"caption\":\"Asema Kustannus\"},\"image\":{\"@id\":\"https:\\\/\\\/www.asemakustannus.com\\\/kauppa\\\/#\\\/schema\\\/logo\\\/image\\\/\"},\"sameAs\":[\"https:\\\/\\\/www.facebook.com\\\/asemakustannus\",\"https:\\\/\\\/x.com\\\/asemakustannus\",\"https:\\\/\\\/www.instagram.com\\\/asemakustannus\\\/\"]}]}<\/script>\n<!-- \/ Yoast SEO plugin. -->","yoast_head_json":{"title":"Toni Karonen & Harri Honkala: Karim \u2013 Ulkopuoliset - Asema Kustannus","robots":{"index":"index","follow":"follow","max-snippet":"max-snippet:-1","max-image-preview":"max-image-preview:large","max-video-preview":"max-video-preview:-1"},"canonical":"https:\/\/www.asemakustannus.com\/kauppa\/tuote\/toni-karonen-harri-honkala-karim-ulkopuoliset\/","og_locale":"fi_FI","og_type":"article","og_title":"Toni Karonen & Harri Honkala: Karim \u2013 Ulkopuoliset - Asema Kustannus","og_description":"156 sivua | B5 | pehme\u00e4kantinen ISBN 978-952-5909-20-3 Asema 2014 Karim: Ulkopuoliset\u00a0on realistisella otteella toteutettu kansainv\u00e4lisen tason toimintasarjakuva. Vaihtoehtoisessa historiassa 1990-luvun Turku on vajonnut l\u00e4hes anarkistiseen tilaan ja j\u00e4rjest\u00e4ytynyt rikollisuus rehottaa kaduilla. \u200b Karim Mabare, nuori maahanmuuttajataustainen poika yritt\u00e4\u00e4 l\u00f6yt\u00e4\u00e4 oman tiens\u00e4 t\u00e4m\u00e4n sekasorron keskell\u00e4. Kohdattuaan syrjint\u00e4\u00e4 ja v\u00e4kivaltaa koko lapsuutensa\u200b\u200b Karim on p\u00e4\u00e4tt\u00e4nyt liitty\u00e4 [&hellip;]","og_url":"https:\/\/www.asemakustannus.com\/kauppa\/tuote\/toni-karonen-harri-honkala-karim-ulkopuoliset\/","og_site_name":"Asema Kustannus","article_publisher":"https:\/\/www.facebook.com\/asemakustannus","article_modified_time":"2021-03-22T13:16:38+00:00","og_image":[{"width":450,"height":635,"url":"https:\/\/www.asemakustannus.com\/kauppa\/wp-content\/uploads\/2021\/03\/Karim-72-ISO.jpg","type":"image\/jpeg"}],"twitter_card":"summary_large_image","twitter_site":"@asemakustannus","twitter_misc":{"Arvioitu lukuaika":"1 minuutti"},"schema":{"@context":"https:\/\/schema.org","@graph":[{"@type":"WebPage","@id":"https:\/\/www.asemakustannus.com\/kauppa\/tuote\/toni-karonen-harri-honkala-karim-ulkopuoliset\/","url":"https:\/\/www.asemakustannus.com\/kauppa\/tuote\/toni-karonen-harri-honkala-karim-ulkopuoliset\/","name":"Toni Karonen & Harri Honkala: Karim \u2013 Ulkopuoliset - Asema Kustannus","isPartOf":{"@id":"https:\/\/www.asemakustannus.com\/kauppa\/#website"},"primaryImageOfPage":{"@id":"https:\/\/www.asemakustannus.com\/kauppa\/tuote\/toni-karonen-harri-honkala-karim-ulkopuoliset\/#primaryimage"},"image":{"@id":"https:\/\/www.asemakustannus.com\/kauppa\/tuote\/toni-karonen-harri-honkala-karim-ulkopuoliset\/#primaryimage"},"thumbnailUrl":"https:\/\/i0.wp.com\/www.asemakustannus.com\/kauppa\/wp-content\/uploads\/2021\/03\/Karim-72-ISO.jpg?fit=450%2C635&ssl=1","datePublished":"2021-03-22T13:13:58+00:00","dateModified":"2021-03-22T13:16:38+00:00","breadcrumb":{"@id":"https:\/\/www.asemakustannus.com\/kauppa\/tuote\/toni-karonen-harri-honkala-karim-ulkopuoliset\/#breadcrumb"},"inLanguage":"fi","potentialAction":[{"@type":"ReadAction","target":["https:\/\/www.asemakustannus.com\/kauppa\/tuote\/toni-karonen-harri-honkala-karim-ulkopuoliset\/"]}]},{"@type":"ImageObject","inLanguage":"fi","@id":"https:\/\/www.asemakustannus.com\/kauppa\/tuote\/toni-karonen-harri-honkala-karim-ulkopuoliset\/#primaryimage","url":"https:\/\/i0.wp.com\/www.asemakustannus.com\/kauppa\/wp-content\/uploads\/2021\/03\/Karim-72-ISO.jpg?fit=450%2C635&ssl=1","contentUrl":"https:\/\/i0.wp.com\/www.asemakustannus.com\/kauppa\/wp-content\/uploads\/2021\/03\/Karim-72-ISO.jpg?fit=450%2C635&ssl=1","width":450,"height":635},{"@type":"BreadcrumbList","@id":"https:\/\/www.asemakustannus.com\/kauppa\/tuote\/toni-karonen-harri-honkala-karim-ulkopuoliset\/#breadcrumb","itemListElement":[{"@type":"ListItem","position":1,"name":"Home","item":"https:\/\/www.asemakustannus.com\/kauppa\/"},{"@type":"ListItem","position":2,"name":"Kauppa","item":"https:\/\/www.asemakustannus.com\/kauppa\/kauppa\/"},{"@type":"ListItem","position":3,"name":"Toni Karonen &#038; Harri Honkala: Karim \u2013 Ulkopuoliset"}]},{"@type":"WebSite","@id":"https:\/\/www.asemakustannus.com\/kauppa\/#website","url":"https:\/\/www.asemakustannus.com\/kauppa\/","name":"Asema Kustannus","description":"Sarjakuvakauppa","publisher":{"@id":"https:\/\/www.asemakustannus.com\/kauppa\/#organization"},"potentialAction":[{"@type":"SearchAction","target":{"@type":"EntryPoint","urlTemplate":"https:\/\/www.asemakustannus.com\/kauppa\/?s={search_term_string}"},"query-input":{"@type":"PropertyValueSpecification","valueRequired":true,"valueName":"search_term_string"}}],"inLanguage":"fi"},{"@type":"Organization","@id":"https:\/\/www.asemakustannus.com\/kauppa\/#organization","name":"Asema Kustannus","url":"https:\/\/www.asemakustannus.com\/kauppa\/","logo":{"@type":"ImageObject","inLanguage":"fi","@id":"https:\/\/www.asemakustannus.com\/kauppa\/#\/schema\/logo\/image\/","url":"https:\/\/www.asemakustannus.com\/kauppa\/wp-content\/uploads\/2021\/09\/181007768_141578281313342_8780310787852686686_n-1.jpeg","contentUrl":"https:\/\/www.asemakustannus.com\/kauppa\/wp-content\/uploads\/2021\/09\/181007768_141578281313342_8780310787852686686_n-1.jpeg","width":300,"height":333,"caption":"Asema Kustannus"},"image":{"@id":"https:\/\/www.asemakustannus.com\/kauppa\/#\/schema\/logo\/image\/"},"sameAs":["https:\/\/www.facebook.com\/asemakustannus","https:\/\/x.com\/asemakustannus","https:\/\/www.instagram.com\/asemakustannus\/"]}]}},"jetpack_sharing_enabled":true,"_links":{"self":[{"href":"https:\/\/www.asemakustannus.com\/kauppa\/wp-json\/wp\/v2\/product\/393","targetHints":{"allow":["GET"]}}],"collection":[{"href":"https:\/\/www.asemakustannus.com\/kauppa\/wp-json\/wp\/v2\/product"}],"about":[{"href":"https:\/\/www.asemakustannus.com\/kauppa\/wp-json\/wp\/v2\/types\/product"}],"wp:featuredmedia":[{"embeddable":true,"href":"https:\/\/www.asemakustannus.com\/kauppa\/wp-json\/wp\/v2\/media\/398"}],"wp:attachment":[{"href":"https:\/\/www.asemakustannus.com\/kauppa\/wp-json\/wp\/v2\/media?parent=393"}],"wp:term":[{"taxonomy":"product_brand","embeddable":true,"href":"https:\/\/www.asemakustannus.com\/kauppa\/wp-json\/wp\/v2\/product_brand?post=393"},{"taxonomy":"product_cat","embeddable":true,"href":"https:\/\/www.asemakustannus.com\/kauppa\/wp-json\/wp\/v2\/product_cat?post=393"},{"taxonomy":"product_tag","embeddable":true,"href":"https:\/\/www.asemakustannus.com\/kauppa\/wp-json\/wp\/v2\/product_tag?post=393"}],"curies":[{"name":"wp","href":"https:\/\/api.w.org\/{rel}","templated":true}]}}