{"id":399,"date":"2021-03-22T15:17:38","date_gmt":"2021-03-22T13:17:38","guid":{"rendered":"https:\/\/www.asemakustannus.com\/kauppa\/?post_type=product&#038;p=399"},"modified":"2021-09-10T14:48:09","modified_gmt":"2021-09-10T11:48:09","slug":"mika-lietzen-1986","status":"publish","type":"product","link":"https:\/\/www.asemakustannus.com\/kauppa\/tuote\/mika-lietzen-1986\/","title":{"rendered":"Mika Lietz\u00e9n: 1986"},"content":{"rendered":"<p>32 sivua | B5 | nidottu<\/p>\n<p>ISBN 978-952-5909-18-0<\/p>\n<p>Asema 2014<\/p>\n<p>Includes English subtitles.<\/p>\n<p>On vuosi 1986. Iron Maiden on maailman paras b\u00e4ndi, Conan Barbaari on suosituin sarjakuva ja kaveriporukan kanssa pelataan\u00a0<em>Call of Cthulhu<\/em>\u00a0-kauhuroolipeli\u00e4. Er\u00e4\u00e4n\u00e4 p\u00e4iv\u00e4n\u00e4 oppilaiden keskuudessa alkaa kiert\u00e4\u00e4 huhu, ett\u00e4 koulun pihalla on n\u00e4hty kummitus. Nuoren p\u00e4\u00e4henkil\u00f6n alkaessa selvitt\u00e4\u00e4 tapausta k\u00e4y ilmi, ett\u00e4 todellisuus on kauheampaa \u2013 ja surullisempaa \u2013 kuin mik\u00e4\u00e4n yliluonnollinen.<\/p>\n<p>1986 on nostalginen kasvukertomus l\u00e4himenneisyydest\u00e4, hevin, p\u00f6yt\u00e4roolipelien ja kauhupokkareiden kulta-ajasta. Ajasta, jolloin p\u00e4iv\u00e4t olivat pidempi\u00e4 ja kes\u00e4t tuntuivat kest\u00e4v\u00e4n ikuisesti.<\/p>\n<p><strong>Mika Lietz\u00e9n<\/strong>\u00a0(s. 1974) on turkulainen sarjakuvataiteilija. 1986 on tekij\u00e4ns\u00e4 ensimm\u00e4inen amerikkalaistyylinen sarjakuva, kunnianosoitus kummitusjutuille ja 80-luvun populaarikulttuurille.<\/p>\n<p>Sis\u00e4lt\u00e4\u00e4 englanninkielisen k\u00e4\u00e4nn\u00f6ksen sek\u00e4 pelattavan\u00a0<em>Call of Cthulhu<\/em>\u00a0-hahmon! Lose 1D10 SAN!<\/p>\n<p>Lietz\u00e9nin sarjakuvista sanottua:<\/p>\n<p>&gt; Kaksi pient\u00e4 novellia tarjoaa pari kauden syk\u00e4hdytt\u00e4vint\u00e4 sarjakuvael\u00e4myst\u00e4. \u2013 Helsingin Sanomat<\/p>\n<p>&gt; Kertomuksissa on samanlaista ajattomuuden tuntua ja paneutumista ihmispsykologiaan kuin Ingmar Bergmanilla. \u2013 Aamulehti<\/p>\n<p>It&#8217;s the year 1986. Iron Maiden is the best band in the world, Conan the Barbarian the most popular comic book and everybody plays\u00a0<em>Call of Cthulhu<\/em>\u00a0horror role-playing game. One day at school there&#8217;s a rumour that a ghost has been seen on the schoolyard. As the investigation into the mystery progresses, it&#8217;s revealed that reality is far more horrific \u2013 and infinitely more sad \u2013 than anything supernatural.<\/p>\n<p>1986 is a nostalgic coming-of-age story, set in the golden age of heavy metal, tabletop RPGs and horror paperbacks. A time when days were longer and summers seemed to last forever.<\/p>\n<p><strong>Mika Lietz\u00e9n<\/strong>\u00a0(born 1974) is a Finnish comic book artist. 1986 is his first comic book done in an American style, a loving tribute to ghost stories and the popular culture of the eighties.<\/p>\n<p>Includes English subtitles and a pregenerated, playable\u00a0<em>Call of Cthulhu<\/em>\u00a0character! Lose 1D10 SAN!<\/p>\n","protected":false},"excerpt":{"rendered":"<p>32 sivua | B5 | nidottu ISBN 978-952-5909-18-0 Asema 2014 Includes English subtitles. On vuosi 1986. Iron Maiden on maailman paras b\u00e4ndi, Conan Barbaari on suosituin sarjakuva ja kaveriporukan kanssa pelataan\u00a0Call of Cthulhu\u00a0-kauhuroolipeli\u00e4. Er\u00e4\u00e4n\u00e4 p\u00e4iv\u00e4n\u00e4 oppilaiden keskuudessa alkaa kiert\u00e4\u00e4 huhu, ett\u00e4 koulun pihalla on n\u00e4hty kummitus. Nuoren p\u00e4\u00e4henkil\u00f6n alkaessa selvitt\u00e4\u00e4 tapausta k\u00e4y ilmi, ett\u00e4 todellisuus [&hellip;]<\/p>\n","protected":false},"featured_media":168,"template":"","meta":[],"product_brand":[],"product_cat":[39],"product_tag":[48],"class_list":{"0":"post-399","1":"product","2":"type-product","3":"status-publish","4":"has-post-thumbnail","6":"product_cat-lehdet","7":"product_tag-mika-lietzen","8":"product_shipping_class-kirje","10":"first","11":"outofstock","12":"shipping-taxable","13":"purchasable","14":"product-type-simple"},"yoast_head":"<!-- This site is optimized with the Yoast SEO plugin v27.3 - https:\/\/yoast.com\/product\/yoast-seo-wordpress\/ -->\n<title>Mika Lietz\u00e9n: 1986 - Asema Kustannus<\/title>\n<meta name=\"robots\" content=\"index, follow, max-snippet:-1, max-image-preview:large, max-video-preview:-1\" \/>\n<link rel=\"canonical\" href=\"https:\/\/www.asemakustannus.com\/kauppa\/tuote\/mika-lietzen-1986\/\" \/>\n<meta property=\"og:locale\" content=\"fi_FI\" \/>\n<meta property=\"og:type\" content=\"article\" \/>\n<meta property=\"og:title\" content=\"Mika Lietz\u00e9n: 1986 - Asema Kustannus\" \/>\n<meta property=\"og:description\" content=\"32 sivua | B5 | nidottu ISBN 978-952-5909-18-0 Asema 2014 Includes English subtitles. On vuosi 1986. Iron Maiden on maailman paras b\u00e4ndi, Conan Barbaari on suosituin sarjakuva ja kaveriporukan kanssa pelataan\u00a0Call of Cthulhu\u00a0-kauhuroolipeli\u00e4. Er\u00e4\u00e4n\u00e4 p\u00e4iv\u00e4n\u00e4 oppilaiden keskuudessa alkaa kiert\u00e4\u00e4 huhu, ett\u00e4 koulun pihalla on n\u00e4hty kummitus. Nuoren p\u00e4\u00e4henkil\u00f6n alkaessa selvitt\u00e4\u00e4 tapausta k\u00e4y ilmi, ett\u00e4 todellisuus [&hellip;]\" \/>\n<meta property=\"og:url\" content=\"https:\/\/www.asemakustannus.com\/kauppa\/tuote\/mika-lietzen-1986\/\" \/>\n<meta property=\"og:site_name\" content=\"Asema Kustannus\" \/>\n<meta property=\"article:publisher\" content=\"https:\/\/www.facebook.com\/asemakustannus\" \/>\n<meta property=\"article:modified_time\" content=\"2021-09-10T11:48:09+00:00\" \/>\n<meta property=\"og:image\" content=\"https:\/\/www.asemakustannus.com\/kauppa\/wp-content\/uploads\/2021\/03\/1986-72-ISO.jpg\" \/>\n\t<meta property=\"og:image:width\" content=\"450\" \/>\n\t<meta property=\"og:image:height\" content=\"635\" \/>\n\t<meta property=\"og:image:type\" content=\"image\/jpeg\" \/>\n<meta name=\"twitter:card\" content=\"summary_large_image\" \/>\n<meta name=\"twitter:site\" content=\"@asemakustannus\" \/>\n<meta name=\"twitter:label1\" content=\"Arvioitu lukuaika\" \/>\n\t<meta name=\"twitter:data1\" content=\"2 minuuttia\" \/>\n<script type=\"application\/ld+json\" class=\"yoast-schema-graph\">{\"@context\":\"https:\\\/\\\/schema.org\",\"@graph\":[{\"@type\":\"WebPage\",\"@id\":\"https:\\\/\\\/www.asemakustannus.com\\\/kauppa\\\/tuote\\\/mika-lietzen-1986\\\/\",\"url\":\"https:\\\/\\\/www.asemakustannus.com\\\/kauppa\\\/tuote\\\/mika-lietzen-1986\\\/\",\"name\":\"Mika Lietz\u00e9n: 1986 - Asema Kustannus\",\"isPartOf\":{\"@id\":\"https:\\\/\\\/www.asemakustannus.com\\\/kauppa\\\/#website\"},\"primaryImageOfPage\":{\"@id\":\"https:\\\/\\\/www.asemakustannus.com\\\/kauppa\\\/tuote\\\/mika-lietzen-1986\\\/#primaryimage\"},\"image\":{\"@id\":\"https:\\\/\\\/www.asemakustannus.com\\\/kauppa\\\/tuote\\\/mika-lietzen-1986\\\/#primaryimage\"},\"thumbnailUrl\":\"https:\\\/\\\/i0.wp.com\\\/www.asemakustannus.com\\\/kauppa\\\/wp-content\\\/uploads\\\/2021\\\/03\\\/1986-72-ISO.jpg?fit=450%2C635&ssl=1\",\"datePublished\":\"2021-03-22T13:17:38+00:00\",\"dateModified\":\"2021-09-10T11:48:09+00:00\",\"breadcrumb\":{\"@id\":\"https:\\\/\\\/www.asemakustannus.com\\\/kauppa\\\/tuote\\\/mika-lietzen-1986\\\/#breadcrumb\"},\"inLanguage\":\"fi\",\"potentialAction\":[{\"@type\":\"ReadAction\",\"target\":[\"https:\\\/\\\/www.asemakustannus.com\\\/kauppa\\\/tuote\\\/mika-lietzen-1986\\\/\"]}]},{\"@type\":\"ImageObject\",\"inLanguage\":\"fi\",\"@id\":\"https:\\\/\\\/www.asemakustannus.com\\\/kauppa\\\/tuote\\\/mika-lietzen-1986\\\/#primaryimage\",\"url\":\"https:\\\/\\\/i0.wp.com\\\/www.asemakustannus.com\\\/kauppa\\\/wp-content\\\/uploads\\\/2021\\\/03\\\/1986-72-ISO.jpg?fit=450%2C635&ssl=1\",\"contentUrl\":\"https:\\\/\\\/i0.wp.com\\\/www.asemakustannus.com\\\/kauppa\\\/wp-content\\\/uploads\\\/2021\\\/03\\\/1986-72-ISO.jpg?fit=450%2C635&ssl=1\",\"width\":450,\"height\":635},{\"@type\":\"BreadcrumbList\",\"@id\":\"https:\\\/\\\/www.asemakustannus.com\\\/kauppa\\\/tuote\\\/mika-lietzen-1986\\\/#breadcrumb\",\"itemListElement\":[{\"@type\":\"ListItem\",\"position\":1,\"name\":\"Home\",\"item\":\"https:\\\/\\\/www.asemakustannus.com\\\/kauppa\\\/\"},{\"@type\":\"ListItem\",\"position\":2,\"name\":\"Kauppa\",\"item\":\"https:\\\/\\\/www.asemakustannus.com\\\/kauppa\\\/kauppa\\\/\"},{\"@type\":\"ListItem\",\"position\":3,\"name\":\"Mika Lietz\u00e9n: 1986\"}]},{\"@type\":\"WebSite\",\"@id\":\"https:\\\/\\\/www.asemakustannus.com\\\/kauppa\\\/#website\",\"url\":\"https:\\\/\\\/www.asemakustannus.com\\\/kauppa\\\/\",\"name\":\"Asema Kustannus\",\"description\":\"Sarjakuvakauppa\",\"publisher\":{\"@id\":\"https:\\\/\\\/www.asemakustannus.com\\\/kauppa\\\/#organization\"},\"potentialAction\":[{\"@type\":\"SearchAction\",\"target\":{\"@type\":\"EntryPoint\",\"urlTemplate\":\"https:\\\/\\\/www.asemakustannus.com\\\/kauppa\\\/?s={search_term_string}\"},\"query-input\":{\"@type\":\"PropertyValueSpecification\",\"valueRequired\":true,\"valueName\":\"search_term_string\"}}],\"inLanguage\":\"fi\"},{\"@type\":\"Organization\",\"@id\":\"https:\\\/\\\/www.asemakustannus.com\\\/kauppa\\\/#organization\",\"name\":\"Asema Kustannus\",\"url\":\"https:\\\/\\\/www.asemakustannus.com\\\/kauppa\\\/\",\"logo\":{\"@type\":\"ImageObject\",\"inLanguage\":\"fi\",\"@id\":\"https:\\\/\\\/www.asemakustannus.com\\\/kauppa\\\/#\\\/schema\\\/logo\\\/image\\\/\",\"url\":\"https:\\\/\\\/www.asemakustannus.com\\\/kauppa\\\/wp-content\\\/uploads\\\/2021\\\/09\\\/181007768_141578281313342_8780310787852686686_n-1.jpeg\",\"contentUrl\":\"https:\\\/\\\/www.asemakustannus.com\\\/kauppa\\\/wp-content\\\/uploads\\\/2021\\\/09\\\/181007768_141578281313342_8780310787852686686_n-1.jpeg\",\"width\":300,\"height\":333,\"caption\":\"Asema Kustannus\"},\"image\":{\"@id\":\"https:\\\/\\\/www.asemakustannus.com\\\/kauppa\\\/#\\\/schema\\\/logo\\\/image\\\/\"},\"sameAs\":[\"https:\\\/\\\/www.facebook.com\\\/asemakustannus\",\"https:\\\/\\\/x.com\\\/asemakustannus\",\"https:\\\/\\\/www.instagram.com\\\/asemakustannus\\\/\"]}]}<\/script>\n<!-- \/ Yoast SEO plugin. -->","yoast_head_json":{"title":"Mika Lietz\u00e9n: 1986 - Asema Kustannus","robots":{"index":"index","follow":"follow","max-snippet":"max-snippet:-1","max-image-preview":"max-image-preview:large","max-video-preview":"max-video-preview:-1"},"canonical":"https:\/\/www.asemakustannus.com\/kauppa\/tuote\/mika-lietzen-1986\/","og_locale":"fi_FI","og_type":"article","og_title":"Mika Lietz\u00e9n: 1986 - Asema Kustannus","og_description":"32 sivua | B5 | nidottu ISBN 978-952-5909-18-0 Asema 2014 Includes English subtitles. On vuosi 1986. Iron Maiden on maailman paras b\u00e4ndi, Conan Barbaari on suosituin sarjakuva ja kaveriporukan kanssa pelataan\u00a0Call of Cthulhu\u00a0-kauhuroolipeli\u00e4. Er\u00e4\u00e4n\u00e4 p\u00e4iv\u00e4n\u00e4 oppilaiden keskuudessa alkaa kiert\u00e4\u00e4 huhu, ett\u00e4 koulun pihalla on n\u00e4hty kummitus. Nuoren p\u00e4\u00e4henkil\u00f6n alkaessa selvitt\u00e4\u00e4 tapausta k\u00e4y ilmi, ett\u00e4 todellisuus [&hellip;]","og_url":"https:\/\/www.asemakustannus.com\/kauppa\/tuote\/mika-lietzen-1986\/","og_site_name":"Asema Kustannus","article_publisher":"https:\/\/www.facebook.com\/asemakustannus","article_modified_time":"2021-09-10T11:48:09+00:00","og_image":[{"width":450,"height":635,"url":"https:\/\/www.asemakustannus.com\/kauppa\/wp-content\/uploads\/2021\/03\/1986-72-ISO.jpg","type":"image\/jpeg"}],"twitter_card":"summary_large_image","twitter_site":"@asemakustannus","twitter_misc":{"Arvioitu lukuaika":"2 minuuttia"},"schema":{"@context":"https:\/\/schema.org","@graph":[{"@type":"WebPage","@id":"https:\/\/www.asemakustannus.com\/kauppa\/tuote\/mika-lietzen-1986\/","url":"https:\/\/www.asemakustannus.com\/kauppa\/tuote\/mika-lietzen-1986\/","name":"Mika Lietz\u00e9n: 1986 - Asema Kustannus","isPartOf":{"@id":"https:\/\/www.asemakustannus.com\/kauppa\/#website"},"primaryImageOfPage":{"@id":"https:\/\/www.asemakustannus.com\/kauppa\/tuote\/mika-lietzen-1986\/#primaryimage"},"image":{"@id":"https:\/\/www.asemakustannus.com\/kauppa\/tuote\/mika-lietzen-1986\/#primaryimage"},"thumbnailUrl":"https:\/\/i0.wp.com\/www.asemakustannus.com\/kauppa\/wp-content\/uploads\/2021\/03\/1986-72-ISO.jpg?fit=450%2C635&ssl=1","datePublished":"2021-03-22T13:17:38+00:00","dateModified":"2021-09-10T11:48:09+00:00","breadcrumb":{"@id":"https:\/\/www.asemakustannus.com\/kauppa\/tuote\/mika-lietzen-1986\/#breadcrumb"},"inLanguage":"fi","potentialAction":[{"@type":"ReadAction","target":["https:\/\/www.asemakustannus.com\/kauppa\/tuote\/mika-lietzen-1986\/"]}]},{"@type":"ImageObject","inLanguage":"fi","@id":"https:\/\/www.asemakustannus.com\/kauppa\/tuote\/mika-lietzen-1986\/#primaryimage","url":"https:\/\/i0.wp.com\/www.asemakustannus.com\/kauppa\/wp-content\/uploads\/2021\/03\/1986-72-ISO.jpg?fit=450%2C635&ssl=1","contentUrl":"https:\/\/i0.wp.com\/www.asemakustannus.com\/kauppa\/wp-content\/uploads\/2021\/03\/1986-72-ISO.jpg?fit=450%2C635&ssl=1","width":450,"height":635},{"@type":"BreadcrumbList","@id":"https:\/\/www.asemakustannus.com\/kauppa\/tuote\/mika-lietzen-1986\/#breadcrumb","itemListElement":[{"@type":"ListItem","position":1,"name":"Home","item":"https:\/\/www.asemakustannus.com\/kauppa\/"},{"@type":"ListItem","position":2,"name":"Kauppa","item":"https:\/\/www.asemakustannus.com\/kauppa\/kauppa\/"},{"@type":"ListItem","position":3,"name":"Mika Lietz\u00e9n: 1986"}]},{"@type":"WebSite","@id":"https:\/\/www.asemakustannus.com\/kauppa\/#website","url":"https:\/\/www.asemakustannus.com\/kauppa\/","name":"Asema Kustannus","description":"Sarjakuvakauppa","publisher":{"@id":"https:\/\/www.asemakustannus.com\/kauppa\/#organization"},"potentialAction":[{"@type":"SearchAction","target":{"@type":"EntryPoint","urlTemplate":"https:\/\/www.asemakustannus.com\/kauppa\/?s={search_term_string}"},"query-input":{"@type":"PropertyValueSpecification","valueRequired":true,"valueName":"search_term_string"}}],"inLanguage":"fi"},{"@type":"Organization","@id":"https:\/\/www.asemakustannus.com\/kauppa\/#organization","name":"Asema Kustannus","url":"https:\/\/www.asemakustannus.com\/kauppa\/","logo":{"@type":"ImageObject","inLanguage":"fi","@id":"https:\/\/www.asemakustannus.com\/kauppa\/#\/schema\/logo\/image\/","url":"https:\/\/www.asemakustannus.com\/kauppa\/wp-content\/uploads\/2021\/09\/181007768_141578281313342_8780310787852686686_n-1.jpeg","contentUrl":"https:\/\/www.asemakustannus.com\/kauppa\/wp-content\/uploads\/2021\/09\/181007768_141578281313342_8780310787852686686_n-1.jpeg","width":300,"height":333,"caption":"Asema Kustannus"},"image":{"@id":"https:\/\/www.asemakustannus.com\/kauppa\/#\/schema\/logo\/image\/"},"sameAs":["https:\/\/www.facebook.com\/asemakustannus","https:\/\/x.com\/asemakustannus","https:\/\/www.instagram.com\/asemakustannus\/"]}]}},"jetpack_sharing_enabled":true,"_links":{"self":[{"href":"https:\/\/www.asemakustannus.com\/kauppa\/wp-json\/wp\/v2\/product\/399","targetHints":{"allow":["GET"]}}],"collection":[{"href":"https:\/\/www.asemakustannus.com\/kauppa\/wp-json\/wp\/v2\/product"}],"about":[{"href":"https:\/\/www.asemakustannus.com\/kauppa\/wp-json\/wp\/v2\/types\/product"}],"wp:featuredmedia":[{"embeddable":true,"href":"https:\/\/www.asemakustannus.com\/kauppa\/wp-json\/wp\/v2\/media\/168"}],"wp:attachment":[{"href":"https:\/\/www.asemakustannus.com\/kauppa\/wp-json\/wp\/v2\/media?parent=399"}],"wp:term":[{"taxonomy":"product_brand","embeddable":true,"href":"https:\/\/www.asemakustannus.com\/kauppa\/wp-json\/wp\/v2\/product_brand?post=399"},{"taxonomy":"product_cat","embeddable":true,"href":"https:\/\/www.asemakustannus.com\/kauppa\/wp-json\/wp\/v2\/product_cat?post=399"},{"taxonomy":"product_tag","embeddable":true,"href":"https:\/\/www.asemakustannus.com\/kauppa\/wp-json\/wp\/v2\/product_tag?post=399"}],"curies":[{"name":"wp","href":"https:\/\/api.w.org\/{rel}","templated":true}]}}