{"id":408,"date":"2021-03-22T15:27:05","date_gmt":"2021-03-22T13:27:05","guid":{"rendered":"https:\/\/www.asemakustannus.com\/kauppa\/?post_type=product&#038;p=408"},"modified":"2023-01-05T10:46:30","modified_gmt":"2023-01-05T08:46:30","slug":"ville-ranta-oululaisia-suurmiehia","status":"publish","type":"product","link":"https:\/\/www.asemakustannus.com\/kauppa\/tuote\/ville-ranta-oululaisia-suurmiehia\/","title":{"rendered":"Ville Ranta: Oululaisia suurmiehi\u00e4"},"content":{"rendered":"<p>Elias L\u00f6nnrotin el\u00e4m\u00e4 ja teot aikakauslehti Kaltiossa 1832\u20132006<\/p>\n<p>40 sivua | A4 | pehme\u00e4kantinen<\/p>\n<p>ISBN 978-952-5909-23-4<\/p>\n<p>Kaltio ry. 2015<\/p>\n<p>Ennen\u00a0<em>Kajaani<\/em>-sarjakuvaromaania Ville Rannan Elias L\u00f6nnrot seikkaili aikakauslehti\u00a0<em>Kaltion<\/em>\u00a0sivuilla Oulussa vuosina 2002\u20132006. Aluksi silloisen nykyhetken oululaisissa kulttuuripiireiss\u00e4, sittemmin muodonmuutoksen kokeneena historiallisessa vuodessa 1832. N\u00e4m\u00e4 tarinat julkaistaan nyt ensimm\u00e4ist\u00e4 kertaa koottuna laitoksena Kaltio ry:n toimesta, lehden 70-vuotisjuhlateoksena. Teoksen on toimittanut Kaltion p\u00e4\u00e4toimittaja\u00a0<strong>Paavo J. Heinonen<\/strong>\u00a0ja j\u00e4lkisanan kirjoittanut entinen p\u00e4\u00e4toimittaja\u00a0<strong>Jussi Vilkuna<\/strong>.<\/p>\n<p><strong>Ville Ranta<\/strong>\u00a0(s. 1978) on Suomen eturivin sarjakuvataiteilijoita ja pilapiirt\u00e4ji\u00e4. H\u00e4n on julkaissut lukuisia albumeita, sarjakuvaromaaneja ja lyhyempi\u00e4 tarinoita. H\u00e4nen teoksiaan on k\u00e4\u00e4nnetty mm. ranskaksi, saksaksi ja ruotsiksi. H\u00e4nen viimeaikaisia teoksiaan ovat omael\u00e4m\u00e4kerrallinen\u00a0<em>K\u00f6yh\u00e4n miehen Jerusalem<\/em>\u00a0(2014) ja historiallinen sarjakuvaromaani\u00a0<em>Kyll\u00e4 eik\u00e4 ei<\/em>\u00a0(2013), joka voitti Sarjakuva-Finlandian vuonna 2014.<\/p>\n<p>\u2013 Mit\u00e4k\u00f6 muistan Oulusta? Uh\u2026 paljon. Liikaa!<\/p>\n","protected":false},"excerpt":{"rendered":"<p>Elias L\u00f6nnrotin el\u00e4m\u00e4 ja teot aikakauslehti Kaltiossa 1832\u20132006 40 sivua | A4 | pehme\u00e4kantinen ISBN 978-952-5909-23-4 Kaltio ry. 2015 Ennen\u00a0Kajaani-sarjakuvaromaania Ville Rannan Elias L\u00f6nnrot seikkaili aikakauslehti\u00a0Kaltion\u00a0sivuilla Oulussa vuosina 2002\u20132006. Aluksi silloisen nykyhetken oululaisissa kulttuuripiireiss\u00e4, sittemmin muodonmuutoksen kokeneena historiallisessa vuodessa 1832. N\u00e4m\u00e4 tarinat julkaistaan nyt ensimm\u00e4ist\u00e4 kertaa koottuna laitoksena Kaltio ry:n toimesta, lehden 70-vuotisjuhlateoksena. Teoksen on [&hellip;]<\/p>\n","protected":false},"featured_media":413,"template":"","meta":[],"product_brand":[],"product_cat":[38],"product_tag":[51],"class_list":{"0":"post-408","1":"product","2":"type-product","3":"status-publish","4":"has-post-thumbnail","6":"product_cat-kirjat","7":"product_tag-ville-ranta","8":"product_shipping_class-kirje","10":"first","11":"instock","12":"shipping-taxable","13":"purchasable","14":"product-type-simple"},"yoast_head":"<!-- This site is optimized with the Yoast SEO plugin v27.3 - https:\/\/yoast.com\/product\/yoast-seo-wordpress\/ -->\n<title>Ville Ranta: Oululaisia suurmiehi\u00e4 - Asema Kustannus<\/title>\n<meta name=\"robots\" content=\"index, follow, max-snippet:-1, max-image-preview:large, max-video-preview:-1\" \/>\n<link rel=\"canonical\" href=\"https:\/\/www.asemakustannus.com\/kauppa\/tuote\/ville-ranta-oululaisia-suurmiehia\/\" \/>\n<meta property=\"og:locale\" content=\"fi_FI\" \/>\n<meta property=\"og:type\" content=\"article\" \/>\n<meta property=\"og:title\" content=\"Ville Ranta: Oululaisia suurmiehi\u00e4 - Asema Kustannus\" \/>\n<meta property=\"og:description\" content=\"Elias L\u00f6nnrotin el\u00e4m\u00e4 ja teot aikakauslehti Kaltiossa 1832\u20132006 40 sivua | A4 | pehme\u00e4kantinen ISBN 978-952-5909-23-4 Kaltio ry. 2015 Ennen\u00a0Kajaani-sarjakuvaromaania Ville Rannan Elias L\u00f6nnrot seikkaili aikakauslehti\u00a0Kaltion\u00a0sivuilla Oulussa vuosina 2002\u20132006. Aluksi silloisen nykyhetken oululaisissa kulttuuripiireiss\u00e4, sittemmin muodonmuutoksen kokeneena historiallisessa vuodessa 1832. N\u00e4m\u00e4 tarinat julkaistaan nyt ensimm\u00e4ist\u00e4 kertaa koottuna laitoksena Kaltio ry:n toimesta, lehden 70-vuotisjuhlateoksena. Teoksen on [&hellip;]\" \/>\n<meta property=\"og:url\" content=\"https:\/\/www.asemakustannus.com\/kauppa\/tuote\/ville-ranta-oululaisia-suurmiehia\/\" \/>\n<meta property=\"og:site_name\" content=\"Asema Kustannus\" \/>\n<meta property=\"article:publisher\" content=\"https:\/\/www.facebook.com\/asemakustannus\" \/>\n<meta property=\"article:modified_time\" content=\"2023-01-05T08:46:30+00:00\" \/>\n<meta property=\"og:image\" content=\"https:\/\/www.asemakustannus.com\/kauppa\/wp-content\/uploads\/2021\/03\/OULULAISIA-iso.jpg\" \/>\n\t<meta property=\"og:image:width\" content=\"450\" \/>\n\t<meta property=\"og:image:height\" content=\"604\" \/>\n\t<meta property=\"og:image:type\" content=\"image\/jpeg\" \/>\n<meta name=\"twitter:card\" content=\"summary_large_image\" \/>\n<meta name=\"twitter:site\" content=\"@asemakustannus\" \/>\n<meta name=\"twitter:label1\" content=\"Arvioitu lukuaika\" \/>\n\t<meta name=\"twitter:data1\" content=\"1 minuutti\" \/>\n<script type=\"application\/ld+json\" class=\"yoast-schema-graph\">{\"@context\":\"https:\\\/\\\/schema.org\",\"@graph\":[{\"@type\":\"WebPage\",\"@id\":\"https:\\\/\\\/www.asemakustannus.com\\\/kauppa\\\/tuote\\\/ville-ranta-oululaisia-suurmiehia\\\/\",\"url\":\"https:\\\/\\\/www.asemakustannus.com\\\/kauppa\\\/tuote\\\/ville-ranta-oululaisia-suurmiehia\\\/\",\"name\":\"Ville Ranta: Oululaisia suurmiehi\u00e4 - Asema Kustannus\",\"isPartOf\":{\"@id\":\"https:\\\/\\\/www.asemakustannus.com\\\/kauppa\\\/#website\"},\"primaryImageOfPage\":{\"@id\":\"https:\\\/\\\/www.asemakustannus.com\\\/kauppa\\\/tuote\\\/ville-ranta-oululaisia-suurmiehia\\\/#primaryimage\"},\"image\":{\"@id\":\"https:\\\/\\\/www.asemakustannus.com\\\/kauppa\\\/tuote\\\/ville-ranta-oululaisia-suurmiehia\\\/#primaryimage\"},\"thumbnailUrl\":\"https:\\\/\\\/i0.wp.com\\\/www.asemakustannus.com\\\/kauppa\\\/wp-content\\\/uploads\\\/2021\\\/03\\\/OULULAISIA-iso.jpg?fit=450%2C604&ssl=1\",\"datePublished\":\"2021-03-22T13:27:05+00:00\",\"dateModified\":\"2023-01-05T08:46:30+00:00\",\"breadcrumb\":{\"@id\":\"https:\\\/\\\/www.asemakustannus.com\\\/kauppa\\\/tuote\\\/ville-ranta-oululaisia-suurmiehia\\\/#breadcrumb\"},\"inLanguage\":\"fi\",\"potentialAction\":[{\"@type\":\"ReadAction\",\"target\":[\"https:\\\/\\\/www.asemakustannus.com\\\/kauppa\\\/tuote\\\/ville-ranta-oululaisia-suurmiehia\\\/\"]}]},{\"@type\":\"ImageObject\",\"inLanguage\":\"fi\",\"@id\":\"https:\\\/\\\/www.asemakustannus.com\\\/kauppa\\\/tuote\\\/ville-ranta-oululaisia-suurmiehia\\\/#primaryimage\",\"url\":\"https:\\\/\\\/i0.wp.com\\\/www.asemakustannus.com\\\/kauppa\\\/wp-content\\\/uploads\\\/2021\\\/03\\\/OULULAISIA-iso.jpg?fit=450%2C604&ssl=1\",\"contentUrl\":\"https:\\\/\\\/i0.wp.com\\\/www.asemakustannus.com\\\/kauppa\\\/wp-content\\\/uploads\\\/2021\\\/03\\\/OULULAISIA-iso.jpg?fit=450%2C604&ssl=1\",\"width\":450,\"height\":604},{\"@type\":\"BreadcrumbList\",\"@id\":\"https:\\\/\\\/www.asemakustannus.com\\\/kauppa\\\/tuote\\\/ville-ranta-oululaisia-suurmiehia\\\/#breadcrumb\",\"itemListElement\":[{\"@type\":\"ListItem\",\"position\":1,\"name\":\"Home\",\"item\":\"https:\\\/\\\/www.asemakustannus.com\\\/kauppa\\\/\"},{\"@type\":\"ListItem\",\"position\":2,\"name\":\"Kauppa\",\"item\":\"https:\\\/\\\/www.asemakustannus.com\\\/kauppa\\\/kauppa\\\/\"},{\"@type\":\"ListItem\",\"position\":3,\"name\":\"Ville Ranta: Oululaisia suurmiehi\u00e4\"}]},{\"@type\":\"WebSite\",\"@id\":\"https:\\\/\\\/www.asemakustannus.com\\\/kauppa\\\/#website\",\"url\":\"https:\\\/\\\/www.asemakustannus.com\\\/kauppa\\\/\",\"name\":\"Asema Kustannus\",\"description\":\"Sarjakuvakauppa\",\"publisher\":{\"@id\":\"https:\\\/\\\/www.asemakustannus.com\\\/kauppa\\\/#organization\"},\"potentialAction\":[{\"@type\":\"SearchAction\",\"target\":{\"@type\":\"EntryPoint\",\"urlTemplate\":\"https:\\\/\\\/www.asemakustannus.com\\\/kauppa\\\/?s={search_term_string}\"},\"query-input\":{\"@type\":\"PropertyValueSpecification\",\"valueRequired\":true,\"valueName\":\"search_term_string\"}}],\"inLanguage\":\"fi\"},{\"@type\":\"Organization\",\"@id\":\"https:\\\/\\\/www.asemakustannus.com\\\/kauppa\\\/#organization\",\"name\":\"Asema Kustannus\",\"url\":\"https:\\\/\\\/www.asemakustannus.com\\\/kauppa\\\/\",\"logo\":{\"@type\":\"ImageObject\",\"inLanguage\":\"fi\",\"@id\":\"https:\\\/\\\/www.asemakustannus.com\\\/kauppa\\\/#\\\/schema\\\/logo\\\/image\\\/\",\"url\":\"https:\\\/\\\/www.asemakustannus.com\\\/kauppa\\\/wp-content\\\/uploads\\\/2021\\\/09\\\/181007768_141578281313342_8780310787852686686_n-1.jpeg\",\"contentUrl\":\"https:\\\/\\\/www.asemakustannus.com\\\/kauppa\\\/wp-content\\\/uploads\\\/2021\\\/09\\\/181007768_141578281313342_8780310787852686686_n-1.jpeg\",\"width\":300,\"height\":333,\"caption\":\"Asema Kustannus\"},\"image\":{\"@id\":\"https:\\\/\\\/www.asemakustannus.com\\\/kauppa\\\/#\\\/schema\\\/logo\\\/image\\\/\"},\"sameAs\":[\"https:\\\/\\\/www.facebook.com\\\/asemakustannus\",\"https:\\\/\\\/x.com\\\/asemakustannus\",\"https:\\\/\\\/www.instagram.com\\\/asemakustannus\\\/\"]}]}<\/script>\n<!-- \/ Yoast SEO plugin. -->","yoast_head_json":{"title":"Ville Ranta: Oululaisia suurmiehi\u00e4 - Asema Kustannus","robots":{"index":"index","follow":"follow","max-snippet":"max-snippet:-1","max-image-preview":"max-image-preview:large","max-video-preview":"max-video-preview:-1"},"canonical":"https:\/\/www.asemakustannus.com\/kauppa\/tuote\/ville-ranta-oululaisia-suurmiehia\/","og_locale":"fi_FI","og_type":"article","og_title":"Ville Ranta: Oululaisia suurmiehi\u00e4 - Asema Kustannus","og_description":"Elias L\u00f6nnrotin el\u00e4m\u00e4 ja teot aikakauslehti Kaltiossa 1832\u20132006 40 sivua | A4 | pehme\u00e4kantinen ISBN 978-952-5909-23-4 Kaltio ry. 2015 Ennen\u00a0Kajaani-sarjakuvaromaania Ville Rannan Elias L\u00f6nnrot seikkaili aikakauslehti\u00a0Kaltion\u00a0sivuilla Oulussa vuosina 2002\u20132006. Aluksi silloisen nykyhetken oululaisissa kulttuuripiireiss\u00e4, sittemmin muodonmuutoksen kokeneena historiallisessa vuodessa 1832. N\u00e4m\u00e4 tarinat julkaistaan nyt ensimm\u00e4ist\u00e4 kertaa koottuna laitoksena Kaltio ry:n toimesta, lehden 70-vuotisjuhlateoksena. Teoksen on [&hellip;]","og_url":"https:\/\/www.asemakustannus.com\/kauppa\/tuote\/ville-ranta-oululaisia-suurmiehia\/","og_site_name":"Asema Kustannus","article_publisher":"https:\/\/www.facebook.com\/asemakustannus","article_modified_time":"2023-01-05T08:46:30+00:00","og_image":[{"width":450,"height":604,"url":"https:\/\/www.asemakustannus.com\/kauppa\/wp-content\/uploads\/2021\/03\/OULULAISIA-iso.jpg","type":"image\/jpeg"}],"twitter_card":"summary_large_image","twitter_site":"@asemakustannus","twitter_misc":{"Arvioitu lukuaika":"1 minuutti"},"schema":{"@context":"https:\/\/schema.org","@graph":[{"@type":"WebPage","@id":"https:\/\/www.asemakustannus.com\/kauppa\/tuote\/ville-ranta-oululaisia-suurmiehia\/","url":"https:\/\/www.asemakustannus.com\/kauppa\/tuote\/ville-ranta-oululaisia-suurmiehia\/","name":"Ville Ranta: Oululaisia suurmiehi\u00e4 - Asema Kustannus","isPartOf":{"@id":"https:\/\/www.asemakustannus.com\/kauppa\/#website"},"primaryImageOfPage":{"@id":"https:\/\/www.asemakustannus.com\/kauppa\/tuote\/ville-ranta-oululaisia-suurmiehia\/#primaryimage"},"image":{"@id":"https:\/\/www.asemakustannus.com\/kauppa\/tuote\/ville-ranta-oululaisia-suurmiehia\/#primaryimage"},"thumbnailUrl":"https:\/\/i0.wp.com\/www.asemakustannus.com\/kauppa\/wp-content\/uploads\/2021\/03\/OULULAISIA-iso.jpg?fit=450%2C604&ssl=1","datePublished":"2021-03-22T13:27:05+00:00","dateModified":"2023-01-05T08:46:30+00:00","breadcrumb":{"@id":"https:\/\/www.asemakustannus.com\/kauppa\/tuote\/ville-ranta-oululaisia-suurmiehia\/#breadcrumb"},"inLanguage":"fi","potentialAction":[{"@type":"ReadAction","target":["https:\/\/www.asemakustannus.com\/kauppa\/tuote\/ville-ranta-oululaisia-suurmiehia\/"]}]},{"@type":"ImageObject","inLanguage":"fi","@id":"https:\/\/www.asemakustannus.com\/kauppa\/tuote\/ville-ranta-oululaisia-suurmiehia\/#primaryimage","url":"https:\/\/i0.wp.com\/www.asemakustannus.com\/kauppa\/wp-content\/uploads\/2021\/03\/OULULAISIA-iso.jpg?fit=450%2C604&ssl=1","contentUrl":"https:\/\/i0.wp.com\/www.asemakustannus.com\/kauppa\/wp-content\/uploads\/2021\/03\/OULULAISIA-iso.jpg?fit=450%2C604&ssl=1","width":450,"height":604},{"@type":"BreadcrumbList","@id":"https:\/\/www.asemakustannus.com\/kauppa\/tuote\/ville-ranta-oululaisia-suurmiehia\/#breadcrumb","itemListElement":[{"@type":"ListItem","position":1,"name":"Home","item":"https:\/\/www.asemakustannus.com\/kauppa\/"},{"@type":"ListItem","position":2,"name":"Kauppa","item":"https:\/\/www.asemakustannus.com\/kauppa\/kauppa\/"},{"@type":"ListItem","position":3,"name":"Ville Ranta: Oululaisia suurmiehi\u00e4"}]},{"@type":"WebSite","@id":"https:\/\/www.asemakustannus.com\/kauppa\/#website","url":"https:\/\/www.asemakustannus.com\/kauppa\/","name":"Asema Kustannus","description":"Sarjakuvakauppa","publisher":{"@id":"https:\/\/www.asemakustannus.com\/kauppa\/#organization"},"potentialAction":[{"@type":"SearchAction","target":{"@type":"EntryPoint","urlTemplate":"https:\/\/www.asemakustannus.com\/kauppa\/?s={search_term_string}"},"query-input":{"@type":"PropertyValueSpecification","valueRequired":true,"valueName":"search_term_string"}}],"inLanguage":"fi"},{"@type":"Organization","@id":"https:\/\/www.asemakustannus.com\/kauppa\/#organization","name":"Asema Kustannus","url":"https:\/\/www.asemakustannus.com\/kauppa\/","logo":{"@type":"ImageObject","inLanguage":"fi","@id":"https:\/\/www.asemakustannus.com\/kauppa\/#\/schema\/logo\/image\/","url":"https:\/\/www.asemakustannus.com\/kauppa\/wp-content\/uploads\/2021\/09\/181007768_141578281313342_8780310787852686686_n-1.jpeg","contentUrl":"https:\/\/www.asemakustannus.com\/kauppa\/wp-content\/uploads\/2021\/09\/181007768_141578281313342_8780310787852686686_n-1.jpeg","width":300,"height":333,"caption":"Asema Kustannus"},"image":{"@id":"https:\/\/www.asemakustannus.com\/kauppa\/#\/schema\/logo\/image\/"},"sameAs":["https:\/\/www.facebook.com\/asemakustannus","https:\/\/x.com\/asemakustannus","https:\/\/www.instagram.com\/asemakustannus\/"]}]}},"jetpack_sharing_enabled":true,"_links":{"self":[{"href":"https:\/\/www.asemakustannus.com\/kauppa\/wp-json\/wp\/v2\/product\/408","targetHints":{"allow":["GET"]}}],"collection":[{"href":"https:\/\/www.asemakustannus.com\/kauppa\/wp-json\/wp\/v2\/product"}],"about":[{"href":"https:\/\/www.asemakustannus.com\/kauppa\/wp-json\/wp\/v2\/types\/product"}],"wp:featuredmedia":[{"embeddable":true,"href":"https:\/\/www.asemakustannus.com\/kauppa\/wp-json\/wp\/v2\/media\/413"}],"wp:attachment":[{"href":"https:\/\/www.asemakustannus.com\/kauppa\/wp-json\/wp\/v2\/media?parent=408"}],"wp:term":[{"taxonomy":"product_brand","embeddable":true,"href":"https:\/\/www.asemakustannus.com\/kauppa\/wp-json\/wp\/v2\/product_brand?post=408"},{"taxonomy":"product_cat","embeddable":true,"href":"https:\/\/www.asemakustannus.com\/kauppa\/wp-json\/wp\/v2\/product_cat?post=408"},{"taxonomy":"product_tag","embeddable":true,"href":"https:\/\/www.asemakustannus.com\/kauppa\/wp-json\/wp\/v2\/product_tag?post=408"}],"curies":[{"name":"wp","href":"https:\/\/api.w.org\/{rel}","templated":true}]}}