{"id":420,"date":"2021-03-22T15:46:03","date_gmt":"2021-03-22T13:46:03","guid":{"rendered":"https:\/\/www.asemakustannus.com\/kauppa\/?post_type=product&#038;p=420"},"modified":"2023-01-05T10:45:13","modified_gmt":"2023-01-05T08:45:13","slug":"ville-ranta-suurenmoinen-voitto","status":"publish","type":"product","link":"https:\/\/www.asemakustannus.com\/kauppa\/tuote\/ville-ranta-suurenmoinen-voitto\/","title":{"rendered":"Ville Ranta: Suurenmoinen voitto"},"content":{"rendered":"<p>24 sivua | neliv\u00e4ri | nidottu<\/p>\n<p>ISBN 978-952-5909-23-4<\/p>\n<p>Asema 2015<\/p>\n<p>Pieni, verihurmeinen tarina.<\/p>\n<p>Taistelu todellisuutta vastaan on leppym\u00e4t\u00f6nt\u00e4 vihanpitoa, hyv\u00e4\u00e4 tarkoittavaa ilkeytt\u00e4 ja p\u00e4\u00e4llisin puolin v\u00e4\u00e4ri\u00e4 tekoja. Suostuuko linnanneito pelastettavaksi? Pit\u00e4\u00e4k\u00f6 aseenkantajilla olla ty\u00f6ehtosopimus? Onko tyls\u00e4n el\u00e4m\u00e4n vaihtaminen komeaan kuolemaan hyv\u00e4 diili?<\/p>\n<p><em>&#8221;Tuollaiset tylsimykset, virkamiehet niin kuin sin\u00e4, joiden el\u00e4m\u00e4ll\u00e4 ja kuolemalla ei ole mit\u00e4\u00e4n merkityst\u00e4\u2026 te ette voi ymm\u00e4rt\u00e4\u00e4\u2026&#8221;<\/em><\/p>\n<p><strong>Ville Ranta<\/strong> (s. 1978) on oululainen sarjakuvataiteilija ja pilapiirt\u00e4j\u00e4, jolta on ilmestynyt useita albumeita ja sarjakuvaromaaneja. Ranta on palkittu Puup\u00e4\u00e4-hatulla, Suomi-palkinnolla ja Ranskan kunnialegioonan ritariarvolla. <em>Kajaanin <\/em>ranskannos oli ehdolla vuoden 2010 parhaaksi albumiksi Angoul\u00eamen sarjakuvafestivaalin kilpailusarjassa Ranskassa, vuonna 2013 ilmestynyt <em>Kyll\u00e4 eik\u00e4 ei<\/em> voitti Sarjakuva-Finlandian.<\/p>\n","protected":false},"excerpt":{"rendered":"<p>24 sivua | neliv\u00e4ri | nidottu ISBN 978-952-5909-23-4 Asema 2015 Pieni, verihurmeinen tarina. Taistelu todellisuutta vastaan on leppym\u00e4t\u00f6nt\u00e4 vihanpitoa, hyv\u00e4\u00e4 tarkoittavaa ilkeytt\u00e4 ja p\u00e4\u00e4llisin puolin v\u00e4\u00e4ri\u00e4 tekoja. Suostuuko linnanneito pelastettavaksi? Pit\u00e4\u00e4k\u00f6 aseenkantajilla olla ty\u00f6ehtosopimus? Onko tyls\u00e4n el\u00e4m\u00e4n vaihtaminen komeaan kuolemaan hyv\u00e4 diili? &#8221;Tuollaiset tylsimykset, virkamiehet niin kuin sin\u00e4, joiden el\u00e4m\u00e4ll\u00e4 ja kuolemalla ei ole mit\u00e4\u00e4n [&hellip;]<\/p>\n","protected":false},"featured_media":425,"template":"","meta":[],"product_brand":[],"product_cat":[39],"product_tag":[51],"class_list":{"0":"post-420","1":"product","2":"type-product","3":"status-publish","4":"has-post-thumbnail","6":"product_cat-lehdet","7":"product_tag-ville-ranta","8":"product_shipping_class-kirje","10":"first","11":"instock","12":"shipping-taxable","13":"purchasable","14":"product-type-simple"},"yoast_head":"<!-- This site is optimized with the Yoast SEO plugin v27.3 - https:\/\/yoast.com\/product\/yoast-seo-wordpress\/ -->\n<title>Ville Ranta: Suurenmoinen voitto - Asema Kustannus<\/title>\n<meta name=\"robots\" content=\"index, follow, max-snippet:-1, max-image-preview:large, max-video-preview:-1\" \/>\n<link rel=\"canonical\" href=\"https:\/\/www.asemakustannus.com\/kauppa\/tuote\/ville-ranta-suurenmoinen-voitto\/\" \/>\n<meta property=\"og:locale\" content=\"fi_FI\" \/>\n<meta property=\"og:type\" content=\"article\" \/>\n<meta property=\"og:title\" content=\"Ville Ranta: Suurenmoinen voitto - Asema Kustannus\" \/>\n<meta property=\"og:description\" content=\"24 sivua | neliv\u00e4ri | nidottu ISBN 978-952-5909-23-4 Asema 2015 Pieni, verihurmeinen tarina. Taistelu todellisuutta vastaan on leppym\u00e4t\u00f6nt\u00e4 vihanpitoa, hyv\u00e4\u00e4 tarkoittavaa ilkeytt\u00e4 ja p\u00e4\u00e4llisin puolin v\u00e4\u00e4ri\u00e4 tekoja. Suostuuko linnanneito pelastettavaksi? Pit\u00e4\u00e4k\u00f6 aseenkantajilla olla ty\u00f6ehtosopimus? Onko tyls\u00e4n el\u00e4m\u00e4n vaihtaminen komeaan kuolemaan hyv\u00e4 diili? &#8221;Tuollaiset tylsimykset, virkamiehet niin kuin sin\u00e4, joiden el\u00e4m\u00e4ll\u00e4 ja kuolemalla ei ole mit\u00e4\u00e4n [&hellip;]\" \/>\n<meta property=\"og:url\" content=\"https:\/\/www.asemakustannus.com\/kauppa\/tuote\/ville-ranta-suurenmoinen-voitto\/\" \/>\n<meta property=\"og:site_name\" content=\"Asema Kustannus\" \/>\n<meta property=\"article:publisher\" content=\"https:\/\/www.facebook.com\/asemakustannus\" \/>\n<meta property=\"article:modified_time\" content=\"2023-01-05T08:45:13+00:00\" \/>\n<meta property=\"og:image\" content=\"https:\/\/www.asemakustannus.com\/kauppa\/wp-content\/uploads\/2021\/03\/SUURENMOINEN-iso.jpg\" \/>\n\t<meta property=\"og:image:width\" content=\"450\" \/>\n\t<meta property=\"og:image:height\" content=\"642\" \/>\n\t<meta property=\"og:image:type\" content=\"image\/jpeg\" \/>\n<meta name=\"twitter:card\" content=\"summary_large_image\" \/>\n<meta name=\"twitter:site\" content=\"@asemakustannus\" \/>\n<meta name=\"twitter:label1\" content=\"Arvioitu lukuaika\" \/>\n\t<meta name=\"twitter:data1\" content=\"1 minuutti\" \/>\n<script type=\"application\/ld+json\" class=\"yoast-schema-graph\">{\"@context\":\"https:\\\/\\\/schema.org\",\"@graph\":[{\"@type\":\"WebPage\",\"@id\":\"https:\\\/\\\/www.asemakustannus.com\\\/kauppa\\\/tuote\\\/ville-ranta-suurenmoinen-voitto\\\/\",\"url\":\"https:\\\/\\\/www.asemakustannus.com\\\/kauppa\\\/tuote\\\/ville-ranta-suurenmoinen-voitto\\\/\",\"name\":\"Ville Ranta: Suurenmoinen voitto - Asema Kustannus\",\"isPartOf\":{\"@id\":\"https:\\\/\\\/www.asemakustannus.com\\\/kauppa\\\/#website\"},\"primaryImageOfPage\":{\"@id\":\"https:\\\/\\\/www.asemakustannus.com\\\/kauppa\\\/tuote\\\/ville-ranta-suurenmoinen-voitto\\\/#primaryimage\"},\"image\":{\"@id\":\"https:\\\/\\\/www.asemakustannus.com\\\/kauppa\\\/tuote\\\/ville-ranta-suurenmoinen-voitto\\\/#primaryimage\"},\"thumbnailUrl\":\"https:\\\/\\\/i0.wp.com\\\/www.asemakustannus.com\\\/kauppa\\\/wp-content\\\/uploads\\\/2021\\\/03\\\/SUURENMOINEN-iso.jpg?fit=450%2C642&ssl=1\",\"datePublished\":\"2021-03-22T13:46:03+00:00\",\"dateModified\":\"2023-01-05T08:45:13+00:00\",\"breadcrumb\":{\"@id\":\"https:\\\/\\\/www.asemakustannus.com\\\/kauppa\\\/tuote\\\/ville-ranta-suurenmoinen-voitto\\\/#breadcrumb\"},\"inLanguage\":\"fi\",\"potentialAction\":[{\"@type\":\"ReadAction\",\"target\":[\"https:\\\/\\\/www.asemakustannus.com\\\/kauppa\\\/tuote\\\/ville-ranta-suurenmoinen-voitto\\\/\"]}]},{\"@type\":\"ImageObject\",\"inLanguage\":\"fi\",\"@id\":\"https:\\\/\\\/www.asemakustannus.com\\\/kauppa\\\/tuote\\\/ville-ranta-suurenmoinen-voitto\\\/#primaryimage\",\"url\":\"https:\\\/\\\/i0.wp.com\\\/www.asemakustannus.com\\\/kauppa\\\/wp-content\\\/uploads\\\/2021\\\/03\\\/SUURENMOINEN-iso.jpg?fit=450%2C642&ssl=1\",\"contentUrl\":\"https:\\\/\\\/i0.wp.com\\\/www.asemakustannus.com\\\/kauppa\\\/wp-content\\\/uploads\\\/2021\\\/03\\\/SUURENMOINEN-iso.jpg?fit=450%2C642&ssl=1\",\"width\":450,\"height\":642},{\"@type\":\"BreadcrumbList\",\"@id\":\"https:\\\/\\\/www.asemakustannus.com\\\/kauppa\\\/tuote\\\/ville-ranta-suurenmoinen-voitto\\\/#breadcrumb\",\"itemListElement\":[{\"@type\":\"ListItem\",\"position\":1,\"name\":\"Home\",\"item\":\"https:\\\/\\\/www.asemakustannus.com\\\/kauppa\\\/\"},{\"@type\":\"ListItem\",\"position\":2,\"name\":\"Kauppa\",\"item\":\"https:\\\/\\\/www.asemakustannus.com\\\/kauppa\\\/kauppa\\\/\"},{\"@type\":\"ListItem\",\"position\":3,\"name\":\"Ville Ranta: Suurenmoinen voitto\"}]},{\"@type\":\"WebSite\",\"@id\":\"https:\\\/\\\/www.asemakustannus.com\\\/kauppa\\\/#website\",\"url\":\"https:\\\/\\\/www.asemakustannus.com\\\/kauppa\\\/\",\"name\":\"Asema Kustannus\",\"description\":\"Sarjakuvakauppa\",\"publisher\":{\"@id\":\"https:\\\/\\\/www.asemakustannus.com\\\/kauppa\\\/#organization\"},\"potentialAction\":[{\"@type\":\"SearchAction\",\"target\":{\"@type\":\"EntryPoint\",\"urlTemplate\":\"https:\\\/\\\/www.asemakustannus.com\\\/kauppa\\\/?s={search_term_string}\"},\"query-input\":{\"@type\":\"PropertyValueSpecification\",\"valueRequired\":true,\"valueName\":\"search_term_string\"}}],\"inLanguage\":\"fi\"},{\"@type\":\"Organization\",\"@id\":\"https:\\\/\\\/www.asemakustannus.com\\\/kauppa\\\/#organization\",\"name\":\"Asema Kustannus\",\"url\":\"https:\\\/\\\/www.asemakustannus.com\\\/kauppa\\\/\",\"logo\":{\"@type\":\"ImageObject\",\"inLanguage\":\"fi\",\"@id\":\"https:\\\/\\\/www.asemakustannus.com\\\/kauppa\\\/#\\\/schema\\\/logo\\\/image\\\/\",\"url\":\"https:\\\/\\\/www.asemakustannus.com\\\/kauppa\\\/wp-content\\\/uploads\\\/2021\\\/09\\\/181007768_141578281313342_8780310787852686686_n-1.jpeg\",\"contentUrl\":\"https:\\\/\\\/www.asemakustannus.com\\\/kauppa\\\/wp-content\\\/uploads\\\/2021\\\/09\\\/181007768_141578281313342_8780310787852686686_n-1.jpeg\",\"width\":300,\"height\":333,\"caption\":\"Asema Kustannus\"},\"image\":{\"@id\":\"https:\\\/\\\/www.asemakustannus.com\\\/kauppa\\\/#\\\/schema\\\/logo\\\/image\\\/\"},\"sameAs\":[\"https:\\\/\\\/www.facebook.com\\\/asemakustannus\",\"https:\\\/\\\/x.com\\\/asemakustannus\",\"https:\\\/\\\/www.instagram.com\\\/asemakustannus\\\/\"]}]}<\/script>\n<!-- \/ Yoast SEO plugin. -->","yoast_head_json":{"title":"Ville Ranta: Suurenmoinen voitto - Asema Kustannus","robots":{"index":"index","follow":"follow","max-snippet":"max-snippet:-1","max-image-preview":"max-image-preview:large","max-video-preview":"max-video-preview:-1"},"canonical":"https:\/\/www.asemakustannus.com\/kauppa\/tuote\/ville-ranta-suurenmoinen-voitto\/","og_locale":"fi_FI","og_type":"article","og_title":"Ville Ranta: Suurenmoinen voitto - Asema Kustannus","og_description":"24 sivua | neliv\u00e4ri | nidottu ISBN 978-952-5909-23-4 Asema 2015 Pieni, verihurmeinen tarina. Taistelu todellisuutta vastaan on leppym\u00e4t\u00f6nt\u00e4 vihanpitoa, hyv\u00e4\u00e4 tarkoittavaa ilkeytt\u00e4 ja p\u00e4\u00e4llisin puolin v\u00e4\u00e4ri\u00e4 tekoja. Suostuuko linnanneito pelastettavaksi? Pit\u00e4\u00e4k\u00f6 aseenkantajilla olla ty\u00f6ehtosopimus? Onko tyls\u00e4n el\u00e4m\u00e4n vaihtaminen komeaan kuolemaan hyv\u00e4 diili? &#8221;Tuollaiset tylsimykset, virkamiehet niin kuin sin\u00e4, joiden el\u00e4m\u00e4ll\u00e4 ja kuolemalla ei ole mit\u00e4\u00e4n [&hellip;]","og_url":"https:\/\/www.asemakustannus.com\/kauppa\/tuote\/ville-ranta-suurenmoinen-voitto\/","og_site_name":"Asema Kustannus","article_publisher":"https:\/\/www.facebook.com\/asemakustannus","article_modified_time":"2023-01-05T08:45:13+00:00","og_image":[{"width":450,"height":642,"url":"https:\/\/www.asemakustannus.com\/kauppa\/wp-content\/uploads\/2021\/03\/SUURENMOINEN-iso.jpg","type":"image\/jpeg"}],"twitter_card":"summary_large_image","twitter_site":"@asemakustannus","twitter_misc":{"Arvioitu lukuaika":"1 minuutti"},"schema":{"@context":"https:\/\/schema.org","@graph":[{"@type":"WebPage","@id":"https:\/\/www.asemakustannus.com\/kauppa\/tuote\/ville-ranta-suurenmoinen-voitto\/","url":"https:\/\/www.asemakustannus.com\/kauppa\/tuote\/ville-ranta-suurenmoinen-voitto\/","name":"Ville Ranta: Suurenmoinen voitto - Asema Kustannus","isPartOf":{"@id":"https:\/\/www.asemakustannus.com\/kauppa\/#website"},"primaryImageOfPage":{"@id":"https:\/\/www.asemakustannus.com\/kauppa\/tuote\/ville-ranta-suurenmoinen-voitto\/#primaryimage"},"image":{"@id":"https:\/\/www.asemakustannus.com\/kauppa\/tuote\/ville-ranta-suurenmoinen-voitto\/#primaryimage"},"thumbnailUrl":"https:\/\/i0.wp.com\/www.asemakustannus.com\/kauppa\/wp-content\/uploads\/2021\/03\/SUURENMOINEN-iso.jpg?fit=450%2C642&ssl=1","datePublished":"2021-03-22T13:46:03+00:00","dateModified":"2023-01-05T08:45:13+00:00","breadcrumb":{"@id":"https:\/\/www.asemakustannus.com\/kauppa\/tuote\/ville-ranta-suurenmoinen-voitto\/#breadcrumb"},"inLanguage":"fi","potentialAction":[{"@type":"ReadAction","target":["https:\/\/www.asemakustannus.com\/kauppa\/tuote\/ville-ranta-suurenmoinen-voitto\/"]}]},{"@type":"ImageObject","inLanguage":"fi","@id":"https:\/\/www.asemakustannus.com\/kauppa\/tuote\/ville-ranta-suurenmoinen-voitto\/#primaryimage","url":"https:\/\/i0.wp.com\/www.asemakustannus.com\/kauppa\/wp-content\/uploads\/2021\/03\/SUURENMOINEN-iso.jpg?fit=450%2C642&ssl=1","contentUrl":"https:\/\/i0.wp.com\/www.asemakustannus.com\/kauppa\/wp-content\/uploads\/2021\/03\/SUURENMOINEN-iso.jpg?fit=450%2C642&ssl=1","width":450,"height":642},{"@type":"BreadcrumbList","@id":"https:\/\/www.asemakustannus.com\/kauppa\/tuote\/ville-ranta-suurenmoinen-voitto\/#breadcrumb","itemListElement":[{"@type":"ListItem","position":1,"name":"Home","item":"https:\/\/www.asemakustannus.com\/kauppa\/"},{"@type":"ListItem","position":2,"name":"Kauppa","item":"https:\/\/www.asemakustannus.com\/kauppa\/kauppa\/"},{"@type":"ListItem","position":3,"name":"Ville Ranta: Suurenmoinen voitto"}]},{"@type":"WebSite","@id":"https:\/\/www.asemakustannus.com\/kauppa\/#website","url":"https:\/\/www.asemakustannus.com\/kauppa\/","name":"Asema Kustannus","description":"Sarjakuvakauppa","publisher":{"@id":"https:\/\/www.asemakustannus.com\/kauppa\/#organization"},"potentialAction":[{"@type":"SearchAction","target":{"@type":"EntryPoint","urlTemplate":"https:\/\/www.asemakustannus.com\/kauppa\/?s={search_term_string}"},"query-input":{"@type":"PropertyValueSpecification","valueRequired":true,"valueName":"search_term_string"}}],"inLanguage":"fi"},{"@type":"Organization","@id":"https:\/\/www.asemakustannus.com\/kauppa\/#organization","name":"Asema Kustannus","url":"https:\/\/www.asemakustannus.com\/kauppa\/","logo":{"@type":"ImageObject","inLanguage":"fi","@id":"https:\/\/www.asemakustannus.com\/kauppa\/#\/schema\/logo\/image\/","url":"https:\/\/www.asemakustannus.com\/kauppa\/wp-content\/uploads\/2021\/09\/181007768_141578281313342_8780310787852686686_n-1.jpeg","contentUrl":"https:\/\/www.asemakustannus.com\/kauppa\/wp-content\/uploads\/2021\/09\/181007768_141578281313342_8780310787852686686_n-1.jpeg","width":300,"height":333,"caption":"Asema Kustannus"},"image":{"@id":"https:\/\/www.asemakustannus.com\/kauppa\/#\/schema\/logo\/image\/"},"sameAs":["https:\/\/www.facebook.com\/asemakustannus","https:\/\/x.com\/asemakustannus","https:\/\/www.instagram.com\/asemakustannus\/"]}]}},"jetpack_sharing_enabled":true,"_links":{"self":[{"href":"https:\/\/www.asemakustannus.com\/kauppa\/wp-json\/wp\/v2\/product\/420","targetHints":{"allow":["GET"]}}],"collection":[{"href":"https:\/\/www.asemakustannus.com\/kauppa\/wp-json\/wp\/v2\/product"}],"about":[{"href":"https:\/\/www.asemakustannus.com\/kauppa\/wp-json\/wp\/v2\/types\/product"}],"wp:featuredmedia":[{"embeddable":true,"href":"https:\/\/www.asemakustannus.com\/kauppa\/wp-json\/wp\/v2\/media\/425"}],"wp:attachment":[{"href":"https:\/\/www.asemakustannus.com\/kauppa\/wp-json\/wp\/v2\/media?parent=420"}],"wp:term":[{"taxonomy":"product_brand","embeddable":true,"href":"https:\/\/www.asemakustannus.com\/kauppa\/wp-json\/wp\/v2\/product_brand?post=420"},{"taxonomy":"product_cat","embeddable":true,"href":"https:\/\/www.asemakustannus.com\/kauppa\/wp-json\/wp\/v2\/product_cat?post=420"},{"taxonomy":"product_tag","embeddable":true,"href":"https:\/\/www.asemakustannus.com\/kauppa\/wp-json\/wp\/v2\/product_tag?post=420"}],"curies":[{"name":"wp","href":"https:\/\/api.w.org\/{rel}","templated":true}]}}