{"id":443,"date":"2021-03-22T15:54:35","date_gmt":"2021-03-22T13:54:35","guid":{"rendered":"https:\/\/www.asemakustannus.com\/kauppa\/?post_type=product&#038;p=443"},"modified":"2021-03-22T15:57:01","modified_gmt":"2021-03-22T13:57:01","slug":"eeva-meltio-pedot","status":"publish","type":"product","link":"https:\/\/www.asemakustannus.com\/kauppa\/tuote\/eeva-meltio-pedot\/","title":{"rendered":"Eeva Meltio: Pedot"},"content":{"rendered":"<p>104 sivua | B5 | pehme\u00e4kantinen<\/p>\n<p>ISBN 978-952-5909-24-1<\/p>\n<p>Asema 2015<\/p>\n<p>Includes English subtitles<\/p>\n<p>El\u00e4inten ja ihmisten yhteiselo kiteytyy yleens\u00e4 siihen, ett\u00e4 ihminen tappaa el\u00e4imen. Joskus k\u00e4y my\u00f6s toisin p\u00e4in. Eeva Meltion esikoisteoksen kuusi sarjakuvanovellia kuvaavat ihmisten kyvytt\u00f6myytt\u00e4, kaipuuta ja karuja kohtaamisia el\u00e4inten kanssa. Tarinoita yhdist\u00e4\u00e4 se, mik\u00e4 luontokappaleitakin: julmuus, heikkous ja itsekkyys.<\/p>\n<p><strong>Eeva Meltio<\/strong>\u00a0(s. 1977) on helsinkil\u00e4inen sarjakuvapiirt\u00e4j\u00e4, kuvittaja ja graafikko. H\u00e4nen taustansa on performanssitaiteessa, mutta viimeiset viisi vuotta h\u00e4n on tehnyt sarjakuvia. Meltio on kiinnostunut hetkien ja tunnelmien kuvauksista ja siit\u00e4, mit\u00e4 pienet, arkiset tilanteet paljastavat meist\u00e4 ihmisin\u00e4. H\u00e4n on aikaisemmin julkaissut omakustanteena pienlehti\u00e4 sek\u00e4 yhteis\u00f6llisen sarjakuva-antologian Yksitoista.\u00a0<em>Pedot<\/em>\u00a0on Eeva Meltion esikoisteos.<\/p>\n","protected":false},"excerpt":{"rendered":"<p>104 sivua | B5 | pehme\u00e4kantinen ISBN 978-952-5909-24-1 Asema 2015 Includes English subtitles El\u00e4inten ja ihmisten yhteiselo kiteytyy yleens\u00e4 siihen, ett\u00e4 ihminen tappaa el\u00e4imen. Joskus k\u00e4y my\u00f6s toisin p\u00e4in. Eeva Meltion esikoisteoksen kuusi sarjakuvanovellia kuvaavat ihmisten kyvytt\u00f6myytt\u00e4, kaipuuta ja karuja kohtaamisia el\u00e4inten kanssa. Tarinoita yhdist\u00e4\u00e4 se, mik\u00e4 luontokappaleitakin: julmuus, heikkous ja itsekkyys. Eeva Meltio\u00a0(s. 1977) [&hellip;]<\/p>\n","protected":false},"featured_media":448,"template":"","meta":[],"product_brand":[],"product_cat":[38],"product_tag":[],"class_list":{"0":"post-443","1":"product","2":"type-product","3":"status-publish","4":"has-post-thumbnail","6":"product_cat-kirjat","7":"product_shipping_class-xxspaketti","9":"first","10":"instock","11":"shipping-taxable","12":"purchasable","13":"product-type-simple"},"yoast_head":"<!-- This site is optimized with the Yoast SEO plugin v27.3 - https:\/\/yoast.com\/product\/yoast-seo-wordpress\/ -->\n<title>Eeva Meltio: Pedot - Asema Kustannus<\/title>\n<meta name=\"robots\" content=\"index, follow, max-snippet:-1, max-image-preview:large, max-video-preview:-1\" \/>\n<link rel=\"canonical\" href=\"https:\/\/www.asemakustannus.com\/kauppa\/tuote\/eeva-meltio-pedot\/\" \/>\n<meta property=\"og:locale\" content=\"fi_FI\" \/>\n<meta property=\"og:type\" content=\"article\" \/>\n<meta property=\"og:title\" content=\"Eeva Meltio: Pedot - Asema Kustannus\" \/>\n<meta property=\"og:description\" content=\"104 sivua | B5 | pehme\u00e4kantinen ISBN 978-952-5909-24-1 Asema 2015 Includes English subtitles El\u00e4inten ja ihmisten yhteiselo kiteytyy yleens\u00e4 siihen, ett\u00e4 ihminen tappaa el\u00e4imen. Joskus k\u00e4y my\u00f6s toisin p\u00e4in. Eeva Meltion esikoisteoksen kuusi sarjakuvanovellia kuvaavat ihmisten kyvytt\u00f6myytt\u00e4, kaipuuta ja karuja kohtaamisia el\u00e4inten kanssa. Tarinoita yhdist\u00e4\u00e4 se, mik\u00e4 luontokappaleitakin: julmuus, heikkous ja itsekkyys. Eeva Meltio\u00a0(s. 1977) [&hellip;]\" \/>\n<meta property=\"og:url\" content=\"https:\/\/www.asemakustannus.com\/kauppa\/tuote\/eeva-meltio-pedot\/\" \/>\n<meta property=\"og:site_name\" content=\"Asema Kustannus\" \/>\n<meta property=\"article:publisher\" content=\"https:\/\/www.facebook.com\/asemakustannus\" \/>\n<meta property=\"article:modified_time\" content=\"2021-03-22T13:57:01+00:00\" \/>\n<meta property=\"og:image\" content=\"https:\/\/www.asemakustannus.com\/kauppa\/wp-content\/uploads\/2021\/03\/PEDOT-iso.jpg\" \/>\n\t<meta property=\"og:image:width\" content=\"450\" \/>\n\t<meta property=\"og:image:height\" content=\"644\" \/>\n\t<meta property=\"og:image:type\" content=\"image\/jpeg\" \/>\n<meta name=\"twitter:card\" content=\"summary_large_image\" \/>\n<meta name=\"twitter:site\" content=\"@asemakustannus\" \/>\n<meta name=\"twitter:label1\" content=\"Arvioitu lukuaika\" \/>\n\t<meta name=\"twitter:data1\" content=\"1 minuutti\" \/>\n<script type=\"application\/ld+json\" class=\"yoast-schema-graph\">{\"@context\":\"https:\\\/\\\/schema.org\",\"@graph\":[{\"@type\":\"WebPage\",\"@id\":\"https:\\\/\\\/www.asemakustannus.com\\\/kauppa\\\/tuote\\\/eeva-meltio-pedot\\\/\",\"url\":\"https:\\\/\\\/www.asemakustannus.com\\\/kauppa\\\/tuote\\\/eeva-meltio-pedot\\\/\",\"name\":\"Eeva Meltio: Pedot - Asema Kustannus\",\"isPartOf\":{\"@id\":\"https:\\\/\\\/www.asemakustannus.com\\\/kauppa\\\/#website\"},\"primaryImageOfPage\":{\"@id\":\"https:\\\/\\\/www.asemakustannus.com\\\/kauppa\\\/tuote\\\/eeva-meltio-pedot\\\/#primaryimage\"},\"image\":{\"@id\":\"https:\\\/\\\/www.asemakustannus.com\\\/kauppa\\\/tuote\\\/eeva-meltio-pedot\\\/#primaryimage\"},\"thumbnailUrl\":\"https:\\\/\\\/i0.wp.com\\\/www.asemakustannus.com\\\/kauppa\\\/wp-content\\\/uploads\\\/2021\\\/03\\\/PEDOT-iso.jpg?fit=450%2C644&ssl=1\",\"datePublished\":\"2021-03-22T13:54:35+00:00\",\"dateModified\":\"2021-03-22T13:57:01+00:00\",\"breadcrumb\":{\"@id\":\"https:\\\/\\\/www.asemakustannus.com\\\/kauppa\\\/tuote\\\/eeva-meltio-pedot\\\/#breadcrumb\"},\"inLanguage\":\"fi\",\"potentialAction\":[{\"@type\":\"ReadAction\",\"target\":[\"https:\\\/\\\/www.asemakustannus.com\\\/kauppa\\\/tuote\\\/eeva-meltio-pedot\\\/\"]}]},{\"@type\":\"ImageObject\",\"inLanguage\":\"fi\",\"@id\":\"https:\\\/\\\/www.asemakustannus.com\\\/kauppa\\\/tuote\\\/eeva-meltio-pedot\\\/#primaryimage\",\"url\":\"https:\\\/\\\/i0.wp.com\\\/www.asemakustannus.com\\\/kauppa\\\/wp-content\\\/uploads\\\/2021\\\/03\\\/PEDOT-iso.jpg?fit=450%2C644&ssl=1\",\"contentUrl\":\"https:\\\/\\\/i0.wp.com\\\/www.asemakustannus.com\\\/kauppa\\\/wp-content\\\/uploads\\\/2021\\\/03\\\/PEDOT-iso.jpg?fit=450%2C644&ssl=1\",\"width\":450,\"height\":644},{\"@type\":\"BreadcrumbList\",\"@id\":\"https:\\\/\\\/www.asemakustannus.com\\\/kauppa\\\/tuote\\\/eeva-meltio-pedot\\\/#breadcrumb\",\"itemListElement\":[{\"@type\":\"ListItem\",\"position\":1,\"name\":\"Home\",\"item\":\"https:\\\/\\\/www.asemakustannus.com\\\/kauppa\\\/\"},{\"@type\":\"ListItem\",\"position\":2,\"name\":\"Kauppa\",\"item\":\"https:\\\/\\\/www.asemakustannus.com\\\/kauppa\\\/kauppa\\\/\"},{\"@type\":\"ListItem\",\"position\":3,\"name\":\"Eeva Meltio: Pedot\"}]},{\"@type\":\"WebSite\",\"@id\":\"https:\\\/\\\/www.asemakustannus.com\\\/kauppa\\\/#website\",\"url\":\"https:\\\/\\\/www.asemakustannus.com\\\/kauppa\\\/\",\"name\":\"Asema Kustannus\",\"description\":\"Sarjakuvakauppa\",\"publisher\":{\"@id\":\"https:\\\/\\\/www.asemakustannus.com\\\/kauppa\\\/#organization\"},\"potentialAction\":[{\"@type\":\"SearchAction\",\"target\":{\"@type\":\"EntryPoint\",\"urlTemplate\":\"https:\\\/\\\/www.asemakustannus.com\\\/kauppa\\\/?s={search_term_string}\"},\"query-input\":{\"@type\":\"PropertyValueSpecification\",\"valueRequired\":true,\"valueName\":\"search_term_string\"}}],\"inLanguage\":\"fi\"},{\"@type\":\"Organization\",\"@id\":\"https:\\\/\\\/www.asemakustannus.com\\\/kauppa\\\/#organization\",\"name\":\"Asema Kustannus\",\"url\":\"https:\\\/\\\/www.asemakustannus.com\\\/kauppa\\\/\",\"logo\":{\"@type\":\"ImageObject\",\"inLanguage\":\"fi\",\"@id\":\"https:\\\/\\\/www.asemakustannus.com\\\/kauppa\\\/#\\\/schema\\\/logo\\\/image\\\/\",\"url\":\"https:\\\/\\\/www.asemakustannus.com\\\/kauppa\\\/wp-content\\\/uploads\\\/2021\\\/09\\\/181007768_141578281313342_8780310787852686686_n-1.jpeg\",\"contentUrl\":\"https:\\\/\\\/www.asemakustannus.com\\\/kauppa\\\/wp-content\\\/uploads\\\/2021\\\/09\\\/181007768_141578281313342_8780310787852686686_n-1.jpeg\",\"width\":300,\"height\":333,\"caption\":\"Asema Kustannus\"},\"image\":{\"@id\":\"https:\\\/\\\/www.asemakustannus.com\\\/kauppa\\\/#\\\/schema\\\/logo\\\/image\\\/\"},\"sameAs\":[\"https:\\\/\\\/www.facebook.com\\\/asemakustannus\",\"https:\\\/\\\/x.com\\\/asemakustannus\",\"https:\\\/\\\/www.instagram.com\\\/asemakustannus\\\/\"]}]}<\/script>\n<!-- \/ Yoast SEO plugin. -->","yoast_head_json":{"title":"Eeva Meltio: Pedot - Asema Kustannus","robots":{"index":"index","follow":"follow","max-snippet":"max-snippet:-1","max-image-preview":"max-image-preview:large","max-video-preview":"max-video-preview:-1"},"canonical":"https:\/\/www.asemakustannus.com\/kauppa\/tuote\/eeva-meltio-pedot\/","og_locale":"fi_FI","og_type":"article","og_title":"Eeva Meltio: Pedot - Asema Kustannus","og_description":"104 sivua | B5 | pehme\u00e4kantinen ISBN 978-952-5909-24-1 Asema 2015 Includes English subtitles El\u00e4inten ja ihmisten yhteiselo kiteytyy yleens\u00e4 siihen, ett\u00e4 ihminen tappaa el\u00e4imen. Joskus k\u00e4y my\u00f6s toisin p\u00e4in. Eeva Meltion esikoisteoksen kuusi sarjakuvanovellia kuvaavat ihmisten kyvytt\u00f6myytt\u00e4, kaipuuta ja karuja kohtaamisia el\u00e4inten kanssa. Tarinoita yhdist\u00e4\u00e4 se, mik\u00e4 luontokappaleitakin: julmuus, heikkous ja itsekkyys. Eeva Meltio\u00a0(s. 1977) [&hellip;]","og_url":"https:\/\/www.asemakustannus.com\/kauppa\/tuote\/eeva-meltio-pedot\/","og_site_name":"Asema Kustannus","article_publisher":"https:\/\/www.facebook.com\/asemakustannus","article_modified_time":"2021-03-22T13:57:01+00:00","og_image":[{"width":450,"height":644,"url":"https:\/\/www.asemakustannus.com\/kauppa\/wp-content\/uploads\/2021\/03\/PEDOT-iso.jpg","type":"image\/jpeg"}],"twitter_card":"summary_large_image","twitter_site":"@asemakustannus","twitter_misc":{"Arvioitu lukuaika":"1 minuutti"},"schema":{"@context":"https:\/\/schema.org","@graph":[{"@type":"WebPage","@id":"https:\/\/www.asemakustannus.com\/kauppa\/tuote\/eeva-meltio-pedot\/","url":"https:\/\/www.asemakustannus.com\/kauppa\/tuote\/eeva-meltio-pedot\/","name":"Eeva Meltio: Pedot - Asema Kustannus","isPartOf":{"@id":"https:\/\/www.asemakustannus.com\/kauppa\/#website"},"primaryImageOfPage":{"@id":"https:\/\/www.asemakustannus.com\/kauppa\/tuote\/eeva-meltio-pedot\/#primaryimage"},"image":{"@id":"https:\/\/www.asemakustannus.com\/kauppa\/tuote\/eeva-meltio-pedot\/#primaryimage"},"thumbnailUrl":"https:\/\/i0.wp.com\/www.asemakustannus.com\/kauppa\/wp-content\/uploads\/2021\/03\/PEDOT-iso.jpg?fit=450%2C644&ssl=1","datePublished":"2021-03-22T13:54:35+00:00","dateModified":"2021-03-22T13:57:01+00:00","breadcrumb":{"@id":"https:\/\/www.asemakustannus.com\/kauppa\/tuote\/eeva-meltio-pedot\/#breadcrumb"},"inLanguage":"fi","potentialAction":[{"@type":"ReadAction","target":["https:\/\/www.asemakustannus.com\/kauppa\/tuote\/eeva-meltio-pedot\/"]}]},{"@type":"ImageObject","inLanguage":"fi","@id":"https:\/\/www.asemakustannus.com\/kauppa\/tuote\/eeva-meltio-pedot\/#primaryimage","url":"https:\/\/i0.wp.com\/www.asemakustannus.com\/kauppa\/wp-content\/uploads\/2021\/03\/PEDOT-iso.jpg?fit=450%2C644&ssl=1","contentUrl":"https:\/\/i0.wp.com\/www.asemakustannus.com\/kauppa\/wp-content\/uploads\/2021\/03\/PEDOT-iso.jpg?fit=450%2C644&ssl=1","width":450,"height":644},{"@type":"BreadcrumbList","@id":"https:\/\/www.asemakustannus.com\/kauppa\/tuote\/eeva-meltio-pedot\/#breadcrumb","itemListElement":[{"@type":"ListItem","position":1,"name":"Home","item":"https:\/\/www.asemakustannus.com\/kauppa\/"},{"@type":"ListItem","position":2,"name":"Kauppa","item":"https:\/\/www.asemakustannus.com\/kauppa\/kauppa\/"},{"@type":"ListItem","position":3,"name":"Eeva Meltio: Pedot"}]},{"@type":"WebSite","@id":"https:\/\/www.asemakustannus.com\/kauppa\/#website","url":"https:\/\/www.asemakustannus.com\/kauppa\/","name":"Asema Kustannus","description":"Sarjakuvakauppa","publisher":{"@id":"https:\/\/www.asemakustannus.com\/kauppa\/#organization"},"potentialAction":[{"@type":"SearchAction","target":{"@type":"EntryPoint","urlTemplate":"https:\/\/www.asemakustannus.com\/kauppa\/?s={search_term_string}"},"query-input":{"@type":"PropertyValueSpecification","valueRequired":true,"valueName":"search_term_string"}}],"inLanguage":"fi"},{"@type":"Organization","@id":"https:\/\/www.asemakustannus.com\/kauppa\/#organization","name":"Asema Kustannus","url":"https:\/\/www.asemakustannus.com\/kauppa\/","logo":{"@type":"ImageObject","inLanguage":"fi","@id":"https:\/\/www.asemakustannus.com\/kauppa\/#\/schema\/logo\/image\/","url":"https:\/\/www.asemakustannus.com\/kauppa\/wp-content\/uploads\/2021\/09\/181007768_141578281313342_8780310787852686686_n-1.jpeg","contentUrl":"https:\/\/www.asemakustannus.com\/kauppa\/wp-content\/uploads\/2021\/09\/181007768_141578281313342_8780310787852686686_n-1.jpeg","width":300,"height":333,"caption":"Asema Kustannus"},"image":{"@id":"https:\/\/www.asemakustannus.com\/kauppa\/#\/schema\/logo\/image\/"},"sameAs":["https:\/\/www.facebook.com\/asemakustannus","https:\/\/x.com\/asemakustannus","https:\/\/www.instagram.com\/asemakustannus\/"]}]}},"jetpack_sharing_enabled":true,"_links":{"self":[{"href":"https:\/\/www.asemakustannus.com\/kauppa\/wp-json\/wp\/v2\/product\/443","targetHints":{"allow":["GET"]}}],"collection":[{"href":"https:\/\/www.asemakustannus.com\/kauppa\/wp-json\/wp\/v2\/product"}],"about":[{"href":"https:\/\/www.asemakustannus.com\/kauppa\/wp-json\/wp\/v2\/types\/product"}],"wp:featuredmedia":[{"embeddable":true,"href":"https:\/\/www.asemakustannus.com\/kauppa\/wp-json\/wp\/v2\/media\/448"}],"wp:attachment":[{"href":"https:\/\/www.asemakustannus.com\/kauppa\/wp-json\/wp\/v2\/media?parent=443"}],"wp:term":[{"taxonomy":"product_brand","embeddable":true,"href":"https:\/\/www.asemakustannus.com\/kauppa\/wp-json\/wp\/v2\/product_brand?post=443"},{"taxonomy":"product_cat","embeddable":true,"href":"https:\/\/www.asemakustannus.com\/kauppa\/wp-json\/wp\/v2\/product_cat?post=443"},{"taxonomy":"product_tag","embeddable":true,"href":"https:\/\/www.asemakustannus.com\/kauppa\/wp-json\/wp\/v2\/product_tag?post=443"}],"curies":[{"name":"wp","href":"https:\/\/api.w.org\/{rel}","templated":true}]}}