{"id":449,"date":"2021-03-22T15:57:40","date_gmt":"2021-03-22T13:57:40","guid":{"rendered":"https:\/\/www.asemakustannus.com\/kauppa\/?post_type=product&#038;p=449"},"modified":"2021-09-10T14:47:40","modified_gmt":"2021-09-10T11:47:40","slug":"mika-lietzen-kaksi-ja-puoli-novellia","status":"publish","type":"product","link":"https:\/\/www.asemakustannus.com\/kauppa\/tuote\/mika-lietzen-kaksi-ja-puoli-novellia\/","title":{"rendered":"Mika Lietz\u00e9n: Kaksi ja puoli novellia"},"content":{"rendered":"<p>104 sivua | B5 | pehme\u00e4kantinen<\/p>\n<p>ISBN 978-952-5909-26-5<\/p>\n<p>Asema 2015<\/p>\n<p>Includes English subtitles.<\/p>\n<p>Kaksi ja puoli viimeistelem\u00e4t\u00f6nt\u00e4 novellia, 101 sivua uutta sarjakuvaa. Rajoitettu 66 kappaleen numeroitu ja signeerattu painos Aseman 15-vuotisjuhlavuoden kunniaksi. Myynniss\u00e4 vain Aseman nettikaupassa ja Helsingin Sarjakuvafestivaaleilla.<\/p>\n<p>Ensimm\u00e4isess\u00e4 tarinassa perheenis\u00e4 ajaa aamuh\u00e4m\u00e4r\u00e4ss\u00e4 jonkin yli ja pakenee paikalta. Toisessa tarinassa ry\u00f6st\u00e4j\u00e4 p\u00e4\u00e4tyy keskustelemaan y\u00f6kahvilan ty\u00f6ntekij\u00e4n kanssa elokuvista ja el\u00e4m\u00e4st\u00e4. Ja viimeisess\u00e4 tarinanpuolikkaassa alkoholisoitunut pariskunta kiertelee satamakaupunkia etsien sy\u00f6t\u00e4v\u00e4\u00e4 ja juotavaa.<\/p>\n<hr \/>\n<p>Two and a half unfinished stories, 101 pages of previously unpublished comics. Limited print run of 66 numbered and signed copies in honour of Asema&#8217;s 15-year anniversary. Available only through this site or at the Helsinki Comics Festival.<\/p>\n<p>In the first story a father of two hits and runs over something in the morning rush. In the second story a robber ends up talking about movies and life with an employee at a night cafe. And in the last fragment of a story, an alcoholic couple wander around a harbour town, looking for something to eat and drink.<\/p>\n","protected":false},"excerpt":{"rendered":"<p>104 sivua | B5 | pehme\u00e4kantinen ISBN 978-952-5909-26-5 Asema 2015 Includes English subtitles. Kaksi ja puoli viimeistelem\u00e4t\u00f6nt\u00e4 novellia, 101 sivua uutta sarjakuvaa. Rajoitettu 66 kappaleen numeroitu ja signeerattu painos Aseman 15-vuotisjuhlavuoden kunniaksi. Myynniss\u00e4 vain Aseman nettikaupassa ja Helsingin Sarjakuvafestivaaleilla. Ensimm\u00e4isess\u00e4 tarinassa perheenis\u00e4 ajaa aamuh\u00e4m\u00e4r\u00e4ss\u00e4 jonkin yli ja pakenee paikalta. Toisessa tarinassa ry\u00f6st\u00e4j\u00e4 p\u00e4\u00e4tyy keskustelemaan y\u00f6kahvilan [&hellip;]<\/p>\n","protected":false},"featured_media":435,"template":"","meta":[],"product_brand":[],"product_cat":[38],"product_tag":[48],"class_list":{"0":"post-449","1":"product","2":"type-product","3":"status-publish","4":"has-post-thumbnail","6":"product_cat-kirjat","7":"product_tag-mika-lietzen","8":"product_shipping_class-xxspaketti","10":"first","11":"outofstock","12":"shipping-taxable","13":"purchasable","14":"product-type-simple"},"yoast_head":"<!-- This site is optimized with the Yoast SEO plugin v27.3 - https:\/\/yoast.com\/product\/yoast-seo-wordpress\/ -->\n<title>Mika Lietz\u00e9n: Kaksi ja puoli novellia - Asema Kustannus<\/title>\n<meta name=\"robots\" content=\"index, follow, max-snippet:-1, max-image-preview:large, max-video-preview:-1\" \/>\n<link rel=\"canonical\" href=\"https:\/\/www.asemakustannus.com\/kauppa\/tuote\/mika-lietzen-kaksi-ja-puoli-novellia\/\" \/>\n<meta property=\"og:locale\" content=\"fi_FI\" \/>\n<meta property=\"og:type\" content=\"article\" \/>\n<meta property=\"og:title\" content=\"Mika Lietz\u00e9n: Kaksi ja puoli novellia - Asema Kustannus\" \/>\n<meta property=\"og:description\" content=\"104 sivua | B5 | pehme\u00e4kantinen ISBN 978-952-5909-26-5 Asema 2015 Includes English subtitles. Kaksi ja puoli viimeistelem\u00e4t\u00f6nt\u00e4 novellia, 101 sivua uutta sarjakuvaa. Rajoitettu 66 kappaleen numeroitu ja signeerattu painos Aseman 15-vuotisjuhlavuoden kunniaksi. Myynniss\u00e4 vain Aseman nettikaupassa ja Helsingin Sarjakuvafestivaaleilla. Ensimm\u00e4isess\u00e4 tarinassa perheenis\u00e4 ajaa aamuh\u00e4m\u00e4r\u00e4ss\u00e4 jonkin yli ja pakenee paikalta. Toisessa tarinassa ry\u00f6st\u00e4j\u00e4 p\u00e4\u00e4tyy keskustelemaan y\u00f6kahvilan [&hellip;]\" \/>\n<meta property=\"og:url\" content=\"https:\/\/www.asemakustannus.com\/kauppa\/tuote\/mika-lietzen-kaksi-ja-puoli-novellia\/\" \/>\n<meta property=\"og:site_name\" content=\"Asema Kustannus\" \/>\n<meta property=\"article:publisher\" content=\"https:\/\/www.facebook.com\/asemakustannus\" \/>\n<meta property=\"article:modified_time\" content=\"2021-09-10T11:47:40+00:00\" \/>\n<meta property=\"og:image\" content=\"https:\/\/www.asemakustannus.com\/kauppa\/wp-content\/uploads\/2021\/03\/KAKSI_JA_PUOLI-iso.jpg\" \/>\n\t<meta property=\"og:image:width\" content=\"450\" \/>\n\t<meta property=\"og:image:height\" content=\"643\" \/>\n\t<meta property=\"og:image:type\" content=\"image\/jpeg\" \/>\n<meta name=\"twitter:card\" content=\"summary_large_image\" \/>\n<meta name=\"twitter:site\" content=\"@asemakustannus\" \/>\n<meta name=\"twitter:label1\" content=\"Arvioitu lukuaika\" \/>\n\t<meta name=\"twitter:data1\" content=\"1 minuutti\" \/>\n<script type=\"application\/ld+json\" class=\"yoast-schema-graph\">{\"@context\":\"https:\\\/\\\/schema.org\",\"@graph\":[{\"@type\":\"WebPage\",\"@id\":\"https:\\\/\\\/www.asemakustannus.com\\\/kauppa\\\/tuote\\\/mika-lietzen-kaksi-ja-puoli-novellia\\\/\",\"url\":\"https:\\\/\\\/www.asemakustannus.com\\\/kauppa\\\/tuote\\\/mika-lietzen-kaksi-ja-puoli-novellia\\\/\",\"name\":\"Mika Lietz\u00e9n: Kaksi ja puoli novellia - Asema Kustannus\",\"isPartOf\":{\"@id\":\"https:\\\/\\\/www.asemakustannus.com\\\/kauppa\\\/#website\"},\"primaryImageOfPage\":{\"@id\":\"https:\\\/\\\/www.asemakustannus.com\\\/kauppa\\\/tuote\\\/mika-lietzen-kaksi-ja-puoli-novellia\\\/#primaryimage\"},\"image\":{\"@id\":\"https:\\\/\\\/www.asemakustannus.com\\\/kauppa\\\/tuote\\\/mika-lietzen-kaksi-ja-puoli-novellia\\\/#primaryimage\"},\"thumbnailUrl\":\"https:\\\/\\\/i0.wp.com\\\/www.asemakustannus.com\\\/kauppa\\\/wp-content\\\/uploads\\\/2021\\\/03\\\/KAKSI_JA_PUOLI-iso.jpg?fit=450%2C643&ssl=1\",\"datePublished\":\"2021-03-22T13:57:40+00:00\",\"dateModified\":\"2021-09-10T11:47:40+00:00\",\"breadcrumb\":{\"@id\":\"https:\\\/\\\/www.asemakustannus.com\\\/kauppa\\\/tuote\\\/mika-lietzen-kaksi-ja-puoli-novellia\\\/#breadcrumb\"},\"inLanguage\":\"fi\",\"potentialAction\":[{\"@type\":\"ReadAction\",\"target\":[\"https:\\\/\\\/www.asemakustannus.com\\\/kauppa\\\/tuote\\\/mika-lietzen-kaksi-ja-puoli-novellia\\\/\"]}]},{\"@type\":\"ImageObject\",\"inLanguage\":\"fi\",\"@id\":\"https:\\\/\\\/www.asemakustannus.com\\\/kauppa\\\/tuote\\\/mika-lietzen-kaksi-ja-puoli-novellia\\\/#primaryimage\",\"url\":\"https:\\\/\\\/i0.wp.com\\\/www.asemakustannus.com\\\/kauppa\\\/wp-content\\\/uploads\\\/2021\\\/03\\\/KAKSI_JA_PUOLI-iso.jpg?fit=450%2C643&ssl=1\",\"contentUrl\":\"https:\\\/\\\/i0.wp.com\\\/www.asemakustannus.com\\\/kauppa\\\/wp-content\\\/uploads\\\/2021\\\/03\\\/KAKSI_JA_PUOLI-iso.jpg?fit=450%2C643&ssl=1\",\"width\":450,\"height\":643},{\"@type\":\"BreadcrumbList\",\"@id\":\"https:\\\/\\\/www.asemakustannus.com\\\/kauppa\\\/tuote\\\/mika-lietzen-kaksi-ja-puoli-novellia\\\/#breadcrumb\",\"itemListElement\":[{\"@type\":\"ListItem\",\"position\":1,\"name\":\"Home\",\"item\":\"https:\\\/\\\/www.asemakustannus.com\\\/kauppa\\\/\"},{\"@type\":\"ListItem\",\"position\":2,\"name\":\"Kauppa\",\"item\":\"https:\\\/\\\/www.asemakustannus.com\\\/kauppa\\\/kauppa\\\/\"},{\"@type\":\"ListItem\",\"position\":3,\"name\":\"Mika Lietz\u00e9n: Kaksi ja puoli novellia\"}]},{\"@type\":\"WebSite\",\"@id\":\"https:\\\/\\\/www.asemakustannus.com\\\/kauppa\\\/#website\",\"url\":\"https:\\\/\\\/www.asemakustannus.com\\\/kauppa\\\/\",\"name\":\"Asema Kustannus\",\"description\":\"Sarjakuvakauppa\",\"publisher\":{\"@id\":\"https:\\\/\\\/www.asemakustannus.com\\\/kauppa\\\/#organization\"},\"potentialAction\":[{\"@type\":\"SearchAction\",\"target\":{\"@type\":\"EntryPoint\",\"urlTemplate\":\"https:\\\/\\\/www.asemakustannus.com\\\/kauppa\\\/?s={search_term_string}\"},\"query-input\":{\"@type\":\"PropertyValueSpecification\",\"valueRequired\":true,\"valueName\":\"search_term_string\"}}],\"inLanguage\":\"fi\"},{\"@type\":\"Organization\",\"@id\":\"https:\\\/\\\/www.asemakustannus.com\\\/kauppa\\\/#organization\",\"name\":\"Asema Kustannus\",\"url\":\"https:\\\/\\\/www.asemakustannus.com\\\/kauppa\\\/\",\"logo\":{\"@type\":\"ImageObject\",\"inLanguage\":\"fi\",\"@id\":\"https:\\\/\\\/www.asemakustannus.com\\\/kauppa\\\/#\\\/schema\\\/logo\\\/image\\\/\",\"url\":\"https:\\\/\\\/www.asemakustannus.com\\\/kauppa\\\/wp-content\\\/uploads\\\/2021\\\/09\\\/181007768_141578281313342_8780310787852686686_n-1.jpeg\",\"contentUrl\":\"https:\\\/\\\/www.asemakustannus.com\\\/kauppa\\\/wp-content\\\/uploads\\\/2021\\\/09\\\/181007768_141578281313342_8780310787852686686_n-1.jpeg\",\"width\":300,\"height\":333,\"caption\":\"Asema Kustannus\"},\"image\":{\"@id\":\"https:\\\/\\\/www.asemakustannus.com\\\/kauppa\\\/#\\\/schema\\\/logo\\\/image\\\/\"},\"sameAs\":[\"https:\\\/\\\/www.facebook.com\\\/asemakustannus\",\"https:\\\/\\\/x.com\\\/asemakustannus\",\"https:\\\/\\\/www.instagram.com\\\/asemakustannus\\\/\"]}]}<\/script>\n<!-- \/ Yoast SEO plugin. -->","yoast_head_json":{"title":"Mika Lietz\u00e9n: Kaksi ja puoli novellia - Asema Kustannus","robots":{"index":"index","follow":"follow","max-snippet":"max-snippet:-1","max-image-preview":"max-image-preview:large","max-video-preview":"max-video-preview:-1"},"canonical":"https:\/\/www.asemakustannus.com\/kauppa\/tuote\/mika-lietzen-kaksi-ja-puoli-novellia\/","og_locale":"fi_FI","og_type":"article","og_title":"Mika Lietz\u00e9n: Kaksi ja puoli novellia - Asema Kustannus","og_description":"104 sivua | B5 | pehme\u00e4kantinen ISBN 978-952-5909-26-5 Asema 2015 Includes English subtitles. Kaksi ja puoli viimeistelem\u00e4t\u00f6nt\u00e4 novellia, 101 sivua uutta sarjakuvaa. Rajoitettu 66 kappaleen numeroitu ja signeerattu painos Aseman 15-vuotisjuhlavuoden kunniaksi. Myynniss\u00e4 vain Aseman nettikaupassa ja Helsingin Sarjakuvafestivaaleilla. Ensimm\u00e4isess\u00e4 tarinassa perheenis\u00e4 ajaa aamuh\u00e4m\u00e4r\u00e4ss\u00e4 jonkin yli ja pakenee paikalta. Toisessa tarinassa ry\u00f6st\u00e4j\u00e4 p\u00e4\u00e4tyy keskustelemaan y\u00f6kahvilan [&hellip;]","og_url":"https:\/\/www.asemakustannus.com\/kauppa\/tuote\/mika-lietzen-kaksi-ja-puoli-novellia\/","og_site_name":"Asema Kustannus","article_publisher":"https:\/\/www.facebook.com\/asemakustannus","article_modified_time":"2021-09-10T11:47:40+00:00","og_image":[{"width":450,"height":643,"url":"https:\/\/www.asemakustannus.com\/kauppa\/wp-content\/uploads\/2021\/03\/KAKSI_JA_PUOLI-iso.jpg","type":"image\/jpeg"}],"twitter_card":"summary_large_image","twitter_site":"@asemakustannus","twitter_misc":{"Arvioitu lukuaika":"1 minuutti"},"schema":{"@context":"https:\/\/schema.org","@graph":[{"@type":"WebPage","@id":"https:\/\/www.asemakustannus.com\/kauppa\/tuote\/mika-lietzen-kaksi-ja-puoli-novellia\/","url":"https:\/\/www.asemakustannus.com\/kauppa\/tuote\/mika-lietzen-kaksi-ja-puoli-novellia\/","name":"Mika Lietz\u00e9n: Kaksi ja puoli novellia - Asema Kustannus","isPartOf":{"@id":"https:\/\/www.asemakustannus.com\/kauppa\/#website"},"primaryImageOfPage":{"@id":"https:\/\/www.asemakustannus.com\/kauppa\/tuote\/mika-lietzen-kaksi-ja-puoli-novellia\/#primaryimage"},"image":{"@id":"https:\/\/www.asemakustannus.com\/kauppa\/tuote\/mika-lietzen-kaksi-ja-puoli-novellia\/#primaryimage"},"thumbnailUrl":"https:\/\/i0.wp.com\/www.asemakustannus.com\/kauppa\/wp-content\/uploads\/2021\/03\/KAKSI_JA_PUOLI-iso.jpg?fit=450%2C643&ssl=1","datePublished":"2021-03-22T13:57:40+00:00","dateModified":"2021-09-10T11:47:40+00:00","breadcrumb":{"@id":"https:\/\/www.asemakustannus.com\/kauppa\/tuote\/mika-lietzen-kaksi-ja-puoli-novellia\/#breadcrumb"},"inLanguage":"fi","potentialAction":[{"@type":"ReadAction","target":["https:\/\/www.asemakustannus.com\/kauppa\/tuote\/mika-lietzen-kaksi-ja-puoli-novellia\/"]}]},{"@type":"ImageObject","inLanguage":"fi","@id":"https:\/\/www.asemakustannus.com\/kauppa\/tuote\/mika-lietzen-kaksi-ja-puoli-novellia\/#primaryimage","url":"https:\/\/i0.wp.com\/www.asemakustannus.com\/kauppa\/wp-content\/uploads\/2021\/03\/KAKSI_JA_PUOLI-iso.jpg?fit=450%2C643&ssl=1","contentUrl":"https:\/\/i0.wp.com\/www.asemakustannus.com\/kauppa\/wp-content\/uploads\/2021\/03\/KAKSI_JA_PUOLI-iso.jpg?fit=450%2C643&ssl=1","width":450,"height":643},{"@type":"BreadcrumbList","@id":"https:\/\/www.asemakustannus.com\/kauppa\/tuote\/mika-lietzen-kaksi-ja-puoli-novellia\/#breadcrumb","itemListElement":[{"@type":"ListItem","position":1,"name":"Home","item":"https:\/\/www.asemakustannus.com\/kauppa\/"},{"@type":"ListItem","position":2,"name":"Kauppa","item":"https:\/\/www.asemakustannus.com\/kauppa\/kauppa\/"},{"@type":"ListItem","position":3,"name":"Mika Lietz\u00e9n: Kaksi ja puoli novellia"}]},{"@type":"WebSite","@id":"https:\/\/www.asemakustannus.com\/kauppa\/#website","url":"https:\/\/www.asemakustannus.com\/kauppa\/","name":"Asema Kustannus","description":"Sarjakuvakauppa","publisher":{"@id":"https:\/\/www.asemakustannus.com\/kauppa\/#organization"},"potentialAction":[{"@type":"SearchAction","target":{"@type":"EntryPoint","urlTemplate":"https:\/\/www.asemakustannus.com\/kauppa\/?s={search_term_string}"},"query-input":{"@type":"PropertyValueSpecification","valueRequired":true,"valueName":"search_term_string"}}],"inLanguage":"fi"},{"@type":"Organization","@id":"https:\/\/www.asemakustannus.com\/kauppa\/#organization","name":"Asema Kustannus","url":"https:\/\/www.asemakustannus.com\/kauppa\/","logo":{"@type":"ImageObject","inLanguage":"fi","@id":"https:\/\/www.asemakustannus.com\/kauppa\/#\/schema\/logo\/image\/","url":"https:\/\/www.asemakustannus.com\/kauppa\/wp-content\/uploads\/2021\/09\/181007768_141578281313342_8780310787852686686_n-1.jpeg","contentUrl":"https:\/\/www.asemakustannus.com\/kauppa\/wp-content\/uploads\/2021\/09\/181007768_141578281313342_8780310787852686686_n-1.jpeg","width":300,"height":333,"caption":"Asema Kustannus"},"image":{"@id":"https:\/\/www.asemakustannus.com\/kauppa\/#\/schema\/logo\/image\/"},"sameAs":["https:\/\/www.facebook.com\/asemakustannus","https:\/\/x.com\/asemakustannus","https:\/\/www.instagram.com\/asemakustannus\/"]}]}},"jetpack_sharing_enabled":true,"_links":{"self":[{"href":"https:\/\/www.asemakustannus.com\/kauppa\/wp-json\/wp\/v2\/product\/449","targetHints":{"allow":["GET"]}}],"collection":[{"href":"https:\/\/www.asemakustannus.com\/kauppa\/wp-json\/wp\/v2\/product"}],"about":[{"href":"https:\/\/www.asemakustannus.com\/kauppa\/wp-json\/wp\/v2\/types\/product"}],"wp:featuredmedia":[{"embeddable":true,"href":"https:\/\/www.asemakustannus.com\/kauppa\/wp-json\/wp\/v2\/media\/435"}],"wp:attachment":[{"href":"https:\/\/www.asemakustannus.com\/kauppa\/wp-json\/wp\/v2\/media?parent=449"}],"wp:term":[{"taxonomy":"product_brand","embeddable":true,"href":"https:\/\/www.asemakustannus.com\/kauppa\/wp-json\/wp\/v2\/product_brand?post=449"},{"taxonomy":"product_cat","embeddable":true,"href":"https:\/\/www.asemakustannus.com\/kauppa\/wp-json\/wp\/v2\/product_cat?post=449"},{"taxonomy":"product_tag","embeddable":true,"href":"https:\/\/www.asemakustannus.com\/kauppa\/wp-json\/wp\/v2\/product_tag?post=449"}],"curies":[{"name":"wp","href":"https:\/\/api.w.org\/{rel}","templated":true}]}}