{"id":452,"date":"2021-03-23T13:17:17","date_gmt":"2021-03-23T11:17:17","guid":{"rendered":"https:\/\/www.asemakustannus.com\/kauppa\/?post_type=product&#038;p=452"},"modified":"2021-03-23T13:25:06","modified_gmt":"2021-03-23T11:25:06","slug":"antologia-8","status":"publish","type":"product","link":"https:\/\/www.asemakustannus.com\/kauppa\/tuote\/antologia-8\/","title":{"rendered":"Antologia 8"},"content":{"rendered":"<p>Tekij\u00e4t: <strong>Evangelos Androutsopoulos, Emmi Valve, Ville Ranta<\/strong><\/p>\n<p>Toimitus: <strong>Mika Lietz\u00e9n ja Ville Ranta<\/strong><\/p>\n<p>56 sivua | neliv\u00e4ri<\/p>\n<p>Asema 2016<\/p>\n<p>ISBN 978-952-5909-27-2<\/p>\n<p>Asema ker\u00e4si vuonna 2016 pitk\u00e4st\u00e4 aikaa kokoon huipputekij\u00f6it\u00e4 ja julkaisi kertovan sarjakuvan antologian. <em>Antologia 8<\/em> sis\u00e4lt\u00e4\u00e4 kuusi tarinaa kolmelta tekij\u00e4lt\u00e4: <strong>Evangelos Androutsopoulos<\/strong>\u00a0tekee maagisen kuvitelman murtuneesta Kreikasta.\u00a0<strong>Emmi Valve<\/strong>\u00a0tarjoaa nelj\u00e4 superhauskaa tarinaa\u00a0<em>Girl Gang Bang Bang<\/em> -kommuunin boheemiel\u00e4m\u00e4st\u00e4. Aseman i\u00e4nikuinen luottotekij\u00e4 <strong>Ville Ranta<\/strong> kertoo Aleksandrasta, naisesta joka vihaa. <em>Antologian<\/em> oli m\u00e4\u00e4r\u00e4 ilmesty\u00e4 parii kertaa vuodessa ja tarjota novellimuotoiselle sarjakuvalle julkaisukanava, jollaista Suomessa ei edelleenk\u00e4\u00e4n ole. Valitettavasti Antologian levitt\u00e4minen osoittautui mahdottomaksi 2010-luvun kirjamaailmassa, ja Aseman oli pakko luovuttaa toistaiseksi.<\/p>\n","protected":false},"excerpt":{"rendered":"<p>Tekij\u00e4t: Evangelos Androutsopoulos, Emmi Valve, Ville Ranta Toimitus: Mika Lietz\u00e9n ja Ville Ranta 56 sivua | neliv\u00e4ri Asema 2016 ISBN 978-952-5909-27-2 Asema ker\u00e4si vuonna 2016 pitk\u00e4st\u00e4 aikaa kokoon huipputekij\u00f6it\u00e4 ja julkaisi kertovan sarjakuvan antologian. Antologia 8 sis\u00e4lt\u00e4\u00e4 kuusi tarinaa kolmelta tekij\u00e4lt\u00e4: Evangelos Androutsopoulos\u00a0tekee maagisen kuvitelman murtuneesta Kreikasta.\u00a0Emmi Valve\u00a0tarjoaa nelj\u00e4 superhauskaa tarinaa\u00a0Girl Gang Bang Bang -kommuunin [&hellip;]<\/p>\n","protected":false},"featured_media":182,"template":"","meta":[],"product_brand":[],"product_cat":[42,38],"product_tag":[],"class_list":{"0":"post-452","1":"product","2":"type-product","3":"status-publish","4":"has-post-thumbnail","6":"product_cat-antologiat","7":"product_cat-kirjat","8":"product_shipping_class-xxspaketti","10":"first","11":"outofstock","12":"shipping-taxable","13":"purchasable","14":"product-type-simple"},"yoast_head":"<!-- This site is optimized with the Yoast SEO plugin v27.3 - https:\/\/yoast.com\/product\/yoast-seo-wordpress\/ -->\n<title>Antologia 8 - Asema Kustannus<\/title>\n<meta name=\"robots\" content=\"index, follow, max-snippet:-1, max-image-preview:large, max-video-preview:-1\" \/>\n<link rel=\"canonical\" href=\"https:\/\/www.asemakustannus.com\/kauppa\/tuote\/antologia-8\/\" \/>\n<meta property=\"og:locale\" content=\"fi_FI\" \/>\n<meta property=\"og:type\" content=\"article\" \/>\n<meta property=\"og:title\" content=\"Antologia 8 - Asema Kustannus\" \/>\n<meta property=\"og:description\" content=\"Tekij\u00e4t: Evangelos Androutsopoulos, Emmi Valve, Ville Ranta Toimitus: Mika Lietz\u00e9n ja Ville Ranta 56 sivua | neliv\u00e4ri Asema 2016 ISBN 978-952-5909-27-2 Asema ker\u00e4si vuonna 2016 pitk\u00e4st\u00e4 aikaa kokoon huipputekij\u00f6it\u00e4 ja julkaisi kertovan sarjakuvan antologian. Antologia 8 sis\u00e4lt\u00e4\u00e4 kuusi tarinaa kolmelta tekij\u00e4lt\u00e4: Evangelos Androutsopoulos\u00a0tekee maagisen kuvitelman murtuneesta Kreikasta.\u00a0Emmi Valve\u00a0tarjoaa nelj\u00e4 superhauskaa tarinaa\u00a0Girl Gang Bang Bang -kommuunin [&hellip;]\" \/>\n<meta property=\"og:url\" content=\"https:\/\/www.asemakustannus.com\/kauppa\/tuote\/antologia-8\/\" \/>\n<meta property=\"og:site_name\" content=\"Asema Kustannus\" \/>\n<meta property=\"article:publisher\" content=\"https:\/\/www.facebook.com\/asemakustannus\" \/>\n<meta property=\"article:modified_time\" content=\"2021-03-23T11:25:06+00:00\" \/>\n<meta property=\"og:image\" content=\"https:\/\/www.asemakustannus.com\/kauppa\/wp-content\/uploads\/2021\/03\/ANTOLOGIA8-ISO.jpg\" \/>\n\t<meta property=\"og:image:width\" content=\"430\" \/>\n\t<meta property=\"og:image:height\" content=\"608\" \/>\n\t<meta property=\"og:image:type\" content=\"image\/jpeg\" \/>\n<meta name=\"twitter:card\" content=\"summary_large_image\" \/>\n<meta name=\"twitter:site\" content=\"@asemakustannus\" \/>\n<meta name=\"twitter:label1\" content=\"Arvioitu lukuaika\" \/>\n\t<meta name=\"twitter:data1\" content=\"1 minuutti\" \/>\n<script type=\"application\/ld+json\" class=\"yoast-schema-graph\">{\"@context\":\"https:\\\/\\\/schema.org\",\"@graph\":[{\"@type\":\"WebPage\",\"@id\":\"https:\\\/\\\/www.asemakustannus.com\\\/kauppa\\\/tuote\\\/antologia-8\\\/\",\"url\":\"https:\\\/\\\/www.asemakustannus.com\\\/kauppa\\\/tuote\\\/antologia-8\\\/\",\"name\":\"Antologia 8 - Asema Kustannus\",\"isPartOf\":{\"@id\":\"https:\\\/\\\/www.asemakustannus.com\\\/kauppa\\\/#website\"},\"primaryImageOfPage\":{\"@id\":\"https:\\\/\\\/www.asemakustannus.com\\\/kauppa\\\/tuote\\\/antologia-8\\\/#primaryimage\"},\"image\":{\"@id\":\"https:\\\/\\\/www.asemakustannus.com\\\/kauppa\\\/tuote\\\/antologia-8\\\/#primaryimage\"},\"thumbnailUrl\":\"https:\\\/\\\/i0.wp.com\\\/www.asemakustannus.com\\\/kauppa\\\/wp-content\\\/uploads\\\/2021\\\/03\\\/ANTOLOGIA8-ISO.jpg?fit=430%2C608&ssl=1\",\"datePublished\":\"2021-03-23T11:17:17+00:00\",\"dateModified\":\"2021-03-23T11:25:06+00:00\",\"breadcrumb\":{\"@id\":\"https:\\\/\\\/www.asemakustannus.com\\\/kauppa\\\/tuote\\\/antologia-8\\\/#breadcrumb\"},\"inLanguage\":\"fi\",\"potentialAction\":[{\"@type\":\"ReadAction\",\"target\":[\"https:\\\/\\\/www.asemakustannus.com\\\/kauppa\\\/tuote\\\/antologia-8\\\/\"]}]},{\"@type\":\"ImageObject\",\"inLanguage\":\"fi\",\"@id\":\"https:\\\/\\\/www.asemakustannus.com\\\/kauppa\\\/tuote\\\/antologia-8\\\/#primaryimage\",\"url\":\"https:\\\/\\\/i0.wp.com\\\/www.asemakustannus.com\\\/kauppa\\\/wp-content\\\/uploads\\\/2021\\\/03\\\/ANTOLOGIA8-ISO.jpg?fit=430%2C608&ssl=1\",\"contentUrl\":\"https:\\\/\\\/i0.wp.com\\\/www.asemakustannus.com\\\/kauppa\\\/wp-content\\\/uploads\\\/2021\\\/03\\\/ANTOLOGIA8-ISO.jpg?fit=430%2C608&ssl=1\",\"width\":430,\"height\":608},{\"@type\":\"BreadcrumbList\",\"@id\":\"https:\\\/\\\/www.asemakustannus.com\\\/kauppa\\\/tuote\\\/antologia-8\\\/#breadcrumb\",\"itemListElement\":[{\"@type\":\"ListItem\",\"position\":1,\"name\":\"Home\",\"item\":\"https:\\\/\\\/www.asemakustannus.com\\\/kauppa\\\/\"},{\"@type\":\"ListItem\",\"position\":2,\"name\":\"Kauppa\",\"item\":\"https:\\\/\\\/www.asemakustannus.com\\\/kauppa\\\/kauppa\\\/\"},{\"@type\":\"ListItem\",\"position\":3,\"name\":\"Antologia 8\"}]},{\"@type\":\"WebSite\",\"@id\":\"https:\\\/\\\/www.asemakustannus.com\\\/kauppa\\\/#website\",\"url\":\"https:\\\/\\\/www.asemakustannus.com\\\/kauppa\\\/\",\"name\":\"Asema Kustannus\",\"description\":\"Sarjakuvakauppa\",\"publisher\":{\"@id\":\"https:\\\/\\\/www.asemakustannus.com\\\/kauppa\\\/#organization\"},\"potentialAction\":[{\"@type\":\"SearchAction\",\"target\":{\"@type\":\"EntryPoint\",\"urlTemplate\":\"https:\\\/\\\/www.asemakustannus.com\\\/kauppa\\\/?s={search_term_string}\"},\"query-input\":{\"@type\":\"PropertyValueSpecification\",\"valueRequired\":true,\"valueName\":\"search_term_string\"}}],\"inLanguage\":\"fi\"},{\"@type\":\"Organization\",\"@id\":\"https:\\\/\\\/www.asemakustannus.com\\\/kauppa\\\/#organization\",\"name\":\"Asema Kustannus\",\"url\":\"https:\\\/\\\/www.asemakustannus.com\\\/kauppa\\\/\",\"logo\":{\"@type\":\"ImageObject\",\"inLanguage\":\"fi\",\"@id\":\"https:\\\/\\\/www.asemakustannus.com\\\/kauppa\\\/#\\\/schema\\\/logo\\\/image\\\/\",\"url\":\"https:\\\/\\\/www.asemakustannus.com\\\/kauppa\\\/wp-content\\\/uploads\\\/2021\\\/09\\\/181007768_141578281313342_8780310787852686686_n-1.jpeg\",\"contentUrl\":\"https:\\\/\\\/www.asemakustannus.com\\\/kauppa\\\/wp-content\\\/uploads\\\/2021\\\/09\\\/181007768_141578281313342_8780310787852686686_n-1.jpeg\",\"width\":300,\"height\":333,\"caption\":\"Asema Kustannus\"},\"image\":{\"@id\":\"https:\\\/\\\/www.asemakustannus.com\\\/kauppa\\\/#\\\/schema\\\/logo\\\/image\\\/\"},\"sameAs\":[\"https:\\\/\\\/www.facebook.com\\\/asemakustannus\",\"https:\\\/\\\/x.com\\\/asemakustannus\",\"https:\\\/\\\/www.instagram.com\\\/asemakustannus\\\/\"]}]}<\/script>\n<!-- \/ Yoast SEO plugin. -->","yoast_head_json":{"title":"Antologia 8 - Asema Kustannus","robots":{"index":"index","follow":"follow","max-snippet":"max-snippet:-1","max-image-preview":"max-image-preview:large","max-video-preview":"max-video-preview:-1"},"canonical":"https:\/\/www.asemakustannus.com\/kauppa\/tuote\/antologia-8\/","og_locale":"fi_FI","og_type":"article","og_title":"Antologia 8 - Asema Kustannus","og_description":"Tekij\u00e4t: Evangelos Androutsopoulos, Emmi Valve, Ville Ranta Toimitus: Mika Lietz\u00e9n ja Ville Ranta 56 sivua | neliv\u00e4ri Asema 2016 ISBN 978-952-5909-27-2 Asema ker\u00e4si vuonna 2016 pitk\u00e4st\u00e4 aikaa kokoon huipputekij\u00f6it\u00e4 ja julkaisi kertovan sarjakuvan antologian. Antologia 8 sis\u00e4lt\u00e4\u00e4 kuusi tarinaa kolmelta tekij\u00e4lt\u00e4: Evangelos Androutsopoulos\u00a0tekee maagisen kuvitelman murtuneesta Kreikasta.\u00a0Emmi Valve\u00a0tarjoaa nelj\u00e4 superhauskaa tarinaa\u00a0Girl Gang Bang Bang -kommuunin [&hellip;]","og_url":"https:\/\/www.asemakustannus.com\/kauppa\/tuote\/antologia-8\/","og_site_name":"Asema Kustannus","article_publisher":"https:\/\/www.facebook.com\/asemakustannus","article_modified_time":"2021-03-23T11:25:06+00:00","og_image":[{"width":430,"height":608,"url":"https:\/\/www.asemakustannus.com\/kauppa\/wp-content\/uploads\/2021\/03\/ANTOLOGIA8-ISO.jpg","type":"image\/jpeg"}],"twitter_card":"summary_large_image","twitter_site":"@asemakustannus","twitter_misc":{"Arvioitu lukuaika":"1 minuutti"},"schema":{"@context":"https:\/\/schema.org","@graph":[{"@type":"WebPage","@id":"https:\/\/www.asemakustannus.com\/kauppa\/tuote\/antologia-8\/","url":"https:\/\/www.asemakustannus.com\/kauppa\/tuote\/antologia-8\/","name":"Antologia 8 - Asema Kustannus","isPartOf":{"@id":"https:\/\/www.asemakustannus.com\/kauppa\/#website"},"primaryImageOfPage":{"@id":"https:\/\/www.asemakustannus.com\/kauppa\/tuote\/antologia-8\/#primaryimage"},"image":{"@id":"https:\/\/www.asemakustannus.com\/kauppa\/tuote\/antologia-8\/#primaryimage"},"thumbnailUrl":"https:\/\/i0.wp.com\/www.asemakustannus.com\/kauppa\/wp-content\/uploads\/2021\/03\/ANTOLOGIA8-ISO.jpg?fit=430%2C608&ssl=1","datePublished":"2021-03-23T11:17:17+00:00","dateModified":"2021-03-23T11:25:06+00:00","breadcrumb":{"@id":"https:\/\/www.asemakustannus.com\/kauppa\/tuote\/antologia-8\/#breadcrumb"},"inLanguage":"fi","potentialAction":[{"@type":"ReadAction","target":["https:\/\/www.asemakustannus.com\/kauppa\/tuote\/antologia-8\/"]}]},{"@type":"ImageObject","inLanguage":"fi","@id":"https:\/\/www.asemakustannus.com\/kauppa\/tuote\/antologia-8\/#primaryimage","url":"https:\/\/i0.wp.com\/www.asemakustannus.com\/kauppa\/wp-content\/uploads\/2021\/03\/ANTOLOGIA8-ISO.jpg?fit=430%2C608&ssl=1","contentUrl":"https:\/\/i0.wp.com\/www.asemakustannus.com\/kauppa\/wp-content\/uploads\/2021\/03\/ANTOLOGIA8-ISO.jpg?fit=430%2C608&ssl=1","width":430,"height":608},{"@type":"BreadcrumbList","@id":"https:\/\/www.asemakustannus.com\/kauppa\/tuote\/antologia-8\/#breadcrumb","itemListElement":[{"@type":"ListItem","position":1,"name":"Home","item":"https:\/\/www.asemakustannus.com\/kauppa\/"},{"@type":"ListItem","position":2,"name":"Kauppa","item":"https:\/\/www.asemakustannus.com\/kauppa\/kauppa\/"},{"@type":"ListItem","position":3,"name":"Antologia 8"}]},{"@type":"WebSite","@id":"https:\/\/www.asemakustannus.com\/kauppa\/#website","url":"https:\/\/www.asemakustannus.com\/kauppa\/","name":"Asema Kustannus","description":"Sarjakuvakauppa","publisher":{"@id":"https:\/\/www.asemakustannus.com\/kauppa\/#organization"},"potentialAction":[{"@type":"SearchAction","target":{"@type":"EntryPoint","urlTemplate":"https:\/\/www.asemakustannus.com\/kauppa\/?s={search_term_string}"},"query-input":{"@type":"PropertyValueSpecification","valueRequired":true,"valueName":"search_term_string"}}],"inLanguage":"fi"},{"@type":"Organization","@id":"https:\/\/www.asemakustannus.com\/kauppa\/#organization","name":"Asema Kustannus","url":"https:\/\/www.asemakustannus.com\/kauppa\/","logo":{"@type":"ImageObject","inLanguage":"fi","@id":"https:\/\/www.asemakustannus.com\/kauppa\/#\/schema\/logo\/image\/","url":"https:\/\/www.asemakustannus.com\/kauppa\/wp-content\/uploads\/2021\/09\/181007768_141578281313342_8780310787852686686_n-1.jpeg","contentUrl":"https:\/\/www.asemakustannus.com\/kauppa\/wp-content\/uploads\/2021\/09\/181007768_141578281313342_8780310787852686686_n-1.jpeg","width":300,"height":333,"caption":"Asema Kustannus"},"image":{"@id":"https:\/\/www.asemakustannus.com\/kauppa\/#\/schema\/logo\/image\/"},"sameAs":["https:\/\/www.facebook.com\/asemakustannus","https:\/\/x.com\/asemakustannus","https:\/\/www.instagram.com\/asemakustannus\/"]}]}},"jetpack_sharing_enabled":true,"_links":{"self":[{"href":"https:\/\/www.asemakustannus.com\/kauppa\/wp-json\/wp\/v2\/product\/452","targetHints":{"allow":["GET"]}}],"collection":[{"href":"https:\/\/www.asemakustannus.com\/kauppa\/wp-json\/wp\/v2\/product"}],"about":[{"href":"https:\/\/www.asemakustannus.com\/kauppa\/wp-json\/wp\/v2\/types\/product"}],"wp:featuredmedia":[{"embeddable":true,"href":"https:\/\/www.asemakustannus.com\/kauppa\/wp-json\/wp\/v2\/media\/182"}],"wp:attachment":[{"href":"https:\/\/www.asemakustannus.com\/kauppa\/wp-json\/wp\/v2\/media?parent=452"}],"wp:term":[{"taxonomy":"product_brand","embeddable":true,"href":"https:\/\/www.asemakustannus.com\/kauppa\/wp-json\/wp\/v2\/product_brand?post=452"},{"taxonomy":"product_cat","embeddable":true,"href":"https:\/\/www.asemakustannus.com\/kauppa\/wp-json\/wp\/v2\/product_cat?post=452"},{"taxonomy":"product_tag","embeddable":true,"href":"https:\/\/www.asemakustannus.com\/kauppa\/wp-json\/wp\/v2\/product_tag?post=452"}],"curies":[{"name":"wp","href":"https:\/\/api.w.org\/{rel}","templated":true}]}}