{"id":461,"date":"2021-03-23T13:31:02","date_gmt":"2021-03-23T11:31:02","guid":{"rendered":"https:\/\/www.asemakustannus.com\/kauppa\/?post_type=product&#038;p=461"},"modified":"2021-09-10T14:47:22","modified_gmt":"2021-09-10T11:47:22","slug":"berliac-kaikkimeni-exe","status":"publish","type":"product","link":"https:\/\/www.asemakustannus.com\/kauppa\/tuote\/berliac-kaikkimeni-exe\/","title":{"rendered":"Berliac: Kaikkimeni.exe"},"content":{"rendered":"<p>64 sivua | mustavalkoinen | pehme\u00e4kantinen<\/p>\n<p>ISBN 978-952-5909-30-2<\/p>\n<p>Suomentanut\u00a0<strong>Silja Aropuro<\/strong><\/p>\n<p>Asema 2017<\/p>\n<p><em>Kaikkimeni.exe<\/em>\u00a0on sarja surrealistisia sarjakuvanovelleja, jotka k\u00e4\u00e4nt\u00e4v\u00e4t n\u00e4kyville ihmisen sis\u00e4ll\u00e4 kuplivat aineet: pelon, vainoharhaisuuden, raukkamaisuuden. Berliacin ihmiset ovat piinaavan hauskoja ja heid\u00e4n tekonsa ovat aina ep\u00e4toivoisia ja harvoin tahdonalaisia.<\/p>\n<p>Berliacin kuvallinen tyyli ammentaa japanilaisesta mangasta ja pop-kulttuurista.<\/p>\n<p><strong>Berliac<\/strong>\u00a0(s. 1982) on syntynyt Argentiinassa ja asuu nyky\u00e4\u00e4n Berliiniss\u00e4. H\u00e4nen t\u00f6it\u00e4\u00e4n ovat julkaisseet mm.\u00a0<em>New York Times<\/em>,\u00a0<em>Le Monde Diplomatique<\/em>\u00a0ja\u00a0<em>Vice<\/em>.<\/p>\n","protected":false},"excerpt":{"rendered":"<p>64 sivua | mustavalkoinen | pehme\u00e4kantinen ISBN 978-952-5909-30-2 Suomentanut\u00a0Silja Aropuro Asema 2017 Kaikkimeni.exe\u00a0on sarja surrealistisia sarjakuvanovelleja, jotka k\u00e4\u00e4nt\u00e4v\u00e4t n\u00e4kyville ihmisen sis\u00e4ll\u00e4 kuplivat aineet: pelon, vainoharhaisuuden, raukkamaisuuden. Berliacin ihmiset ovat piinaavan hauskoja ja heid\u00e4n tekonsa ovat aina ep\u00e4toivoisia ja harvoin tahdonalaisia. Berliacin kuvallinen tyyli ammentaa japanilaisesta mangasta ja pop-kulttuurista. Berliac\u00a0(s. 1982) on syntynyt Argentiinassa ja asuu [&hellip;]<\/p>\n","protected":false},"featured_media":462,"template":"","meta":[],"product_brand":[],"product_cat":[38],"product_tag":[53],"class_list":{"0":"post-461","1":"product","2":"type-product","3":"status-publish","4":"has-post-thumbnail","6":"product_cat-kirjat","7":"product_tag-berliac","8":"product_shipping_class-kirje","10":"first","11":"instock","12":"shipping-taxable","13":"purchasable","14":"product-type-simple"},"yoast_head":"<!-- This site is optimized with the Yoast SEO plugin v27.3 - https:\/\/yoast.com\/product\/yoast-seo-wordpress\/ -->\n<title>Berliac: Kaikkimeni.exe - Asema Kustannus<\/title>\n<meta name=\"robots\" content=\"index, follow, max-snippet:-1, max-image-preview:large, max-video-preview:-1\" \/>\n<link rel=\"canonical\" href=\"https:\/\/www.asemakustannus.com\/kauppa\/tuote\/berliac-kaikkimeni-exe\/\" \/>\n<meta property=\"og:locale\" content=\"fi_FI\" \/>\n<meta property=\"og:type\" content=\"article\" \/>\n<meta property=\"og:title\" content=\"Berliac: Kaikkimeni.exe - Asema Kustannus\" \/>\n<meta property=\"og:description\" content=\"64 sivua | mustavalkoinen | pehme\u00e4kantinen ISBN 978-952-5909-30-2 Suomentanut\u00a0Silja Aropuro Asema 2017 Kaikkimeni.exe\u00a0on sarja surrealistisia sarjakuvanovelleja, jotka k\u00e4\u00e4nt\u00e4v\u00e4t n\u00e4kyville ihmisen sis\u00e4ll\u00e4 kuplivat aineet: pelon, vainoharhaisuuden, raukkamaisuuden. Berliacin ihmiset ovat piinaavan hauskoja ja heid\u00e4n tekonsa ovat aina ep\u00e4toivoisia ja harvoin tahdonalaisia. Berliacin kuvallinen tyyli ammentaa japanilaisesta mangasta ja pop-kulttuurista. Berliac\u00a0(s. 1982) on syntynyt Argentiinassa ja asuu [&hellip;]\" \/>\n<meta property=\"og:url\" content=\"https:\/\/www.asemakustannus.com\/kauppa\/tuote\/berliac-kaikkimeni-exe\/\" \/>\n<meta property=\"og:site_name\" content=\"Asema Kustannus\" \/>\n<meta property=\"article:publisher\" content=\"https:\/\/www.facebook.com\/asemakustannus\" \/>\n<meta property=\"article:modified_time\" content=\"2021-09-10T11:47:22+00:00\" \/>\n<meta property=\"og:image\" content=\"https:\/\/www.asemakustannus.com\/kauppa\/wp-content\/uploads\/2021\/03\/berliac_kansi_500px.jpg\" \/>\n\t<meta property=\"og:image:width\" content=\"500\" \/>\n\t<meta property=\"og:image:height\" content=\"707\" \/>\n\t<meta property=\"og:image:type\" content=\"image\/jpeg\" \/>\n<meta name=\"twitter:card\" content=\"summary_large_image\" \/>\n<meta name=\"twitter:site\" content=\"@asemakustannus\" \/>\n<script type=\"application\/ld+json\" class=\"yoast-schema-graph\">{\"@context\":\"https:\\\/\\\/schema.org\",\"@graph\":[{\"@type\":\"WebPage\",\"@id\":\"https:\\\/\\\/www.asemakustannus.com\\\/kauppa\\\/tuote\\\/berliac-kaikkimeni-exe\\\/\",\"url\":\"https:\\\/\\\/www.asemakustannus.com\\\/kauppa\\\/tuote\\\/berliac-kaikkimeni-exe\\\/\",\"name\":\"Berliac: Kaikkimeni.exe - Asema Kustannus\",\"isPartOf\":{\"@id\":\"https:\\\/\\\/www.asemakustannus.com\\\/kauppa\\\/#website\"},\"primaryImageOfPage\":{\"@id\":\"https:\\\/\\\/www.asemakustannus.com\\\/kauppa\\\/tuote\\\/berliac-kaikkimeni-exe\\\/#primaryimage\"},\"image\":{\"@id\":\"https:\\\/\\\/www.asemakustannus.com\\\/kauppa\\\/tuote\\\/berliac-kaikkimeni-exe\\\/#primaryimage\"},\"thumbnailUrl\":\"https:\\\/\\\/i0.wp.com\\\/www.asemakustannus.com\\\/kauppa\\\/wp-content\\\/uploads\\\/2021\\\/03\\\/berliac_kansi_500px.jpg?fit=500%2C707&ssl=1\",\"datePublished\":\"2021-03-23T11:31:02+00:00\",\"dateModified\":\"2021-09-10T11:47:22+00:00\",\"breadcrumb\":{\"@id\":\"https:\\\/\\\/www.asemakustannus.com\\\/kauppa\\\/tuote\\\/berliac-kaikkimeni-exe\\\/#breadcrumb\"},\"inLanguage\":\"fi\",\"potentialAction\":[{\"@type\":\"ReadAction\",\"target\":[\"https:\\\/\\\/www.asemakustannus.com\\\/kauppa\\\/tuote\\\/berliac-kaikkimeni-exe\\\/\"]}]},{\"@type\":\"ImageObject\",\"inLanguage\":\"fi\",\"@id\":\"https:\\\/\\\/www.asemakustannus.com\\\/kauppa\\\/tuote\\\/berliac-kaikkimeni-exe\\\/#primaryimage\",\"url\":\"https:\\\/\\\/i0.wp.com\\\/www.asemakustannus.com\\\/kauppa\\\/wp-content\\\/uploads\\\/2021\\\/03\\\/berliac_kansi_500px.jpg?fit=500%2C707&ssl=1\",\"contentUrl\":\"https:\\\/\\\/i0.wp.com\\\/www.asemakustannus.com\\\/kauppa\\\/wp-content\\\/uploads\\\/2021\\\/03\\\/berliac_kansi_500px.jpg?fit=500%2C707&ssl=1\",\"width\":500,\"height\":707},{\"@type\":\"BreadcrumbList\",\"@id\":\"https:\\\/\\\/www.asemakustannus.com\\\/kauppa\\\/tuote\\\/berliac-kaikkimeni-exe\\\/#breadcrumb\",\"itemListElement\":[{\"@type\":\"ListItem\",\"position\":1,\"name\":\"Home\",\"item\":\"https:\\\/\\\/www.asemakustannus.com\\\/kauppa\\\/\"},{\"@type\":\"ListItem\",\"position\":2,\"name\":\"Kauppa\",\"item\":\"https:\\\/\\\/www.asemakustannus.com\\\/kauppa\\\/kauppa\\\/\"},{\"@type\":\"ListItem\",\"position\":3,\"name\":\"Berliac: Kaikkimeni.exe\"}]},{\"@type\":\"WebSite\",\"@id\":\"https:\\\/\\\/www.asemakustannus.com\\\/kauppa\\\/#website\",\"url\":\"https:\\\/\\\/www.asemakustannus.com\\\/kauppa\\\/\",\"name\":\"Asema Kustannus\",\"description\":\"Sarjakuvakauppa\",\"publisher\":{\"@id\":\"https:\\\/\\\/www.asemakustannus.com\\\/kauppa\\\/#organization\"},\"potentialAction\":[{\"@type\":\"SearchAction\",\"target\":{\"@type\":\"EntryPoint\",\"urlTemplate\":\"https:\\\/\\\/www.asemakustannus.com\\\/kauppa\\\/?s={search_term_string}\"},\"query-input\":{\"@type\":\"PropertyValueSpecification\",\"valueRequired\":true,\"valueName\":\"search_term_string\"}}],\"inLanguage\":\"fi\"},{\"@type\":\"Organization\",\"@id\":\"https:\\\/\\\/www.asemakustannus.com\\\/kauppa\\\/#organization\",\"name\":\"Asema Kustannus\",\"url\":\"https:\\\/\\\/www.asemakustannus.com\\\/kauppa\\\/\",\"logo\":{\"@type\":\"ImageObject\",\"inLanguage\":\"fi\",\"@id\":\"https:\\\/\\\/www.asemakustannus.com\\\/kauppa\\\/#\\\/schema\\\/logo\\\/image\\\/\",\"url\":\"https:\\\/\\\/www.asemakustannus.com\\\/kauppa\\\/wp-content\\\/uploads\\\/2021\\\/09\\\/181007768_141578281313342_8780310787852686686_n-1.jpeg\",\"contentUrl\":\"https:\\\/\\\/www.asemakustannus.com\\\/kauppa\\\/wp-content\\\/uploads\\\/2021\\\/09\\\/181007768_141578281313342_8780310787852686686_n-1.jpeg\",\"width\":300,\"height\":333,\"caption\":\"Asema Kustannus\"},\"image\":{\"@id\":\"https:\\\/\\\/www.asemakustannus.com\\\/kauppa\\\/#\\\/schema\\\/logo\\\/image\\\/\"},\"sameAs\":[\"https:\\\/\\\/www.facebook.com\\\/asemakustannus\",\"https:\\\/\\\/x.com\\\/asemakustannus\",\"https:\\\/\\\/www.instagram.com\\\/asemakustannus\\\/\"]}]}<\/script>\n<!-- \/ Yoast SEO plugin. -->","yoast_head_json":{"title":"Berliac: Kaikkimeni.exe - Asema Kustannus","robots":{"index":"index","follow":"follow","max-snippet":"max-snippet:-1","max-image-preview":"max-image-preview:large","max-video-preview":"max-video-preview:-1"},"canonical":"https:\/\/www.asemakustannus.com\/kauppa\/tuote\/berliac-kaikkimeni-exe\/","og_locale":"fi_FI","og_type":"article","og_title":"Berliac: Kaikkimeni.exe - Asema Kustannus","og_description":"64 sivua | mustavalkoinen | pehme\u00e4kantinen ISBN 978-952-5909-30-2 Suomentanut\u00a0Silja Aropuro Asema 2017 Kaikkimeni.exe\u00a0on sarja surrealistisia sarjakuvanovelleja, jotka k\u00e4\u00e4nt\u00e4v\u00e4t n\u00e4kyville ihmisen sis\u00e4ll\u00e4 kuplivat aineet: pelon, vainoharhaisuuden, raukkamaisuuden. Berliacin ihmiset ovat piinaavan hauskoja ja heid\u00e4n tekonsa ovat aina ep\u00e4toivoisia ja harvoin tahdonalaisia. Berliacin kuvallinen tyyli ammentaa japanilaisesta mangasta ja pop-kulttuurista. Berliac\u00a0(s. 1982) on syntynyt Argentiinassa ja asuu [&hellip;]","og_url":"https:\/\/www.asemakustannus.com\/kauppa\/tuote\/berliac-kaikkimeni-exe\/","og_site_name":"Asema Kustannus","article_publisher":"https:\/\/www.facebook.com\/asemakustannus","article_modified_time":"2021-09-10T11:47:22+00:00","og_image":[{"width":500,"height":707,"url":"https:\/\/www.asemakustannus.com\/kauppa\/wp-content\/uploads\/2021\/03\/berliac_kansi_500px.jpg","type":"image\/jpeg"}],"twitter_card":"summary_large_image","twitter_site":"@asemakustannus","schema":{"@context":"https:\/\/schema.org","@graph":[{"@type":"WebPage","@id":"https:\/\/www.asemakustannus.com\/kauppa\/tuote\/berliac-kaikkimeni-exe\/","url":"https:\/\/www.asemakustannus.com\/kauppa\/tuote\/berliac-kaikkimeni-exe\/","name":"Berliac: Kaikkimeni.exe - Asema Kustannus","isPartOf":{"@id":"https:\/\/www.asemakustannus.com\/kauppa\/#website"},"primaryImageOfPage":{"@id":"https:\/\/www.asemakustannus.com\/kauppa\/tuote\/berliac-kaikkimeni-exe\/#primaryimage"},"image":{"@id":"https:\/\/www.asemakustannus.com\/kauppa\/tuote\/berliac-kaikkimeni-exe\/#primaryimage"},"thumbnailUrl":"https:\/\/i0.wp.com\/www.asemakustannus.com\/kauppa\/wp-content\/uploads\/2021\/03\/berliac_kansi_500px.jpg?fit=500%2C707&ssl=1","datePublished":"2021-03-23T11:31:02+00:00","dateModified":"2021-09-10T11:47:22+00:00","breadcrumb":{"@id":"https:\/\/www.asemakustannus.com\/kauppa\/tuote\/berliac-kaikkimeni-exe\/#breadcrumb"},"inLanguage":"fi","potentialAction":[{"@type":"ReadAction","target":["https:\/\/www.asemakustannus.com\/kauppa\/tuote\/berliac-kaikkimeni-exe\/"]}]},{"@type":"ImageObject","inLanguage":"fi","@id":"https:\/\/www.asemakustannus.com\/kauppa\/tuote\/berliac-kaikkimeni-exe\/#primaryimage","url":"https:\/\/i0.wp.com\/www.asemakustannus.com\/kauppa\/wp-content\/uploads\/2021\/03\/berliac_kansi_500px.jpg?fit=500%2C707&ssl=1","contentUrl":"https:\/\/i0.wp.com\/www.asemakustannus.com\/kauppa\/wp-content\/uploads\/2021\/03\/berliac_kansi_500px.jpg?fit=500%2C707&ssl=1","width":500,"height":707},{"@type":"BreadcrumbList","@id":"https:\/\/www.asemakustannus.com\/kauppa\/tuote\/berliac-kaikkimeni-exe\/#breadcrumb","itemListElement":[{"@type":"ListItem","position":1,"name":"Home","item":"https:\/\/www.asemakustannus.com\/kauppa\/"},{"@type":"ListItem","position":2,"name":"Kauppa","item":"https:\/\/www.asemakustannus.com\/kauppa\/kauppa\/"},{"@type":"ListItem","position":3,"name":"Berliac: Kaikkimeni.exe"}]},{"@type":"WebSite","@id":"https:\/\/www.asemakustannus.com\/kauppa\/#website","url":"https:\/\/www.asemakustannus.com\/kauppa\/","name":"Asema Kustannus","description":"Sarjakuvakauppa","publisher":{"@id":"https:\/\/www.asemakustannus.com\/kauppa\/#organization"},"potentialAction":[{"@type":"SearchAction","target":{"@type":"EntryPoint","urlTemplate":"https:\/\/www.asemakustannus.com\/kauppa\/?s={search_term_string}"},"query-input":{"@type":"PropertyValueSpecification","valueRequired":true,"valueName":"search_term_string"}}],"inLanguage":"fi"},{"@type":"Organization","@id":"https:\/\/www.asemakustannus.com\/kauppa\/#organization","name":"Asema Kustannus","url":"https:\/\/www.asemakustannus.com\/kauppa\/","logo":{"@type":"ImageObject","inLanguage":"fi","@id":"https:\/\/www.asemakustannus.com\/kauppa\/#\/schema\/logo\/image\/","url":"https:\/\/www.asemakustannus.com\/kauppa\/wp-content\/uploads\/2021\/09\/181007768_141578281313342_8780310787852686686_n-1.jpeg","contentUrl":"https:\/\/www.asemakustannus.com\/kauppa\/wp-content\/uploads\/2021\/09\/181007768_141578281313342_8780310787852686686_n-1.jpeg","width":300,"height":333,"caption":"Asema Kustannus"},"image":{"@id":"https:\/\/www.asemakustannus.com\/kauppa\/#\/schema\/logo\/image\/"},"sameAs":["https:\/\/www.facebook.com\/asemakustannus","https:\/\/x.com\/asemakustannus","https:\/\/www.instagram.com\/asemakustannus\/"]}]}},"jetpack_sharing_enabled":true,"_links":{"self":[{"href":"https:\/\/www.asemakustannus.com\/kauppa\/wp-json\/wp\/v2\/product\/461","targetHints":{"allow":["GET"]}}],"collection":[{"href":"https:\/\/www.asemakustannus.com\/kauppa\/wp-json\/wp\/v2\/product"}],"about":[{"href":"https:\/\/www.asemakustannus.com\/kauppa\/wp-json\/wp\/v2\/types\/product"}],"wp:featuredmedia":[{"embeddable":true,"href":"https:\/\/www.asemakustannus.com\/kauppa\/wp-json\/wp\/v2\/media\/462"}],"wp:attachment":[{"href":"https:\/\/www.asemakustannus.com\/kauppa\/wp-json\/wp\/v2\/media?parent=461"}],"wp:term":[{"taxonomy":"product_brand","embeddable":true,"href":"https:\/\/www.asemakustannus.com\/kauppa\/wp-json\/wp\/v2\/product_brand?post=461"},{"taxonomy":"product_cat","embeddable":true,"href":"https:\/\/www.asemakustannus.com\/kauppa\/wp-json\/wp\/v2\/product_cat?post=461"},{"taxonomy":"product_tag","embeddable":true,"href":"https:\/\/www.asemakustannus.com\/kauppa\/wp-json\/wp\/v2\/product_tag?post=461"}],"curies":[{"name":"wp","href":"https:\/\/api.w.org\/{rel}","templated":true}]}}