{"id":473,"date":"2021-03-23T13:49:07","date_gmt":"2021-03-23T11:49:07","guid":{"rendered":"https:\/\/www.asemakustannus.com\/kauppa\/?post_type=product&#038;p=473"},"modified":"2023-01-05T10:44:23","modified_gmt":"2023-01-05T08:44:23","slug":"mari-ahokoivu-oksi","status":"publish","type":"product","link":"https:\/\/www.asemakustannus.com\/kauppa\/tuote\/mari-ahokoivu-oksi\/","title":{"rendered":"Mari Ahokoivu: Oksi"},"content":{"rendered":"<p>376 sivua | v\u00e4rillinen | sidottu<\/p>\n<p>Asema 2018<\/p>\n<p>ISBN 978-952-5909-31-9<\/p>\n<p>Includes English subtitles!<\/p>\n<p>Kertomus \u00e4ideist\u00e4 ja tytt\u00e4rist\u00e4, t\u00e4hdist\u00e4 ja myyteist\u00e4. Karhuemon pennuista yksi ei ole kuin muut. Mik\u00e4 se on? Kuka sen on l\u00e4hett\u00e4nyt?<\/p>\n<p><em>Oksi<\/em>\u00a0on Mari Ahokoivun t\u00e4h\u00e4nastisen uran p\u00e4\u00e4teos, scifi\u00e4, fantasiaa ja suomalaista mytologiaa sekoittava eeppinen sarjakuvaromaani. Tarina pohtii \u00e4idin ja lapsen v\u00e4list\u00e4 suhdetta muinaisen karhunsyntymyytin kautta.\u00a0<em>Oksi<\/em>\u00a0her\u00e4tt\u00e4\u00e4 myyttisen mets\u00e4n eloon.<\/p>\n<p><strong>Mari Ahokoivu<\/strong>\u00a0(s. 1984) on K\u00f6\u00f6penhaminassa asuva sarjakuvataiteilija, jonka esikoisteos L\u00f6yd\u00e4 minut t\u00e4st\u00e4 kaupungista ilmestyi Asemalta vuonna 2009. Ahokoivun t\u00f6it\u00e4 on k\u00e4\u00e4nnetty useille eri kielille, ja h\u00e4net tunnetaan my\u00f6s lastensarjakuvistaan, Kalle Hakkolan k\u00e4sikirjoittamasta\u00a0<em>Sanni ja Joonas<\/em>\u00a0-sarjasta sek\u00e4 Ranskan markkinoille tehdyst\u00e4\u00a0<em>Lola Olifantesta<\/em>. Ahokoivu on julkaissut my\u00f6s sarjakuvantekij\u00e4n oppikirjan.<\/p>\n","protected":false},"excerpt":{"rendered":"<p>376 sivua | v\u00e4rillinen | sidottu Asema 2018 ISBN 978-952-5909-31-9 Includes English subtitles! Kertomus \u00e4ideist\u00e4 ja tytt\u00e4rist\u00e4, t\u00e4hdist\u00e4 ja myyteist\u00e4. Karhuemon pennuista yksi ei ole kuin muut. Mik\u00e4 se on? Kuka sen on l\u00e4hett\u00e4nyt? Oksi\u00a0on Mari Ahokoivun t\u00e4h\u00e4nastisen uran p\u00e4\u00e4teos, scifi\u00e4, fantasiaa ja suomalaista mytologiaa sekoittava eeppinen sarjakuvaromaani. Tarina pohtii \u00e4idin ja lapsen v\u00e4list\u00e4 suhdetta [&hellip;]<\/p>\n","protected":false},"featured_media":116,"template":"","meta":[],"product_brand":[],"product_cat":[38],"product_tag":[52],"class_list":{"0":"post-473","1":"product","2":"type-product","3":"status-publish","4":"has-post-thumbnail","6":"product_cat-kirjat","7":"product_tag-mari-ahokoivu","8":"product_shipping_class-s-paketti","10":"first","11":"instock","12":"shipping-taxable","13":"purchasable","14":"product-type-simple"},"yoast_head":"<!-- This site is optimized with the Yoast SEO plugin v27.3 - https:\/\/yoast.com\/product\/yoast-seo-wordpress\/ -->\n<title>Mari Ahokoivu: Oksi - Asema Kustannus<\/title>\n<meta name=\"robots\" content=\"index, follow, max-snippet:-1, max-image-preview:large, max-video-preview:-1\" \/>\n<link rel=\"canonical\" href=\"https:\/\/www.asemakustannus.com\/kauppa\/tuote\/mari-ahokoivu-oksi\/\" \/>\n<meta property=\"og:locale\" content=\"fi_FI\" \/>\n<meta property=\"og:type\" content=\"article\" \/>\n<meta property=\"og:title\" content=\"Mari Ahokoivu: Oksi - Asema Kustannus\" \/>\n<meta property=\"og:description\" content=\"376 sivua | v\u00e4rillinen | sidottu Asema 2018 ISBN 978-952-5909-31-9 Includes English subtitles! Kertomus \u00e4ideist\u00e4 ja tytt\u00e4rist\u00e4, t\u00e4hdist\u00e4 ja myyteist\u00e4. Karhuemon pennuista yksi ei ole kuin muut. Mik\u00e4 se on? Kuka sen on l\u00e4hett\u00e4nyt? Oksi\u00a0on Mari Ahokoivun t\u00e4h\u00e4nastisen uran p\u00e4\u00e4teos, scifi\u00e4, fantasiaa ja suomalaista mytologiaa sekoittava eeppinen sarjakuvaromaani. Tarina pohtii \u00e4idin ja lapsen v\u00e4list\u00e4 suhdetta [&hellip;]\" \/>\n<meta property=\"og:url\" content=\"https:\/\/www.asemakustannus.com\/kauppa\/tuote\/mari-ahokoivu-oksi\/\" \/>\n<meta property=\"og:site_name\" content=\"Asema Kustannus\" \/>\n<meta property=\"article:publisher\" content=\"https:\/\/www.facebook.com\/asemakustannus\" \/>\n<meta property=\"article:modified_time\" content=\"2023-01-05T08:44:23+00:00\" \/>\n<meta property=\"og:image\" content=\"https:\/\/www.asemakustannus.com\/kauppa\/wp-content\/uploads\/2021\/02\/etuKANSI-oksi.jpg\" \/>\n\t<meta property=\"og:image:width\" content=\"900\" \/>\n\t<meta property=\"og:image:height\" content=\"1178\" \/>\n\t<meta property=\"og:image:type\" content=\"image\/jpeg\" \/>\n<meta name=\"twitter:card\" content=\"summary_large_image\" \/>\n<meta name=\"twitter:site\" content=\"@asemakustannus\" \/>\n<meta name=\"twitter:label1\" content=\"Arvioitu lukuaika\" \/>\n\t<meta name=\"twitter:data1\" content=\"1 minuutti\" \/>\n<script type=\"application\/ld+json\" class=\"yoast-schema-graph\">{\"@context\":\"https:\\\/\\\/schema.org\",\"@graph\":[{\"@type\":\"WebPage\",\"@id\":\"https:\\\/\\\/www.asemakustannus.com\\\/kauppa\\\/tuote\\\/mari-ahokoivu-oksi\\\/\",\"url\":\"https:\\\/\\\/www.asemakustannus.com\\\/kauppa\\\/tuote\\\/mari-ahokoivu-oksi\\\/\",\"name\":\"Mari Ahokoivu: Oksi - Asema Kustannus\",\"isPartOf\":{\"@id\":\"https:\\\/\\\/www.asemakustannus.com\\\/kauppa\\\/#website\"},\"primaryImageOfPage\":{\"@id\":\"https:\\\/\\\/www.asemakustannus.com\\\/kauppa\\\/tuote\\\/mari-ahokoivu-oksi\\\/#primaryimage\"},\"image\":{\"@id\":\"https:\\\/\\\/www.asemakustannus.com\\\/kauppa\\\/tuote\\\/mari-ahokoivu-oksi\\\/#primaryimage\"},\"thumbnailUrl\":\"https:\\\/\\\/i0.wp.com\\\/www.asemakustannus.com\\\/kauppa\\\/wp-content\\\/uploads\\\/2021\\\/02\\\/etuKANSI-oksi.jpg?fit=900%2C1178&ssl=1\",\"datePublished\":\"2021-03-23T11:49:07+00:00\",\"dateModified\":\"2023-01-05T08:44:23+00:00\",\"breadcrumb\":{\"@id\":\"https:\\\/\\\/www.asemakustannus.com\\\/kauppa\\\/tuote\\\/mari-ahokoivu-oksi\\\/#breadcrumb\"},\"inLanguage\":\"fi\",\"potentialAction\":[{\"@type\":\"ReadAction\",\"target\":[\"https:\\\/\\\/www.asemakustannus.com\\\/kauppa\\\/tuote\\\/mari-ahokoivu-oksi\\\/\"]}]},{\"@type\":\"ImageObject\",\"inLanguage\":\"fi\",\"@id\":\"https:\\\/\\\/www.asemakustannus.com\\\/kauppa\\\/tuote\\\/mari-ahokoivu-oksi\\\/#primaryimage\",\"url\":\"https:\\\/\\\/i0.wp.com\\\/www.asemakustannus.com\\\/kauppa\\\/wp-content\\\/uploads\\\/2021\\\/02\\\/etuKANSI-oksi.jpg?fit=900%2C1178&ssl=1\",\"contentUrl\":\"https:\\\/\\\/i0.wp.com\\\/www.asemakustannus.com\\\/kauppa\\\/wp-content\\\/uploads\\\/2021\\\/02\\\/etuKANSI-oksi.jpg?fit=900%2C1178&ssl=1\",\"width\":900,\"height\":1178},{\"@type\":\"BreadcrumbList\",\"@id\":\"https:\\\/\\\/www.asemakustannus.com\\\/kauppa\\\/tuote\\\/mari-ahokoivu-oksi\\\/#breadcrumb\",\"itemListElement\":[{\"@type\":\"ListItem\",\"position\":1,\"name\":\"Home\",\"item\":\"https:\\\/\\\/www.asemakustannus.com\\\/kauppa\\\/\"},{\"@type\":\"ListItem\",\"position\":2,\"name\":\"Kauppa\",\"item\":\"https:\\\/\\\/www.asemakustannus.com\\\/kauppa\\\/kauppa\\\/\"},{\"@type\":\"ListItem\",\"position\":3,\"name\":\"Mari Ahokoivu: Oksi\"}]},{\"@type\":\"WebSite\",\"@id\":\"https:\\\/\\\/www.asemakustannus.com\\\/kauppa\\\/#website\",\"url\":\"https:\\\/\\\/www.asemakustannus.com\\\/kauppa\\\/\",\"name\":\"Asema Kustannus\",\"description\":\"Sarjakuvakauppa\",\"publisher\":{\"@id\":\"https:\\\/\\\/www.asemakustannus.com\\\/kauppa\\\/#organization\"},\"potentialAction\":[{\"@type\":\"SearchAction\",\"target\":{\"@type\":\"EntryPoint\",\"urlTemplate\":\"https:\\\/\\\/www.asemakustannus.com\\\/kauppa\\\/?s={search_term_string}\"},\"query-input\":{\"@type\":\"PropertyValueSpecification\",\"valueRequired\":true,\"valueName\":\"search_term_string\"}}],\"inLanguage\":\"fi\"},{\"@type\":\"Organization\",\"@id\":\"https:\\\/\\\/www.asemakustannus.com\\\/kauppa\\\/#organization\",\"name\":\"Asema Kustannus\",\"url\":\"https:\\\/\\\/www.asemakustannus.com\\\/kauppa\\\/\",\"logo\":{\"@type\":\"ImageObject\",\"inLanguage\":\"fi\",\"@id\":\"https:\\\/\\\/www.asemakustannus.com\\\/kauppa\\\/#\\\/schema\\\/logo\\\/image\\\/\",\"url\":\"https:\\\/\\\/www.asemakustannus.com\\\/kauppa\\\/wp-content\\\/uploads\\\/2021\\\/09\\\/181007768_141578281313342_8780310787852686686_n-1.jpeg\",\"contentUrl\":\"https:\\\/\\\/www.asemakustannus.com\\\/kauppa\\\/wp-content\\\/uploads\\\/2021\\\/09\\\/181007768_141578281313342_8780310787852686686_n-1.jpeg\",\"width\":300,\"height\":333,\"caption\":\"Asema Kustannus\"},\"image\":{\"@id\":\"https:\\\/\\\/www.asemakustannus.com\\\/kauppa\\\/#\\\/schema\\\/logo\\\/image\\\/\"},\"sameAs\":[\"https:\\\/\\\/www.facebook.com\\\/asemakustannus\",\"https:\\\/\\\/x.com\\\/asemakustannus\",\"https:\\\/\\\/www.instagram.com\\\/asemakustannus\\\/\"]}]}<\/script>\n<!-- \/ Yoast SEO plugin. -->","yoast_head_json":{"title":"Mari Ahokoivu: Oksi - Asema Kustannus","robots":{"index":"index","follow":"follow","max-snippet":"max-snippet:-1","max-image-preview":"max-image-preview:large","max-video-preview":"max-video-preview:-1"},"canonical":"https:\/\/www.asemakustannus.com\/kauppa\/tuote\/mari-ahokoivu-oksi\/","og_locale":"fi_FI","og_type":"article","og_title":"Mari Ahokoivu: Oksi - Asema Kustannus","og_description":"376 sivua | v\u00e4rillinen | sidottu Asema 2018 ISBN 978-952-5909-31-9 Includes English subtitles! Kertomus \u00e4ideist\u00e4 ja tytt\u00e4rist\u00e4, t\u00e4hdist\u00e4 ja myyteist\u00e4. Karhuemon pennuista yksi ei ole kuin muut. Mik\u00e4 se on? Kuka sen on l\u00e4hett\u00e4nyt? Oksi\u00a0on Mari Ahokoivun t\u00e4h\u00e4nastisen uran p\u00e4\u00e4teos, scifi\u00e4, fantasiaa ja suomalaista mytologiaa sekoittava eeppinen sarjakuvaromaani. Tarina pohtii \u00e4idin ja lapsen v\u00e4list\u00e4 suhdetta [&hellip;]","og_url":"https:\/\/www.asemakustannus.com\/kauppa\/tuote\/mari-ahokoivu-oksi\/","og_site_name":"Asema Kustannus","article_publisher":"https:\/\/www.facebook.com\/asemakustannus","article_modified_time":"2023-01-05T08:44:23+00:00","og_image":[{"width":900,"height":1178,"url":"https:\/\/www.asemakustannus.com\/kauppa\/wp-content\/uploads\/2021\/02\/etuKANSI-oksi.jpg","type":"image\/jpeg"}],"twitter_card":"summary_large_image","twitter_site":"@asemakustannus","twitter_misc":{"Arvioitu lukuaika":"1 minuutti"},"schema":{"@context":"https:\/\/schema.org","@graph":[{"@type":"WebPage","@id":"https:\/\/www.asemakustannus.com\/kauppa\/tuote\/mari-ahokoivu-oksi\/","url":"https:\/\/www.asemakustannus.com\/kauppa\/tuote\/mari-ahokoivu-oksi\/","name":"Mari Ahokoivu: Oksi - Asema Kustannus","isPartOf":{"@id":"https:\/\/www.asemakustannus.com\/kauppa\/#website"},"primaryImageOfPage":{"@id":"https:\/\/www.asemakustannus.com\/kauppa\/tuote\/mari-ahokoivu-oksi\/#primaryimage"},"image":{"@id":"https:\/\/www.asemakustannus.com\/kauppa\/tuote\/mari-ahokoivu-oksi\/#primaryimage"},"thumbnailUrl":"https:\/\/i0.wp.com\/www.asemakustannus.com\/kauppa\/wp-content\/uploads\/2021\/02\/etuKANSI-oksi.jpg?fit=900%2C1178&ssl=1","datePublished":"2021-03-23T11:49:07+00:00","dateModified":"2023-01-05T08:44:23+00:00","breadcrumb":{"@id":"https:\/\/www.asemakustannus.com\/kauppa\/tuote\/mari-ahokoivu-oksi\/#breadcrumb"},"inLanguage":"fi","potentialAction":[{"@type":"ReadAction","target":["https:\/\/www.asemakustannus.com\/kauppa\/tuote\/mari-ahokoivu-oksi\/"]}]},{"@type":"ImageObject","inLanguage":"fi","@id":"https:\/\/www.asemakustannus.com\/kauppa\/tuote\/mari-ahokoivu-oksi\/#primaryimage","url":"https:\/\/i0.wp.com\/www.asemakustannus.com\/kauppa\/wp-content\/uploads\/2021\/02\/etuKANSI-oksi.jpg?fit=900%2C1178&ssl=1","contentUrl":"https:\/\/i0.wp.com\/www.asemakustannus.com\/kauppa\/wp-content\/uploads\/2021\/02\/etuKANSI-oksi.jpg?fit=900%2C1178&ssl=1","width":900,"height":1178},{"@type":"BreadcrumbList","@id":"https:\/\/www.asemakustannus.com\/kauppa\/tuote\/mari-ahokoivu-oksi\/#breadcrumb","itemListElement":[{"@type":"ListItem","position":1,"name":"Home","item":"https:\/\/www.asemakustannus.com\/kauppa\/"},{"@type":"ListItem","position":2,"name":"Kauppa","item":"https:\/\/www.asemakustannus.com\/kauppa\/kauppa\/"},{"@type":"ListItem","position":3,"name":"Mari Ahokoivu: Oksi"}]},{"@type":"WebSite","@id":"https:\/\/www.asemakustannus.com\/kauppa\/#website","url":"https:\/\/www.asemakustannus.com\/kauppa\/","name":"Asema Kustannus","description":"Sarjakuvakauppa","publisher":{"@id":"https:\/\/www.asemakustannus.com\/kauppa\/#organization"},"potentialAction":[{"@type":"SearchAction","target":{"@type":"EntryPoint","urlTemplate":"https:\/\/www.asemakustannus.com\/kauppa\/?s={search_term_string}"},"query-input":{"@type":"PropertyValueSpecification","valueRequired":true,"valueName":"search_term_string"}}],"inLanguage":"fi"},{"@type":"Organization","@id":"https:\/\/www.asemakustannus.com\/kauppa\/#organization","name":"Asema Kustannus","url":"https:\/\/www.asemakustannus.com\/kauppa\/","logo":{"@type":"ImageObject","inLanguage":"fi","@id":"https:\/\/www.asemakustannus.com\/kauppa\/#\/schema\/logo\/image\/","url":"https:\/\/www.asemakustannus.com\/kauppa\/wp-content\/uploads\/2021\/09\/181007768_141578281313342_8780310787852686686_n-1.jpeg","contentUrl":"https:\/\/www.asemakustannus.com\/kauppa\/wp-content\/uploads\/2021\/09\/181007768_141578281313342_8780310787852686686_n-1.jpeg","width":300,"height":333,"caption":"Asema Kustannus"},"image":{"@id":"https:\/\/www.asemakustannus.com\/kauppa\/#\/schema\/logo\/image\/"},"sameAs":["https:\/\/www.facebook.com\/asemakustannus","https:\/\/x.com\/asemakustannus","https:\/\/www.instagram.com\/asemakustannus\/"]}]}},"jetpack_sharing_enabled":true,"_links":{"self":[{"href":"https:\/\/www.asemakustannus.com\/kauppa\/wp-json\/wp\/v2\/product\/473","targetHints":{"allow":["GET"]}}],"collection":[{"href":"https:\/\/www.asemakustannus.com\/kauppa\/wp-json\/wp\/v2\/product"}],"about":[{"href":"https:\/\/www.asemakustannus.com\/kauppa\/wp-json\/wp\/v2\/types\/product"}],"wp:featuredmedia":[{"embeddable":true,"href":"https:\/\/www.asemakustannus.com\/kauppa\/wp-json\/wp\/v2\/media\/116"}],"wp:attachment":[{"href":"https:\/\/www.asemakustannus.com\/kauppa\/wp-json\/wp\/v2\/media?parent=473"}],"wp:term":[{"taxonomy":"product_brand","embeddable":true,"href":"https:\/\/www.asemakustannus.com\/kauppa\/wp-json\/wp\/v2\/product_brand?post=473"},{"taxonomy":"product_cat","embeddable":true,"href":"https:\/\/www.asemakustannus.com\/kauppa\/wp-json\/wp\/v2\/product_cat?post=473"},{"taxonomy":"product_tag","embeddable":true,"href":"https:\/\/www.asemakustannus.com\/kauppa\/wp-json\/wp\/v2\/product_tag?post=473"}],"curies":[{"name":"wp","href":"https:\/\/api.w.org\/{rel}","templated":true}]}}