{"id":483,"date":"2021-03-23T14:06:58","date_gmt":"2021-03-23T12:06:58","guid":{"rendered":"https:\/\/www.asemakustannus.com\/kauppa\/?post_type=product&#038;p=483"},"modified":"2023-01-12T14:44:01","modified_gmt":"2023-01-12T12:44:01","slug":"altan-ada-macaossa","status":"publish","type":"product","link":"https:\/\/www.asemakustannus.com\/kauppa\/tuote\/altan-ada-macaossa\/","title":{"rendered":"Altan: Ada Macaossa"},"content":{"rendered":"<p>96 sivua | mustavalkoinen | sidottu<\/p>\n<p>Asema, Zum Teufel, T\u00e4ysi K\u00e4si, 2020<\/p>\n<p>ISBN 978-952-5909-33-3<\/p>\n<p>Suomennos: Heikki Kaukoranta<\/p>\n<p>Tekstaus: Ilkka U. Pes\u00e4maa<\/p>\n<p>Vuosi 1974 tai oikeastaan vuosi 1963. Macao, prostituoitujen, vihreiden barettien ja muiden tyyppien sekamelska, maailmanpolitiikan sulatusuuni! Saigon, JFK, Washington Post \u2013 ja Ada! Vuonna 2018 ilmestynyt <em>Ada viidakossa<\/em> saa jatkoa. K\u00e4\u00e4nn\u00f6ksen on j\u00e4lleen tehnyt Heikki Kaukoranta ja kirjan julkaisevat yhteisty\u00f6ss\u00e4 Asema, Zum Teufel ja T\u00e4ysi K\u00e4si.<\/p>\n<p>Francesco Tullio Altan (s. 1942) on merkitt\u00e4v\u00e4 italialainen sarjakuvataiteilija, jonka k\u00e4sist\u00e4 on syntynyt yli 7500 pilapiirrosta, tusina eeppist\u00e4 sarjakuvaromaania sek\u00e4 kymmeni\u00e4 lastenkirjoja. <em>Ada Macaossa<\/em>\u00a0(1986) on kauniin ja v\u00e4linpit\u00e4m\u00e4tt\u00f6m\u00e4n sankarittaren toinen seikkailu, joka on aiemmin ilmestynyt suomeksi jatkokertomuksena legendaarisessa sarjakuvalehdess\u00e4 Tapiirissa vuosina 1988\u201391. T\u00e4m\u00e4 kirja on uusi k\u00e4\u00e4nn\u00f6s.<\/p>\n","protected":false},"excerpt":{"rendered":"<p>96 sivua | mustavalkoinen | sidottu Asema, Zum Teufel, T\u00e4ysi K\u00e4si, 2020 ISBN 978-952-5909-33-3 Suomennos: Heikki Kaukoranta Tekstaus: Ilkka U. Pes\u00e4maa Vuosi 1974 tai oikeastaan vuosi 1963. Macao, prostituoitujen, vihreiden barettien ja muiden tyyppien sekamelska, maailmanpolitiikan sulatusuuni! Saigon, JFK, Washington Post \u2013 ja Ada! Vuonna 2018 ilmestynyt Ada viidakossa saa jatkoa. K\u00e4\u00e4nn\u00f6ksen on j\u00e4lleen tehnyt [&hellip;]<\/p>\n","protected":false},"featured_media":104,"template":"","meta":[],"product_brand":[],"product_cat":[38],"product_tag":[44,45],"class_list":{"0":"post-483","1":"product","2":"type-product","3":"status-publish","4":"has-post-thumbnail","6":"product_cat-kirjat","7":"product_tag-ada","8":"product_tag-altan","9":"product_shipping_class-xxspaketti","11":"first","12":"outofstock","13":"shipping-taxable","14":"purchasable","15":"product-type-simple"},"yoast_head":"<!-- This site is optimized with the Yoast SEO plugin v27.3 - https:\/\/yoast.com\/product\/yoast-seo-wordpress\/ -->\n<title>Altan: Ada Macaossa - Asema Kustannus<\/title>\n<meta name=\"description\" content=\"Vuosi 1974 tai oikeastaan vuosi 1963. Macao, prostituoitujen, vihreiden barettien ja muiden tyyppien sekamelska, maailmanpolitiikan sulatusuuni! Saigon, JFK, Washington Post \u2013 ja Ada!\" \/>\n<meta name=\"robots\" content=\"index, follow, max-snippet:-1, max-image-preview:large, max-video-preview:-1\" \/>\n<link rel=\"canonical\" href=\"https:\/\/www.asemakustannus.com\/kauppa\/tuote\/altan-ada-macaossa\/\" \/>\n<meta property=\"og:locale\" content=\"fi_FI\" \/>\n<meta property=\"og:type\" content=\"article\" \/>\n<meta property=\"og:title\" content=\"Altan: Ada Macaossa - Asema Kustannus\" \/>\n<meta property=\"og:description\" content=\"Vuosi 1974 tai oikeastaan vuosi 1963. Macao, prostituoitujen, vihreiden barettien ja muiden tyyppien sekamelska, maailmanpolitiikan sulatusuuni! Saigon, JFK, Washington Post \u2013 ja Ada!\" \/>\n<meta property=\"og:url\" content=\"https:\/\/www.asemakustannus.com\/kauppa\/tuote\/altan-ada-macaossa\/\" \/>\n<meta property=\"og:site_name\" content=\"Asema Kustannus\" \/>\n<meta property=\"article:publisher\" content=\"https:\/\/www.facebook.com\/asemakustannus\" \/>\n<meta property=\"article:modified_time\" content=\"2023-01-12T12:44:01+00:00\" \/>\n<meta property=\"og:image\" content=\"https:\/\/www.asemakustannus.com\/kauppa\/wp-content\/uploads\/2021\/02\/macao_kansi_1000px.jpg\" \/>\n\t<meta property=\"og:image:width\" content=\"1000\" \/>\n\t<meta property=\"og:image:height\" content=\"1415\" \/>\n\t<meta property=\"og:image:type\" content=\"image\/jpeg\" \/>\n<meta name=\"twitter:card\" content=\"summary_large_image\" \/>\n<meta name=\"twitter:site\" content=\"@asemakustannus\" \/>\n<meta name=\"twitter:label1\" content=\"Arvioitu lukuaika\" \/>\n\t<meta name=\"twitter:data1\" content=\"1 minuutti\" \/>\n<script type=\"application\/ld+json\" class=\"yoast-schema-graph\">{\"@context\":\"https:\\\/\\\/schema.org\",\"@graph\":[{\"@type\":\"WebPage\",\"@id\":\"https:\\\/\\\/www.asemakustannus.com\\\/kauppa\\\/tuote\\\/altan-ada-macaossa\\\/\",\"url\":\"https:\\\/\\\/www.asemakustannus.com\\\/kauppa\\\/tuote\\\/altan-ada-macaossa\\\/\",\"name\":\"Altan: Ada Macaossa - Asema Kustannus\",\"isPartOf\":{\"@id\":\"https:\\\/\\\/www.asemakustannus.com\\\/kauppa\\\/#website\"},\"primaryImageOfPage\":{\"@id\":\"https:\\\/\\\/www.asemakustannus.com\\\/kauppa\\\/tuote\\\/altan-ada-macaossa\\\/#primaryimage\"},\"image\":{\"@id\":\"https:\\\/\\\/www.asemakustannus.com\\\/kauppa\\\/tuote\\\/altan-ada-macaossa\\\/#primaryimage\"},\"thumbnailUrl\":\"https:\\\/\\\/i0.wp.com\\\/www.asemakustannus.com\\\/kauppa\\\/wp-content\\\/uploads\\\/2021\\\/02\\\/macao_kansi_1000px.jpg?fit=1000%2C1415&ssl=1\",\"datePublished\":\"2021-03-23T12:06:58+00:00\",\"dateModified\":\"2023-01-12T12:44:01+00:00\",\"description\":\"Vuosi 1974 tai oikeastaan vuosi 1963. Macao, prostituoitujen, vihreiden barettien ja muiden tyyppien sekamelska, maailmanpolitiikan sulatusuuni! Saigon, JFK, Washington Post \u2013 ja Ada!\",\"breadcrumb\":{\"@id\":\"https:\\\/\\\/www.asemakustannus.com\\\/kauppa\\\/tuote\\\/altan-ada-macaossa\\\/#breadcrumb\"},\"inLanguage\":\"fi\",\"potentialAction\":[{\"@type\":\"ReadAction\",\"target\":[\"https:\\\/\\\/www.asemakustannus.com\\\/kauppa\\\/tuote\\\/altan-ada-macaossa\\\/\"]}]},{\"@type\":\"ImageObject\",\"inLanguage\":\"fi\",\"@id\":\"https:\\\/\\\/www.asemakustannus.com\\\/kauppa\\\/tuote\\\/altan-ada-macaossa\\\/#primaryimage\",\"url\":\"https:\\\/\\\/i0.wp.com\\\/www.asemakustannus.com\\\/kauppa\\\/wp-content\\\/uploads\\\/2021\\\/02\\\/macao_kansi_1000px.jpg?fit=1000%2C1415&ssl=1\",\"contentUrl\":\"https:\\\/\\\/i0.wp.com\\\/www.asemakustannus.com\\\/kauppa\\\/wp-content\\\/uploads\\\/2021\\\/02\\\/macao_kansi_1000px.jpg?fit=1000%2C1415&ssl=1\",\"width\":1000,\"height\":1415},{\"@type\":\"BreadcrumbList\",\"@id\":\"https:\\\/\\\/www.asemakustannus.com\\\/kauppa\\\/tuote\\\/altan-ada-macaossa\\\/#breadcrumb\",\"itemListElement\":[{\"@type\":\"ListItem\",\"position\":1,\"name\":\"Home\",\"item\":\"https:\\\/\\\/www.asemakustannus.com\\\/kauppa\\\/\"},{\"@type\":\"ListItem\",\"position\":2,\"name\":\"Kauppa\",\"item\":\"https:\\\/\\\/www.asemakustannus.com\\\/kauppa\\\/kauppa\\\/\"},{\"@type\":\"ListItem\",\"position\":3,\"name\":\"Altan: Ada Macaossa\"}]},{\"@type\":\"WebSite\",\"@id\":\"https:\\\/\\\/www.asemakustannus.com\\\/kauppa\\\/#website\",\"url\":\"https:\\\/\\\/www.asemakustannus.com\\\/kauppa\\\/\",\"name\":\"Asema Kustannus\",\"description\":\"Sarjakuvakauppa\",\"publisher\":{\"@id\":\"https:\\\/\\\/www.asemakustannus.com\\\/kauppa\\\/#organization\"},\"potentialAction\":[{\"@type\":\"SearchAction\",\"target\":{\"@type\":\"EntryPoint\",\"urlTemplate\":\"https:\\\/\\\/www.asemakustannus.com\\\/kauppa\\\/?s={search_term_string}\"},\"query-input\":{\"@type\":\"PropertyValueSpecification\",\"valueRequired\":true,\"valueName\":\"search_term_string\"}}],\"inLanguage\":\"fi\"},{\"@type\":\"Organization\",\"@id\":\"https:\\\/\\\/www.asemakustannus.com\\\/kauppa\\\/#organization\",\"name\":\"Asema Kustannus\",\"url\":\"https:\\\/\\\/www.asemakustannus.com\\\/kauppa\\\/\",\"logo\":{\"@type\":\"ImageObject\",\"inLanguage\":\"fi\",\"@id\":\"https:\\\/\\\/www.asemakustannus.com\\\/kauppa\\\/#\\\/schema\\\/logo\\\/image\\\/\",\"url\":\"https:\\\/\\\/www.asemakustannus.com\\\/kauppa\\\/wp-content\\\/uploads\\\/2021\\\/09\\\/181007768_141578281313342_8780310787852686686_n-1.jpeg\",\"contentUrl\":\"https:\\\/\\\/www.asemakustannus.com\\\/kauppa\\\/wp-content\\\/uploads\\\/2021\\\/09\\\/181007768_141578281313342_8780310787852686686_n-1.jpeg\",\"width\":300,\"height\":333,\"caption\":\"Asema Kustannus\"},\"image\":{\"@id\":\"https:\\\/\\\/www.asemakustannus.com\\\/kauppa\\\/#\\\/schema\\\/logo\\\/image\\\/\"},\"sameAs\":[\"https:\\\/\\\/www.facebook.com\\\/asemakustannus\",\"https:\\\/\\\/x.com\\\/asemakustannus\",\"https:\\\/\\\/www.instagram.com\\\/asemakustannus\\\/\"]}]}<\/script>\n<!-- \/ Yoast SEO plugin. -->","yoast_head_json":{"title":"Altan: Ada Macaossa - Asema Kustannus","description":"Vuosi 1974 tai oikeastaan vuosi 1963. Macao, prostituoitujen, vihreiden barettien ja muiden tyyppien sekamelska, maailmanpolitiikan sulatusuuni! Saigon, JFK, Washington Post \u2013 ja Ada!","robots":{"index":"index","follow":"follow","max-snippet":"max-snippet:-1","max-image-preview":"max-image-preview:large","max-video-preview":"max-video-preview:-1"},"canonical":"https:\/\/www.asemakustannus.com\/kauppa\/tuote\/altan-ada-macaossa\/","og_locale":"fi_FI","og_type":"article","og_title":"Altan: Ada Macaossa - Asema Kustannus","og_description":"Vuosi 1974 tai oikeastaan vuosi 1963. Macao, prostituoitujen, vihreiden barettien ja muiden tyyppien sekamelska, maailmanpolitiikan sulatusuuni! Saigon, JFK, Washington Post \u2013 ja Ada!","og_url":"https:\/\/www.asemakustannus.com\/kauppa\/tuote\/altan-ada-macaossa\/","og_site_name":"Asema Kustannus","article_publisher":"https:\/\/www.facebook.com\/asemakustannus","article_modified_time":"2023-01-12T12:44:01+00:00","og_image":[{"width":1000,"height":1415,"url":"https:\/\/www.asemakustannus.com\/kauppa\/wp-content\/uploads\/2021\/02\/macao_kansi_1000px.jpg","type":"image\/jpeg"}],"twitter_card":"summary_large_image","twitter_site":"@asemakustannus","twitter_misc":{"Arvioitu lukuaika":"1 minuutti"},"schema":{"@context":"https:\/\/schema.org","@graph":[{"@type":"WebPage","@id":"https:\/\/www.asemakustannus.com\/kauppa\/tuote\/altan-ada-macaossa\/","url":"https:\/\/www.asemakustannus.com\/kauppa\/tuote\/altan-ada-macaossa\/","name":"Altan: Ada Macaossa - Asema Kustannus","isPartOf":{"@id":"https:\/\/www.asemakustannus.com\/kauppa\/#website"},"primaryImageOfPage":{"@id":"https:\/\/www.asemakustannus.com\/kauppa\/tuote\/altan-ada-macaossa\/#primaryimage"},"image":{"@id":"https:\/\/www.asemakustannus.com\/kauppa\/tuote\/altan-ada-macaossa\/#primaryimage"},"thumbnailUrl":"https:\/\/i0.wp.com\/www.asemakustannus.com\/kauppa\/wp-content\/uploads\/2021\/02\/macao_kansi_1000px.jpg?fit=1000%2C1415&ssl=1","datePublished":"2021-03-23T12:06:58+00:00","dateModified":"2023-01-12T12:44:01+00:00","description":"Vuosi 1974 tai oikeastaan vuosi 1963. Macao, prostituoitujen, vihreiden barettien ja muiden tyyppien sekamelska, maailmanpolitiikan sulatusuuni! Saigon, JFK, Washington Post \u2013 ja Ada!","breadcrumb":{"@id":"https:\/\/www.asemakustannus.com\/kauppa\/tuote\/altan-ada-macaossa\/#breadcrumb"},"inLanguage":"fi","potentialAction":[{"@type":"ReadAction","target":["https:\/\/www.asemakustannus.com\/kauppa\/tuote\/altan-ada-macaossa\/"]}]},{"@type":"ImageObject","inLanguage":"fi","@id":"https:\/\/www.asemakustannus.com\/kauppa\/tuote\/altan-ada-macaossa\/#primaryimage","url":"https:\/\/i0.wp.com\/www.asemakustannus.com\/kauppa\/wp-content\/uploads\/2021\/02\/macao_kansi_1000px.jpg?fit=1000%2C1415&ssl=1","contentUrl":"https:\/\/i0.wp.com\/www.asemakustannus.com\/kauppa\/wp-content\/uploads\/2021\/02\/macao_kansi_1000px.jpg?fit=1000%2C1415&ssl=1","width":1000,"height":1415},{"@type":"BreadcrumbList","@id":"https:\/\/www.asemakustannus.com\/kauppa\/tuote\/altan-ada-macaossa\/#breadcrumb","itemListElement":[{"@type":"ListItem","position":1,"name":"Home","item":"https:\/\/www.asemakustannus.com\/kauppa\/"},{"@type":"ListItem","position":2,"name":"Kauppa","item":"https:\/\/www.asemakustannus.com\/kauppa\/kauppa\/"},{"@type":"ListItem","position":3,"name":"Altan: Ada Macaossa"}]},{"@type":"WebSite","@id":"https:\/\/www.asemakustannus.com\/kauppa\/#website","url":"https:\/\/www.asemakustannus.com\/kauppa\/","name":"Asema Kustannus","description":"Sarjakuvakauppa","publisher":{"@id":"https:\/\/www.asemakustannus.com\/kauppa\/#organization"},"potentialAction":[{"@type":"SearchAction","target":{"@type":"EntryPoint","urlTemplate":"https:\/\/www.asemakustannus.com\/kauppa\/?s={search_term_string}"},"query-input":{"@type":"PropertyValueSpecification","valueRequired":true,"valueName":"search_term_string"}}],"inLanguage":"fi"},{"@type":"Organization","@id":"https:\/\/www.asemakustannus.com\/kauppa\/#organization","name":"Asema Kustannus","url":"https:\/\/www.asemakustannus.com\/kauppa\/","logo":{"@type":"ImageObject","inLanguage":"fi","@id":"https:\/\/www.asemakustannus.com\/kauppa\/#\/schema\/logo\/image\/","url":"https:\/\/www.asemakustannus.com\/kauppa\/wp-content\/uploads\/2021\/09\/181007768_141578281313342_8780310787852686686_n-1.jpeg","contentUrl":"https:\/\/www.asemakustannus.com\/kauppa\/wp-content\/uploads\/2021\/09\/181007768_141578281313342_8780310787852686686_n-1.jpeg","width":300,"height":333,"caption":"Asema Kustannus"},"image":{"@id":"https:\/\/www.asemakustannus.com\/kauppa\/#\/schema\/logo\/image\/"},"sameAs":["https:\/\/www.facebook.com\/asemakustannus","https:\/\/x.com\/asemakustannus","https:\/\/www.instagram.com\/asemakustannus\/"]}]}},"jetpack_sharing_enabled":true,"_links":{"self":[{"href":"https:\/\/www.asemakustannus.com\/kauppa\/wp-json\/wp\/v2\/product\/483","targetHints":{"allow":["GET"]}}],"collection":[{"href":"https:\/\/www.asemakustannus.com\/kauppa\/wp-json\/wp\/v2\/product"}],"about":[{"href":"https:\/\/www.asemakustannus.com\/kauppa\/wp-json\/wp\/v2\/types\/product"}],"wp:featuredmedia":[{"embeddable":true,"href":"https:\/\/www.asemakustannus.com\/kauppa\/wp-json\/wp\/v2\/media\/104"}],"wp:attachment":[{"href":"https:\/\/www.asemakustannus.com\/kauppa\/wp-json\/wp\/v2\/media?parent=483"}],"wp:term":[{"taxonomy":"product_brand","embeddable":true,"href":"https:\/\/www.asemakustannus.com\/kauppa\/wp-json\/wp\/v2\/product_brand?post=483"},{"taxonomy":"product_cat","embeddable":true,"href":"https:\/\/www.asemakustannus.com\/kauppa\/wp-json\/wp\/v2\/product_cat?post=483"},{"taxonomy":"product_tag","embeddable":true,"href":"https:\/\/www.asemakustannus.com\/kauppa\/wp-json\/wp\/v2\/product_tag?post=483"}],"curies":[{"name":"wp","href":"https:\/\/api.w.org\/{rel}","templated":true}]}}