{"id":484,"date":"2021-03-23T14:07:21","date_gmt":"2021-03-23T12:07:21","guid":{"rendered":"https:\/\/www.asemakustannus.com\/kauppa\/?post_type=product&#038;p=484"},"modified":"2021-09-10T14:40:14","modified_gmt":"2021-09-10T11:40:14","slug":"mika-lietzen-port-arthur","status":"publish","type":"product","link":"https:\/\/www.asemakustannus.com\/kauppa\/tuote\/mika-lietzen-port-arthur\/","title":{"rendered":"Mika Lietz\u00e9n: Port Arthur"},"content":{"rendered":"<div class=\"gmail_default\">24 sivua | mustavalkoinen | 205&#215;275 mm | nidottu<\/div>\n<div><\/div>\n<div>\n<p>Asema 2020<\/p>\n<p>ISBN 978-952-5909-34-0<\/p>\n<\/div>\n<div class=\"gmail_default\">Vanhasta turkulaisesta puutaloasunnosta\u00a0l\u00f6ytyy salaper\u00e4inen luukku, jonka alta paljastuvat portaat johtavat syv\u00e4lle maan uumeniin. Mit\u00e4 Suomen kauneimmaksikin\u00a0v\u00e4itetyn kaupunginosan alla oikeasti sijaitsee? Port Arthur on matka Portsan keskipisteeseen ja vaihtoehtoiseen menneisyyteen, jossa kirkot kasvavat maan alle ja todellisuus on vain ohut kuorrute.<\/div>\n<div class=\"gmail_default\"><\/div>\n<div class=\"gmail_default\">Mika Lietz\u00e9n on portsalainen sarjakuvantekij\u00e4.<\/div>\n","protected":false},"excerpt":{"rendered":"<p>24 sivua | mustavalkoinen | 205&#215;275 mm | nidottu Asema 2020 ISBN 978-952-5909-34-0 Vanhasta turkulaisesta puutaloasunnosta\u00a0l\u00f6ytyy salaper\u00e4inen luukku, jonka alta paljastuvat portaat johtavat syv\u00e4lle maan uumeniin. Mit\u00e4 Suomen kauneimmaksikin\u00a0v\u00e4itetyn kaupunginosan alla oikeasti sijaitsee? Port Arthur on matka Portsan keskipisteeseen ja vaihtoehtoiseen menneisyyteen, jossa kirkot kasvavat maan alle ja todellisuus on vain ohut kuorrute. Mika Lietz\u00e9n [&hellip;]<\/p>\n","protected":false},"featured_media":67,"template":"","meta":[],"product_brand":[],"product_cat":[39],"product_tag":[48],"class_list":{"0":"post-484","1":"product","2":"type-product","3":"status-publish","4":"has-post-thumbnail","6":"product_cat-lehdet","7":"product_tag-mika-lietzen","8":"product_shipping_class-kirje","10":"first","11":"instock","12":"shipping-taxable","13":"purchasable","14":"product-type-simple"},"yoast_head":"<!-- This site is optimized with the Yoast SEO plugin v27.3 - https:\/\/yoast.com\/product\/yoast-seo-wordpress\/ -->\n<title>Mika Lietz\u00e9n: Port Arthur - Asema Kustannus<\/title>\n<meta name=\"description\" content=\"Vanhasta turkulaisesta puutaloasunnosta\u00a0l\u00f6ytyy salaper\u00e4inen luukku, jonka alta paljastuvat portaat johtavat syv\u00e4lle maan uumeniin. Mit\u00e4 Suomen kauneimmaksikin\u00a0v\u00e4itetyn kaupunginosan alla oikeasti sijaitsee? Port Arthur on matka Portsan keskipisteeseen.\" \/>\n<meta name=\"robots\" content=\"index, follow, max-snippet:-1, max-image-preview:large, max-video-preview:-1\" \/>\n<link rel=\"canonical\" href=\"https:\/\/www.asemakustannus.com\/kauppa\/tuote\/mika-lietzen-port-arthur\/\" \/>\n<meta property=\"og:locale\" content=\"fi_FI\" \/>\n<meta property=\"og:type\" content=\"article\" \/>\n<meta property=\"og:title\" content=\"Mika Lietz\u00e9n: Port Arthur - Asema Kustannus\" \/>\n<meta property=\"og:description\" content=\"Vanhasta turkulaisesta puutaloasunnosta\u00a0l\u00f6ytyy salaper\u00e4inen luukku, jonka alta paljastuvat portaat johtavat syv\u00e4lle maan uumeniin. Mit\u00e4 Suomen kauneimmaksikin\u00a0v\u00e4itetyn kaupunginosan alla oikeasti sijaitsee? Port Arthur on matka Portsan keskipisteeseen.\" \/>\n<meta property=\"og:url\" content=\"https:\/\/www.asemakustannus.com\/kauppa\/tuote\/mika-lietzen-port-arthur\/\" \/>\n<meta property=\"og:site_name\" content=\"Asema Kustannus\" \/>\n<meta property=\"article:publisher\" content=\"https:\/\/www.facebook.com\/asemakustannus\" \/>\n<meta property=\"article:modified_time\" content=\"2021-09-10T11:40:14+00:00\" \/>\n<meta property=\"og:image\" content=\"https:\/\/www.asemakustannus.com\/kauppa\/wp-content\/uploads\/2020\/08\/PortArthur_ok-2.jpg\" \/>\n\t<meta property=\"og:image:width\" content=\"1532\" \/>\n\t<meta property=\"og:image:height\" content=\"2053\" \/>\n\t<meta property=\"og:image:type\" content=\"image\/jpeg\" \/>\n<meta name=\"twitter:card\" content=\"summary_large_image\" \/>\n<meta name=\"twitter:site\" content=\"@asemakustannus\" \/>\n<script type=\"application\/ld+json\" class=\"yoast-schema-graph\">{\"@context\":\"https:\\\/\\\/schema.org\",\"@graph\":[{\"@type\":\"WebPage\",\"@id\":\"https:\\\/\\\/www.asemakustannus.com\\\/kauppa\\\/tuote\\\/mika-lietzen-port-arthur\\\/\",\"url\":\"https:\\\/\\\/www.asemakustannus.com\\\/kauppa\\\/tuote\\\/mika-lietzen-port-arthur\\\/\",\"name\":\"Mika Lietz\u00e9n: Port Arthur - Asema Kustannus\",\"isPartOf\":{\"@id\":\"https:\\\/\\\/www.asemakustannus.com\\\/kauppa\\\/#website\"},\"primaryImageOfPage\":{\"@id\":\"https:\\\/\\\/www.asemakustannus.com\\\/kauppa\\\/tuote\\\/mika-lietzen-port-arthur\\\/#primaryimage\"},\"image\":{\"@id\":\"https:\\\/\\\/www.asemakustannus.com\\\/kauppa\\\/tuote\\\/mika-lietzen-port-arthur\\\/#primaryimage\"},\"thumbnailUrl\":\"https:\\\/\\\/i0.wp.com\\\/www.asemakustannus.com\\\/kauppa\\\/wp-content\\\/uploads\\\/2020\\\/08\\\/PortArthur_ok-2.jpg?fit=1532%2C2053&ssl=1\",\"datePublished\":\"2021-03-23T12:07:21+00:00\",\"dateModified\":\"2021-09-10T11:40:14+00:00\",\"description\":\"Vanhasta turkulaisesta puutaloasunnosta\u00a0l\u00f6ytyy salaper\u00e4inen luukku, jonka alta paljastuvat portaat johtavat syv\u00e4lle maan uumeniin. Mit\u00e4 Suomen kauneimmaksikin\u00a0v\u00e4itetyn kaupunginosan alla oikeasti sijaitsee? Port Arthur on matka Portsan keskipisteeseen.\",\"breadcrumb\":{\"@id\":\"https:\\\/\\\/www.asemakustannus.com\\\/kauppa\\\/tuote\\\/mika-lietzen-port-arthur\\\/#breadcrumb\"},\"inLanguage\":\"fi\",\"potentialAction\":[{\"@type\":\"ReadAction\",\"target\":[\"https:\\\/\\\/www.asemakustannus.com\\\/kauppa\\\/tuote\\\/mika-lietzen-port-arthur\\\/\"]}]},{\"@type\":\"ImageObject\",\"inLanguage\":\"fi\",\"@id\":\"https:\\\/\\\/www.asemakustannus.com\\\/kauppa\\\/tuote\\\/mika-lietzen-port-arthur\\\/#primaryimage\",\"url\":\"https:\\\/\\\/i0.wp.com\\\/www.asemakustannus.com\\\/kauppa\\\/wp-content\\\/uploads\\\/2020\\\/08\\\/PortArthur_ok-2.jpg?fit=1532%2C2053&ssl=1\",\"contentUrl\":\"https:\\\/\\\/i0.wp.com\\\/www.asemakustannus.com\\\/kauppa\\\/wp-content\\\/uploads\\\/2020\\\/08\\\/PortArthur_ok-2.jpg?fit=1532%2C2053&ssl=1\",\"width\":1532,\"height\":2053},{\"@type\":\"BreadcrumbList\",\"@id\":\"https:\\\/\\\/www.asemakustannus.com\\\/kauppa\\\/tuote\\\/mika-lietzen-port-arthur\\\/#breadcrumb\",\"itemListElement\":[{\"@type\":\"ListItem\",\"position\":1,\"name\":\"Home\",\"item\":\"https:\\\/\\\/www.asemakustannus.com\\\/kauppa\\\/\"},{\"@type\":\"ListItem\",\"position\":2,\"name\":\"Kauppa\",\"item\":\"https:\\\/\\\/www.asemakustannus.com\\\/kauppa\\\/kauppa\\\/\"},{\"@type\":\"ListItem\",\"position\":3,\"name\":\"Mika Lietz\u00e9n: Port Arthur\"}]},{\"@type\":\"WebSite\",\"@id\":\"https:\\\/\\\/www.asemakustannus.com\\\/kauppa\\\/#website\",\"url\":\"https:\\\/\\\/www.asemakustannus.com\\\/kauppa\\\/\",\"name\":\"Asema Kustannus\",\"description\":\"Sarjakuvakauppa\",\"publisher\":{\"@id\":\"https:\\\/\\\/www.asemakustannus.com\\\/kauppa\\\/#organization\"},\"potentialAction\":[{\"@type\":\"SearchAction\",\"target\":{\"@type\":\"EntryPoint\",\"urlTemplate\":\"https:\\\/\\\/www.asemakustannus.com\\\/kauppa\\\/?s={search_term_string}\"},\"query-input\":{\"@type\":\"PropertyValueSpecification\",\"valueRequired\":true,\"valueName\":\"search_term_string\"}}],\"inLanguage\":\"fi\"},{\"@type\":\"Organization\",\"@id\":\"https:\\\/\\\/www.asemakustannus.com\\\/kauppa\\\/#organization\",\"name\":\"Asema Kustannus\",\"url\":\"https:\\\/\\\/www.asemakustannus.com\\\/kauppa\\\/\",\"logo\":{\"@type\":\"ImageObject\",\"inLanguage\":\"fi\",\"@id\":\"https:\\\/\\\/www.asemakustannus.com\\\/kauppa\\\/#\\\/schema\\\/logo\\\/image\\\/\",\"url\":\"https:\\\/\\\/www.asemakustannus.com\\\/kauppa\\\/wp-content\\\/uploads\\\/2021\\\/09\\\/181007768_141578281313342_8780310787852686686_n-1.jpeg\",\"contentUrl\":\"https:\\\/\\\/www.asemakustannus.com\\\/kauppa\\\/wp-content\\\/uploads\\\/2021\\\/09\\\/181007768_141578281313342_8780310787852686686_n-1.jpeg\",\"width\":300,\"height\":333,\"caption\":\"Asema Kustannus\"},\"image\":{\"@id\":\"https:\\\/\\\/www.asemakustannus.com\\\/kauppa\\\/#\\\/schema\\\/logo\\\/image\\\/\"},\"sameAs\":[\"https:\\\/\\\/www.facebook.com\\\/asemakustannus\",\"https:\\\/\\\/x.com\\\/asemakustannus\",\"https:\\\/\\\/www.instagram.com\\\/asemakustannus\\\/\"]}]}<\/script>\n<!-- \/ Yoast SEO plugin. -->","yoast_head_json":{"title":"Mika Lietz\u00e9n: Port Arthur - Asema Kustannus","description":"Vanhasta turkulaisesta puutaloasunnosta\u00a0l\u00f6ytyy salaper\u00e4inen luukku, jonka alta paljastuvat portaat johtavat syv\u00e4lle maan uumeniin. Mit\u00e4 Suomen kauneimmaksikin\u00a0v\u00e4itetyn kaupunginosan alla oikeasti sijaitsee? Port Arthur on matka Portsan keskipisteeseen.","robots":{"index":"index","follow":"follow","max-snippet":"max-snippet:-1","max-image-preview":"max-image-preview:large","max-video-preview":"max-video-preview:-1"},"canonical":"https:\/\/www.asemakustannus.com\/kauppa\/tuote\/mika-lietzen-port-arthur\/","og_locale":"fi_FI","og_type":"article","og_title":"Mika Lietz\u00e9n: Port Arthur - Asema Kustannus","og_description":"Vanhasta turkulaisesta puutaloasunnosta\u00a0l\u00f6ytyy salaper\u00e4inen luukku, jonka alta paljastuvat portaat johtavat syv\u00e4lle maan uumeniin. Mit\u00e4 Suomen kauneimmaksikin\u00a0v\u00e4itetyn kaupunginosan alla oikeasti sijaitsee? Port Arthur on matka Portsan keskipisteeseen.","og_url":"https:\/\/www.asemakustannus.com\/kauppa\/tuote\/mika-lietzen-port-arthur\/","og_site_name":"Asema Kustannus","article_publisher":"https:\/\/www.facebook.com\/asemakustannus","article_modified_time":"2021-09-10T11:40:14+00:00","og_image":[{"width":1532,"height":2053,"url":"https:\/\/www.asemakustannus.com\/kauppa\/wp-content\/uploads\/2020\/08\/PortArthur_ok-2.jpg","type":"image\/jpeg"}],"twitter_card":"summary_large_image","twitter_site":"@asemakustannus","schema":{"@context":"https:\/\/schema.org","@graph":[{"@type":"WebPage","@id":"https:\/\/www.asemakustannus.com\/kauppa\/tuote\/mika-lietzen-port-arthur\/","url":"https:\/\/www.asemakustannus.com\/kauppa\/tuote\/mika-lietzen-port-arthur\/","name":"Mika Lietz\u00e9n: Port Arthur - Asema Kustannus","isPartOf":{"@id":"https:\/\/www.asemakustannus.com\/kauppa\/#website"},"primaryImageOfPage":{"@id":"https:\/\/www.asemakustannus.com\/kauppa\/tuote\/mika-lietzen-port-arthur\/#primaryimage"},"image":{"@id":"https:\/\/www.asemakustannus.com\/kauppa\/tuote\/mika-lietzen-port-arthur\/#primaryimage"},"thumbnailUrl":"https:\/\/i0.wp.com\/www.asemakustannus.com\/kauppa\/wp-content\/uploads\/2020\/08\/PortArthur_ok-2.jpg?fit=1532%2C2053&ssl=1","datePublished":"2021-03-23T12:07:21+00:00","dateModified":"2021-09-10T11:40:14+00:00","description":"Vanhasta turkulaisesta puutaloasunnosta\u00a0l\u00f6ytyy salaper\u00e4inen luukku, jonka alta paljastuvat portaat johtavat syv\u00e4lle maan uumeniin. Mit\u00e4 Suomen kauneimmaksikin\u00a0v\u00e4itetyn kaupunginosan alla oikeasti sijaitsee? Port Arthur on matka Portsan keskipisteeseen.","breadcrumb":{"@id":"https:\/\/www.asemakustannus.com\/kauppa\/tuote\/mika-lietzen-port-arthur\/#breadcrumb"},"inLanguage":"fi","potentialAction":[{"@type":"ReadAction","target":["https:\/\/www.asemakustannus.com\/kauppa\/tuote\/mika-lietzen-port-arthur\/"]}]},{"@type":"ImageObject","inLanguage":"fi","@id":"https:\/\/www.asemakustannus.com\/kauppa\/tuote\/mika-lietzen-port-arthur\/#primaryimage","url":"https:\/\/i0.wp.com\/www.asemakustannus.com\/kauppa\/wp-content\/uploads\/2020\/08\/PortArthur_ok-2.jpg?fit=1532%2C2053&ssl=1","contentUrl":"https:\/\/i0.wp.com\/www.asemakustannus.com\/kauppa\/wp-content\/uploads\/2020\/08\/PortArthur_ok-2.jpg?fit=1532%2C2053&ssl=1","width":1532,"height":2053},{"@type":"BreadcrumbList","@id":"https:\/\/www.asemakustannus.com\/kauppa\/tuote\/mika-lietzen-port-arthur\/#breadcrumb","itemListElement":[{"@type":"ListItem","position":1,"name":"Home","item":"https:\/\/www.asemakustannus.com\/kauppa\/"},{"@type":"ListItem","position":2,"name":"Kauppa","item":"https:\/\/www.asemakustannus.com\/kauppa\/kauppa\/"},{"@type":"ListItem","position":3,"name":"Mika Lietz\u00e9n: Port Arthur"}]},{"@type":"WebSite","@id":"https:\/\/www.asemakustannus.com\/kauppa\/#website","url":"https:\/\/www.asemakustannus.com\/kauppa\/","name":"Asema Kustannus","description":"Sarjakuvakauppa","publisher":{"@id":"https:\/\/www.asemakustannus.com\/kauppa\/#organization"},"potentialAction":[{"@type":"SearchAction","target":{"@type":"EntryPoint","urlTemplate":"https:\/\/www.asemakustannus.com\/kauppa\/?s={search_term_string}"},"query-input":{"@type":"PropertyValueSpecification","valueRequired":true,"valueName":"search_term_string"}}],"inLanguage":"fi"},{"@type":"Organization","@id":"https:\/\/www.asemakustannus.com\/kauppa\/#organization","name":"Asema Kustannus","url":"https:\/\/www.asemakustannus.com\/kauppa\/","logo":{"@type":"ImageObject","inLanguage":"fi","@id":"https:\/\/www.asemakustannus.com\/kauppa\/#\/schema\/logo\/image\/","url":"https:\/\/www.asemakustannus.com\/kauppa\/wp-content\/uploads\/2021\/09\/181007768_141578281313342_8780310787852686686_n-1.jpeg","contentUrl":"https:\/\/www.asemakustannus.com\/kauppa\/wp-content\/uploads\/2021\/09\/181007768_141578281313342_8780310787852686686_n-1.jpeg","width":300,"height":333,"caption":"Asema Kustannus"},"image":{"@id":"https:\/\/www.asemakustannus.com\/kauppa\/#\/schema\/logo\/image\/"},"sameAs":["https:\/\/www.facebook.com\/asemakustannus","https:\/\/x.com\/asemakustannus","https:\/\/www.instagram.com\/asemakustannus\/"]}]}},"jetpack_sharing_enabled":true,"_links":{"self":[{"href":"https:\/\/www.asemakustannus.com\/kauppa\/wp-json\/wp\/v2\/product\/484","targetHints":{"allow":["GET"]}}],"collection":[{"href":"https:\/\/www.asemakustannus.com\/kauppa\/wp-json\/wp\/v2\/product"}],"about":[{"href":"https:\/\/www.asemakustannus.com\/kauppa\/wp-json\/wp\/v2\/types\/product"}],"wp:featuredmedia":[{"embeddable":true,"href":"https:\/\/www.asemakustannus.com\/kauppa\/wp-json\/wp\/v2\/media\/67"}],"wp:attachment":[{"href":"https:\/\/www.asemakustannus.com\/kauppa\/wp-json\/wp\/v2\/media?parent=484"}],"wp:term":[{"taxonomy":"product_brand","embeddable":true,"href":"https:\/\/www.asemakustannus.com\/kauppa\/wp-json\/wp\/v2\/product_brand?post=484"},{"taxonomy":"product_cat","embeddable":true,"href":"https:\/\/www.asemakustannus.com\/kauppa\/wp-json\/wp\/v2\/product_cat?post=484"},{"taxonomy":"product_tag","embeddable":true,"href":"https:\/\/www.asemakustannus.com\/kauppa\/wp-json\/wp\/v2\/product_tag?post=484"}],"curies":[{"name":"wp","href":"https:\/\/api.w.org\/{rel}","templated":true}]}}