{"id":501,"date":"2021-05-03T09:31:43","date_gmt":"2021-05-03T06:31:43","guid":{"rendered":"https:\/\/www.asemakustannus.com\/kauppa\/?post_type=product&#038;p=501"},"modified":"2022-09-27T13:16:55","modified_gmt":"2022-09-27T10:16:55","slug":"tohtori-matti-hagelberg-laskimooses","status":"publish","type":"product","link":"https:\/\/www.asemakustannus.com\/kauppa\/tuote\/tohtori-matti-hagelberg-laskimooses\/","title":{"rendered":"Tohtori Matti Hagelberg: L\u00e4skimooses"},"content":{"rendered":"<p>1488 sivua | mustavalkoinen | sidottu | 3 kirjaa kotelossa<\/p>\n<p>Asema Kustannus, 2021<\/p>\n<p class=\"p1\">ISBN 978-952-5909-35-7<\/p>\n<p class=\"p1\">1. kirja: Maailman kirkas aamunkoitto<br \/>\nISBN 978-952-5909-36-4<\/p>\n<p class=\"p1\">2. kirja: P\u00e4iv\u00e4n tuoksuvalla hetkell\u00e4<br \/>\nISBN 978-952-5909-37-1<\/p>\n<p class=\"p1\">3. kirja: Here comes trouble<br \/>\nISBN 978-952-5909-38-8<\/p>\n<p class=\"p1\"><em>L\u00e4skimooses<\/em> on kaikenkattava kertomus maailman synnyst\u00e4, historiasta ja tuhosta. Totuus siit\u00e4, mit\u00e4 kaiken t\u00e4m\u00e4n takana oikeasti on. Salaliittoteorioiden salaliittoteoria ja sen kertominen Kaleville. <em>L\u00e4skimooses<\/em> on Matti Hagelbergin l\u00e4hes 1500-sivuinen sarjakuvaj\u00e4ttil\u00e4inen kolmessa niteess\u00e4, pakattuna upeaan koteloon. Siin\u00e4 on 150 sivua enemm\u00e4n kuin Raamatussa eik\u00e4 mit\u00e4\u00e4n ylim\u00e4\u00e4r\u00e4ist\u00e4.<\/p>\n<p class=\"p1\"><em>\u201dEmm\u00e4 sano ett\u00e4 niin on, mutta m\u00e4 mietin: Ent\u00e4 jos onkin?\u201d<\/em> \u2013Kalevi<\/p>\n<p class=\"p1\"><em>\u201dViimeist\u00e4\u00e4n sen [kirjan] julkaisun my\u00f6t\u00e4 L\u00e4skimooses nostetaan kansainv\u00e4lisen sarjakuvakaapin p\u00e4\u00e4lle koko nykytaidemaailman ihasteltavaksi ja kaikki puhuvat t\u00e4st\u00e4 suoma(a)laisesta modernin sarjakuvailmaisun kulmakivest\u00e4. Pikkasenko muuten sitten torilla tavataan!\u201d\u00a0<\/em>\u2013Ville Pirinen, Kulttuuritoimitus<\/p>\n<p class=\"p1\"><em>\u201dL\u00e4skimooses-teos k\u00e4sittelee salaliittoteorioita ja muita uskomuksia, mutta sen lukukokemus \u2013 sellaisena kuin Hagelberg sen tarkoitti \u2013 muistuttaa tieteen alati t\u00e4ydentyv\u00e4\u00e4 maailmankuvaa.\u201d <\/em>\u2013Harri R\u00f6mp\u00f6tti, Helsingin sanomat<\/p>\n<p>L\u00e4skimooses on ilmestynyt Kreegah bundolo -kustantamon lehten\u00e4 vuosina 2012\u20132020. Teoksen kuvank\u00e4sittelyn on tehnyt <strong>Hans Nissen<\/strong>.<\/p>\n<p class=\"p1\">\n","protected":false},"excerpt":{"rendered":"<p>1488 sivua | mustavalkoinen | sidottu | 3 kirjaa kotelossa Asema Kustannus, 2021 ISBN 978-952-5909-35-7 1. kirja: Maailman kirkas aamunkoitto ISBN 978-952-5909-36-4 2. kirja: P\u00e4iv\u00e4n tuoksuvalla hetkell\u00e4 ISBN 978-952-5909-37-1 3. kirja: Here comes trouble ISBN 978-952-5909-38-8 L\u00e4skimooses on kaikenkattava kertomus maailman synnyst\u00e4, historiasta ja tuhosta. Totuus siit\u00e4, mit\u00e4 kaiken t\u00e4m\u00e4n takana oikeasti on. Salaliittoteorioiden salaliittoteoria [&hellip;]<\/p>\n","protected":false},"featured_media":502,"template":"","meta":[],"product_brand":[],"product_cat":[38],"product_tag":[47],"class_list":{"0":"post-501","1":"product","2":"type-product","3":"status-publish","4":"has-post-thumbnail","6":"product_cat-kirjat","7":"product_tag-matti-hagelberg","8":"product_shipping_class-m-paketti","10":"first","11":"outofstock","12":"shipping-taxable","13":"purchasable","14":"product-type-simple"},"yoast_head":"<!-- This site is optimized with the Yoast SEO plugin v27.3 - https:\/\/yoast.com\/product\/yoast-seo-wordpress\/ -->\n<title>Tohtori Matti Hagelberg: L\u00e4skimooses - Asema Kustannus<\/title>\n<meta name=\"description\" content=\"Tohtori Matti Hagelbergin 1500-sivuinen suurteos L\u00e4skimooses nyt yhten\u00e4 pakettina, kolmena kovakantisena kirjana.\" \/>\n<meta name=\"robots\" content=\"index, follow, max-snippet:-1, max-image-preview:large, max-video-preview:-1\" \/>\n<link rel=\"canonical\" href=\"https:\/\/www.asemakustannus.com\/kauppa\/tuote\/tohtori-matti-hagelberg-laskimooses\/\" \/>\n<meta property=\"og:locale\" content=\"fi_FI\" \/>\n<meta property=\"og:type\" content=\"article\" \/>\n<meta property=\"og:title\" content=\"L\u00e4skimooses\" \/>\n<meta property=\"og:description\" content=\"Tohtori Matti Hagelbergin l\u00e4hes 1500-sivuinen suurteos nyt kolmena kovakantisena kirjana.\" \/>\n<meta property=\"og:url\" content=\"https:\/\/www.asemakustannus.com\/kauppa\/tuote\/tohtori-matti-hagelberg-laskimooses\/\" \/>\n<meta property=\"og:site_name\" content=\"Asema Kustannus\" \/>\n<meta property=\"article:publisher\" content=\"https:\/\/www.facebook.com\/asemakustannus\" \/>\n<meta property=\"article:modified_time\" content=\"2022-09-27T10:16:55+00:00\" \/>\n<meta property=\"og:image\" content=\"https:\/\/www.asemakustannus.com\/kauppa\/wp-content\/uploads\/2021\/05\/boksi_sivu1_taittomalli-scaled.jpg\" \/>\n\t<meta property=\"og:image:width\" content=\"1886\" \/>\n\t<meta property=\"og:image:height\" content=\"2560\" \/>\n\t<meta property=\"og:image:type\" content=\"image\/jpeg\" \/>\n<meta name=\"twitter:card\" content=\"summary_large_image\" \/>\n<meta name=\"twitter:title\" content=\"L\u00e4skimooses\" \/>\n<meta name=\"twitter:description\" content=\"Tohtori Matti Hagelbergin l\u00e4hes 1500-sivuinen suurteos nyt kolmena kovakantisena kirjana.\" \/>\n<meta name=\"twitter:image\" content=\"https:\/\/i0.wp.com\/www.asemakustannus.com\/kauppa\/wp-content\/uploads\/2021\/05\/boksi_sivu1_taittomalli-scaled.jpg?fit=1886%2C2560&ssl=1\" \/>\n<meta name=\"twitter:site\" content=\"@asemakustannus\" \/>\n<meta name=\"twitter:label1\" content=\"Arvioitu lukuaika\" \/>\n\t<meta name=\"twitter:data1\" content=\"1 minuutti\" \/>\n<script type=\"application\/ld+json\" class=\"yoast-schema-graph\">{\"@context\":\"https:\\\/\\\/schema.org\",\"@graph\":[{\"@type\":\"WebPage\",\"@id\":\"https:\\\/\\\/www.asemakustannus.com\\\/kauppa\\\/tuote\\\/tohtori-matti-hagelberg-laskimooses\\\/\",\"url\":\"https:\\\/\\\/www.asemakustannus.com\\\/kauppa\\\/tuote\\\/tohtori-matti-hagelberg-laskimooses\\\/\",\"name\":\"Tohtori Matti Hagelberg: L\u00e4skimooses - Asema Kustannus\",\"isPartOf\":{\"@id\":\"https:\\\/\\\/www.asemakustannus.com\\\/kauppa\\\/#website\"},\"primaryImageOfPage\":{\"@id\":\"https:\\\/\\\/www.asemakustannus.com\\\/kauppa\\\/tuote\\\/tohtori-matti-hagelberg-laskimooses\\\/#primaryimage\"},\"image\":{\"@id\":\"https:\\\/\\\/www.asemakustannus.com\\\/kauppa\\\/tuote\\\/tohtori-matti-hagelberg-laskimooses\\\/#primaryimage\"},\"thumbnailUrl\":\"https:\\\/\\\/i0.wp.com\\\/www.asemakustannus.com\\\/kauppa\\\/wp-content\\\/uploads\\\/2021\\\/05\\\/boksi_sivu1_taittomalli-scaled.jpg?fit=1886%2C2560&ssl=1\",\"datePublished\":\"2021-05-03T06:31:43+00:00\",\"dateModified\":\"2022-09-27T10:16:55+00:00\",\"description\":\"Tohtori Matti Hagelbergin 1500-sivuinen suurteos L\u00e4skimooses nyt yhten\u00e4 pakettina, kolmena kovakantisena kirjana.\",\"breadcrumb\":{\"@id\":\"https:\\\/\\\/www.asemakustannus.com\\\/kauppa\\\/tuote\\\/tohtori-matti-hagelberg-laskimooses\\\/#breadcrumb\"},\"inLanguage\":\"fi\",\"potentialAction\":[{\"@type\":\"ReadAction\",\"target\":[\"https:\\\/\\\/www.asemakustannus.com\\\/kauppa\\\/tuote\\\/tohtori-matti-hagelberg-laskimooses\\\/\"]}]},{\"@type\":\"ImageObject\",\"inLanguage\":\"fi\",\"@id\":\"https:\\\/\\\/www.asemakustannus.com\\\/kauppa\\\/tuote\\\/tohtori-matti-hagelberg-laskimooses\\\/#primaryimage\",\"url\":\"https:\\\/\\\/i0.wp.com\\\/www.asemakustannus.com\\\/kauppa\\\/wp-content\\\/uploads\\\/2021\\\/05\\\/boksi_sivu1_taittomalli-scaled.jpg?fit=1886%2C2560&ssl=1\",\"contentUrl\":\"https:\\\/\\\/i0.wp.com\\\/www.asemakustannus.com\\\/kauppa\\\/wp-content\\\/uploads\\\/2021\\\/05\\\/boksi_sivu1_taittomalli-scaled.jpg?fit=1886%2C2560&ssl=1\",\"width\":1886,\"height\":2560},{\"@type\":\"BreadcrumbList\",\"@id\":\"https:\\\/\\\/www.asemakustannus.com\\\/kauppa\\\/tuote\\\/tohtori-matti-hagelberg-laskimooses\\\/#breadcrumb\",\"itemListElement\":[{\"@type\":\"ListItem\",\"position\":1,\"name\":\"Home\",\"item\":\"https:\\\/\\\/www.asemakustannus.com\\\/kauppa\\\/\"},{\"@type\":\"ListItem\",\"position\":2,\"name\":\"Kauppa\",\"item\":\"https:\\\/\\\/www.asemakustannus.com\\\/kauppa\\\/kauppa\\\/\"},{\"@type\":\"ListItem\",\"position\":3,\"name\":\"Tohtori Matti Hagelberg: L\u00e4skimooses\"}]},{\"@type\":\"WebSite\",\"@id\":\"https:\\\/\\\/www.asemakustannus.com\\\/kauppa\\\/#website\",\"url\":\"https:\\\/\\\/www.asemakustannus.com\\\/kauppa\\\/\",\"name\":\"Asema Kustannus\",\"description\":\"Sarjakuvakauppa\",\"publisher\":{\"@id\":\"https:\\\/\\\/www.asemakustannus.com\\\/kauppa\\\/#organization\"},\"potentialAction\":[{\"@type\":\"SearchAction\",\"target\":{\"@type\":\"EntryPoint\",\"urlTemplate\":\"https:\\\/\\\/www.asemakustannus.com\\\/kauppa\\\/?s={search_term_string}\"},\"query-input\":{\"@type\":\"PropertyValueSpecification\",\"valueRequired\":true,\"valueName\":\"search_term_string\"}}],\"inLanguage\":\"fi\"},{\"@type\":\"Organization\",\"@id\":\"https:\\\/\\\/www.asemakustannus.com\\\/kauppa\\\/#organization\",\"name\":\"Asema Kustannus\",\"url\":\"https:\\\/\\\/www.asemakustannus.com\\\/kauppa\\\/\",\"logo\":{\"@type\":\"ImageObject\",\"inLanguage\":\"fi\",\"@id\":\"https:\\\/\\\/www.asemakustannus.com\\\/kauppa\\\/#\\\/schema\\\/logo\\\/image\\\/\",\"url\":\"https:\\\/\\\/www.asemakustannus.com\\\/kauppa\\\/wp-content\\\/uploads\\\/2021\\\/09\\\/181007768_141578281313342_8780310787852686686_n-1.jpeg\",\"contentUrl\":\"https:\\\/\\\/www.asemakustannus.com\\\/kauppa\\\/wp-content\\\/uploads\\\/2021\\\/09\\\/181007768_141578281313342_8780310787852686686_n-1.jpeg\",\"width\":300,\"height\":333,\"caption\":\"Asema Kustannus\"},\"image\":{\"@id\":\"https:\\\/\\\/www.asemakustannus.com\\\/kauppa\\\/#\\\/schema\\\/logo\\\/image\\\/\"},\"sameAs\":[\"https:\\\/\\\/www.facebook.com\\\/asemakustannus\",\"https:\\\/\\\/x.com\\\/asemakustannus\",\"https:\\\/\\\/www.instagram.com\\\/asemakustannus\\\/\"]}]}<\/script>\n<!-- \/ Yoast SEO plugin. -->","yoast_head_json":{"title":"Tohtori Matti Hagelberg: L\u00e4skimooses - Asema Kustannus","description":"Tohtori Matti Hagelbergin 1500-sivuinen suurteos L\u00e4skimooses nyt yhten\u00e4 pakettina, kolmena kovakantisena kirjana.","robots":{"index":"index","follow":"follow","max-snippet":"max-snippet:-1","max-image-preview":"max-image-preview:large","max-video-preview":"max-video-preview:-1"},"canonical":"https:\/\/www.asemakustannus.com\/kauppa\/tuote\/tohtori-matti-hagelberg-laskimooses\/","og_locale":"fi_FI","og_type":"article","og_title":"L\u00e4skimooses","og_description":"Tohtori Matti Hagelbergin l\u00e4hes 1500-sivuinen suurteos nyt kolmena kovakantisena kirjana.","og_url":"https:\/\/www.asemakustannus.com\/kauppa\/tuote\/tohtori-matti-hagelberg-laskimooses\/","og_site_name":"Asema Kustannus","article_publisher":"https:\/\/www.facebook.com\/asemakustannus","article_modified_time":"2022-09-27T10:16:55+00:00","og_image":[{"width":1886,"height":2560,"url":"https:\/\/www.asemakustannus.com\/kauppa\/wp-content\/uploads\/2021\/05\/boksi_sivu1_taittomalli-scaled.jpg","type":"image\/jpeg"}],"twitter_card":"summary_large_image","twitter_title":"L\u00e4skimooses","twitter_description":"Tohtori Matti Hagelbergin l\u00e4hes 1500-sivuinen suurteos nyt kolmena kovakantisena kirjana.","twitter_image":"https:\/\/i0.wp.com\/www.asemakustannus.com\/kauppa\/wp-content\/uploads\/2021\/05\/boksi_sivu1_taittomalli-scaled.jpg?fit=1886%2C2560&ssl=1","twitter_site":"@asemakustannus","twitter_misc":{"Arvioitu lukuaika":"1 minuutti"},"schema":{"@context":"https:\/\/schema.org","@graph":[{"@type":"WebPage","@id":"https:\/\/www.asemakustannus.com\/kauppa\/tuote\/tohtori-matti-hagelberg-laskimooses\/","url":"https:\/\/www.asemakustannus.com\/kauppa\/tuote\/tohtori-matti-hagelberg-laskimooses\/","name":"Tohtori Matti Hagelberg: L\u00e4skimooses - Asema Kustannus","isPartOf":{"@id":"https:\/\/www.asemakustannus.com\/kauppa\/#website"},"primaryImageOfPage":{"@id":"https:\/\/www.asemakustannus.com\/kauppa\/tuote\/tohtori-matti-hagelberg-laskimooses\/#primaryimage"},"image":{"@id":"https:\/\/www.asemakustannus.com\/kauppa\/tuote\/tohtori-matti-hagelberg-laskimooses\/#primaryimage"},"thumbnailUrl":"https:\/\/i0.wp.com\/www.asemakustannus.com\/kauppa\/wp-content\/uploads\/2021\/05\/boksi_sivu1_taittomalli-scaled.jpg?fit=1886%2C2560&ssl=1","datePublished":"2021-05-03T06:31:43+00:00","dateModified":"2022-09-27T10:16:55+00:00","description":"Tohtori Matti Hagelbergin 1500-sivuinen suurteos L\u00e4skimooses nyt yhten\u00e4 pakettina, kolmena kovakantisena kirjana.","breadcrumb":{"@id":"https:\/\/www.asemakustannus.com\/kauppa\/tuote\/tohtori-matti-hagelberg-laskimooses\/#breadcrumb"},"inLanguage":"fi","potentialAction":[{"@type":"ReadAction","target":["https:\/\/www.asemakustannus.com\/kauppa\/tuote\/tohtori-matti-hagelberg-laskimooses\/"]}]},{"@type":"ImageObject","inLanguage":"fi","@id":"https:\/\/www.asemakustannus.com\/kauppa\/tuote\/tohtori-matti-hagelberg-laskimooses\/#primaryimage","url":"https:\/\/i0.wp.com\/www.asemakustannus.com\/kauppa\/wp-content\/uploads\/2021\/05\/boksi_sivu1_taittomalli-scaled.jpg?fit=1886%2C2560&ssl=1","contentUrl":"https:\/\/i0.wp.com\/www.asemakustannus.com\/kauppa\/wp-content\/uploads\/2021\/05\/boksi_sivu1_taittomalli-scaled.jpg?fit=1886%2C2560&ssl=1","width":1886,"height":2560},{"@type":"BreadcrumbList","@id":"https:\/\/www.asemakustannus.com\/kauppa\/tuote\/tohtori-matti-hagelberg-laskimooses\/#breadcrumb","itemListElement":[{"@type":"ListItem","position":1,"name":"Home","item":"https:\/\/www.asemakustannus.com\/kauppa\/"},{"@type":"ListItem","position":2,"name":"Kauppa","item":"https:\/\/www.asemakustannus.com\/kauppa\/kauppa\/"},{"@type":"ListItem","position":3,"name":"Tohtori Matti Hagelberg: L\u00e4skimooses"}]},{"@type":"WebSite","@id":"https:\/\/www.asemakustannus.com\/kauppa\/#website","url":"https:\/\/www.asemakustannus.com\/kauppa\/","name":"Asema Kustannus","description":"Sarjakuvakauppa","publisher":{"@id":"https:\/\/www.asemakustannus.com\/kauppa\/#organization"},"potentialAction":[{"@type":"SearchAction","target":{"@type":"EntryPoint","urlTemplate":"https:\/\/www.asemakustannus.com\/kauppa\/?s={search_term_string}"},"query-input":{"@type":"PropertyValueSpecification","valueRequired":true,"valueName":"search_term_string"}}],"inLanguage":"fi"},{"@type":"Organization","@id":"https:\/\/www.asemakustannus.com\/kauppa\/#organization","name":"Asema Kustannus","url":"https:\/\/www.asemakustannus.com\/kauppa\/","logo":{"@type":"ImageObject","inLanguage":"fi","@id":"https:\/\/www.asemakustannus.com\/kauppa\/#\/schema\/logo\/image\/","url":"https:\/\/www.asemakustannus.com\/kauppa\/wp-content\/uploads\/2021\/09\/181007768_141578281313342_8780310787852686686_n-1.jpeg","contentUrl":"https:\/\/www.asemakustannus.com\/kauppa\/wp-content\/uploads\/2021\/09\/181007768_141578281313342_8780310787852686686_n-1.jpeg","width":300,"height":333,"caption":"Asema Kustannus"},"image":{"@id":"https:\/\/www.asemakustannus.com\/kauppa\/#\/schema\/logo\/image\/"},"sameAs":["https:\/\/www.facebook.com\/asemakustannus","https:\/\/x.com\/asemakustannus","https:\/\/www.instagram.com\/asemakustannus\/"]}]}},"jetpack_sharing_enabled":true,"_links":{"self":[{"href":"https:\/\/www.asemakustannus.com\/kauppa\/wp-json\/wp\/v2\/product\/501","targetHints":{"allow":["GET"]}}],"collection":[{"href":"https:\/\/www.asemakustannus.com\/kauppa\/wp-json\/wp\/v2\/product"}],"about":[{"href":"https:\/\/www.asemakustannus.com\/kauppa\/wp-json\/wp\/v2\/types\/product"}],"wp:featuredmedia":[{"embeddable":true,"href":"https:\/\/www.asemakustannus.com\/kauppa\/wp-json\/wp\/v2\/media\/502"}],"wp:attachment":[{"href":"https:\/\/www.asemakustannus.com\/kauppa\/wp-json\/wp\/v2\/media?parent=501"}],"wp:term":[{"taxonomy":"product_brand","embeddable":true,"href":"https:\/\/www.asemakustannus.com\/kauppa\/wp-json\/wp\/v2\/product_brand?post=501"},{"taxonomy":"product_cat","embeddable":true,"href":"https:\/\/www.asemakustannus.com\/kauppa\/wp-json\/wp\/v2\/product_cat?post=501"},{"taxonomy":"product_tag","embeddable":true,"href":"https:\/\/www.asemakustannus.com\/kauppa\/wp-json\/wp\/v2\/product_tag?post=501"}],"curies":[{"name":"wp","href":"https:\/\/api.w.org\/{rel}","templated":true}]}}