{"id":720,"date":"2022-09-14T12:31:27","date_gmt":"2022-09-14T09:31:27","guid":{"rendered":"https:\/\/www.asemakustannus.com\/kauppa\/?post_type=product&#038;p=720"},"modified":"2022-09-14T12:45:19","modified_gmt":"2022-09-14T09:45:19","slug":"mika-lietzen-jaakarit-viisi-kertomusta","status":"publish","type":"product","link":"https:\/\/www.asemakustannus.com\/kauppa\/tuote\/mika-lietzen-jaakarit-viisi-kertomusta\/","title":{"rendered":"Mika Lietz\u00e9n: J\u00e4\u00e4k\u00e4rit &#8211; viisi kertomusta"},"content":{"rendered":"<p>64 sivua | mv | sidottu<\/p>\n<p>Vaasan kaupungin museot, 2017<\/p>\n<p>978-952-5057-41-6<\/p>\n<p>Viisi kertomusta j\u00e4\u00e4k\u00e4riliikkeen historiasta. Tarinat ja niiden p\u00e4\u00e4henkil\u00f6t ovat fiktiivisi\u00e4, mutta ne mukailevat todellisia tapahtumia.<\/p>\n<p>Ensimm\u00e4inen tarina sijoittuu Pohjanmaalle vuonna 1915, jolloin v\u00e4rv\u00e4\u00e4j\u00e4t etsiv\u00e4t rohkeita nuoria miehi\u00e4 j\u00e4\u00e4k\u00e4rikoulutukseen Saksaan. Toisessa tarinassa j\u00e4\u00e4k\u00e4rialokas ik\u00e4v\u00f6i Lockstedtissa kotimaahan j\u00e4\u00e4nytt\u00e4 rakastettuaan. Kolmannessa tarinassa ollaan vuonna 1916 maailmansodan it\u00e4rintamalla Misse-joella, jossa j\u00e4\u00e4k\u00e4rit hankkivat rintamakokemusta ja joutuvat tekemisiin kuoleman kanssa.<\/p>\n<p>Nelj\u00e4s tarina sijoittuu Liep\u0101jaan vuonna 1917 ja kertoo Suomeen paluuta odottavan j\u00e4\u00e4k\u00e4rin turhautumisesta sek\u00e4 koti-ik\u00e4v\u00e4st\u00e4. Siin\u00e4 kuvataan my\u00f6s kahden kotiseuduiltaan kauaksi joutuneen ihmisen kohtaamista maailmansodan py\u00f6rteiss\u00e4. Viimeisess\u00e4 viidenness\u00e4 tarinassa j\u00e4\u00e4k\u00e4rien p\u00e4\u00e4joukko on matkalla Vaasaan ja Suomen sis\u00e4llissotaan S\/S Arcturuksella.<\/p>\n<p>Viisi sarjakuvakertomusta raapaisevat sankarimyyttien pintaa ja piirt\u00e4v\u00e4t kuvan pienist\u00e4 ihmisist\u00e4 suurten mullistusten py\u00f6rteiss\u00e4. Jokaisessa tarinassa on mukana my\u00f6s kissa.<\/p>\n","protected":false},"excerpt":{"rendered":"<p>64 sivua | mv | sidottu Vaasan kaupungin museot, 2017 978-952-5057-41-6 Viisi kertomusta j\u00e4\u00e4k\u00e4riliikkeen historiasta. Tarinat ja niiden p\u00e4\u00e4henkil\u00f6t ovat fiktiivisi\u00e4, mutta ne mukailevat todellisia tapahtumia. Ensimm\u00e4inen tarina sijoittuu Pohjanmaalle vuonna 1915, jolloin v\u00e4rv\u00e4\u00e4j\u00e4t etsiv\u00e4t rohkeita nuoria miehi\u00e4 j\u00e4\u00e4k\u00e4rikoulutukseen Saksaan. Toisessa tarinassa j\u00e4\u00e4k\u00e4rialokas ik\u00e4v\u00f6i Lockstedtissa kotimaahan j\u00e4\u00e4nytt\u00e4 rakastettuaan. Kolmannessa tarinassa ollaan vuonna 1916 maailmansodan it\u00e4rintamalla [&hellip;]<\/p>\n","protected":false},"featured_media":721,"template":"","meta":[],"product_brand":[],"product_cat":[38],"product_tag":[48],"class_list":{"0":"post-720","1":"product","2":"type-product","3":"status-publish","4":"has-post-thumbnail","6":"product_cat-kirjat","7":"product_tag-mika-lietzen","8":"product_shipping_class-xxspaketti","10":"first","11":"instock","12":"shipping-taxable","13":"purchasable","14":"product-type-simple"},"yoast_head":"<!-- This site is optimized with the Yoast SEO plugin v27.3 - https:\/\/yoast.com\/product\/yoast-seo-wordpress\/ -->\n<title>Mika Lietz\u00e9n: J\u00e4\u00e4k\u00e4rit - viisi kertomusta - Asema Kustannus<\/title>\n<meta name=\"description\" content=\"V\u00e4in\u00f6 Tanner (1881-1966) oli nuoren itsen\u00e4isen Suomen merkitt\u00e4vimpi\u00e4 poliitikkoja. T\u00e4m\u00e4 sarjakuva kertoo h\u00e4nen el\u00e4m\u00e4ntarinansa.\" \/>\n<meta name=\"robots\" content=\"index, follow, max-snippet:-1, max-image-preview:large, max-video-preview:-1\" \/>\n<link rel=\"canonical\" href=\"https:\/\/www.asemakustannus.com\/kauppa\/tuote\/mika-lietzen-jaakarit-viisi-kertomusta\/\" \/>\n<meta property=\"og:locale\" content=\"fi_FI\" \/>\n<meta property=\"og:type\" content=\"article\" \/>\n<meta property=\"og:title\" content=\"Mika Lietz\u00e9n: J\u00e4\u00e4k\u00e4rit - viisi kertomusta - Asema Kustannus\" \/>\n<meta property=\"og:description\" content=\"V\u00e4in\u00f6 Tanner (1881-1966) oli nuoren itsen\u00e4isen Suomen merkitt\u00e4vimpi\u00e4 poliitikkoja. T\u00e4m\u00e4 sarjakuva kertoo h\u00e4nen el\u00e4m\u00e4ntarinansa.\" \/>\n<meta property=\"og:url\" content=\"https:\/\/www.asemakustannus.com\/kauppa\/tuote\/mika-lietzen-jaakarit-viisi-kertomusta\/\" \/>\n<meta property=\"og:site_name\" content=\"Asema Kustannus\" \/>\n<meta property=\"article:publisher\" content=\"https:\/\/www.facebook.com\/asemakustannus\" \/>\n<meta property=\"article:modified_time\" content=\"2022-09-14T09:45:19+00:00\" \/>\n<meta property=\"og:image\" content=\"https:\/\/www.asemakustannus.com\/kauppa\/wp-content\/uploads\/2022\/09\/jaakaritfin.jpg\" \/>\n\t<meta property=\"og:image:width\" content=\"1000\" \/>\n\t<meta property=\"og:image:height\" content=\"715\" \/>\n\t<meta property=\"og:image:type\" content=\"image\/jpeg\" \/>\n<meta name=\"twitter:card\" content=\"summary_large_image\" \/>\n<meta name=\"twitter:site\" content=\"@asemakustannus\" \/>\n<meta name=\"twitter:label1\" content=\"Arvioitu lukuaika\" \/>\n\t<meta name=\"twitter:data1\" content=\"1 minuutti\" \/>\n<script type=\"application\/ld+json\" class=\"yoast-schema-graph\">{\"@context\":\"https:\\\/\\\/schema.org\",\"@graph\":[{\"@type\":\"WebPage\",\"@id\":\"https:\\\/\\\/www.asemakustannus.com\\\/kauppa\\\/tuote\\\/mika-lietzen-jaakarit-viisi-kertomusta\\\/\",\"url\":\"https:\\\/\\\/www.asemakustannus.com\\\/kauppa\\\/tuote\\\/mika-lietzen-jaakarit-viisi-kertomusta\\\/\",\"name\":\"Mika Lietz\u00e9n: J\u00e4\u00e4k\u00e4rit - viisi kertomusta - Asema Kustannus\",\"isPartOf\":{\"@id\":\"https:\\\/\\\/www.asemakustannus.com\\\/kauppa\\\/#website\"},\"primaryImageOfPage\":{\"@id\":\"https:\\\/\\\/www.asemakustannus.com\\\/kauppa\\\/tuote\\\/mika-lietzen-jaakarit-viisi-kertomusta\\\/#primaryimage\"},\"image\":{\"@id\":\"https:\\\/\\\/www.asemakustannus.com\\\/kauppa\\\/tuote\\\/mika-lietzen-jaakarit-viisi-kertomusta\\\/#primaryimage\"},\"thumbnailUrl\":\"https:\\\/\\\/i0.wp.com\\\/www.asemakustannus.com\\\/kauppa\\\/wp-content\\\/uploads\\\/2022\\\/09\\\/jaakaritfin.jpg?fit=1000%2C715&ssl=1\",\"datePublished\":\"2022-09-14T09:31:27+00:00\",\"dateModified\":\"2022-09-14T09:45:19+00:00\",\"description\":\"V\u00e4in\u00f6 Tanner (1881-1966) oli nuoren itsen\u00e4isen Suomen merkitt\u00e4vimpi\u00e4 poliitikkoja. T\u00e4m\u00e4 sarjakuva kertoo h\u00e4nen el\u00e4m\u00e4ntarinansa.\",\"breadcrumb\":{\"@id\":\"https:\\\/\\\/www.asemakustannus.com\\\/kauppa\\\/tuote\\\/mika-lietzen-jaakarit-viisi-kertomusta\\\/#breadcrumb\"},\"inLanguage\":\"fi\",\"potentialAction\":[{\"@type\":\"ReadAction\",\"target\":[\"https:\\\/\\\/www.asemakustannus.com\\\/kauppa\\\/tuote\\\/mika-lietzen-jaakarit-viisi-kertomusta\\\/\"]}]},{\"@type\":\"ImageObject\",\"inLanguage\":\"fi\",\"@id\":\"https:\\\/\\\/www.asemakustannus.com\\\/kauppa\\\/tuote\\\/mika-lietzen-jaakarit-viisi-kertomusta\\\/#primaryimage\",\"url\":\"https:\\\/\\\/i0.wp.com\\\/www.asemakustannus.com\\\/kauppa\\\/wp-content\\\/uploads\\\/2022\\\/09\\\/jaakaritfin.jpg?fit=1000%2C715&ssl=1\",\"contentUrl\":\"https:\\\/\\\/i0.wp.com\\\/www.asemakustannus.com\\\/kauppa\\\/wp-content\\\/uploads\\\/2022\\\/09\\\/jaakaritfin.jpg?fit=1000%2C715&ssl=1\",\"width\":1000,\"height\":715},{\"@type\":\"BreadcrumbList\",\"@id\":\"https:\\\/\\\/www.asemakustannus.com\\\/kauppa\\\/tuote\\\/mika-lietzen-jaakarit-viisi-kertomusta\\\/#breadcrumb\",\"itemListElement\":[{\"@type\":\"ListItem\",\"position\":1,\"name\":\"Home\",\"item\":\"https:\\\/\\\/www.asemakustannus.com\\\/kauppa\\\/\"},{\"@type\":\"ListItem\",\"position\":2,\"name\":\"Kauppa\",\"item\":\"https:\\\/\\\/www.asemakustannus.com\\\/kauppa\\\/kauppa\\\/\"},{\"@type\":\"ListItem\",\"position\":3,\"name\":\"Mika Lietz\u00e9n: J\u00e4\u00e4k\u00e4rit &#8211; viisi kertomusta\"}]},{\"@type\":\"WebSite\",\"@id\":\"https:\\\/\\\/www.asemakustannus.com\\\/kauppa\\\/#website\",\"url\":\"https:\\\/\\\/www.asemakustannus.com\\\/kauppa\\\/\",\"name\":\"Asema Kustannus\",\"description\":\"Sarjakuvakauppa\",\"publisher\":{\"@id\":\"https:\\\/\\\/www.asemakustannus.com\\\/kauppa\\\/#organization\"},\"potentialAction\":[{\"@type\":\"SearchAction\",\"target\":{\"@type\":\"EntryPoint\",\"urlTemplate\":\"https:\\\/\\\/www.asemakustannus.com\\\/kauppa\\\/?s={search_term_string}\"},\"query-input\":{\"@type\":\"PropertyValueSpecification\",\"valueRequired\":true,\"valueName\":\"search_term_string\"}}],\"inLanguage\":\"fi\"},{\"@type\":\"Organization\",\"@id\":\"https:\\\/\\\/www.asemakustannus.com\\\/kauppa\\\/#organization\",\"name\":\"Asema Kustannus\",\"url\":\"https:\\\/\\\/www.asemakustannus.com\\\/kauppa\\\/\",\"logo\":{\"@type\":\"ImageObject\",\"inLanguage\":\"fi\",\"@id\":\"https:\\\/\\\/www.asemakustannus.com\\\/kauppa\\\/#\\\/schema\\\/logo\\\/image\\\/\",\"url\":\"https:\\\/\\\/www.asemakustannus.com\\\/kauppa\\\/wp-content\\\/uploads\\\/2021\\\/09\\\/181007768_141578281313342_8780310787852686686_n-1.jpeg\",\"contentUrl\":\"https:\\\/\\\/www.asemakustannus.com\\\/kauppa\\\/wp-content\\\/uploads\\\/2021\\\/09\\\/181007768_141578281313342_8780310787852686686_n-1.jpeg\",\"width\":300,\"height\":333,\"caption\":\"Asema Kustannus\"},\"image\":{\"@id\":\"https:\\\/\\\/www.asemakustannus.com\\\/kauppa\\\/#\\\/schema\\\/logo\\\/image\\\/\"},\"sameAs\":[\"https:\\\/\\\/www.facebook.com\\\/asemakustannus\",\"https:\\\/\\\/x.com\\\/asemakustannus\",\"https:\\\/\\\/www.instagram.com\\\/asemakustannus\\\/\"]}]}<\/script>\n<!-- \/ Yoast SEO plugin. -->","yoast_head_json":{"title":"Mika Lietz\u00e9n: J\u00e4\u00e4k\u00e4rit - viisi kertomusta - Asema Kustannus","description":"V\u00e4in\u00f6 Tanner (1881-1966) oli nuoren itsen\u00e4isen Suomen merkitt\u00e4vimpi\u00e4 poliitikkoja. T\u00e4m\u00e4 sarjakuva kertoo h\u00e4nen el\u00e4m\u00e4ntarinansa.","robots":{"index":"index","follow":"follow","max-snippet":"max-snippet:-1","max-image-preview":"max-image-preview:large","max-video-preview":"max-video-preview:-1"},"canonical":"https:\/\/www.asemakustannus.com\/kauppa\/tuote\/mika-lietzen-jaakarit-viisi-kertomusta\/","og_locale":"fi_FI","og_type":"article","og_title":"Mika Lietz\u00e9n: J\u00e4\u00e4k\u00e4rit - viisi kertomusta - Asema Kustannus","og_description":"V\u00e4in\u00f6 Tanner (1881-1966) oli nuoren itsen\u00e4isen Suomen merkitt\u00e4vimpi\u00e4 poliitikkoja. T\u00e4m\u00e4 sarjakuva kertoo h\u00e4nen el\u00e4m\u00e4ntarinansa.","og_url":"https:\/\/www.asemakustannus.com\/kauppa\/tuote\/mika-lietzen-jaakarit-viisi-kertomusta\/","og_site_name":"Asema Kustannus","article_publisher":"https:\/\/www.facebook.com\/asemakustannus","article_modified_time":"2022-09-14T09:45:19+00:00","og_image":[{"width":1000,"height":715,"url":"https:\/\/www.asemakustannus.com\/kauppa\/wp-content\/uploads\/2022\/09\/jaakaritfin.jpg","type":"image\/jpeg"}],"twitter_card":"summary_large_image","twitter_site":"@asemakustannus","twitter_misc":{"Arvioitu lukuaika":"1 minuutti"},"schema":{"@context":"https:\/\/schema.org","@graph":[{"@type":"WebPage","@id":"https:\/\/www.asemakustannus.com\/kauppa\/tuote\/mika-lietzen-jaakarit-viisi-kertomusta\/","url":"https:\/\/www.asemakustannus.com\/kauppa\/tuote\/mika-lietzen-jaakarit-viisi-kertomusta\/","name":"Mika Lietz\u00e9n: J\u00e4\u00e4k\u00e4rit - viisi kertomusta - Asema Kustannus","isPartOf":{"@id":"https:\/\/www.asemakustannus.com\/kauppa\/#website"},"primaryImageOfPage":{"@id":"https:\/\/www.asemakustannus.com\/kauppa\/tuote\/mika-lietzen-jaakarit-viisi-kertomusta\/#primaryimage"},"image":{"@id":"https:\/\/www.asemakustannus.com\/kauppa\/tuote\/mika-lietzen-jaakarit-viisi-kertomusta\/#primaryimage"},"thumbnailUrl":"https:\/\/i0.wp.com\/www.asemakustannus.com\/kauppa\/wp-content\/uploads\/2022\/09\/jaakaritfin.jpg?fit=1000%2C715&ssl=1","datePublished":"2022-09-14T09:31:27+00:00","dateModified":"2022-09-14T09:45:19+00:00","description":"V\u00e4in\u00f6 Tanner (1881-1966) oli nuoren itsen\u00e4isen Suomen merkitt\u00e4vimpi\u00e4 poliitikkoja. T\u00e4m\u00e4 sarjakuva kertoo h\u00e4nen el\u00e4m\u00e4ntarinansa.","breadcrumb":{"@id":"https:\/\/www.asemakustannus.com\/kauppa\/tuote\/mika-lietzen-jaakarit-viisi-kertomusta\/#breadcrumb"},"inLanguage":"fi","potentialAction":[{"@type":"ReadAction","target":["https:\/\/www.asemakustannus.com\/kauppa\/tuote\/mika-lietzen-jaakarit-viisi-kertomusta\/"]}]},{"@type":"ImageObject","inLanguage":"fi","@id":"https:\/\/www.asemakustannus.com\/kauppa\/tuote\/mika-lietzen-jaakarit-viisi-kertomusta\/#primaryimage","url":"https:\/\/i0.wp.com\/www.asemakustannus.com\/kauppa\/wp-content\/uploads\/2022\/09\/jaakaritfin.jpg?fit=1000%2C715&ssl=1","contentUrl":"https:\/\/i0.wp.com\/www.asemakustannus.com\/kauppa\/wp-content\/uploads\/2022\/09\/jaakaritfin.jpg?fit=1000%2C715&ssl=1","width":1000,"height":715},{"@type":"BreadcrumbList","@id":"https:\/\/www.asemakustannus.com\/kauppa\/tuote\/mika-lietzen-jaakarit-viisi-kertomusta\/#breadcrumb","itemListElement":[{"@type":"ListItem","position":1,"name":"Home","item":"https:\/\/www.asemakustannus.com\/kauppa\/"},{"@type":"ListItem","position":2,"name":"Kauppa","item":"https:\/\/www.asemakustannus.com\/kauppa\/kauppa\/"},{"@type":"ListItem","position":3,"name":"Mika Lietz\u00e9n: J\u00e4\u00e4k\u00e4rit &#8211; viisi kertomusta"}]},{"@type":"WebSite","@id":"https:\/\/www.asemakustannus.com\/kauppa\/#website","url":"https:\/\/www.asemakustannus.com\/kauppa\/","name":"Asema Kustannus","description":"Sarjakuvakauppa","publisher":{"@id":"https:\/\/www.asemakustannus.com\/kauppa\/#organization"},"potentialAction":[{"@type":"SearchAction","target":{"@type":"EntryPoint","urlTemplate":"https:\/\/www.asemakustannus.com\/kauppa\/?s={search_term_string}"},"query-input":{"@type":"PropertyValueSpecification","valueRequired":true,"valueName":"search_term_string"}}],"inLanguage":"fi"},{"@type":"Organization","@id":"https:\/\/www.asemakustannus.com\/kauppa\/#organization","name":"Asema Kustannus","url":"https:\/\/www.asemakustannus.com\/kauppa\/","logo":{"@type":"ImageObject","inLanguage":"fi","@id":"https:\/\/www.asemakustannus.com\/kauppa\/#\/schema\/logo\/image\/","url":"https:\/\/www.asemakustannus.com\/kauppa\/wp-content\/uploads\/2021\/09\/181007768_141578281313342_8780310787852686686_n-1.jpeg","contentUrl":"https:\/\/www.asemakustannus.com\/kauppa\/wp-content\/uploads\/2021\/09\/181007768_141578281313342_8780310787852686686_n-1.jpeg","width":300,"height":333,"caption":"Asema Kustannus"},"image":{"@id":"https:\/\/www.asemakustannus.com\/kauppa\/#\/schema\/logo\/image\/"},"sameAs":["https:\/\/www.facebook.com\/asemakustannus","https:\/\/x.com\/asemakustannus","https:\/\/www.instagram.com\/asemakustannus\/"]}]}},"jetpack_sharing_enabled":true,"_links":{"self":[{"href":"https:\/\/www.asemakustannus.com\/kauppa\/wp-json\/wp\/v2\/product\/720","targetHints":{"allow":["GET"]}}],"collection":[{"href":"https:\/\/www.asemakustannus.com\/kauppa\/wp-json\/wp\/v2\/product"}],"about":[{"href":"https:\/\/www.asemakustannus.com\/kauppa\/wp-json\/wp\/v2\/types\/product"}],"wp:featuredmedia":[{"embeddable":true,"href":"https:\/\/www.asemakustannus.com\/kauppa\/wp-json\/wp\/v2\/media\/721"}],"wp:attachment":[{"href":"https:\/\/www.asemakustannus.com\/kauppa\/wp-json\/wp\/v2\/media?parent=720"}],"wp:term":[{"taxonomy":"product_brand","embeddable":true,"href":"https:\/\/www.asemakustannus.com\/kauppa\/wp-json\/wp\/v2\/product_brand?post=720"},{"taxonomy":"product_cat","embeddable":true,"href":"https:\/\/www.asemakustannus.com\/kauppa\/wp-json\/wp\/v2\/product_cat?post=720"},{"taxonomy":"product_tag","embeddable":true,"href":"https:\/\/www.asemakustannus.com\/kauppa\/wp-json\/wp\/v2\/product_tag?post=720"}],"curies":[{"name":"wp","href":"https:\/\/api.w.org\/{rel}","templated":true}]}}