{"id":785,"date":"2024-02-21T15:07:52","date_gmt":"2024-02-21T13:07:52","guid":{"rendered":"https:\/\/www.asemakustannus.com\/kauppa\/?post_type=product&#038;p=785"},"modified":"2024-08-05T09:38:26","modified_gmt":"2024-08-05T06:38:26","slug":"mika-lietzen-death-metal","status":"publish","type":"product","link":"https:\/\/www.asemakustannus.com\/kauppa\/tuote\/mika-lietzen-death-metal\/","title":{"rendered":"Mika Lietzen: Death Metal"},"content":{"rendered":"<p>88 sivua | v\u00e4rillinen | sidottu | 205 x 275 mm<\/p>\n<p>Zum Teufel, 2024<\/p>\n<p>ISBN 978-952-7454-58-9<\/p>\n<p>Jossakin kaukana Floridan auringosta Lauran, Sanen, Sonjan ja Markuksen b\u00e4ndi The Suffering soittaa metallia fanittamiensa Deathin ja Obituaryn hengess\u00e4.<\/p>\n<p>Yll\u00e4tt\u00e4en nuorille avautuu tilaisuus \u00e4\u00e4nitt\u00e4\u00e4 demonauha oikeassa studiossa \u2014 mutta onnenpotkulla on kohtalokas k\u00e4\u00e4nt\u00f6puolensa. 90-luvun alun Turkuun sijoittuva l\u00e4mminhenkinen ja hienovarainen tarina kertoo yst\u00e4vyydest\u00e4 ja siit\u00e4 miten vakavienkin asioiden \u00e4\u00e4rell\u00e4 voi valita ep\u00e4toivon sijaan toivon.<\/p>\n<p>Death Metal on kertomus el\u00e4m\u00e4st\u00e4, kuolemasta ja brutaalista \u00e4\u00e4rimetallista.<\/p>\n<p>Mika Lietzen (s. 1974) on turkulainen sarjakuvantekij\u00e4, jonka tunnusmerkkej\u00e4 ovat selke\u00e4 piirrosj\u00e4lki ja koskettavat tarinat. Lietzenin aiempia teoksia ovat mm. 1986 (2014) ja Alkoholi (2023).<\/p>\n","protected":false},"excerpt":{"rendered":"<p>88 sivua | v\u00e4rillinen | sidottu | 205 x 275 mm Zum Teufel, 2024 ISBN 978-952-7454-58-9 Jossakin kaukana Floridan auringosta Lauran, Sanen, Sonjan ja Markuksen b\u00e4ndi The Suffering soittaa metallia fanittamiensa Deathin ja Obituaryn hengess\u00e4. Yll\u00e4tt\u00e4en nuorille avautuu tilaisuus \u00e4\u00e4nitt\u00e4\u00e4 demonauha oikeassa studiossa \u2014 mutta onnenpotkulla on kohtalokas k\u00e4\u00e4nt\u00f6puolensa. 90-luvun alun Turkuun sijoittuva l\u00e4mminhenkinen ja [&hellip;]<\/p>\n","protected":false},"featured_media":786,"template":"","meta":[],"product_brand":[],"product_cat":[38],"product_tag":[48],"class_list":{"0":"post-785","1":"product","2":"type-product","3":"status-publish","4":"has-post-thumbnail","6":"product_cat-kirjat","7":"product_tag-mika-lietzen","8":"product_shipping_class-xxspaketti","10":"first","11":"instock","12":"shipping-taxable","13":"purchasable","14":"product-type-simple"},"yoast_head":"<!-- This site is optimized with the Yoast SEO plugin v27.3 - https:\/\/yoast.com\/product\/yoast-seo-wordpress\/ -->\n<title>Mika Lietzen: Death Metal - Asema Kustannus<\/title>\n<meta name=\"description\" content=\"Mika Lietzen, Death Metal, Sarjakuva\" \/>\n<meta name=\"robots\" content=\"index, follow, max-snippet:-1, max-image-preview:large, max-video-preview:-1\" \/>\n<link rel=\"canonical\" href=\"https:\/\/www.asemakustannus.com\/kauppa\/tuote\/mika-lietzen-death-metal\/\" \/>\n<meta property=\"og:locale\" content=\"fi_FI\" \/>\n<meta property=\"og:type\" content=\"article\" \/>\n<meta property=\"og:title\" content=\"Mika Lietzen: Death Metal - Asema Kustannus\" \/>\n<meta property=\"og:description\" content=\"Mika Lietzen, Death Metal, Sarjakuva\" \/>\n<meta property=\"og:url\" content=\"https:\/\/www.asemakustannus.com\/kauppa\/tuote\/mika-lietzen-death-metal\/\" \/>\n<meta property=\"og:site_name\" content=\"Asema Kustannus\" \/>\n<meta property=\"article:publisher\" content=\"https:\/\/www.facebook.com\/asemakustannus\" \/>\n<meta property=\"article:modified_time\" content=\"2024-08-05T06:38:26+00:00\" \/>\n<meta property=\"og:image\" content=\"https:\/\/www.asemakustannus.com\/kauppa\/wp-content\/uploads\/2024\/02\/Deathmetal-cover_2048px-scaled.jpg\" \/>\n\t<meta property=\"og:image:width\" content=\"1913\" \/>\n\t<meta property=\"og:image:height\" content=\"2560\" \/>\n\t<meta property=\"og:image:type\" content=\"image\/jpeg\" \/>\n<meta name=\"twitter:card\" content=\"summary_large_image\" \/>\n<meta name=\"twitter:site\" content=\"@asemakustannus\" \/>\n<meta name=\"twitter:label1\" content=\"Arvioitu lukuaika\" \/>\n\t<meta name=\"twitter:data1\" content=\"1 minuutti\" \/>\n<script type=\"application\/ld+json\" class=\"yoast-schema-graph\">{\"@context\":\"https:\\\/\\\/schema.org\",\"@graph\":[{\"@type\":\"WebPage\",\"@id\":\"https:\\\/\\\/www.asemakustannus.com\\\/kauppa\\\/tuote\\\/mika-lietzen-death-metal\\\/\",\"url\":\"https:\\\/\\\/www.asemakustannus.com\\\/kauppa\\\/tuote\\\/mika-lietzen-death-metal\\\/\",\"name\":\"Mika Lietzen: Death Metal - Asema Kustannus\",\"isPartOf\":{\"@id\":\"https:\\\/\\\/www.asemakustannus.com\\\/kauppa\\\/#website\"},\"primaryImageOfPage\":{\"@id\":\"https:\\\/\\\/www.asemakustannus.com\\\/kauppa\\\/tuote\\\/mika-lietzen-death-metal\\\/#primaryimage\"},\"image\":{\"@id\":\"https:\\\/\\\/www.asemakustannus.com\\\/kauppa\\\/tuote\\\/mika-lietzen-death-metal\\\/#primaryimage\"},\"thumbnailUrl\":\"https:\\\/\\\/i0.wp.com\\\/www.asemakustannus.com\\\/kauppa\\\/wp-content\\\/uploads\\\/2024\\\/02\\\/Deathmetal-cover_2048px-scaled.jpg?fit=1913%2C2560&ssl=1\",\"datePublished\":\"2024-02-21T13:07:52+00:00\",\"dateModified\":\"2024-08-05T06:38:26+00:00\",\"description\":\"Mika Lietzen, Death Metal, Sarjakuva\",\"breadcrumb\":{\"@id\":\"https:\\\/\\\/www.asemakustannus.com\\\/kauppa\\\/tuote\\\/mika-lietzen-death-metal\\\/#breadcrumb\"},\"inLanguage\":\"fi\",\"potentialAction\":[{\"@type\":\"ReadAction\",\"target\":[\"https:\\\/\\\/www.asemakustannus.com\\\/kauppa\\\/tuote\\\/mika-lietzen-death-metal\\\/\"]}]},{\"@type\":\"ImageObject\",\"inLanguage\":\"fi\",\"@id\":\"https:\\\/\\\/www.asemakustannus.com\\\/kauppa\\\/tuote\\\/mika-lietzen-death-metal\\\/#primaryimage\",\"url\":\"https:\\\/\\\/i0.wp.com\\\/www.asemakustannus.com\\\/kauppa\\\/wp-content\\\/uploads\\\/2024\\\/02\\\/Deathmetal-cover_2048px-scaled.jpg?fit=1913%2C2560&ssl=1\",\"contentUrl\":\"https:\\\/\\\/i0.wp.com\\\/www.asemakustannus.com\\\/kauppa\\\/wp-content\\\/uploads\\\/2024\\\/02\\\/Deathmetal-cover_2048px-scaled.jpg?fit=1913%2C2560&ssl=1\",\"width\":1913,\"height\":2560},{\"@type\":\"BreadcrumbList\",\"@id\":\"https:\\\/\\\/www.asemakustannus.com\\\/kauppa\\\/tuote\\\/mika-lietzen-death-metal\\\/#breadcrumb\",\"itemListElement\":[{\"@type\":\"ListItem\",\"position\":1,\"name\":\"Home\",\"item\":\"https:\\\/\\\/www.asemakustannus.com\\\/kauppa\\\/\"},{\"@type\":\"ListItem\",\"position\":2,\"name\":\"Kauppa\",\"item\":\"https:\\\/\\\/www.asemakustannus.com\\\/kauppa\\\/kauppa\\\/\"},{\"@type\":\"ListItem\",\"position\":3,\"name\":\"Mika Lietzen: Death Metal\"}]},{\"@type\":\"WebSite\",\"@id\":\"https:\\\/\\\/www.asemakustannus.com\\\/kauppa\\\/#website\",\"url\":\"https:\\\/\\\/www.asemakustannus.com\\\/kauppa\\\/\",\"name\":\"Asema Kustannus\",\"description\":\"Sarjakuvakauppa\",\"publisher\":{\"@id\":\"https:\\\/\\\/www.asemakustannus.com\\\/kauppa\\\/#organization\"},\"potentialAction\":[{\"@type\":\"SearchAction\",\"target\":{\"@type\":\"EntryPoint\",\"urlTemplate\":\"https:\\\/\\\/www.asemakustannus.com\\\/kauppa\\\/?s={search_term_string}\"},\"query-input\":{\"@type\":\"PropertyValueSpecification\",\"valueRequired\":true,\"valueName\":\"search_term_string\"}}],\"inLanguage\":\"fi\"},{\"@type\":\"Organization\",\"@id\":\"https:\\\/\\\/www.asemakustannus.com\\\/kauppa\\\/#organization\",\"name\":\"Asema Kustannus\",\"url\":\"https:\\\/\\\/www.asemakustannus.com\\\/kauppa\\\/\",\"logo\":{\"@type\":\"ImageObject\",\"inLanguage\":\"fi\",\"@id\":\"https:\\\/\\\/www.asemakustannus.com\\\/kauppa\\\/#\\\/schema\\\/logo\\\/image\\\/\",\"url\":\"https:\\\/\\\/www.asemakustannus.com\\\/kauppa\\\/wp-content\\\/uploads\\\/2021\\\/09\\\/181007768_141578281313342_8780310787852686686_n-1.jpeg\",\"contentUrl\":\"https:\\\/\\\/www.asemakustannus.com\\\/kauppa\\\/wp-content\\\/uploads\\\/2021\\\/09\\\/181007768_141578281313342_8780310787852686686_n-1.jpeg\",\"width\":300,\"height\":333,\"caption\":\"Asema Kustannus\"},\"image\":{\"@id\":\"https:\\\/\\\/www.asemakustannus.com\\\/kauppa\\\/#\\\/schema\\\/logo\\\/image\\\/\"},\"sameAs\":[\"https:\\\/\\\/www.facebook.com\\\/asemakustannus\",\"https:\\\/\\\/x.com\\\/asemakustannus\",\"https:\\\/\\\/www.instagram.com\\\/asemakustannus\\\/\"]}]}<\/script>\n<!-- \/ Yoast SEO plugin. -->","yoast_head_json":{"title":"Mika Lietzen: Death Metal - Asema Kustannus","description":"Mika Lietzen, Death Metal, Sarjakuva","robots":{"index":"index","follow":"follow","max-snippet":"max-snippet:-1","max-image-preview":"max-image-preview:large","max-video-preview":"max-video-preview:-1"},"canonical":"https:\/\/www.asemakustannus.com\/kauppa\/tuote\/mika-lietzen-death-metal\/","og_locale":"fi_FI","og_type":"article","og_title":"Mika Lietzen: Death Metal - Asema Kustannus","og_description":"Mika Lietzen, Death Metal, Sarjakuva","og_url":"https:\/\/www.asemakustannus.com\/kauppa\/tuote\/mika-lietzen-death-metal\/","og_site_name":"Asema Kustannus","article_publisher":"https:\/\/www.facebook.com\/asemakustannus","article_modified_time":"2024-08-05T06:38:26+00:00","og_image":[{"width":1913,"height":2560,"url":"https:\/\/www.asemakustannus.com\/kauppa\/wp-content\/uploads\/2024\/02\/Deathmetal-cover_2048px-scaled.jpg","type":"image\/jpeg"}],"twitter_card":"summary_large_image","twitter_site":"@asemakustannus","twitter_misc":{"Arvioitu lukuaika":"1 minuutti"},"schema":{"@context":"https:\/\/schema.org","@graph":[{"@type":"WebPage","@id":"https:\/\/www.asemakustannus.com\/kauppa\/tuote\/mika-lietzen-death-metal\/","url":"https:\/\/www.asemakustannus.com\/kauppa\/tuote\/mika-lietzen-death-metal\/","name":"Mika Lietzen: Death Metal - Asema Kustannus","isPartOf":{"@id":"https:\/\/www.asemakustannus.com\/kauppa\/#website"},"primaryImageOfPage":{"@id":"https:\/\/www.asemakustannus.com\/kauppa\/tuote\/mika-lietzen-death-metal\/#primaryimage"},"image":{"@id":"https:\/\/www.asemakustannus.com\/kauppa\/tuote\/mika-lietzen-death-metal\/#primaryimage"},"thumbnailUrl":"https:\/\/i0.wp.com\/www.asemakustannus.com\/kauppa\/wp-content\/uploads\/2024\/02\/Deathmetal-cover_2048px-scaled.jpg?fit=1913%2C2560&ssl=1","datePublished":"2024-02-21T13:07:52+00:00","dateModified":"2024-08-05T06:38:26+00:00","description":"Mika Lietzen, Death Metal, Sarjakuva","breadcrumb":{"@id":"https:\/\/www.asemakustannus.com\/kauppa\/tuote\/mika-lietzen-death-metal\/#breadcrumb"},"inLanguage":"fi","potentialAction":[{"@type":"ReadAction","target":["https:\/\/www.asemakustannus.com\/kauppa\/tuote\/mika-lietzen-death-metal\/"]}]},{"@type":"ImageObject","inLanguage":"fi","@id":"https:\/\/www.asemakustannus.com\/kauppa\/tuote\/mika-lietzen-death-metal\/#primaryimage","url":"https:\/\/i0.wp.com\/www.asemakustannus.com\/kauppa\/wp-content\/uploads\/2024\/02\/Deathmetal-cover_2048px-scaled.jpg?fit=1913%2C2560&ssl=1","contentUrl":"https:\/\/i0.wp.com\/www.asemakustannus.com\/kauppa\/wp-content\/uploads\/2024\/02\/Deathmetal-cover_2048px-scaled.jpg?fit=1913%2C2560&ssl=1","width":1913,"height":2560},{"@type":"BreadcrumbList","@id":"https:\/\/www.asemakustannus.com\/kauppa\/tuote\/mika-lietzen-death-metal\/#breadcrumb","itemListElement":[{"@type":"ListItem","position":1,"name":"Home","item":"https:\/\/www.asemakustannus.com\/kauppa\/"},{"@type":"ListItem","position":2,"name":"Kauppa","item":"https:\/\/www.asemakustannus.com\/kauppa\/kauppa\/"},{"@type":"ListItem","position":3,"name":"Mika Lietzen: Death Metal"}]},{"@type":"WebSite","@id":"https:\/\/www.asemakustannus.com\/kauppa\/#website","url":"https:\/\/www.asemakustannus.com\/kauppa\/","name":"Asema Kustannus","description":"Sarjakuvakauppa","publisher":{"@id":"https:\/\/www.asemakustannus.com\/kauppa\/#organization"},"potentialAction":[{"@type":"SearchAction","target":{"@type":"EntryPoint","urlTemplate":"https:\/\/www.asemakustannus.com\/kauppa\/?s={search_term_string}"},"query-input":{"@type":"PropertyValueSpecification","valueRequired":true,"valueName":"search_term_string"}}],"inLanguage":"fi"},{"@type":"Organization","@id":"https:\/\/www.asemakustannus.com\/kauppa\/#organization","name":"Asema Kustannus","url":"https:\/\/www.asemakustannus.com\/kauppa\/","logo":{"@type":"ImageObject","inLanguage":"fi","@id":"https:\/\/www.asemakustannus.com\/kauppa\/#\/schema\/logo\/image\/","url":"https:\/\/www.asemakustannus.com\/kauppa\/wp-content\/uploads\/2021\/09\/181007768_141578281313342_8780310787852686686_n-1.jpeg","contentUrl":"https:\/\/www.asemakustannus.com\/kauppa\/wp-content\/uploads\/2021\/09\/181007768_141578281313342_8780310787852686686_n-1.jpeg","width":300,"height":333,"caption":"Asema Kustannus"},"image":{"@id":"https:\/\/www.asemakustannus.com\/kauppa\/#\/schema\/logo\/image\/"},"sameAs":["https:\/\/www.facebook.com\/asemakustannus","https:\/\/x.com\/asemakustannus","https:\/\/www.instagram.com\/asemakustannus\/"]}]}},"jetpack_sharing_enabled":true,"_links":{"self":[{"href":"https:\/\/www.asemakustannus.com\/kauppa\/wp-json\/wp\/v2\/product\/785","targetHints":{"allow":["GET"]}}],"collection":[{"href":"https:\/\/www.asemakustannus.com\/kauppa\/wp-json\/wp\/v2\/product"}],"about":[{"href":"https:\/\/www.asemakustannus.com\/kauppa\/wp-json\/wp\/v2\/types\/product"}],"wp:featuredmedia":[{"embeddable":true,"href":"https:\/\/www.asemakustannus.com\/kauppa\/wp-json\/wp\/v2\/media\/786"}],"wp:attachment":[{"href":"https:\/\/www.asemakustannus.com\/kauppa\/wp-json\/wp\/v2\/media?parent=785"}],"wp:term":[{"taxonomy":"product_brand","embeddable":true,"href":"https:\/\/www.asemakustannus.com\/kauppa\/wp-json\/wp\/v2\/product_brand?post=785"},{"taxonomy":"product_cat","embeddable":true,"href":"https:\/\/www.asemakustannus.com\/kauppa\/wp-json\/wp\/v2\/product_cat?post=785"},{"taxonomy":"product_tag","embeddable":true,"href":"https:\/\/www.asemakustannus.com\/kauppa\/wp-json\/wp\/v2\/product_tag?post=785"}],"curies":[{"name":"wp","href":"https:\/\/api.w.org\/{rel}","templated":true}]}}