{"id":850,"date":"2024-12-10T13:12:12","date_gmt":"2024-12-10T11:12:12","guid":{"rendered":"https:\/\/www.asemakustannus.com\/kauppa\/?post_type=product&#038;p=850"},"modified":"2025-01-29T11:23:50","modified_gmt":"2025-01-29T09:23:50","slug":"mika-lietzen-lohikaarmeen-varvas","status":"publish","type":"product","link":"https:\/\/www.asemakustannus.com\/kauppa\/tuote\/mika-lietzen-lohikaarmeen-varvas\/","title":{"rendered":"Mika Lietzen: Lohik\u00e4\u00e4rmeen varvas (ilmainen ekirja)"},"content":{"rendered":"<p>Mika Lietzenin kauan loppuunmyyty ensimm\u00e4inen teos Lohik\u00e4\u00e4rmeen varvas (2003) nyt luettavissa ilmaiseksi!<\/p>\n<p>Kes\u00e4loma saaristossa saa j\u00e4nnitt\u00e4v\u00e4n k\u00e4\u00e4nteen kun p\u00e4\u00e4henkil\u00f6 huomaa Tintti-albumi Sinisen lootuksen kannessa ylim\u00e4\u00e4r\u00e4isen varpaan.<\/p>\n<p><a href=\"https:\/\/archive.org\/details\/lohikaarmeen_varvas_2003_202501\" target=\"_blank\" rel=\"noopener\">Lue sarjakuva ilmaiseksi Internet Archivessa<\/a>! (linkki avaa uuden v\u00e4lilehden)<\/p>\n<p>Muita loppuunmyytyj\u00e4 teoksia vuosien varrelta tulossa vuoden 2025 aikana.<\/p>\n","protected":false},"excerpt":{"rendered":"<p>Mika Lietzenin kauan loppuunmyyty ensimm\u00e4inen teos Lohik\u00e4\u00e4rmeen varvas (2003) nyt luettavissa ilmaiseksi! Kes\u00e4loma saaristossa saa j\u00e4nnitt\u00e4v\u00e4n k\u00e4\u00e4nteen kun p\u00e4\u00e4henkil\u00f6 huomaa Tintti-albumi Sinisen lootuksen kannessa ylim\u00e4\u00e4r\u00e4isen varpaan. Lue sarjakuva ilmaiseksi Internet Archivessa! (linkki avaa uuden v\u00e4lilehden) Muita loppuunmyytyj\u00e4 teoksia vuosien varrelta tulossa vuoden 2025 aikana.<\/p>\n","protected":false},"featured_media":851,"template":"","meta":[],"product_brand":[],"product_cat":[38,39],"product_tag":[48],"class_list":{"0":"post-850","1":"product","2":"type-product","3":"status-publish","4":"has-post-thumbnail","6":"product_cat-kirjat","7":"product_cat-lehdet","8":"product_tag-mika-lietzen","10":"first","11":"instock","12":"virtual","13":"product-type-simple"},"yoast_head":"<!-- This site is optimized with the Yoast SEO plugin v27.3 - https:\/\/yoast.com\/product\/yoast-seo-wordpress\/ -->\n<title>Mika Lietzen: Lohik\u00e4\u00e4rmeen varvas (ilmainen ekirja) - Asema Kustannus<\/title>\n<meta name=\"robots\" content=\"index, follow, max-snippet:-1, max-image-preview:large, max-video-preview:-1\" \/>\n<link rel=\"canonical\" href=\"https:\/\/www.asemakustannus.com\/kauppa\/tuote\/mika-lietzen-lohikaarmeen-varvas\/\" \/>\n<meta property=\"og:locale\" content=\"fi_FI\" \/>\n<meta property=\"og:type\" content=\"article\" \/>\n<meta property=\"og:title\" content=\"Mika Lietzen: Lohik\u00e4\u00e4rmeen varvas (ilmainen ekirja) - Asema Kustannus\" \/>\n<meta property=\"og:description\" content=\"Mika Lietzenin kauan loppuunmyyty ensimm\u00e4inen teos Lohik\u00e4\u00e4rmeen varvas (2003) nyt luettavissa ilmaiseksi! Kes\u00e4loma saaristossa saa j\u00e4nnitt\u00e4v\u00e4n k\u00e4\u00e4nteen kun p\u00e4\u00e4henkil\u00f6 huomaa Tintti-albumi Sinisen lootuksen kannessa ylim\u00e4\u00e4r\u00e4isen varpaan. Lue sarjakuva ilmaiseksi Internet Archivessa! (linkki avaa uuden v\u00e4lilehden) Muita loppuunmyytyj\u00e4 teoksia vuosien varrelta tulossa vuoden 2025 aikana.\" \/>\n<meta property=\"og:url\" content=\"https:\/\/www.asemakustannus.com\/kauppa\/tuote\/mika-lietzen-lohikaarmeen-varvas\/\" \/>\n<meta property=\"og:site_name\" content=\"Asema Kustannus\" \/>\n<meta property=\"article:publisher\" content=\"https:\/\/www.facebook.com\/asemakustannus\" \/>\n<meta property=\"article:modified_time\" content=\"2025-01-29T09:23:50+00:00\" \/>\n<meta property=\"og:image\" content=\"https:\/\/www.asemakustannus.com\/kauppa\/wp-content\/uploads\/2024\/12\/lohikansi.jpg\" \/>\n\t<meta property=\"og:image:width\" content=\"1000\" \/>\n\t<meta property=\"og:image:height\" content=\"1407\" \/>\n\t<meta property=\"og:image:type\" content=\"image\/jpeg\" \/>\n<meta name=\"twitter:card\" content=\"summary_large_image\" \/>\n<meta name=\"twitter:site\" content=\"@asemakustannus\" \/>\n<script type=\"application\/ld+json\" class=\"yoast-schema-graph\">{\"@context\":\"https:\\\/\\\/schema.org\",\"@graph\":[{\"@type\":\"WebPage\",\"@id\":\"https:\\\/\\\/www.asemakustannus.com\\\/kauppa\\\/tuote\\\/mika-lietzen-lohikaarmeen-varvas\\\/\",\"url\":\"https:\\\/\\\/www.asemakustannus.com\\\/kauppa\\\/tuote\\\/mika-lietzen-lohikaarmeen-varvas\\\/\",\"name\":\"Mika Lietzen: Lohik\u00e4\u00e4rmeen varvas (ilmainen ekirja) - Asema Kustannus\",\"isPartOf\":{\"@id\":\"https:\\\/\\\/www.asemakustannus.com\\\/kauppa\\\/#website\"},\"primaryImageOfPage\":{\"@id\":\"https:\\\/\\\/www.asemakustannus.com\\\/kauppa\\\/tuote\\\/mika-lietzen-lohikaarmeen-varvas\\\/#primaryimage\"},\"image\":{\"@id\":\"https:\\\/\\\/www.asemakustannus.com\\\/kauppa\\\/tuote\\\/mika-lietzen-lohikaarmeen-varvas\\\/#primaryimage\"},\"thumbnailUrl\":\"https:\\\/\\\/i0.wp.com\\\/www.asemakustannus.com\\\/kauppa\\\/wp-content\\\/uploads\\\/2024\\\/12\\\/lohikansi.jpg?fit=1000%2C1407&ssl=1\",\"datePublished\":\"2024-12-10T11:12:12+00:00\",\"dateModified\":\"2025-01-29T09:23:50+00:00\",\"breadcrumb\":{\"@id\":\"https:\\\/\\\/www.asemakustannus.com\\\/kauppa\\\/tuote\\\/mika-lietzen-lohikaarmeen-varvas\\\/#breadcrumb\"},\"inLanguage\":\"fi\",\"potentialAction\":[{\"@type\":\"ReadAction\",\"target\":[\"https:\\\/\\\/www.asemakustannus.com\\\/kauppa\\\/tuote\\\/mika-lietzen-lohikaarmeen-varvas\\\/\"]}]},{\"@type\":\"ImageObject\",\"inLanguage\":\"fi\",\"@id\":\"https:\\\/\\\/www.asemakustannus.com\\\/kauppa\\\/tuote\\\/mika-lietzen-lohikaarmeen-varvas\\\/#primaryimage\",\"url\":\"https:\\\/\\\/i0.wp.com\\\/www.asemakustannus.com\\\/kauppa\\\/wp-content\\\/uploads\\\/2024\\\/12\\\/lohikansi.jpg?fit=1000%2C1407&ssl=1\",\"contentUrl\":\"https:\\\/\\\/i0.wp.com\\\/www.asemakustannus.com\\\/kauppa\\\/wp-content\\\/uploads\\\/2024\\\/12\\\/lohikansi.jpg?fit=1000%2C1407&ssl=1\",\"width\":1000,\"height\":1407},{\"@type\":\"BreadcrumbList\",\"@id\":\"https:\\\/\\\/www.asemakustannus.com\\\/kauppa\\\/tuote\\\/mika-lietzen-lohikaarmeen-varvas\\\/#breadcrumb\",\"itemListElement\":[{\"@type\":\"ListItem\",\"position\":1,\"name\":\"Home\",\"item\":\"https:\\\/\\\/www.asemakustannus.com\\\/kauppa\\\/\"},{\"@type\":\"ListItem\",\"position\":2,\"name\":\"Kauppa\",\"item\":\"https:\\\/\\\/www.asemakustannus.com\\\/kauppa\\\/kauppa\\\/\"},{\"@type\":\"ListItem\",\"position\":3,\"name\":\"Mika Lietzen: Lohik\u00e4\u00e4rmeen varvas (ilmainen ekirja)\"}]},{\"@type\":\"WebSite\",\"@id\":\"https:\\\/\\\/www.asemakustannus.com\\\/kauppa\\\/#website\",\"url\":\"https:\\\/\\\/www.asemakustannus.com\\\/kauppa\\\/\",\"name\":\"Asema Kustannus\",\"description\":\"Sarjakuvakauppa\",\"publisher\":{\"@id\":\"https:\\\/\\\/www.asemakustannus.com\\\/kauppa\\\/#organization\"},\"potentialAction\":[{\"@type\":\"SearchAction\",\"target\":{\"@type\":\"EntryPoint\",\"urlTemplate\":\"https:\\\/\\\/www.asemakustannus.com\\\/kauppa\\\/?s={search_term_string}\"},\"query-input\":{\"@type\":\"PropertyValueSpecification\",\"valueRequired\":true,\"valueName\":\"search_term_string\"}}],\"inLanguage\":\"fi\"},{\"@type\":\"Organization\",\"@id\":\"https:\\\/\\\/www.asemakustannus.com\\\/kauppa\\\/#organization\",\"name\":\"Asema Kustannus\",\"url\":\"https:\\\/\\\/www.asemakustannus.com\\\/kauppa\\\/\",\"logo\":{\"@type\":\"ImageObject\",\"inLanguage\":\"fi\",\"@id\":\"https:\\\/\\\/www.asemakustannus.com\\\/kauppa\\\/#\\\/schema\\\/logo\\\/image\\\/\",\"url\":\"https:\\\/\\\/www.asemakustannus.com\\\/kauppa\\\/wp-content\\\/uploads\\\/2021\\\/09\\\/181007768_141578281313342_8780310787852686686_n-1.jpeg\",\"contentUrl\":\"https:\\\/\\\/www.asemakustannus.com\\\/kauppa\\\/wp-content\\\/uploads\\\/2021\\\/09\\\/181007768_141578281313342_8780310787852686686_n-1.jpeg\",\"width\":300,\"height\":333,\"caption\":\"Asema Kustannus\"},\"image\":{\"@id\":\"https:\\\/\\\/www.asemakustannus.com\\\/kauppa\\\/#\\\/schema\\\/logo\\\/image\\\/\"},\"sameAs\":[\"https:\\\/\\\/www.facebook.com\\\/asemakustannus\",\"https:\\\/\\\/x.com\\\/asemakustannus\",\"https:\\\/\\\/www.instagram.com\\\/asemakustannus\\\/\"]}]}<\/script>\n<!-- \/ Yoast SEO plugin. -->","yoast_head_json":{"title":"Mika Lietzen: Lohik\u00e4\u00e4rmeen varvas (ilmainen ekirja) - Asema Kustannus","robots":{"index":"index","follow":"follow","max-snippet":"max-snippet:-1","max-image-preview":"max-image-preview:large","max-video-preview":"max-video-preview:-1"},"canonical":"https:\/\/www.asemakustannus.com\/kauppa\/tuote\/mika-lietzen-lohikaarmeen-varvas\/","og_locale":"fi_FI","og_type":"article","og_title":"Mika Lietzen: Lohik\u00e4\u00e4rmeen varvas (ilmainen ekirja) - Asema Kustannus","og_description":"Mika Lietzenin kauan loppuunmyyty ensimm\u00e4inen teos Lohik\u00e4\u00e4rmeen varvas (2003) nyt luettavissa ilmaiseksi! Kes\u00e4loma saaristossa saa j\u00e4nnitt\u00e4v\u00e4n k\u00e4\u00e4nteen kun p\u00e4\u00e4henkil\u00f6 huomaa Tintti-albumi Sinisen lootuksen kannessa ylim\u00e4\u00e4r\u00e4isen varpaan. Lue sarjakuva ilmaiseksi Internet Archivessa! (linkki avaa uuden v\u00e4lilehden) Muita loppuunmyytyj\u00e4 teoksia vuosien varrelta tulossa vuoden 2025 aikana.","og_url":"https:\/\/www.asemakustannus.com\/kauppa\/tuote\/mika-lietzen-lohikaarmeen-varvas\/","og_site_name":"Asema Kustannus","article_publisher":"https:\/\/www.facebook.com\/asemakustannus","article_modified_time":"2025-01-29T09:23:50+00:00","og_image":[{"width":1000,"height":1407,"url":"https:\/\/www.asemakustannus.com\/kauppa\/wp-content\/uploads\/2024\/12\/lohikansi.jpg","type":"image\/jpeg"}],"twitter_card":"summary_large_image","twitter_site":"@asemakustannus","schema":{"@context":"https:\/\/schema.org","@graph":[{"@type":"WebPage","@id":"https:\/\/www.asemakustannus.com\/kauppa\/tuote\/mika-lietzen-lohikaarmeen-varvas\/","url":"https:\/\/www.asemakustannus.com\/kauppa\/tuote\/mika-lietzen-lohikaarmeen-varvas\/","name":"Mika Lietzen: Lohik\u00e4\u00e4rmeen varvas (ilmainen ekirja) - Asema Kustannus","isPartOf":{"@id":"https:\/\/www.asemakustannus.com\/kauppa\/#website"},"primaryImageOfPage":{"@id":"https:\/\/www.asemakustannus.com\/kauppa\/tuote\/mika-lietzen-lohikaarmeen-varvas\/#primaryimage"},"image":{"@id":"https:\/\/www.asemakustannus.com\/kauppa\/tuote\/mika-lietzen-lohikaarmeen-varvas\/#primaryimage"},"thumbnailUrl":"https:\/\/i0.wp.com\/www.asemakustannus.com\/kauppa\/wp-content\/uploads\/2024\/12\/lohikansi.jpg?fit=1000%2C1407&ssl=1","datePublished":"2024-12-10T11:12:12+00:00","dateModified":"2025-01-29T09:23:50+00:00","breadcrumb":{"@id":"https:\/\/www.asemakustannus.com\/kauppa\/tuote\/mika-lietzen-lohikaarmeen-varvas\/#breadcrumb"},"inLanguage":"fi","potentialAction":[{"@type":"ReadAction","target":["https:\/\/www.asemakustannus.com\/kauppa\/tuote\/mika-lietzen-lohikaarmeen-varvas\/"]}]},{"@type":"ImageObject","inLanguage":"fi","@id":"https:\/\/www.asemakustannus.com\/kauppa\/tuote\/mika-lietzen-lohikaarmeen-varvas\/#primaryimage","url":"https:\/\/i0.wp.com\/www.asemakustannus.com\/kauppa\/wp-content\/uploads\/2024\/12\/lohikansi.jpg?fit=1000%2C1407&ssl=1","contentUrl":"https:\/\/i0.wp.com\/www.asemakustannus.com\/kauppa\/wp-content\/uploads\/2024\/12\/lohikansi.jpg?fit=1000%2C1407&ssl=1","width":1000,"height":1407},{"@type":"BreadcrumbList","@id":"https:\/\/www.asemakustannus.com\/kauppa\/tuote\/mika-lietzen-lohikaarmeen-varvas\/#breadcrumb","itemListElement":[{"@type":"ListItem","position":1,"name":"Home","item":"https:\/\/www.asemakustannus.com\/kauppa\/"},{"@type":"ListItem","position":2,"name":"Kauppa","item":"https:\/\/www.asemakustannus.com\/kauppa\/kauppa\/"},{"@type":"ListItem","position":3,"name":"Mika Lietzen: Lohik\u00e4\u00e4rmeen varvas (ilmainen ekirja)"}]},{"@type":"WebSite","@id":"https:\/\/www.asemakustannus.com\/kauppa\/#website","url":"https:\/\/www.asemakustannus.com\/kauppa\/","name":"Asema Kustannus","description":"Sarjakuvakauppa","publisher":{"@id":"https:\/\/www.asemakustannus.com\/kauppa\/#organization"},"potentialAction":[{"@type":"SearchAction","target":{"@type":"EntryPoint","urlTemplate":"https:\/\/www.asemakustannus.com\/kauppa\/?s={search_term_string}"},"query-input":{"@type":"PropertyValueSpecification","valueRequired":true,"valueName":"search_term_string"}}],"inLanguage":"fi"},{"@type":"Organization","@id":"https:\/\/www.asemakustannus.com\/kauppa\/#organization","name":"Asema Kustannus","url":"https:\/\/www.asemakustannus.com\/kauppa\/","logo":{"@type":"ImageObject","inLanguage":"fi","@id":"https:\/\/www.asemakustannus.com\/kauppa\/#\/schema\/logo\/image\/","url":"https:\/\/www.asemakustannus.com\/kauppa\/wp-content\/uploads\/2021\/09\/181007768_141578281313342_8780310787852686686_n-1.jpeg","contentUrl":"https:\/\/www.asemakustannus.com\/kauppa\/wp-content\/uploads\/2021\/09\/181007768_141578281313342_8780310787852686686_n-1.jpeg","width":300,"height":333,"caption":"Asema Kustannus"},"image":{"@id":"https:\/\/www.asemakustannus.com\/kauppa\/#\/schema\/logo\/image\/"},"sameAs":["https:\/\/www.facebook.com\/asemakustannus","https:\/\/x.com\/asemakustannus","https:\/\/www.instagram.com\/asemakustannus\/"]}]}},"jetpack_sharing_enabled":true,"_links":{"self":[{"href":"https:\/\/www.asemakustannus.com\/kauppa\/wp-json\/wp\/v2\/product\/850","targetHints":{"allow":["GET"]}}],"collection":[{"href":"https:\/\/www.asemakustannus.com\/kauppa\/wp-json\/wp\/v2\/product"}],"about":[{"href":"https:\/\/www.asemakustannus.com\/kauppa\/wp-json\/wp\/v2\/types\/product"}],"wp:featuredmedia":[{"embeddable":true,"href":"https:\/\/www.asemakustannus.com\/kauppa\/wp-json\/wp\/v2\/media\/851"}],"wp:attachment":[{"href":"https:\/\/www.asemakustannus.com\/kauppa\/wp-json\/wp\/v2\/media?parent=850"}],"wp:term":[{"taxonomy":"product_brand","embeddable":true,"href":"https:\/\/www.asemakustannus.com\/kauppa\/wp-json\/wp\/v2\/product_brand?post=850"},{"taxonomy":"product_cat","embeddable":true,"href":"https:\/\/www.asemakustannus.com\/kauppa\/wp-json\/wp\/v2\/product_cat?post=850"},{"taxonomy":"product_tag","embeddable":true,"href":"https:\/\/www.asemakustannus.com\/kauppa\/wp-json\/wp\/v2\/product_tag?post=850"}],"curies":[{"name":"wp","href":"https:\/\/api.w.org\/{rel}","templated":true}]}}