{"id":864,"date":"2025-06-23T08:58:27","date_gmt":"2025-06-23T05:58:27","guid":{"rendered":"https:\/\/www.asemakustannus.com\/kauppa\/?post_type=product&#038;p=864"},"modified":"2026-03-16T08:15:14","modified_gmt":"2026-03-16T06:15:14","slug":"ville-ranta-lahtokohtia-karkumatkalle","status":"publish","type":"product","link":"https:\/\/www.asemakustannus.com\/kauppa\/tuote\/ville-ranta-lahtokohtia-karkumatkalle\/","title":{"rendered":"Ville Ranta: L\u00e4ht\u00f6kohtia karkumatkalle"},"content":{"rendered":"<p>Ville Ranta: L\u00e4ht\u00f6kohtia karkumatkalle<br \/>\nEssee erakkomajasta<br \/>\n144 sivua | mustavalkoinen | sidottu | A5<br \/>\nISBN 978-952-5909-47-0<\/p>\n<p>Ville Ranta laatii suunnitelman maailmasta vet\u00e4ytymiseksi. Kannattaako erakon olla rikas vai k\u00f6yh\u00e4, toimelias vai henkistynyt? Millaista on el\u00e4\u00e4 paikassa, jossa ei ole mit\u00e4\u00e4n mukavuuksia? Itsekriittinen esseekirja perimm\u00e4isten kysymysten \u00e4\u00e4rell\u00e4.<\/p>\n<p><strong>Kolmas, laajennettu painos sis\u00e4lt\u00e4\u00e4 jatkoluvun, jossa erakkomajasta selvi\u00e4\u00e4 uusia asioita!<\/strong><\/p>\n<p class=\"p1\"><em>\u201dVille Ranta kiteytt\u00e4\u00e4 hienosti keski-ik\u00e4isen miehen mielenmaiseman.&#8221; Matti Komulainen, Suomen kuvalehti<\/em><\/p>\n<p class=\"p1\"><em>&#8221;Teksti ja kuva el\u00e4v\u00e4t kauniisti tasapainossa, vaikka kaikki n\u00e4ytt\u00e4\u00e4 ensi silm\u00e4yksell\u00e4 repsottavan rempallaan.&#8221; Harri R\u00f6mp\u00f6tti, Helsingin sanomat<\/em><\/p>\n<p class=\"p1\"><em>HS:n listalla &#8221;Kymmenen kirjaa, jotka kannattaa lukea nyt&#8221; 1.11.2025.<\/em><\/p>\n","protected":false},"excerpt":{"rendered":"<p>Ville Ranta: L\u00e4ht\u00f6kohtia karkumatkalle Essee erakkomajasta 144 sivua | mustavalkoinen | sidottu | A5 ISBN 978-952-5909-47-0 Ville Ranta laatii suunnitelman maailmasta vet\u00e4ytymiseksi. Kannattaako erakon olla rikas vai k\u00f6yh\u00e4, toimelias vai henkistynyt? Millaista on el\u00e4\u00e4 paikassa, jossa ei ole mit\u00e4\u00e4n mukavuuksia? Itsekriittinen esseekirja perimm\u00e4isten kysymysten \u00e4\u00e4rell\u00e4. Kolmas, laajennettu painos sis\u00e4lt\u00e4\u00e4 jatkoluvun, jossa erakkomajasta selvi\u00e4\u00e4 uusia asioita! [&hellip;]<\/p>\n","protected":false},"featured_media":959,"template":"","meta":[],"product_brand":[],"product_cat":[38],"product_tag":[51],"class_list":{"0":"post-864","1":"product","2":"type-product","3":"status-publish","4":"has-post-thumbnail","6":"product_cat-kirjat","7":"product_tag-ville-ranta","8":"product_shipping_class-xxspaketti","10":"first","11":"instock","12":"shipping-taxable","13":"purchasable","14":"product-type-simple"},"yoast_head":"<!-- This site is optimized with the Yoast SEO plugin v27.3 - https:\/\/yoast.com\/product\/yoast-seo-wordpress\/ -->\n<title>Ville Ranta: L\u00e4ht\u00f6kohtia karkumatkalle - Asema Kustannus<\/title>\n<meta name=\"description\" content=\"Ville Ranta laatii suunnitelman maailmasta vet\u00e4ytymiseksi. Kannattaako erakon olla rikas vai k\u00f6yh\u00e4, toimelias vai henkistynyt? Millaista on el\u00e4\u00e4 paikassa, jossa ei ole mit\u00e4\u00e4n mukavuuksia? Itsekriittinen esseekirja perimm\u00e4isten kysymysten \u00e4\u00e4rell\u00e4.\" \/>\n<meta name=\"robots\" content=\"index, follow, max-snippet:-1, max-image-preview:large, max-video-preview:-1\" \/>\n<link rel=\"canonical\" href=\"https:\/\/www.asemakustannus.com\/kauppa\/tuote\/ville-ranta-lahtokohtia-karkumatkalle\/\" \/>\n<meta property=\"og:locale\" content=\"fi_FI\" \/>\n<meta property=\"og:type\" content=\"article\" \/>\n<meta property=\"og:title\" content=\"Ville Ranta: L\u00e4ht\u00f6kohtia karkumatkalle - Asema Kustannus\" \/>\n<meta property=\"og:description\" content=\"Ville Ranta laatii suunnitelman maailmasta vet\u00e4ytymiseksi. Kannattaako erakon olla rikas vai k\u00f6yh\u00e4, toimelias vai henkistynyt? Millaista on el\u00e4\u00e4 paikassa, jossa ei ole mit\u00e4\u00e4n mukavuuksia? Itsekriittinen esseekirja perimm\u00e4isten kysymysten \u00e4\u00e4rell\u00e4.\" \/>\n<meta property=\"og:url\" content=\"https:\/\/www.asemakustannus.com\/kauppa\/tuote\/ville-ranta-lahtokohtia-karkumatkalle\/\" \/>\n<meta property=\"og:site_name\" content=\"Asema Kustannus\" \/>\n<meta property=\"article:publisher\" content=\"https:\/\/www.facebook.com\/asemakustannus\" \/>\n<meta property=\"article:modified_time\" content=\"2026-03-16T06:15:14+00:00\" \/>\n<meta property=\"og:image\" content=\"https:\/\/www.asemakustannus.com\/kauppa\/wp-content\/uploads\/2025\/06\/karkumatka_kansi2.jpg\" \/>\n\t<meta property=\"og:image:width\" content=\"1844\" \/>\n\t<meta property=\"og:image:height\" content=\"2493\" \/>\n\t<meta property=\"og:image:type\" content=\"image\/jpeg\" \/>\n<meta name=\"twitter:card\" content=\"summary_large_image\" \/>\n<meta name=\"twitter:site\" content=\"@asemakustannus\" \/>\n<meta name=\"twitter:label1\" content=\"Arvioitu lukuaika\" \/>\n\t<meta name=\"twitter:data1\" content=\"1 minuutti\" \/>\n<script type=\"application\/ld+json\" class=\"yoast-schema-graph\">{\"@context\":\"https:\\\/\\\/schema.org\",\"@graph\":[{\"@type\":\"WebPage\",\"@id\":\"https:\\\/\\\/www.asemakustannus.com\\\/kauppa\\\/tuote\\\/ville-ranta-lahtokohtia-karkumatkalle\\\/\",\"url\":\"https:\\\/\\\/www.asemakustannus.com\\\/kauppa\\\/tuote\\\/ville-ranta-lahtokohtia-karkumatkalle\\\/\",\"name\":\"Ville Ranta: L\u00e4ht\u00f6kohtia karkumatkalle - Asema Kustannus\",\"isPartOf\":{\"@id\":\"https:\\\/\\\/www.asemakustannus.com\\\/kauppa\\\/#website\"},\"primaryImageOfPage\":{\"@id\":\"https:\\\/\\\/www.asemakustannus.com\\\/kauppa\\\/tuote\\\/ville-ranta-lahtokohtia-karkumatkalle\\\/#primaryimage\"},\"image\":{\"@id\":\"https:\\\/\\\/www.asemakustannus.com\\\/kauppa\\\/tuote\\\/ville-ranta-lahtokohtia-karkumatkalle\\\/#primaryimage\"},\"thumbnailUrl\":\"https:\\\/\\\/i0.wp.com\\\/www.asemakustannus.com\\\/kauppa\\\/wp-content\\\/uploads\\\/2025\\\/06\\\/karkumatka_kansi2.jpg?fit=1844%2C2493&ssl=1\",\"datePublished\":\"2025-06-23T05:58:27+00:00\",\"dateModified\":\"2026-03-16T06:15:14+00:00\",\"description\":\"Ville Ranta laatii suunnitelman maailmasta vet\u00e4ytymiseksi. Kannattaako erakon olla rikas vai k\u00f6yh\u00e4, toimelias vai henkistynyt? Millaista on el\u00e4\u00e4 paikassa, jossa ei ole mit\u00e4\u00e4n mukavuuksia? Itsekriittinen esseekirja perimm\u00e4isten kysymysten \u00e4\u00e4rell\u00e4.\",\"breadcrumb\":{\"@id\":\"https:\\\/\\\/www.asemakustannus.com\\\/kauppa\\\/tuote\\\/ville-ranta-lahtokohtia-karkumatkalle\\\/#breadcrumb\"},\"inLanguage\":\"fi\",\"potentialAction\":[{\"@type\":\"ReadAction\",\"target\":[\"https:\\\/\\\/www.asemakustannus.com\\\/kauppa\\\/tuote\\\/ville-ranta-lahtokohtia-karkumatkalle\\\/\"]}]},{\"@type\":\"ImageObject\",\"inLanguage\":\"fi\",\"@id\":\"https:\\\/\\\/www.asemakustannus.com\\\/kauppa\\\/tuote\\\/ville-ranta-lahtokohtia-karkumatkalle\\\/#primaryimage\",\"url\":\"https:\\\/\\\/i0.wp.com\\\/www.asemakustannus.com\\\/kauppa\\\/wp-content\\\/uploads\\\/2025\\\/06\\\/karkumatka_kansi2.jpg?fit=1844%2C2493&ssl=1\",\"contentUrl\":\"https:\\\/\\\/i0.wp.com\\\/www.asemakustannus.com\\\/kauppa\\\/wp-content\\\/uploads\\\/2025\\\/06\\\/karkumatka_kansi2.jpg?fit=1844%2C2493&ssl=1\",\"width\":1844,\"height\":2493},{\"@type\":\"BreadcrumbList\",\"@id\":\"https:\\\/\\\/www.asemakustannus.com\\\/kauppa\\\/tuote\\\/ville-ranta-lahtokohtia-karkumatkalle\\\/#breadcrumb\",\"itemListElement\":[{\"@type\":\"ListItem\",\"position\":1,\"name\":\"Home\",\"item\":\"https:\\\/\\\/www.asemakustannus.com\\\/kauppa\\\/\"},{\"@type\":\"ListItem\",\"position\":2,\"name\":\"Kauppa\",\"item\":\"https:\\\/\\\/www.asemakustannus.com\\\/kauppa\\\/kauppa\\\/\"},{\"@type\":\"ListItem\",\"position\":3,\"name\":\"Ville Ranta: L\u00e4ht\u00f6kohtia karkumatkalle\"}]},{\"@type\":\"WebSite\",\"@id\":\"https:\\\/\\\/www.asemakustannus.com\\\/kauppa\\\/#website\",\"url\":\"https:\\\/\\\/www.asemakustannus.com\\\/kauppa\\\/\",\"name\":\"Asema Kustannus\",\"description\":\"Sarjakuvakauppa\",\"publisher\":{\"@id\":\"https:\\\/\\\/www.asemakustannus.com\\\/kauppa\\\/#organization\"},\"potentialAction\":[{\"@type\":\"SearchAction\",\"target\":{\"@type\":\"EntryPoint\",\"urlTemplate\":\"https:\\\/\\\/www.asemakustannus.com\\\/kauppa\\\/?s={search_term_string}\"},\"query-input\":{\"@type\":\"PropertyValueSpecification\",\"valueRequired\":true,\"valueName\":\"search_term_string\"}}],\"inLanguage\":\"fi\"},{\"@type\":\"Organization\",\"@id\":\"https:\\\/\\\/www.asemakustannus.com\\\/kauppa\\\/#organization\",\"name\":\"Asema Kustannus\",\"url\":\"https:\\\/\\\/www.asemakustannus.com\\\/kauppa\\\/\",\"logo\":{\"@type\":\"ImageObject\",\"inLanguage\":\"fi\",\"@id\":\"https:\\\/\\\/www.asemakustannus.com\\\/kauppa\\\/#\\\/schema\\\/logo\\\/image\\\/\",\"url\":\"https:\\\/\\\/www.asemakustannus.com\\\/kauppa\\\/wp-content\\\/uploads\\\/2021\\\/09\\\/181007768_141578281313342_8780310787852686686_n-1.jpeg\",\"contentUrl\":\"https:\\\/\\\/www.asemakustannus.com\\\/kauppa\\\/wp-content\\\/uploads\\\/2021\\\/09\\\/181007768_141578281313342_8780310787852686686_n-1.jpeg\",\"width\":300,\"height\":333,\"caption\":\"Asema Kustannus\"},\"image\":{\"@id\":\"https:\\\/\\\/www.asemakustannus.com\\\/kauppa\\\/#\\\/schema\\\/logo\\\/image\\\/\"},\"sameAs\":[\"https:\\\/\\\/www.facebook.com\\\/asemakustannus\",\"https:\\\/\\\/x.com\\\/asemakustannus\",\"https:\\\/\\\/www.instagram.com\\\/asemakustannus\\\/\"]}]}<\/script>\n<!-- \/ Yoast SEO plugin. -->","yoast_head_json":{"title":"Ville Ranta: L\u00e4ht\u00f6kohtia karkumatkalle - Asema Kustannus","description":"Ville Ranta laatii suunnitelman maailmasta vet\u00e4ytymiseksi. Kannattaako erakon olla rikas vai k\u00f6yh\u00e4, toimelias vai henkistynyt? Millaista on el\u00e4\u00e4 paikassa, jossa ei ole mit\u00e4\u00e4n mukavuuksia? Itsekriittinen esseekirja perimm\u00e4isten kysymysten \u00e4\u00e4rell\u00e4.","robots":{"index":"index","follow":"follow","max-snippet":"max-snippet:-1","max-image-preview":"max-image-preview:large","max-video-preview":"max-video-preview:-1"},"canonical":"https:\/\/www.asemakustannus.com\/kauppa\/tuote\/ville-ranta-lahtokohtia-karkumatkalle\/","og_locale":"fi_FI","og_type":"article","og_title":"Ville Ranta: L\u00e4ht\u00f6kohtia karkumatkalle - Asema Kustannus","og_description":"Ville Ranta laatii suunnitelman maailmasta vet\u00e4ytymiseksi. Kannattaako erakon olla rikas vai k\u00f6yh\u00e4, toimelias vai henkistynyt? Millaista on el\u00e4\u00e4 paikassa, jossa ei ole mit\u00e4\u00e4n mukavuuksia? Itsekriittinen esseekirja perimm\u00e4isten kysymysten \u00e4\u00e4rell\u00e4.","og_url":"https:\/\/www.asemakustannus.com\/kauppa\/tuote\/ville-ranta-lahtokohtia-karkumatkalle\/","og_site_name":"Asema Kustannus","article_publisher":"https:\/\/www.facebook.com\/asemakustannus","article_modified_time":"2026-03-16T06:15:14+00:00","og_image":[{"width":1844,"height":2493,"url":"https:\/\/www.asemakustannus.com\/kauppa\/wp-content\/uploads\/2025\/06\/karkumatka_kansi2.jpg","type":"image\/jpeg"}],"twitter_card":"summary_large_image","twitter_site":"@asemakustannus","twitter_misc":{"Arvioitu lukuaika":"1 minuutti"},"schema":{"@context":"https:\/\/schema.org","@graph":[{"@type":"WebPage","@id":"https:\/\/www.asemakustannus.com\/kauppa\/tuote\/ville-ranta-lahtokohtia-karkumatkalle\/","url":"https:\/\/www.asemakustannus.com\/kauppa\/tuote\/ville-ranta-lahtokohtia-karkumatkalle\/","name":"Ville Ranta: L\u00e4ht\u00f6kohtia karkumatkalle - Asema Kustannus","isPartOf":{"@id":"https:\/\/www.asemakustannus.com\/kauppa\/#website"},"primaryImageOfPage":{"@id":"https:\/\/www.asemakustannus.com\/kauppa\/tuote\/ville-ranta-lahtokohtia-karkumatkalle\/#primaryimage"},"image":{"@id":"https:\/\/www.asemakustannus.com\/kauppa\/tuote\/ville-ranta-lahtokohtia-karkumatkalle\/#primaryimage"},"thumbnailUrl":"https:\/\/i0.wp.com\/www.asemakustannus.com\/kauppa\/wp-content\/uploads\/2025\/06\/karkumatka_kansi2.jpg?fit=1844%2C2493&ssl=1","datePublished":"2025-06-23T05:58:27+00:00","dateModified":"2026-03-16T06:15:14+00:00","description":"Ville Ranta laatii suunnitelman maailmasta vet\u00e4ytymiseksi. Kannattaako erakon olla rikas vai k\u00f6yh\u00e4, toimelias vai henkistynyt? Millaista on el\u00e4\u00e4 paikassa, jossa ei ole mit\u00e4\u00e4n mukavuuksia? Itsekriittinen esseekirja perimm\u00e4isten kysymysten \u00e4\u00e4rell\u00e4.","breadcrumb":{"@id":"https:\/\/www.asemakustannus.com\/kauppa\/tuote\/ville-ranta-lahtokohtia-karkumatkalle\/#breadcrumb"},"inLanguage":"fi","potentialAction":[{"@type":"ReadAction","target":["https:\/\/www.asemakustannus.com\/kauppa\/tuote\/ville-ranta-lahtokohtia-karkumatkalle\/"]}]},{"@type":"ImageObject","inLanguage":"fi","@id":"https:\/\/www.asemakustannus.com\/kauppa\/tuote\/ville-ranta-lahtokohtia-karkumatkalle\/#primaryimage","url":"https:\/\/i0.wp.com\/www.asemakustannus.com\/kauppa\/wp-content\/uploads\/2025\/06\/karkumatka_kansi2.jpg?fit=1844%2C2493&ssl=1","contentUrl":"https:\/\/i0.wp.com\/www.asemakustannus.com\/kauppa\/wp-content\/uploads\/2025\/06\/karkumatka_kansi2.jpg?fit=1844%2C2493&ssl=1","width":1844,"height":2493},{"@type":"BreadcrumbList","@id":"https:\/\/www.asemakustannus.com\/kauppa\/tuote\/ville-ranta-lahtokohtia-karkumatkalle\/#breadcrumb","itemListElement":[{"@type":"ListItem","position":1,"name":"Home","item":"https:\/\/www.asemakustannus.com\/kauppa\/"},{"@type":"ListItem","position":2,"name":"Kauppa","item":"https:\/\/www.asemakustannus.com\/kauppa\/kauppa\/"},{"@type":"ListItem","position":3,"name":"Ville Ranta: L\u00e4ht\u00f6kohtia karkumatkalle"}]},{"@type":"WebSite","@id":"https:\/\/www.asemakustannus.com\/kauppa\/#website","url":"https:\/\/www.asemakustannus.com\/kauppa\/","name":"Asema Kustannus","description":"Sarjakuvakauppa","publisher":{"@id":"https:\/\/www.asemakustannus.com\/kauppa\/#organization"},"potentialAction":[{"@type":"SearchAction","target":{"@type":"EntryPoint","urlTemplate":"https:\/\/www.asemakustannus.com\/kauppa\/?s={search_term_string}"},"query-input":{"@type":"PropertyValueSpecification","valueRequired":true,"valueName":"search_term_string"}}],"inLanguage":"fi"},{"@type":"Organization","@id":"https:\/\/www.asemakustannus.com\/kauppa\/#organization","name":"Asema Kustannus","url":"https:\/\/www.asemakustannus.com\/kauppa\/","logo":{"@type":"ImageObject","inLanguage":"fi","@id":"https:\/\/www.asemakustannus.com\/kauppa\/#\/schema\/logo\/image\/","url":"https:\/\/www.asemakustannus.com\/kauppa\/wp-content\/uploads\/2021\/09\/181007768_141578281313342_8780310787852686686_n-1.jpeg","contentUrl":"https:\/\/www.asemakustannus.com\/kauppa\/wp-content\/uploads\/2021\/09\/181007768_141578281313342_8780310787852686686_n-1.jpeg","width":300,"height":333,"caption":"Asema Kustannus"},"image":{"@id":"https:\/\/www.asemakustannus.com\/kauppa\/#\/schema\/logo\/image\/"},"sameAs":["https:\/\/www.facebook.com\/asemakustannus","https:\/\/x.com\/asemakustannus","https:\/\/www.instagram.com\/asemakustannus\/"]}]}},"jetpack_sharing_enabled":true,"_links":{"self":[{"href":"https:\/\/www.asemakustannus.com\/kauppa\/wp-json\/wp\/v2\/product\/864","targetHints":{"allow":["GET"]}}],"collection":[{"href":"https:\/\/www.asemakustannus.com\/kauppa\/wp-json\/wp\/v2\/product"}],"about":[{"href":"https:\/\/www.asemakustannus.com\/kauppa\/wp-json\/wp\/v2\/types\/product"}],"wp:featuredmedia":[{"embeddable":true,"href":"https:\/\/www.asemakustannus.com\/kauppa\/wp-json\/wp\/v2\/media\/959"}],"wp:attachment":[{"href":"https:\/\/www.asemakustannus.com\/kauppa\/wp-json\/wp\/v2\/media?parent=864"}],"wp:term":[{"taxonomy":"product_brand","embeddable":true,"href":"https:\/\/www.asemakustannus.com\/kauppa\/wp-json\/wp\/v2\/product_brand?post=864"},{"taxonomy":"product_cat","embeddable":true,"href":"https:\/\/www.asemakustannus.com\/kauppa\/wp-json\/wp\/v2\/product_cat?post=864"},{"taxonomy":"product_tag","embeddable":true,"href":"https:\/\/www.asemakustannus.com\/kauppa\/wp-json\/wp\/v2\/product_tag?post=864"}],"curies":[{"name":"wp","href":"https:\/\/api.w.org\/{rel}","templated":true}]}}