{"id":889,"date":"2025-06-18T16:31:56","date_gmt":"2025-06-18T13:31:56","guid":{"rendered":"https:\/\/www.asemakustannus.com\/kauppa\/?post_type=product&#038;p=889"},"modified":"2025-09-15T11:05:12","modified_gmt":"2025-09-15T08:05:12","slug":"mika-lietzen-hitaan-juoksijan-kirja","status":"publish","type":"product","link":"https:\/\/www.asemakustannus.com\/kauppa\/tuote\/mika-lietzen-hitaan-juoksijan-kirja\/","title":{"rendered":"Mika Lietzen: Hitaan juoksijan kirja"},"content":{"rendered":"<p>Mika Lietzen: Hitaan juoksijan kirja<\/p>\n<p>96 sivua | mustavalkoinen | sidottu | A5 | Suuri Kurpitsa<\/p>\n<p>ISBN 978-952-7160-88-6<\/p>\n<div dir=\"auto\">\n<p>Juokseminen on enemm\u00e4n kuin liikuntaa. Se on aikaa ajatuksille, yll\u00e4tyksi\u00e4 jokaisen mutkan ja kukkulan takana. Se on pieni seikkailu l\u00e4hialueilla, jotka kuvittelee tuntevansa, mutta jotka ovat usein t\u00e4ysin vieraita. Hitaan juoksijan kirja on erilainen kirja juoksemisesta. Siin\u00e4 juostaan verkkaisesti, ymp\u00e4rist\u00f6\u00e4 tutkaillen, kaupunkirakennetta ja kapitalismin syntej\u00e4 pohdiskellen. Siin\u00e4 ei liikuta eksoottisissa paikoissa, vaan juostaan Suomen Turussa. Tutuiksi tulevat Raisionjoen pastoraaliset peltomaisemat, Pansion ja Pernon ongelmal\u00e4hi\u00f6t, K\u00e4rs\u00e4m\u00e4en vanha teollisuusalue, Hirvensalon \u00f6kyomakotitalot ja lopuksi Herttuankulma, joka her\u00e4tt\u00e4\u00e4 juoksijassa apokalyptisi\u00e4 ajatuksia.<\/p>\n<p>Keng\u00e4t jalkaan ja ulos! Muista hengitt\u00e4\u00e4!<\/p>\n<p>Mika Lietzen (s. 1974) on turkulainen sarjakuvantekij\u00e4. H\u00e4nen aiempia teoksiaan ovat mm. Alkoholi (2023), Death Metal (2024) ja Pnuk (2024). Hitaan juoksijan kirja on h\u00e4nen ensimm\u00e4inen omael\u00e4m\u00e4kerrallinen ty\u00f6ns\u00e4.<\/p>\n<\/div>\n","protected":false},"excerpt":{"rendered":"<p>Mika Lietzen: Hitaan juoksijan kirja 96 sivua | mustavalkoinen | sidottu | A5 | Suuri Kurpitsa ISBN 978-952-7160-88-6 Juokseminen on enemm\u00e4n kuin liikuntaa. Se on aikaa ajatuksille, yll\u00e4tyksi\u00e4 jokaisen mutkan ja kukkulan takana. Se on pieni seikkailu l\u00e4hialueilla, jotka kuvittelee tuntevansa, mutta jotka ovat usein t\u00e4ysin vieraita. Hitaan juoksijan kirja on erilainen kirja juoksemisesta. Siin\u00e4 [&hellip;]<\/p>\n","protected":false},"featured_media":890,"template":"","meta":[],"product_brand":[],"product_cat":[38],"product_tag":[48],"class_list":{"0":"post-889","1":"product","2":"type-product","3":"status-publish","4":"has-post-thumbnail","6":"product_cat-kirjat","7":"product_tag-mika-lietzen","8":"product_shipping_class-xxspaketti","10":"first","11":"instock","12":"featured","13":"shipping-taxable","14":"purchasable","15":"product-type-simple"},"yoast_head":"<!-- This site is optimized with the Yoast SEO plugin v27.3 - https:\/\/yoast.com\/product\/yoast-seo-wordpress\/ -->\n<title>Mika Lietzen: Hitaan juoksijan kirja - Asema Kustannus<\/title>\n<meta name=\"description\" content=\"Millainen on maa jonka kansallisel\u00e4in on yksisarvinen? Maa, joka on raivokkaan itsep\u00e4inen, mutta kuitenkin kaukaisen Lontoon alaisuudessa. Kylm\u00e4 ja karu maa, josta ovat l\u00e4ht\u00f6isin golf, puhelin, televisio, jalkapallo, leiv\u00e4npaahdin, j\u00e4\u00e4kaappi ja vedett\u00e4v\u00e4 vessa... muiden muassa. They may take our freedom but they\u2019ll never take our haggis!\" \/>\n<meta name=\"robots\" content=\"index, follow, max-snippet:-1, max-image-preview:large, max-video-preview:-1\" \/>\n<link rel=\"canonical\" href=\"https:\/\/www.asemakustannus.com\/kauppa\/tuote\/mika-lietzen-hitaan-juoksijan-kirja\/\" \/>\n<meta property=\"og:locale\" content=\"fi_FI\" \/>\n<meta property=\"og:type\" content=\"article\" \/>\n<meta property=\"og:title\" content=\"Mika Lietzen: Hitaan juoksijan kirja - Asema Kustannus\" \/>\n<meta property=\"og:description\" content=\"Millainen on maa jonka kansallisel\u00e4in on yksisarvinen? Maa, joka on raivokkaan itsep\u00e4inen, mutta kuitenkin kaukaisen Lontoon alaisuudessa. Kylm\u00e4 ja karu maa, josta ovat l\u00e4ht\u00f6isin golf, puhelin, televisio, jalkapallo, leiv\u00e4npaahdin, j\u00e4\u00e4kaappi ja vedett\u00e4v\u00e4 vessa... muiden muassa. They may take our freedom but they\u2019ll never take our haggis!\" \/>\n<meta property=\"og:url\" content=\"https:\/\/www.asemakustannus.com\/kauppa\/tuote\/mika-lietzen-hitaan-juoksijan-kirja\/\" \/>\n<meta property=\"og:site_name\" content=\"Asema Kustannus\" \/>\n<meta property=\"article:publisher\" content=\"https:\/\/www.facebook.com\/asemakustannus\" \/>\n<meta property=\"article:modified_time\" content=\"2025-09-15T08:05:12+00:00\" \/>\n<meta property=\"og:image\" content=\"https:\/\/www.asemakustannus.com\/kauppa\/wp-content\/uploads\/2025\/08\/Hitaan_juoksijan_kirja_kansi_300dpi.jpg\" \/>\n\t<meta property=\"og:image:width\" content=\"1807\" \/>\n\t<meta property=\"og:image:height\" content=\"2553\" \/>\n\t<meta property=\"og:image:type\" content=\"image\/jpeg\" \/>\n<meta name=\"twitter:card\" content=\"summary_large_image\" \/>\n<meta name=\"twitter:site\" content=\"@asemakustannus\" \/>\n<meta name=\"twitter:label1\" content=\"Arvioitu lukuaika\" \/>\n\t<meta name=\"twitter:data1\" content=\"1 minuutti\" \/>\n<script type=\"application\/ld+json\" class=\"yoast-schema-graph\">{\"@context\":\"https:\\\/\\\/schema.org\",\"@graph\":[{\"@type\":\"WebPage\",\"@id\":\"https:\\\/\\\/www.asemakustannus.com\\\/kauppa\\\/tuote\\\/mika-lietzen-hitaan-juoksijan-kirja\\\/\",\"url\":\"https:\\\/\\\/www.asemakustannus.com\\\/kauppa\\\/tuote\\\/mika-lietzen-hitaan-juoksijan-kirja\\\/\",\"name\":\"Mika Lietzen: Hitaan juoksijan kirja - Asema Kustannus\",\"isPartOf\":{\"@id\":\"https:\\\/\\\/www.asemakustannus.com\\\/kauppa\\\/#website\"},\"primaryImageOfPage\":{\"@id\":\"https:\\\/\\\/www.asemakustannus.com\\\/kauppa\\\/tuote\\\/mika-lietzen-hitaan-juoksijan-kirja\\\/#primaryimage\"},\"image\":{\"@id\":\"https:\\\/\\\/www.asemakustannus.com\\\/kauppa\\\/tuote\\\/mika-lietzen-hitaan-juoksijan-kirja\\\/#primaryimage\"},\"thumbnailUrl\":\"https:\\\/\\\/i0.wp.com\\\/www.asemakustannus.com\\\/kauppa\\\/wp-content\\\/uploads\\\/2025\\\/08\\\/Hitaan_juoksijan_kirja_kansi_300dpi.jpg?fit=1807%2C2553&ssl=1\",\"datePublished\":\"2025-06-18T13:31:56+00:00\",\"dateModified\":\"2025-09-15T08:05:12+00:00\",\"description\":\"Millainen on maa jonka kansallisel\u00e4in on yksisarvinen? Maa, joka on raivokkaan itsep\u00e4inen, mutta kuitenkin kaukaisen Lontoon alaisuudessa. Kylm\u00e4 ja karu maa, josta ovat l\u00e4ht\u00f6isin golf, puhelin, televisio, jalkapallo, leiv\u00e4npaahdin, j\u00e4\u00e4kaappi ja vedett\u00e4v\u00e4 vessa... muiden muassa. They may take our freedom but they\u2019ll never take our haggis!\",\"breadcrumb\":{\"@id\":\"https:\\\/\\\/www.asemakustannus.com\\\/kauppa\\\/tuote\\\/mika-lietzen-hitaan-juoksijan-kirja\\\/#breadcrumb\"},\"inLanguage\":\"fi\",\"potentialAction\":[{\"@type\":\"ReadAction\",\"target\":[\"https:\\\/\\\/www.asemakustannus.com\\\/kauppa\\\/tuote\\\/mika-lietzen-hitaan-juoksijan-kirja\\\/\"]}]},{\"@type\":\"ImageObject\",\"inLanguage\":\"fi\",\"@id\":\"https:\\\/\\\/www.asemakustannus.com\\\/kauppa\\\/tuote\\\/mika-lietzen-hitaan-juoksijan-kirja\\\/#primaryimage\",\"url\":\"https:\\\/\\\/i0.wp.com\\\/www.asemakustannus.com\\\/kauppa\\\/wp-content\\\/uploads\\\/2025\\\/08\\\/Hitaan_juoksijan_kirja_kansi_300dpi.jpg?fit=1807%2C2553&ssl=1\",\"contentUrl\":\"https:\\\/\\\/i0.wp.com\\\/www.asemakustannus.com\\\/kauppa\\\/wp-content\\\/uploads\\\/2025\\\/08\\\/Hitaan_juoksijan_kirja_kansi_300dpi.jpg?fit=1807%2C2553&ssl=1\",\"width\":1807,\"height\":2553},{\"@type\":\"BreadcrumbList\",\"@id\":\"https:\\\/\\\/www.asemakustannus.com\\\/kauppa\\\/tuote\\\/mika-lietzen-hitaan-juoksijan-kirja\\\/#breadcrumb\",\"itemListElement\":[{\"@type\":\"ListItem\",\"position\":1,\"name\":\"Home\",\"item\":\"https:\\\/\\\/www.asemakustannus.com\\\/kauppa\\\/\"},{\"@type\":\"ListItem\",\"position\":2,\"name\":\"Kauppa\",\"item\":\"https:\\\/\\\/www.asemakustannus.com\\\/kauppa\\\/kauppa\\\/\"},{\"@type\":\"ListItem\",\"position\":3,\"name\":\"Mika Lietzen: Hitaan juoksijan kirja\"}]},{\"@type\":\"WebSite\",\"@id\":\"https:\\\/\\\/www.asemakustannus.com\\\/kauppa\\\/#website\",\"url\":\"https:\\\/\\\/www.asemakustannus.com\\\/kauppa\\\/\",\"name\":\"Asema Kustannus\",\"description\":\"Sarjakuvakauppa\",\"publisher\":{\"@id\":\"https:\\\/\\\/www.asemakustannus.com\\\/kauppa\\\/#organization\"},\"potentialAction\":[{\"@type\":\"SearchAction\",\"target\":{\"@type\":\"EntryPoint\",\"urlTemplate\":\"https:\\\/\\\/www.asemakustannus.com\\\/kauppa\\\/?s={search_term_string}\"},\"query-input\":{\"@type\":\"PropertyValueSpecification\",\"valueRequired\":true,\"valueName\":\"search_term_string\"}}],\"inLanguage\":\"fi\"},{\"@type\":\"Organization\",\"@id\":\"https:\\\/\\\/www.asemakustannus.com\\\/kauppa\\\/#organization\",\"name\":\"Asema Kustannus\",\"url\":\"https:\\\/\\\/www.asemakustannus.com\\\/kauppa\\\/\",\"logo\":{\"@type\":\"ImageObject\",\"inLanguage\":\"fi\",\"@id\":\"https:\\\/\\\/www.asemakustannus.com\\\/kauppa\\\/#\\\/schema\\\/logo\\\/image\\\/\",\"url\":\"https:\\\/\\\/www.asemakustannus.com\\\/kauppa\\\/wp-content\\\/uploads\\\/2021\\\/09\\\/181007768_141578281313342_8780310787852686686_n-1.jpeg\",\"contentUrl\":\"https:\\\/\\\/www.asemakustannus.com\\\/kauppa\\\/wp-content\\\/uploads\\\/2021\\\/09\\\/181007768_141578281313342_8780310787852686686_n-1.jpeg\",\"width\":300,\"height\":333,\"caption\":\"Asema Kustannus\"},\"image\":{\"@id\":\"https:\\\/\\\/www.asemakustannus.com\\\/kauppa\\\/#\\\/schema\\\/logo\\\/image\\\/\"},\"sameAs\":[\"https:\\\/\\\/www.facebook.com\\\/asemakustannus\",\"https:\\\/\\\/x.com\\\/asemakustannus\",\"https:\\\/\\\/www.instagram.com\\\/asemakustannus\\\/\"]}]}<\/script>\n<!-- \/ Yoast SEO plugin. -->","yoast_head_json":{"title":"Mika Lietzen: Hitaan juoksijan kirja - Asema Kustannus","description":"Millainen on maa jonka kansallisel\u00e4in on yksisarvinen? Maa, joka on raivokkaan itsep\u00e4inen, mutta kuitenkin kaukaisen Lontoon alaisuudessa. Kylm\u00e4 ja karu maa, josta ovat l\u00e4ht\u00f6isin golf, puhelin, televisio, jalkapallo, leiv\u00e4npaahdin, j\u00e4\u00e4kaappi ja vedett\u00e4v\u00e4 vessa... muiden muassa. They may take our freedom but they\u2019ll never take our haggis!","robots":{"index":"index","follow":"follow","max-snippet":"max-snippet:-1","max-image-preview":"max-image-preview:large","max-video-preview":"max-video-preview:-1"},"canonical":"https:\/\/www.asemakustannus.com\/kauppa\/tuote\/mika-lietzen-hitaan-juoksijan-kirja\/","og_locale":"fi_FI","og_type":"article","og_title":"Mika Lietzen: Hitaan juoksijan kirja - Asema Kustannus","og_description":"Millainen on maa jonka kansallisel\u00e4in on yksisarvinen? Maa, joka on raivokkaan itsep\u00e4inen, mutta kuitenkin kaukaisen Lontoon alaisuudessa. Kylm\u00e4 ja karu maa, josta ovat l\u00e4ht\u00f6isin golf, puhelin, televisio, jalkapallo, leiv\u00e4npaahdin, j\u00e4\u00e4kaappi ja vedett\u00e4v\u00e4 vessa... muiden muassa. They may take our freedom but they\u2019ll never take our haggis!","og_url":"https:\/\/www.asemakustannus.com\/kauppa\/tuote\/mika-lietzen-hitaan-juoksijan-kirja\/","og_site_name":"Asema Kustannus","article_publisher":"https:\/\/www.facebook.com\/asemakustannus","article_modified_time":"2025-09-15T08:05:12+00:00","og_image":[{"width":1807,"height":2553,"url":"https:\/\/www.asemakustannus.com\/kauppa\/wp-content\/uploads\/2025\/08\/Hitaan_juoksijan_kirja_kansi_300dpi.jpg","type":"image\/jpeg"}],"twitter_card":"summary_large_image","twitter_site":"@asemakustannus","twitter_misc":{"Arvioitu lukuaika":"1 minuutti"},"schema":{"@context":"https:\/\/schema.org","@graph":[{"@type":"WebPage","@id":"https:\/\/www.asemakustannus.com\/kauppa\/tuote\/mika-lietzen-hitaan-juoksijan-kirja\/","url":"https:\/\/www.asemakustannus.com\/kauppa\/tuote\/mika-lietzen-hitaan-juoksijan-kirja\/","name":"Mika Lietzen: Hitaan juoksijan kirja - Asema Kustannus","isPartOf":{"@id":"https:\/\/www.asemakustannus.com\/kauppa\/#website"},"primaryImageOfPage":{"@id":"https:\/\/www.asemakustannus.com\/kauppa\/tuote\/mika-lietzen-hitaan-juoksijan-kirja\/#primaryimage"},"image":{"@id":"https:\/\/www.asemakustannus.com\/kauppa\/tuote\/mika-lietzen-hitaan-juoksijan-kirja\/#primaryimage"},"thumbnailUrl":"https:\/\/i0.wp.com\/www.asemakustannus.com\/kauppa\/wp-content\/uploads\/2025\/08\/Hitaan_juoksijan_kirja_kansi_300dpi.jpg?fit=1807%2C2553&ssl=1","datePublished":"2025-06-18T13:31:56+00:00","dateModified":"2025-09-15T08:05:12+00:00","description":"Millainen on maa jonka kansallisel\u00e4in on yksisarvinen? Maa, joka on raivokkaan itsep\u00e4inen, mutta kuitenkin kaukaisen Lontoon alaisuudessa. Kylm\u00e4 ja karu maa, josta ovat l\u00e4ht\u00f6isin golf, puhelin, televisio, jalkapallo, leiv\u00e4npaahdin, j\u00e4\u00e4kaappi ja vedett\u00e4v\u00e4 vessa... muiden muassa. They may take our freedom but they\u2019ll never take our haggis!","breadcrumb":{"@id":"https:\/\/www.asemakustannus.com\/kauppa\/tuote\/mika-lietzen-hitaan-juoksijan-kirja\/#breadcrumb"},"inLanguage":"fi","potentialAction":[{"@type":"ReadAction","target":["https:\/\/www.asemakustannus.com\/kauppa\/tuote\/mika-lietzen-hitaan-juoksijan-kirja\/"]}]},{"@type":"ImageObject","inLanguage":"fi","@id":"https:\/\/www.asemakustannus.com\/kauppa\/tuote\/mika-lietzen-hitaan-juoksijan-kirja\/#primaryimage","url":"https:\/\/i0.wp.com\/www.asemakustannus.com\/kauppa\/wp-content\/uploads\/2025\/08\/Hitaan_juoksijan_kirja_kansi_300dpi.jpg?fit=1807%2C2553&ssl=1","contentUrl":"https:\/\/i0.wp.com\/www.asemakustannus.com\/kauppa\/wp-content\/uploads\/2025\/08\/Hitaan_juoksijan_kirja_kansi_300dpi.jpg?fit=1807%2C2553&ssl=1","width":1807,"height":2553},{"@type":"BreadcrumbList","@id":"https:\/\/www.asemakustannus.com\/kauppa\/tuote\/mika-lietzen-hitaan-juoksijan-kirja\/#breadcrumb","itemListElement":[{"@type":"ListItem","position":1,"name":"Home","item":"https:\/\/www.asemakustannus.com\/kauppa\/"},{"@type":"ListItem","position":2,"name":"Kauppa","item":"https:\/\/www.asemakustannus.com\/kauppa\/kauppa\/"},{"@type":"ListItem","position":3,"name":"Mika Lietzen: Hitaan juoksijan kirja"}]},{"@type":"WebSite","@id":"https:\/\/www.asemakustannus.com\/kauppa\/#website","url":"https:\/\/www.asemakustannus.com\/kauppa\/","name":"Asema Kustannus","description":"Sarjakuvakauppa","publisher":{"@id":"https:\/\/www.asemakustannus.com\/kauppa\/#organization"},"potentialAction":[{"@type":"SearchAction","target":{"@type":"EntryPoint","urlTemplate":"https:\/\/www.asemakustannus.com\/kauppa\/?s={search_term_string}"},"query-input":{"@type":"PropertyValueSpecification","valueRequired":true,"valueName":"search_term_string"}}],"inLanguage":"fi"},{"@type":"Organization","@id":"https:\/\/www.asemakustannus.com\/kauppa\/#organization","name":"Asema Kustannus","url":"https:\/\/www.asemakustannus.com\/kauppa\/","logo":{"@type":"ImageObject","inLanguage":"fi","@id":"https:\/\/www.asemakustannus.com\/kauppa\/#\/schema\/logo\/image\/","url":"https:\/\/www.asemakustannus.com\/kauppa\/wp-content\/uploads\/2021\/09\/181007768_141578281313342_8780310787852686686_n-1.jpeg","contentUrl":"https:\/\/www.asemakustannus.com\/kauppa\/wp-content\/uploads\/2021\/09\/181007768_141578281313342_8780310787852686686_n-1.jpeg","width":300,"height":333,"caption":"Asema Kustannus"},"image":{"@id":"https:\/\/www.asemakustannus.com\/kauppa\/#\/schema\/logo\/image\/"},"sameAs":["https:\/\/www.facebook.com\/asemakustannus","https:\/\/x.com\/asemakustannus","https:\/\/www.instagram.com\/asemakustannus\/"]}]}},"jetpack_sharing_enabled":true,"_links":{"self":[{"href":"https:\/\/www.asemakustannus.com\/kauppa\/wp-json\/wp\/v2\/product\/889","targetHints":{"allow":["GET"]}}],"collection":[{"href":"https:\/\/www.asemakustannus.com\/kauppa\/wp-json\/wp\/v2\/product"}],"about":[{"href":"https:\/\/www.asemakustannus.com\/kauppa\/wp-json\/wp\/v2\/types\/product"}],"wp:featuredmedia":[{"embeddable":true,"href":"https:\/\/www.asemakustannus.com\/kauppa\/wp-json\/wp\/v2\/media\/890"}],"wp:attachment":[{"href":"https:\/\/www.asemakustannus.com\/kauppa\/wp-json\/wp\/v2\/media?parent=889"}],"wp:term":[{"taxonomy":"product_brand","embeddable":true,"href":"https:\/\/www.asemakustannus.com\/kauppa\/wp-json\/wp\/v2\/product_brand?post=889"},{"taxonomy":"product_cat","embeddable":true,"href":"https:\/\/www.asemakustannus.com\/kauppa\/wp-json\/wp\/v2\/product_cat?post=889"},{"taxonomy":"product_tag","embeddable":true,"href":"https:\/\/www.asemakustannus.com\/kauppa\/wp-json\/wp\/v2\/product_tag?post=889"}],"curies":[{"name":"wp","href":"https:\/\/api.w.org\/{rel}","templated":true}]}}